{"id":9396,"date":"2020-10-21T18:20:13","date_gmt":"2020-10-21T16:20:13","guid":{"rendered":"https:\/\/webpre.codeoscopic.com\/?page_id=9396"},"modified":"2020-12-16T15:37:14","modified_gmt":"2020-12-16T14:37:14","slug":"trabaja-con-nosotros","status":"publish","type":"page","link":"https:\/\/codeoscopic.com\/es\/trabaja-con-nosotros\/","title":{"rendered":"Trabaja con nosotros"},"content":{"rendered":"    <div class=\"main_cdscpc_careers\">\r\n\r\n        <!-- Claim -->\r\n        <div class=\"main_claim\">\r\n            <span class=\"intro\">\u00danete al equipo Codeoscopic<\/span>\r\n            <h1>Atraemos talento y el talento nos atrae. \u00a1Contamos contigo!<\/h1>\r\n            <p>Desarrolla tu carrera profesional y ay\u00fadanos a crecer <\/p>\r\n        <\/div>\r\n\r\n        <!-- Grid -->\r\n        <ul class=\"main_grid\">\r\n        <li>\r\n            <div class=\"main_content\">\r\n                <span class=\"icon_80 icon_4\"><\/span>\r\n                <span class=\"title\">Buen clima<\/span>\r\n                <span class=\"text\">Te ofrecemos un ambiente laboral en el que prima el lado humano.<\/span>\r\n            <\/div>\r\n        <\/li>\r\n            <li>\r\n            <div class=\"main_content\">\r\n                <span class=\"icon_80 icon_5\"><\/span>\r\n                <span class=\"title\">Trabajo remoto<\/span>\r\n                <span class=\"text\">Somos pioneros desde 2014. \u00a1La innovaci\u00f3n est\u00e1 en nuestro ADN!<\/span>\r\n            <\/div>\r\n        <\/li>\r\n            <li>\r\n            <div class=\"main_content\">\r\n                <span class=\"icon_80 icon_6\"><\/span>\r\n                <span class=\"title\">Crecimiento profesional<\/span>\r\n                <span class=\"text\">Una oportunidad para tu carrera: tu evoluci\u00f3n ser\u00e1 la nuestra.<\/span>\r\n            <\/div>\r\n        <\/li>\r\n        <\/ul>\r\n\r\n        <!-- Background picture -->\r\n        <div class=\"bg_track track_1\"><\/div>\r\n\r\n        <!-- Grid -->\r\n        <ul class=\"main_grid\">\r\n            <li>\r\n                <div class=\"main_content\">\r\n                    <span class=\"icon_80 icon_7\"><\/span>\r\n                    <span class=\"title\">Flexibilidad horaria<\/span>\r\n                    <span class=\"text\">El mundo cambia y nos adaptamos. Las personas son lo primero.<\/span>\r\n                <\/div>\r\n            <\/li>\r\n            <li>\r\n                <div class=\"main_content\">\r\n                    <span class=\"icon_80 icon_8\"><\/span>\r\n                    <span class=\"title\">Material necesario<\/span>\r\n                    <span class=\"text\">Te daremos todos los medios para que logres tus objetivos profesionales.<\/span>\r\n                <\/div>\r\n            <\/li>\r\n            <li>\r\n                <div class=\"main_content\">\r\n                    <span class=\"icon_80 icon_9\"><\/span>\r\n                    <span class=\"title\">Una gran familia<\/span>\r\n                    <span class=\"text\">Forma parte de un gran colectivo humano y profesional.<\/span>\r\n                <\/div>\r\n            <\/li>\r\n        <\/ul>\r\n\r\n        <!-- Background picture -->\r\n        <div class=\"bg_track track_2\"><\/div>\r\n\r\n        <!-- Careers -->\r\n        <div class=\"main_careers\">\r\n            <h2>Puestos disponibles<\/h2>\r\n            <p class=\"pods-total-text\">0 posiciones abiertas<\/p>\n\r\n        <\/div>\r\n\r\n        <!-- Form End -->\r\n        <div class=\"main_form_end\">\r\n            <h2>Aplica de todos modos<\/h2>\r\n            <p>\u00a1Estamos en continua b\u00fasqueda de talento y podr\u00edamos necesitar alguien como t\u00fa!<\/p>\r\n            <a href=\"https:\/\/codeoscopic.com\/es\/contactanos\/\" class=\"btn primary\">Cont\u00e1ctanos<\/a>\r\n        <\/div>\r\n    <\/div>","protected":false},"excerpt":{"rendered":"\u00danete al equipo Codeoscopic. Atraemos talento y el talento nos atrae. \u00a1Contamos contigo!. Desarrolla tu carrera profesional y ay\u00fadanos a crecer. \u00a1Trabaja con nosotros!","protected":false},"author":7,"featured_media":11259,"parent":0,"menu_order":0,"comment_status":"closed","ping_status":"closed","template":"custom.php","meta":{"_monsterinsights_skip_tracking":false,"_monsterinsights_sitenote_active":false,"_monsterinsights_sitenote_note":"","_monsterinsights_sitenote_category":0,"footnotes":""},"class_list":["post-9396","page","type-page","status-publish","has-post-thumbnail","hentry"],"aioseo_notices":[],"_links":{"self":[{"href":"https:\/\/codeoscopic.com\/es\/wp-json\/wp\/v2\/pages\/9396","targetHints":{"allow":["GET"]}}],"collection":[{"href":"https:\/\/codeoscopic.com\/es\/wp-json\/wp\/v2\/pages"}],"about":[{"href":"https:\/\/codeoscopic.com\/es\/wp-json\/wp\/v2\/types\/page"}],"author":[{"embeddable":true,"href":"https:\/\/codeoscopic.com\/es\/wp-json\/wp\/v2\/users\/7"}],"replies":[{"embeddable":true,"href":"https:\/\/codeoscopic.com\/es\/wp-json\/wp\/v2\/comments?post=9396"}],"version-history":[{"count":0,"href":"https:\/\/codeoscopic.com\/es\/wp-json\/wp\/v2\/pages\/9396\/revisions"}],"wp:featuredmedia":[{"embeddable":true,"href":"https:\/\/codeoscopic.com\/es\/wp-json\/wp\/v2\/media\/11259"}],"wp:attachment":[{"href":"https:\/\/codeoscopic.com\/es\/wp-json\/wp\/v2\/media?parent=9396"}],"curies":[{"name":"wp","href":"https:\/\/api.w.org\/{rel}","templated":true}]}}