{"id":9361,"date":"2020-10-19T22:57:10","date_gmt":"2020-10-19T20:57:10","guid":{"rendered":"https:\/\/webpre.codeoscopic.com\/?page_id=9361"},"modified":"2025-09-09T12:05:32","modified_gmt":"2025-09-09T10:05:32","slug":"contactanos","status":"publish","type":"page","link":"https:\/\/codeoscopic.com\/es\/contactanos\/","title":{"rendered":"Cont\u00e1ctanos"},"content":{"rendered":"    <div class=\"main_cdscpc_contact\">\r\n\r\n        <!-- Claim -->\r\n        <div class=\"main_claim\">\r\n            <div class=\"wrap_claim\">\r\n\r\n                <!-- Left -->\r\n                <div class=\"left_content\">\r\n                    <span class=\"intro\">\u00bfHablamos?<\/span>\r\n                    <h1>Estaremos encantados de responder a cualquier duda que puedas tener sobre nosotros.<\/h1>\r\n                    <div class=\"list\">\r\n                        <div class=\"item\"><span class=\"icon_20 tik big\"><\/span><span class=\"text\">Cont\u00e1ctanos por el mejor <em>software <\/em>de seguros.<\/span><\/div>\r\n                        <div class=\"item\"><span class=\"icon_20 tik big\"><\/span><span class=\"text\">Sobre nuestros proyectos y estrategia de crecimiento.<\/span><\/div>\r\n                        <div class=\"item\"><span class=\"icon_20 tik big\"><\/span><span class=\"text\">O cualquier otra cosa en la que te podamos ayudar.<\/span><\/div>\r\n                    <\/div>\r\n                <\/div>\r\n\r\n                <!-- Right -->\r\n                <div class=\"right_content\">\r\n                    <div id=\"mainCard\" class=\"main_form\">\r\n                        <div id=\"mainForm\" class=\"visible\">\r\n                          <p>Utiliza nuestro formulario<\/p>\r\n                          <span class=\"text\">\u00bfQuieres hablar de un posible proyecto o saber m\u00e1s sobre nuestro trabajo? \u00a1Por favor, no dudes en contactarnos!<\/span>\r\n                          <!-- Send message -->\r\n                          \n<div class=\"wpcf7 no-js\" id=\"wpcf7-f2580-o1\" lang=\"es-ES\" dir=\"ltr\" data-wpcf7-id=\"2580\">\n<div class=\"screen-reader-response\"><p role=\"status\" aria-live=\"polite\" aria-atomic=\"true\"><\/p> <ul><\/ul><\/div>\n<form action=\"\/es\/wp-json\/wp\/v2\/pages\/9361#wpcf7-f2580-o1\" method=\"post\" class=\"wpcf7-form init wpcf7-acceptance-as-validation\" aria-label=\"Formulario de contacto\" novalidate=\"novalidate\" data-status=\"init\">\n<fieldset class=\"hidden-fields-container\"><input type=\"hidden\" name=\"_wpcf7\" value=\"2580\" \/><input type=\"hidden\" name=\"_wpcf7_version\" value=\"6.1.5\" \/><input type=\"hidden\" name=\"_wpcf7_locale\" value=\"es_ES\" \/><input type=\"hidden\" name=\"_wpcf7_unit_tag\" value=\"wpcf7-f2580-o1\" \/><input type=\"hidden\" name=\"_wpcf7_container_post\" value=\"0\" \/><input type=\"hidden\" name=\"_wpcf7_posted_data_hash\" value=\"\" \/><input type=\"hidden\" name=\"_wpcf7dtx_version\" value=\"5.0.5\" \/><input type=\"hidden\" name=\"_wpcf7_recaptcha_response\" value=\"\" \/>\n<\/fieldset>\n<div class=\"base child\">\n    <div class=\"child\">\n        <div class=\"wrap_input\">\n            <span class=\"wpcf7-form-control-wrap\" data-name=\"your-name\"><input size=\"40\" maxlength=\"400\" class=\"wpcf7-form-control wpcf7-text wpcf7-validates-as-required\" id=\"Name\" aria-required=\"true\" aria-invalid=\"false\" value=\"\" type=\"text\" name=\"your-name\" \/><\/span>\n            <label for=\"Name\">Nombre<\/label>\n        <\/div>\n    <\/div>\n    <div class=\"child\">\n        <div class=\"wrap_input\">\n            <span class=\"wpcf7-form-control-wrap\" data-name=\"your-surname\"><input size=\"40\" maxlength=\"400\" class=\"wpcf7-form-control wpcf7-text wpcf7-validates-as-required\" id=\"SurName\" aria-required=\"true\" aria-invalid=\"false\" value=\"\" type=\"text\" name=\"your-surname\" \/><\/span>\n            <label for=\"SurName\">Apellidos<\/label>\n        <\/div>\n    <\/div>\n<\/div>\n\n<div class=\"base\">\n    <div class=\"wrap_input\">\n        <span class=\"wpcf7-form-control-wrap\" data-name=\"your-email\"><input size=\"40\" maxlength=\"400\" class=\"wpcf7-form-control wpcf7-email wpcf7-validates-as-required wpcf7-text wpcf7-validates-as-email\" id=\"Email\" aria-required=\"true\" aria-invalid=\"false\" value=\"\" type=\"email\" name=\"your-email\" \/><\/span>            \n        <label>Correo Electr\u00f3nico<\/label>\n    <\/div>\n<\/div>\n\n<div class=\"base child\">\n    <div class=\"child\">\n        <div class=\"wrap_input\">\n            <span class=\"wpcf7-form-control-wrap\" data-name=\"your-phone\"><input class=\"wpcf7-form-control wpcf7-number wpcf7-validates-as-required wpcf7-validates-as-number\" id=\"Phone\" aria-required=\"true\" aria-invalid=\"false\" value=\"\" type=\"number\" name=\"your-phone\" \/><\/span>\n            <label for=\"Phone\">Tel\u00e9fono<\/label>\n        <\/div>\n    <\/div>\n    <div class=\"child\">\n        <div class=\"wrap_input\">\n            <span class=\"wpcf7-form-control-wrap\" data-name=\"your-company\"><input size=\"40\" maxlength=\"400\" class=\"wpcf7-form-control wpcf7-text\" id=\"Company\" aria-invalid=\"false\" value=\"\" type=\"text\" name=\"your-company\" \/><\/span>\n            <label for=\"Company\">Nombre Empresa<\/label>\n        <\/div>\n    <\/div>\n<\/div>\n<div class=\"base\">\n    <div class=\"wrap_input\">\n        <span class=\"wpcf7-form-control-wrap\" data-name=\"your-product\"><select class=\"wpcf7-form-control wpcf7-select\" aria-invalid=\"false\" name=\"your-product\"><option value=\"\">Despliega y marca en que producto est\u00e1s interesado \u2193<\/option><option value=\"Avant2 Sales Manager\">Avant2 Sales Manager<\/option><option value=\"Tesis Broker Manager\">Tesis Broker Manager<\/option><option value=\"Integra\">Integra<\/option><option value=\"Versus\">Versus<\/option><option value=\"Bcover\">Bcover<\/option><option value=\"Coverize\">Coverize<\/option><\/select><\/span>\n    <\/div>\n<\/div>\n\n<div class=\"base\">\n    <div class=\"wrap_input\">\n        <span class=\"wpcf7-form-control-wrap\" data-name=\"your-comment\"><textarea cols=\"40\" rows=\"5\" maxlength=\"2000\" class=\"wpcf7-form-control wpcf7-textarea wpcf7-validates-as-required\" id=\"Comment\" aria-required=\"true\" aria-invalid=\"false\" name=\"your-comment\"><\/textarea><\/span>\n        <label for=\"Comment\">Comentario<\/label>\n    <\/div>\n<\/div>\n\n<div class=\"base checkbox\">\n    <div class=\"check\">\n        <span class=\"wpcf7-form-control-wrap\" data-name=\"name-check\"><span class=\"wpcf7-form-control wpcf7-acceptance\"><span class=\"wpcf7-list-item\"><input type=\"checkbox\" name=\"name-check\" value=\"1\" id=\"name-check\" aria-invalid=\"false\" \/><\/span><\/span><\/span><label for=\"name-check\" class=\"check\">He le\u00eddo y acepto la <a href=\"\/es\/politica-de-privacidad\">pol\u00edtica de privacidad<\/a> y el <a href=\"\/es\/aviso-legal\">aviso legal<\/a><\/label>\n    <\/div>\n<\/div>\n\n<div class=\"base checkbox\">\n    <div class=\"check\">\n        <span class=\"wpcf7-form-control-wrap\" data-name=\"newsletter-check\"><span class=\"wpcf7-form-control wpcf7-acceptance optional\"><span class=\"wpcf7-list-item\"><input type=\"checkbox\" name=\"newsletter-check\" value=\"1\" id=\"newsletter-check\" aria-invalid=\"false\" \/><\/span><\/span><\/span><label for=\"newsletter-check\" class=\"check\">Deseo recibir comunicaciones de marketing de acuerdo con la <a href=\"\/es\/politica-de-privacidad\">pol\u00edtica de privacidad<\/a><\/label>\n    <\/div>\n<\/div>\n\n<div class=\"footer_form\">\n    <div class=\"wrap_input\">\n       <input class=\"wpcf7-form-control wpcf7-hidden\" value=\"Formulario WEB\" type=\"hidden\" name=\"your-source\" \/>\n       <input class=\"wpcf7-form-control wpcf7-submit has-spinner btn primary\" id=\"form-submit\" type=\"submit\" value=\"Enviar mensaje\" \/>\n    <\/div>\n<\/div>\n\n<div class=\"subfooter\">\n<table>\n<thead>\n<tr>\n<td colspan=\"2\">Informaci\u00f3n b\u00e1sica sobre protecci\u00f3n de datos<\/td>\n<\/tr>\n<\/thead>\n<tbody>\n<tr>\n<td width=\"25%\">Responsable<\/td>\n<td>Codeoscopic S.A.<\/td>\n<\/tr>\n<tr>\n<td>Finalidad<\/td>\n<td>Responder las consultas planteadas por el usuario y enviarle la informaci\u00f3n solicitada.<\/td>\n<\/tr>\n<tr>\n<td>Legitimaci\u00f3n<\/td>\n<td>Consentimiento del usuario.<\/td>\n<\/tr>\n<tr>\n<td>Destinatarios<\/td>\n<td>Solo se realizan cesiones si existe una obligaci\u00f3n legal.<\/td>\n<\/tr>\n<tr>\n<td>Derechos<\/td>\n<td>Acceder, rectificar y suprimir, as\u00ed como otros derechos, como se indica en la informaci\u00f3n adicional.<\/td>\n<\/tr>\n<tr>\n<td>Informaci\u00f3n Adicional<\/td>\n<td>Puede consultar la informaci\u00f3n completa de Protecci\u00f3n de Datos en nuestra <a href=\"\/es\/politica-de-privacidad\">pol\u00edtica de privacidad<\/a>.<\/td>\n<\/tr>\n<\/tbody>\n<\/table>\n<\/div><p style=\"display: none !important;\" class=\"akismet-fields-container\" data-prefix=\"_wpcf7_ak_\"><label>&#916;<textarea name=\"_wpcf7_ak_hp_textarea\" cols=\"45\" rows=\"8\" maxlength=\"100\"><\/textarea><\/label><input type=\"hidden\" id=\"ak_js_1\" name=\"_wpcf7_ak_js\" value=\"214\"\/><script>document.getElementById( \"ak_js_1\" ).setAttribute( \"value\", ( new Date() ).getTime() );<\/script><\/p><div class=\"wpcf7-response-output\" aria-hidden=\"true\"><\/div>\n<\/form>\n<\/div>\n\r\n                        <\/div>\r\n                        \r\n                        <div id=\"responseFormOk\" class=\"hidden\">\r\n                           <span class=\"icon_50 icon_6\"><\/span>\r\n                           <p>Perfecto<\/p>\r\n                           <span id=\"reponseTextOk\" class=\"text\"><\/span>\r\n                           <span class=\"op5\">\u00a1Gracias por contactarnos!<\/span>\r\n                        <\/div>\r\n\r\n                        <div id=\"responseFormFail\" class=\"hidden\">\r\n                           <span class=\"icon_50 icon_7\"><\/span>\r\n                           <p>Fallo en el env\u00edo<\/p>\r\n                           <span id=\"reponseTextFail\" class=\"text\"><\/span>\r\n                           <div class=\"buttons\" style=\"text-align: -webkit-center\">\r\n                           <a href=\"javascript:coCf7ComeBack();\" class=\"btn primary\"> \u2039 Volver al formulario<\/a>\r\n                           <\/div>\r\n                        <\/div>\r\n\r\n                    <\/div>\r\n                <\/div>\r\n            <\/div>\r\n            <div class=\"circle_bg\"><\/div>\r\n        <\/div>\r\n\r\n        <!-- Section 1 -->\r\n        <div class=\"main_section_1\">\r\n            <h2>Si lo prefieres, puedes contactarnos aqu\u00ed<\/h2>\r\n\r\n            <!-- Grid -->\r\n            <ul class=\"main_grid\">\r\n\r\n                <!-- Map -->\r\n                <li>\r\n                    <div class=\"main_content\">\r\n                        <span class=\"icon_50 icon_3\"><\/span>\r\n                        <span class=\"title\">Nuestra sede<\/span>\r\n                        <span class=\"op7\">Ronda de Poniente, 2, edif. 12, 2\u00aa pl.<\/span>\r\n                        <span class=\"op7\">28760 Tres Cantos (MADRID)<\/span>\r\n                        <a target=\"_blank\" rel=\"noopener noreferrer\" href=\"https:\/\/www.google.es\/maps\/place\/Codeoscopic+S.A.\/@40.449417,-3.691547,17z\/data=!3m1!4b1!4m5!3m4!1s0xd42290543948591:0x738eca7039153eb9!8m2!3d40.449417!4d-3.689353\">Ver en un mapa \u203a<\/a>\r\n                    <\/div>\r\n                <\/li>\r\n\r\n                <!-- Hours -->\r\n                <li>\r\n                    <div class=\"main_content\">\r\n                        <span class=\"icon_50 icon_4\"><\/span>\r\n                        <span class=\"title\">Horarios<\/span>\r\n                        <span class=\"op7\">De lunes a jueves de 9 a 18h<\/span>\r\n                        <span class=\"op7\">Viernes de 9 a 15h<\/span>\r\n                        <span class=\"op5\">S\u00e1bados, domingos y festivos, cerrado<\/span>\r\n                    <\/div>\r\n                <\/li>\r\n\r\n                <!-- Hours -->\r\n                <li>\r\n                    <div class=\"main_content\">\r\n                        <span class=\"icon_50 icon_5\"><\/span>\r\n                        <span class=\"title\">Tel\u00e9fono y Email<\/span>\r\n                        <span class=\"op7\">+34 910 758 498<\/span>\r\n                        <span class=\"op7\">info@codeoscopic.com<\/span>\r\n                        <span class=\"op5\">\u00a1Respondemos siempre!<\/span>\r\n                    <\/div>\r\n                <\/li>\r\n            <\/ul>\r\n\r\n            <p><b>\u00bfTe gustar\u00eda unirte a nuestro equipo? \u00bfQuieres mostrarnos tu talento?<\/b> \u00a1Te estamos buscando! Estaremos encantados de conocerte.<p><b> \r\n            <a href=\"https:\/\/codeoscopic.com\/es\/trabaja-con-nosotros\/\" class=\"btn primary\">Trabaja con nosotros<\/a>\r\n        <\/div>\r\n    <\/div>","protected":false},"excerpt":{"rendered":"Estaremos encantados de responder a cualquier duda que puedas tener sobre nosotros. \u00a1Utiliza nuestro formulario y contactanos!","protected":false},"author":7,"featured_media":11323,"parent":0,"menu_order":0,"comment_status":"closed","ping_status":"closed","template":"custom.php","meta":{"_monsterinsights_skip_tracking":false,"_monsterinsights_sitenote_active":false,"_monsterinsights_sitenote_note":"","_monsterinsights_sitenote_category":0,"footnotes":""},"class_list":["post-9361","page","type-page","status-publish","has-post-thumbnail","hentry"],"aioseo_notices":[],"_links":{"self":[{"href":"https:\/\/codeoscopic.com\/es\/wp-json\/wp\/v2\/pages\/9361","targetHints":{"allow":["GET"]}}],"collection":[{"href":"https:\/\/codeoscopic.com\/es\/wp-json\/wp\/v2\/pages"}],"about":[{"href":"https:\/\/codeoscopic.com\/es\/wp-json\/wp\/v2\/types\/page"}],"author":[{"embeddable":true,"href":"https:\/\/codeoscopic.com\/es\/wp-json\/wp\/v2\/users\/7"}],"replies":[{"embeddable":true,"href":"https:\/\/codeoscopic.com\/es\/wp-json\/wp\/v2\/comments?post=9361"}],"version-history":[{"count":0,"href":"https:\/\/codeoscopic.com\/es\/wp-json\/wp\/v2\/pages\/9361\/revisions"}],"wp:featuredmedia":[{"embeddable":true,"href":"https:\/\/codeoscopic.com\/es\/wp-json\/wp\/v2\/media\/11323"}],"wp:attachment":[{"href":"https:\/\/codeoscopic.com\/es\/wp-json\/wp\/v2\/media?parent=9361"}],"curies":[{"name":"wp","href":"https:\/\/api.w.org\/{rel}","templated":true}]}}