{"id":9330,"date":"2020-10-15T19:19:29","date_gmt":"2020-10-15T17:19:29","guid":{"rendered":"https:\/\/webpre.codeoscopic.com\/?page_id=9330"},"modified":"2025-07-09T11:26:42","modified_gmt":"2025-07-09T09:26:42","slug":"inversores","status":"publish","type":"page","link":"https:\/\/codeoscopic.com\/es\/inversores\/","title":{"rendered":"Inversores"},"content":{"rendered":"<div class=\"main_cdscpc_investors\">\r\n\r\n        <!-- \u2013\u2013\u2013\u2013\u2013 -->\r\n        <!-- Claim -->\r\n\r\n        <div class=\"main_claim\">\r\n            <div class=\"number\">\r\n                <span class=\"num\"><b>+<\/b>3,8<b>M<\/b><\/span>\r\n                <span class=\"text\">P\u00f3lizas de seguros vendidas<\/span>\r\n            <\/div>\r\n            <h1>L\u00edder en soluciones tecnol\u00f3gicas para el sector asegurador y en constante crecimiento<\/h1>\r\n\r\n            <!-- Stat -->\r\n            <pre id=\"home-data\" class=\"d3-stat-data\">time,values1,values2\r\n2012,2.6,1\r\n2013,18,5.4\r\n2014,57.6,17.280\r\n2015,153.6,46.080\r\n2016,321.6,96.480\r\n2017,585.6,175.680\r\n2018,957.6,287.280\r\n2019,1413.6,424.080\r\n2020,1956.6,586.080\r\n2021,2553.6,766.080\r\n2022,3153.6,946.080\r\n<\/pre>    \r\n            <div id=\"co-stats\" class=\"co-stats-svg\"><\/div>\r\n\r\n            <p>Codeoscopic se ha convertido en el proveedor tecnol\u00f3gico de referencia en el sector, gracias a un portfolio de soluciones que impulsan el crecimiento del mercado asegurador.<\/p>\r\n\r\n            <!-- Grid -->\r\n            <ul class=\"main_grid\">\r\n                <li>\r\n                    <div class=\"main_content\">\r\n                        <span class=\"num\"><b>+<\/b>1.404<b>M<\/b><\/span>\r\n                        <span class=\"title\">Primas intermediadas<\/span>\r\n                        <span class=\"text\">M\u00e1s de 1.404.000.000 de euros en primas intermediadas en el sector asegurador.<\/span>\r\n                    <\/div>\r\n                <\/li>\r\n                <li>\r\n                    <div class=\"main_content\">\r\n                        <span class=\"num\"><b>+<\/b>1,7<b>K<\/b><\/span>\r\n                        <span class=\"title\">Corredores<\/span>\r\n                        <span class=\"text\">M\u00e1s de 1.700 corredores operan a diario en nuestras plataformas de multitarificaci\u00f3n y gesti\u00f3n.<\/span>\r\n                    <\/div>\r\n                <\/li>\r\n                <li>\r\n                    <div class=\"main_content\">\r\n                        <span class=\"num\"><b>+<\/b>50<\/span>\r\n                        <span class=\"title\">Compa\u00f1\u00edas aseguradoras<\/span>\r\n                        <span class=\"text\">Las mejores aseguradoras muestran su confianza en nuestras soluciones integrando sus productos.<\/span>\r\n                    <\/div>\r\n                <\/li>\r\n                <li>\r\n                    <div class=\"main_content\">\r\n                        <span class=\"num\"><b>+<\/b>120<\/span>\r\n                        <span class=\"title\">Productos aseguradores<\/span>\r\n                        <span class=\"text\">El <em>marketplace <\/em> con la mayor oferta de productos aseguradores integrados en un sistema en l\u00ednea.<\/span>\r\n                    <\/div>\r\n                <\/li>\r\n                <li>\r\n                    <div class=\"main_content\">\r\n                        <span class=\"num\"><b class=\"since\">desde<br\/><\/b>2009<\/span>\r\n                        <span class=\"title\">Activos en el mercado<\/span>\r\n                        <span class=\"text\">Llevamos m\u00e1s de una d\u00e9cada impulsando el sector a base de innovaci\u00f3n y tecnolog\u00eda.<\/span>\r\n                    <\/div>\r\n                <\/li>\r\n                <li>\r\n                    <div class=\"main_content\">\r\n                        <span class=\"num\"><b>+<\/b>55<b>K<\/b><\/span>\r\n                        <span class=\"title\">P\u00f3lizas emitidas \/ mes<\/span>\r\n                        <span class=\"text\">Generando el mayor sistema de venta mediada en l\u00ednea de la industria.<\/span>\r\n                    <\/div>\r\n                <\/li>\r\n                <li>\r\n                    <div class=\"main_content\">\r\n                        <span class=\"num\"><b>+<\/b>45<b>%<\/b><\/span>\r\n                        <span class=\"title\">Mercado corredores<\/span>\r\n                        <span class=\"text\">La gran mayor\u00eda del canal mediaci\u00f3n elige a Codeoscopic como <em>partner <\/em>tecnol\u00f3gico de referencia.<\/span>\r\n                    <\/div>\r\n                <\/li>\r\n                <li>\r\n                    <div class=\"main_content\">\r\n                        <span class=\"num\"><b>+<\/b>500<b>%<\/b><\/span>\r\n                        <span class=\"title\">Productividad<\/span>\r\n                        <span class=\"text\">Nuestras soluciones <em>software<\/em> multiplican hasta 10 veces la productividad de un corredor.<\/span>\r\n                    <\/div>\r\n                <\/li>\r\n            <\/ul>\r\n\r\n            <p>Algunos inversores que han confiado y conf\u00edan en nosotros<\/p>\r\n        <\/div>\r\n\r\n        <!-- \u2013\u2013\u2013\u2013\u2013\u2013\u2013\u2013\u2013 -->\r\n        <!-- Section 1 -->\r\n\r\n        <div class=\"main_section_1\">\r\n            \r\n            <!-- Grid -->\r\n            <ul class=\"main_grid\">\r\n                <li>\r\n                    <a href=\"javascript:;\" class=\"main_content\">\r\n                        <div class=\"logo\">\r\n                            <img decoding=\"async\" src=\"\/wp-content\/uploads\/2025\/06\/Upliift_Logo_40.png\">\r\n                        <\/div>\r\n                        <span class=\"title\">Upliift<\/span>\r\n                        <span class=\"description\">Principal inversor de capital permanente de Europa centrado en nichos de negocio de software. Es especialista en software y trabaja con los fundadores para crear valor duradero sin forzar un enfoque \u00fanico.<\/span>\r\n                    <\/a>\r\n                <\/li>\r\n                <li>\r\n                    <a href=\"javascript:;\" class=\"main_content\">\r\n                        <div class=\"logo\">\r\n                            <img decoding=\"async\" src=\"\/wp-content\/uploads\/2020\/11\/logo-inveready.png\">\r\n                        <\/div>\r\n                        <span class=\"title\">Inveready<\/span>\r\n                        <span class=\"description\">El primer inversor que apost\u00f3 por el grupo. La gran cantidad de premios y su <em>Track Record<\/em> hablan por s\u00ed solos.<\/span>\r\n                    <\/a>\r\n                <\/li>\r\n                <li>\r\n                    <a href=\"javascript:;\" class=\"main_content\">\r\n                        <div class=\"logo\">\r\n                            <img decoding=\"async\" src=\"\/wp-content\/uploads\/2020\/11\/logo-bonsai.png\">\r\n                        <\/div>\r\n                        <span class=\"title\">Bonsai<\/span>\r\n                        <span class=\"description\">Fondo con un s\u00f3lido historial de \u00e9xitos como Infojobs, Softonic, Idealista, Wallapop o Glovo.<\/span>\r\n                    <\/a>\r\n                <\/li>\r\n            <\/ul>\r\n        <\/div>\r\n\r\n        <!-- \u2013\u2013\u2013\u2013\u2013\u2013\u2013\u2013\u2013 -->\r\n        <!-- Section 2 -->\r\n\r\n  <div class=\"main_section_2\">\r\n            <div class=\"wrap_section_2\">\r\n                \r\n                <div class=\"main_content\">\r\n                    <div class=\"left_content\" style=\"background-image: url('https:\/\/codeoscopic.com\/wp-content\/uploads\/2025\/07\/Alex_Myers.jpg');\"><\/div>\r\n<div class=\"right_content\">\r\n  <div class=\"main_comment\">\r\n    <p class=\"quote\"><img decoding=\"async\" class=\"figure\" src=\"\/wp-content\/uploads\/2020\/11\/quotes.svg\"\/>Nuestro enfoque a largo plazo encaja perfectamente con la ambici\u00f3n de Codeoscopic de seguir liderando el mercado con soluciones vanguardistas centradas en el cliente.<\/p>\r\n    <div class=\"profile\">\r\n      <span class=\"name\">Alex Myers<\/span>\r\n      <span class=\"role\">Co-fundador y Co-CEO de Upliift<\/span>\r\n    <\/div>\r\n  <\/div>\r\n<\/div>\r\n                <\/div>\r\n\r\n         <!--    <div class=\"main_content right\">\r\n                    [pods name=\"testimonio\" slug=\"javier-cebrian\" template=\"Testimonio-Inversor\"]\r\n                <\/div>\r\n            <\/div>  -->\r\n        <\/div>  \r\n        \r\n        <!-- \u2013\u2013\u2013\u2013\u2013\u2013\u2013\u2013\u2013\u2013\u2013 -->\r\n\t<!-- Testimonial -->\r\n\r\n<!--\t<div class=\"main_testimonial tabs\">\r\n            <ul>\r\n               [pods name=\"testimonio\" slug=\"carlos-conti\" template=\"TestimonioCliente-Foto\"]\r\n            <\/ul>\r\n\r\n            <div class=\"wrap-tabs\">\r\n                [pods name=\"testimonio\" slug=\"carlos-conti\" template=\"TestimonioCliente-Frase\"]\r\n            <\/div>    \t\t\r\n        <\/div>    -->\r\n\r\n        <!-- \u2013\u2013\u2013\u2013\u2013\u2013\u2013\u2013\u2013 -->\r\n        <!-- Section 3 -->\r\n\r\n       <div class=\"main_section_3\">\r\n            <div class=\"wrap_section_3\">\r\n                <span class=\"intro\">Descubre nuestro potencial<\/span>\r\n                <p><b>\u00a1Queremos seguir creciendo!<\/b> Somos una compa\u00f1\u00eda en constante evoluci\u00f3n, pero siempre con la meta bien definida y clara. \u00bfTe unes a nuestro proyecto?<\/p>\r\n                <a href=\"https:\/\/codeoscopic.com\/es\/contactanos\/\" class=\"btn primary\">Cont\u00e1ctanos<\/a>\r\n            <\/div>\r\n        <\/div>   \r\n    <\/div>","protected":false},"excerpt":{"rendered":"L\u00edder en soluciones tecnol\u00f3gicas para el sector asegurador y en constante crecimiento. Codeoscopic se ha convertido en el proveedor tecnol\u00f3gico de referencia en el sector, gracias a un portfolio de soluciones que impulsan el crecimiento del mercado asegurador. \u00a1Tenemos grandes inversores que apuestan por nosotros!","protected":false},"author":7,"featured_media":11263,"parent":0,"menu_order":0,"comment_status":"closed","ping_status":"closed","template":"custom-inverted.php","meta":{"_monsterinsights_skip_tracking":false,"_monsterinsights_sitenote_active":false,"_monsterinsights_sitenote_note":"","_monsterinsights_sitenote_category":0,"footnotes":""},"class_list":["post-9330","page","type-page","status-publish","has-post-thumbnail","hentry"],"aioseo_notices":[],"_links":{"self":[{"href":"https:\/\/codeoscopic.com\/es\/wp-json\/wp\/v2\/pages\/9330","targetHints":{"allow":["GET"]}}],"collection":[{"href":"https:\/\/codeoscopic.com\/es\/wp-json\/wp\/v2\/pages"}],"about":[{"href":"https:\/\/codeoscopic.com\/es\/wp-json\/wp\/v2\/types\/page"}],"author":[{"embeddable":true,"href":"https:\/\/codeoscopic.com\/es\/wp-json\/wp\/v2\/users\/7"}],"replies":[{"embeddable":true,"href":"https:\/\/codeoscopic.com\/es\/wp-json\/wp\/v2\/comments?post=9330"}],"version-history":[{"count":0,"href":"https:\/\/codeoscopic.com\/es\/wp-json\/wp\/v2\/pages\/9330\/revisions"}],"wp:featuredmedia":[{"embeddable":true,"href":"https:\/\/codeoscopic.com\/es\/wp-json\/wp\/v2\/media\/11263"}],"wp:attachment":[{"href":"https:\/\/codeoscopic.com\/es\/wp-json\/wp\/v2\/media?parent=9330"}],"curies":[{"name":"wp","href":"https:\/\/api.w.org\/{rel}","templated":true}]}}