{"id":9328,"date":"2020-10-15T19:18:49","date_gmt":"2020-10-15T17:18:49","guid":{"rendered":"https:\/\/webpre.codeoscopic.com\/?page_id=9328"},"modified":"2026-01-26T15:31:56","modified_gmt":"2026-01-26T14:31:56","slug":"clientes","status":"publish","type":"page","link":"https:\/\/codeoscopic.com\/es\/clientes\/","title":{"rendered":"Clientes"},"content":{"rendered":"<!-- Content \u00b7 src\/sass\/landing\/clients.scss -->\r\n<div class=\"main_cdscpc_clients\">\r\n\r\n        <!-- Claim -->\r\n<div class=\"main_claim\">\r\n<div class=\"bg_logos\" style=\"background-image: url('\/wp-content\/uploads\/2026\/01\/insurance-scaled.png');\"><\/div>\r\n<div>\r\n                <span class=\"intro\">Evoluci\u00f3n = Responsabilidad<\/span>\r\n<h1>M\u00e1s de <b>1.700 corredores<\/b> y m\u00e1s de <b>50 aseguradoras<\/b> l\u00edderes en el mercado conf\u00edan en nosotros.<\/h1>\r\nGeneramos mayor productividad a todos nuestros clientes. Aportamos <em>big data<\/em> en tiempo real de todo el sector.\r\n\r\n<\/div>\r\n<\/div>\r\n<!-- Aseguradoras -->\r\n<div class=\"main_section\">\r\n<div class=\"wrap_section\">\r\n\r\n                <!-- Left -->\r\n<div class=\"left_content\">\r\n\r\n                    <!--Grid-->\r\n<ul class=\"main_grid\">\r\n \t<li class=\"logo_alternate\" data-img=\"\/wp-content\/uploads\/2024\/05\/ins-logo-1.png\" data-img2=\"\/wp-content\/uploads\/2020\/11\/ins-logo-1-1.png\">\r\n<div class=\"main_content\"><img decoding=\"async\" src=\"\/wp-content\/uploads\/2020\/11\/ins-logo-1.png\" alt=\"\"><\/div><\/li>\r\n \t<li class=\"logo_alternate\" data-img=\"\/wp-content\/uploads\/2020\/11\/ins-logo-2.png\" data-img2=\"\/wp-content\/uploads\/2020\/11\/ins-logo-2-2.png\">\r\n<div class=\"main_content\"><img decoding=\"async\" src=\"\/wp-content\/uploads\/2020\/11\/ins-logo-2.png\" alt=\"\"><\/div><\/li>\r\n \t<li class=\"logo_alternate\" data-img=\"\/wp-content\/uploads\/2021\/02\/ins-logo-3.png\" data-img2=\"\/wp-content\/uploads\/2020\/11\/ins-logo-3-3.png\">\r\n<div class=\"main_content\"><img decoding=\"async\" src=\"\/wp-content\/uploads\/2021\/02\/ins-logo-3.png\" alt=\"\"><\/div><\/li>\r\n \t<li class=\"logo_alternate\" data-img=\"\/wp-content\/uploads\/2026\/01\/ins-logo-4-mapfre.jpg\" data-img2=\"\/wp-content\/uploads\/2020\/11\/ins-logo-4-4.png\">\r\n<div class=\"main_content\"><img decoding=\"async\" src=\"\/wp-content\/uploads\/2020\/11\/ins-logo-4.png\" alt=\"\"><\/div><\/li>\r\n \t<li class=\"logo_alternate\" data-img=\"\/wp-content\/uploads\/2020\/11\/ins-logo-5.png\" data-img2=\"\/wp-content\/uploads\/2020\/11\/ins-logo-5-5.png\">\r\n<div class=\"main_content\"><img decoding=\"async\" src=\"\/wp-content\/uploads\/2020\/11\/ins-logo-5.png\" alt=\"\"><\/div><\/li>\r\n \t<li class=\"logo_alternate\" data-img=\"\/wp-content\/uploads\/2020\/11\/ins-logo-6.png\" data-img2=\"\/wp-content\/uploads\/2020\/11\/ins-logo-6-6.png\">\r\n<div class=\"main_content\"><img decoding=\"async\" src=\"\/wp-content\/uploads\/2020\/11\/ins-logo-6.png\" alt=\"\"><\/div><\/li>\r\n \t<li class=\"logo_alternate\" data-img=\"\/wp-content\/uploads\/2020\/11\/ins-logo-7.png\" data-img2=\"\/wp-content\/uploads\/2025\/04\/ins-logo-7-divina.png\">\r\n<div class=\"main_content\"><img decoding=\"async\" src=\"\/wp-content\/uploads\/2020\/11\/ins-logo-7.png\" alt=\"\"><\/div><\/li>\r\n \t<li class=\"logo_alternate\" data-img=\"\/wp-content\/uploads\/2020\/11\/ins-logo-8.png\" data-img2=\"\/wp-content\/uploads\/2026\/01\/ins-logo-8-arag.png.jpg\">\r\n<div class=\"main_content\"><img decoding=\"async\" src=\"\/wp-content\/uploads\/2020\/11\/ins-logo-8.png\" alt=\"\"><\/div><\/li>\r\n \t<li class=\"logo_alternate\" data-img=\"\/wp-content\/uploads\/2020\/11\/ins-logo-9.png\" data-img2=\"\/wp-content\/uploads\/2024\/05\/ins-logo-9-9.png\">\r\n<div class=\"main_content\"><img decoding=\"async\" src=\"\/wp-content\/uploads\/2020\/11\/ins-logo-9.png\" alt=\"\"><\/div><\/li>\r\n \t<li class=\"logo_alternate\" data-img=\"\/wp-content\/uploads\/2025\/11\/ins-logo-10-aegon\" data-img2=\"\/wp-content\/uploads\/2020\/11\/ins-logo-10-10.png\">\r\n<div class=\"main_content\"><img decoding=\"async\" src=\"\/wp-content\/uploads\/2025\/04\/ins-logo-7-onlygal.png\" alt=\"\"><\/div><\/li>\r\n \t<li class=\"logo_alternate\" data-img=\"\/wp-content\/uploads\/2020\/11\/ins-logo-11.png\" data-img2=\"\/wp-content\/uploads\/2020\/11\/ins-logo-11-11.png\">\r\n<div class=\"main_content\"><img decoding=\"async\" src=\"\/wp-content\/uploads\/2020\/11\/ins-logo-11.png\" alt=\"\"><\/div><\/li>\r\n \t<li class=\"logo_alternate\" data-img=\"\/wp-content\/uploads\/2020\/11\/ins-logo-12.png\" data-img2=\"\/wp-content\/uploads\/2020\/11\/ins-logo-12-12.png\">\r\n<div class=\"main_content\"><img decoding=\"async\" src=\"\/wp-content\/uploads\/2020\/11\/ins-logo-12.png\" alt=\"\"><\/div><\/li>\r\n<\/ul>\r\n<\/div>\r\n<!-- Right -->\r\n<div class=\"right_content\">\r\n<div class=\"main_list\">\r\n<h2>Las grandes aseguradoras nos eligen porque\u2026<\/h2>\r\n<p class=\"item_list\"><b>500% m\u00e1s eficacia<\/b>Sus mediadores producen mucho m\u00e1s r\u00e1pido y son un 500% m\u00e1s eficientes.<\/p>\r\n<p class=\"item_list\"><b>67% por conectividad<\/b>Les llevamos el 67% de la nueva producci\u00f3n por conectividad.<\/p>\r\n<p class=\"item_list\"><b><em>Big data<\/em> en tiempo real<\/b>Impulsamos su negocio ofreciendo <em>big data<\/em> en tiempo real de las fluctuaciones del mercado en todo el territorio, lo que les permite reaccionar y competir de forma m\u00e1s eficiente.<\/p>\r\n\r\n<\/div>\r\n<\/div>\r\n<\/div>\r\n<!-- \u2013\u2013\u2013\u2013\u2013\u2013\u2013\u2013\u2013\u2013\u2013 -->\r\n<!-- Testimonial -->\r\n<div class=\"main_testimonial tabs\">\r\n<ul>\r\n                  <li><span class=\"user\" style=\"background-image: url('https:\/\/codeoscopic.com\/wp-content\/uploads\/2020\/11\/javier_santos_pelayo.png');\"><\/span><\/li><li><span class=\"user\" style=\"background-image: url('https:\/\/codeoscopic.com\/wp-content\/uploads\/2020\/11\/Foto-Gerard-Clares.jpg');\"><\/span><\/li><li><span class=\"user\" style=\"background-image: url('https:\/\/codeoscopic.com\/wp-content\/uploads\/2021\/02\/luis-boto.jpg');\"><\/span><\/li><\/ul>\r\n<div class=\"wrap-tabs\">\r\n                  <section>\r\n   <p>En Pelayo creemos firmemente en la tecnolog\u00eda como impulsor de ventas y Codeoscopic juega un papel esencial en el canal de corredores. No se trata de sustituir m\u00e1quinas por personas, sino de ayudar a ser m\u00e1s eficientes, a vender m\u00e1s y mejor, con herramientas como Avant2 Sales Manager.<\/p>\r\n   <div class=\"info\">\r\n      <span class=\"name\">Francisco Javier Santos<\/span>\r\n      <span class=\"role\">Director comercial de Pelayo<\/span>\r\n\t  \r\n   <\/div>\r\n<\/section><section>\r\n   <p>Para Allianz la reducci\u00f3n de las cargas administrativas de la mediaci\u00f3n es un objetivo estrat\u00e9gico: para ello nos esforzamos siempre en ofrecer las mejores herramientas de digitalizaci\u00f3n para los mediadores y colaboramos estrechamente con los <em>partners <\/em>m\u00e1s innovadores como Codeoscopic.<\/p>\r\n   <div class=\"info\">\r\n      <span class=\"name\">Gerard Clares<\/span>\r\n      <span class=\"role\">Responsable de Conectividad de Allianz<\/span>\r\n\t  \r\n   <\/div>\r\n<\/section><section>\r\n   <p>Con Avant2 Sales Manager, Codeoscopic se ha superado a s\u00ed mismo. El nuevo producto es m\u00e1s visual, adaptable y din\u00e1mico; mejora la usabilidad y se adapta a la nueva manera de vender seguros, trabajo que desde las \u00e1reas de Conectividad de las compa\u00f1\u00edas facilitamos d\u00eda tras d\u00eda.\r\n\r\n<\/p>\r\n   <div class=\"info\">\r\n      <span class=\"name\">Luis Boto<\/span>\r\n      <span class=\"role\">Manager de Conectividad en Reale Seguros<\/span>\r\n\t  \r\n   <\/div>\r\n<\/section><\/div>\r\n<\/div>\r\n<\/div>\r\n<!-- Corredur\u00edas -->\r\n<div class=\"main_section\">\r\n<div class=\"wrap_section reverse\">\r\n\r\n                <!-- Left -->\r\n<div class=\"left_content\">\r\n\r\n                    <!--Grid-->\r\n<ul class=\"main_grid\">\r\n \t<li class=\"logo_alternate\" data-img=\"\/wp-content\/uploads\/2022\/03\/brk-logo-1.png\" data-img2=\"\/wp-content\/uploads\/2020\/11\/brk-logo-1-1.png\" data-img3=\"\/wp-content\/uploads\/2021\/01\/brk-logo-1-1-1.png\">\r\n<div class=\"main_content\"><img decoding=\"async\" src=\"\/wp-content\/uploads\/2022\/03\/brk-logo-1.png\" alt=\"\"><\/div><\/li>\r\n \t<li class=\"logo_alternate\" data-img=\"\/wp-content\/uploads\/2020\/11\/brk-logo-2.png\" data-img2=\"\/wp-content\/uploads\/2020\/11\/brk-logo-2-2.png\">\r\n<div class=\"main_content\"><img decoding=\"async\" src=\"\/wp-content\/uploads\/2020\/11\/brk-logo-2.png\" alt=\"\"><\/div><\/li>\r\n \t<li class=\"logo_alternate\" data-img=\"\/wp-content\/uploads\/2020\/11\/brk-logo-3.png\" data-img2=\"\/wp-content\/uploads\/2020\/11\/brk-logo-3-3.png\">\r\n<div class=\"main_content\"><img decoding=\"async\" src=\"\/wp-content\/uploads\/2020\/11\/brk-logo-3.png\" alt=\"\"><\/div><\/li>\r\n \t<li class=\"logo_alternate\" data-img=\"\/wp-content\/uploads\/2020\/11\/brk-logo-4.png\" data-img2=\"\/wp-content\/uploads\/2020\/11\/brk-logo-4-4.png\">\r\n<div class=\"main_content\"><img decoding=\"async\" src=\"\/wp-content\/uploads\/2020\/11\/brk-logo-4.png\" alt=\"\"><\/div><\/li>\r\n \t<li class=\"logo_alternate\" data-img=\"\/wp-content\/uploads\/2020\/11\/brk-logo-5.png\" data-img2=\"\/wp-content\/uploads\/2020\/11\/brk-logo-5-5.png\">\r\n<div class=\"main_content\"><img decoding=\"async\" src=\"\/wp-content\/uploads\/2020\/11\/brk-logo-5.png\" alt=\"\"><\/div><\/li>\r\n \t<li class=\"logo_alternate\" data-img=\"\/wp-content\/uploads\/2025\/02\/brk-logo-6.png\" data-img2=\"\/wp-content\/uploads\/2020\/11\/brk-logo-6-6.png\">\r\n<div class=\"main_content\"><img decoding=\"async\" src=\"\/wp-content\/uploads\/2025\/02\/brk-logo-6.png\" alt=\"\"><\/div><\/li>\r\n \t<li class=\"logo_alternate\" data-img=\"\/wp-content\/uploads\/2020\/11\/brk-logo-7.png\" data-img2=\"\/wp-content\/uploads\/2020\/11\/brk-logo-7-7.png\">\r\n<div class=\"main_content\"><img decoding=\"async\" src=\"\/wp-content\/uploads\/2020\/11\/brk-logo-7.png\" alt=\"\"><\/div><\/li>\r\n \t<li class=\"logo_alternate\" data-img=\"\/wp-content\/uploads\/2020\/11\/brk-logo-8.png\" data-img2=\"\/wp-content\/uploads\/2020\/11\/brk-logo-8-8.png\">\r\n<div class=\"main_content\"><img decoding=\"async\" src=\"\/wp-content\/uploads\/2020\/11\/brk-logo-8.png\" alt=\"\"><\/div><\/li>\r\n \t<li class=\"logo_alternate\" data-img=\"\/wp-content\/uploads\/2020\/11\/brk-logo-9.png\" data-img2=\"\/wp-content\/uploads\/2020\/11\/brk-logo-9-9.png\">\r\n<div class=\"main_content\"><img decoding=\"async\" src=\"\/wp-content\/uploads\/2020\/11\/brk-logo-9.png\" alt=\"\"><\/div><\/li>\r\n \t<li class=\"logo_alternate\" data-img=\"\/wp-content\/uploads\/2020\/11\/brk-logo-10.png\" data-img2=\"\/wp-content\/uploads\/2020\/11\/brk-logo-10-10.png\">\r\n<div class=\"main_content\"><img decoding=\"async\" src=\"\/wp-content\/uploads\/2020\/11\/brk-logo-10.png\" alt=\"\"><\/div><\/li>\r\n \t<li class=\"logo_alternate\" data-img=\"\/wp-content\/uploads\/2020\/11\/brk-logo-11.png\" data-img2=\"\/wp-content\/uploads\/2020\/11\/brk-logo-11-11.png\">\r\n<div class=\"main_content\"><img decoding=\"async\" src=\"\/wp-content\/uploads\/2020\/11\/brk-logo-11.png\" alt=\"\"><\/div><\/li>\r\n \t<li class=\"logo_alternate\" data-img=\"\/wp-content\/uploads\/2020\/11\/brk-logo-12.png\" data-img2=\"\/wp-content\/uploads\/2020\/11\/brk-logo-12-12.png\">\r\n<div class=\"main_content\"><img decoding=\"async\" src=\"\/wp-content\/uploads\/2020\/11\/brk-logo-12.png\" alt=\"\"><\/div><\/li>\r\n<\/ul>\r\n<\/div>\r\n<!-- Right -->\r\n<div class=\"right_content\">\r\n<div class=\"main_list\">\r\n<h2>Las grandes corredur\u00edas nos prefieren porque\u2026<\/h2>\r\n<p class=\"item_list\"><b>Tecnolog\u00eda 360\u00ba<\/b>Nuestras soluciones Avant2 Sales Manager, Tesis Broker Manager y Bcover trabajan totalmente integradas para ofrecer un servicio tecnol\u00f3gico integral al mediador.<\/p>\r\n<p class=\"item_list\"><b>+500% de productividad<\/b>Multiplicamos por +500% la productividad de nuestros clientes, un crecimiento sin precedentes para su negocio.<\/p>\r\n<p class=\"item_list\"><b><em>Marketplace <\/em>l\u00edder<\/b>Avant2 Sales Manager pone a disposici\u00f3n del corredor el mayor portfolio de productos aseguradores del mercado. \u00a1M\u00e1s de 120 productos!<\/p>\r\n\r\n<\/div>\r\n<\/div>\r\n<\/div>\r\n<!-- \u2013\u2013\u2013\u2013\u2013\u2013\u2013\u2013\u2013\u2013\u2013 -->\r\n<!-- Testimonial -->\r\n<div class=\"main_testimonial tabs\">\r\n<ul>\r\n                  <li><span class=\"user\" style=\"background-image: url('https:\/\/codeoscopic.com\/wp-content\/uploads\/2020\/11\/Javier_Montaraz_barymont.jpg');\"><\/span><\/li><li><span class=\"user\" style=\"background-image: url('https:\/\/codeoscopic.com\/wp-content\/uploads\/2021\/03\/juan_david_ruiz.jpg');\"><\/span><\/li><li><span class=\"user\" style=\"background-image: url('https:\/\/codeoscopic.com\/wp-content\/uploads\/2020\/11\/manuel-fernandez-fernandez-eurocenter.jpg');\"><\/span><\/li><\/ul>\r\n<div class=\"wrap-tabs\">\r\n                  <section>\r\n   <p>Hoy m\u00e1s que nunca se hace vital afrontar los retos seguro de que cuentas con la mejor tripulaci\u00f3n. En el \u00e1mbito tecnol\u00f3gico\/digital, contar con el Grupo Codeoscopic como <em>partner <\/em>supone, para Barymont, una garant\u00eda de excelencia en el servicio y la certeza de estar en primera l\u00ednea.<\/p>\r\n   <div class=\"info\">\r\n      <span class=\"name\">Javier Montaraz<\/span>\r\n      <span class=\"role\">Director General de Grupo Barymont<\/span>\r\n\t  \r\n   <\/div>\r\n<\/section><section>\r\n   <p>Avant2 Sales Manager es una herramienta \u00e1gil y din\u00e1mica. Hace a\u00f1os que trabajamos con Codeoscopic y su tecnolog\u00eda ha supuesto para Ruiz Re Corredur\u00eda de Seguros una aut\u00e9ntica revoluci\u00f3n comercial, que nos ayuda much\u00edsimo al desarrollo de la red y la captaci\u00f3n de nuevo negocio.<\/p>\r\n   <div class=\"info\">\r\n      <span class=\"name\">Juan David Ruiz<\/span>\r\n      <span class=\"role\">Socio-director ejecutivo de Ruiz Re<\/span>\r\n\t  \r\n   <\/div>\r\n<\/section><section>\r\n   <p>La predisposici\u00f3n de Codeoscopic al di\u00e1logo, la colaboraci\u00f3n y la inversi\u00f3n en tecnolog\u00eda nos permite centrar toda nuestra atenci\u00f3n en aquellas gestiones que aportan verdadero valor a\u00f1adido al asegurado. Cuando dos empresas l\u00edderes trabajan en equipo el \u00e9xito est\u00e1 asegurado.<\/p>\r\n   <div class=\"info\">\r\n      <span class=\"name\">Manuel Fern\u00e1ndez Fern\u00e1ndez<\/span>\r\n      <span class=\"role\">Director T\u00e9cnico de Grupo Euro-CENTER<\/span>\r\n\t  \r\n   <\/div>\r\n<\/section><\/div>\r\n<\/div>\r\n<!-- Smart access -->\r\n<ul class=\"main_smart_access\">\r\n \t<li>\r\n                    <a class=\"main_content\" href=\"https:\/\/codeoscopic.com\/es\/workspace\/\">\r\n<span class=\"icon_50 icon_1\"><\/span>\r\n<span class=\"title\">\u00bfEres corredor?<\/span>\r\n<span class=\"text\">\u00a1Esto te interesa!<\/span>\r\n<\/a><\/li>\r\n \t<li>\r\n                    <a class=\"main_content\" href=\"https:\/\/codeoscopic.com\/es\/workspace\/\">\r\n<span class=\"icon_50 icon_2\"><\/span>\r\n<span class=\"title\">\u00bfEres aseguradora?<\/span>\r\n<span class=\"text\">\u00a1No te pierdas esto!<\/span>\r\n<\/a><\/li>\r\n<\/ul>\r\n<\/div>\r\n<\/div>","protected":false},"excerpt":{"rendered":"Generamos mayor productividad a todos nuestros clientes. Aportamos big data en tiempo real de todo el sector. Los corredores y aseguradoras l\u00edderes en el mercado conf\u00edan en nosotros.","protected":false},"author":7,"featured_media":79968,"parent":0,"menu_order":0,"comment_status":"closed","ping_status":"closed","template":"custom.php","meta":{"_monsterinsights_skip_tracking":false,"_monsterinsights_sitenote_active":false,"_monsterinsights_sitenote_note":"","_monsterinsights_sitenote_category":0,"footnotes":""},"class_list":["post-9328","page","type-page","status-publish","has-post-thumbnail","hentry"],"aioseo_notices":[],"_links":{"self":[{"href":"https:\/\/codeoscopic.com\/es\/wp-json\/wp\/v2\/pages\/9328","targetHints":{"allow":["GET"]}}],"collection":[{"href":"https:\/\/codeoscopic.com\/es\/wp-json\/wp\/v2\/pages"}],"about":[{"href":"https:\/\/codeoscopic.com\/es\/wp-json\/wp\/v2\/types\/page"}],"author":[{"embeddable":true,"href":"https:\/\/codeoscopic.com\/es\/wp-json\/wp\/v2\/users\/7"}],"replies":[{"embeddable":true,"href":"https:\/\/codeoscopic.com\/es\/wp-json\/wp\/v2\/comments?post=9328"}],"version-history":[{"count":0,"href":"https:\/\/codeoscopic.com\/es\/wp-json\/wp\/v2\/pages\/9328\/revisions"}],"wp:featuredmedia":[{"embeddable":true,"href":"https:\/\/codeoscopic.com\/es\/wp-json\/wp\/v2\/media\/79968"}],"wp:attachment":[{"href":"https:\/\/codeoscopic.com\/es\/wp-json\/wp\/v2\/media?parent=9328"}],"curies":[{"name":"wp","href":"https:\/\/api.w.org\/{rel}","templated":true}]}}