{"id":9320,"date":"2020-10-14T22:52:13","date_gmt":"2020-10-14T20:52:13","guid":{"rendered":"https:\/\/webpre.codeoscopic.com\/?page_id=9320"},"modified":"2026-01-26T15:44:58","modified_gmt":"2026-01-26T14:44:58","slug":"inicio","status":"publish","type":"page","link":"https:\/\/codeoscopic.com\/es\/","title":{"rendered":"Inicio"},"content":{"rendered":"<div class=\"main_cdscpc_home\">\r\n\r\n\t<!-- \u2013\u2013\u2013\u2013\u2013 -->\r\n\t<!-- Claim -->\r\n\r\n\t<div class=\"main_claim\">\r\n\t\t<div class=\"wrap_claim\">\r\n\t\t\t<div class=\"main_content\">\r\n\t\t\t\t<h1>Transformamos la distribuci\u00f3n de seguros<\/h1>\r\n\t\t\t\t<p>Creamos las autopistas de datos que conectan aseguradoras y corredores para contratar los seguros de sus clientes. Desde 2012 hemos intermediado m\u00e1s de 1.404M\u20ac.<\/p>\r\n\t\t\t\t<div class=\"buttons\">\r\n\t\t\t\t\t<a href=\"https:\/\/codeoscopic.com\/es\/workspace\/\" class=\"btn primary\">Soluciones<\/a>\r\n\t\t\t\t\t<a href=\"https:\/\/codeoscopic.com\/es\/grupo\/\" class=\"secondary\">Con\u00f3cenos m\u00e1s de cerca \u203a<\/a>\r\n\t\t\t\t<\/div>\r\n\t\t\t<\/div>\r\n\t\t<\/div>\r\n\t\t\r\n                <!-- Neural animation -->\r\n\t\t<div class=\"main_neural_animation\">\r\n\t\t\t<canvas id=\"neural_cdscpc\"><\/canvas>\r\n\t\t<\/div>\r\n\r\n\t\t<!-- Grid -->\r\n\t\t<div class=\"main_grid\">\r\n\t\t\t<div class=\"grid_content\">\r\n\t\t\t\t<div class=\"main_content\">\r\n\t\t\t\t\t<span class=\"icon_80 icon_2\"><\/span>\r\n\t\t\t\t\t<span class=\"title\">Fiabilidad<\/span>\r\n\t\t\t\t\t<span class=\"description\">Una plataforma eficaz, con precios seguros y directos desde la fuente, que no deja de crecer e impulsa el sector.<\/span>\r\n\t\t\t\t\t<a href=\"https:\/\/codeoscopic.com\/es\/workspace\/avant2\/\" target=\"_blank\" rel=\"noopener noreferrer\">Garantiza tus ventas \u203a<\/a>\r\n\t\t\t\t<\/div>\r\n\t\t\t<\/div>\r\n                        <div class=\"grid_content\">\r\n\t\t\t\t<div class=\"main_content\">\r\n\t\t\t\t\t<span class=\"icon_80 icon_1\"><\/span>\r\n\t\t\t\t\t<span class=\"title\">Productividad<\/span>\r\n\t\t\t\t\t<span class=\"description\">Imagina un mundo en el que la venta de un seguro requiere tan solo unos minutos de tu tiempo.<\/span>\r\n\t\t\t\t\t<a href=\"https:\/\/codeoscopic.com\/es\/workspace\/avant2\/avant2-crm\/\" rel=\"noopener noreferrer\">Ahorra tiempo \u203a<\/a>\r\n\t\t\t\t<\/div>\r\n\t\t\t<\/div>\r\n\t\t\t<div class=\"grid_content\">\r\n\t\t\t\t<div class=\"main_content\">\r\n\t\t\t\t\t<span class=\"icon_80 icon_3\"><\/span>\r\n\t\t\t\t\t<span class=\"title\">Conectividad<\/span>\r\n\t\t\t\t\t<span class=\"description\">M\u00e1s de 20 ramos y 120 productos aseguradores en la plataforma l\u00edder en conectividad del mercado.<\/span>\r\n\t\t\t\t\t<a href=\"https:\/\/codeoscopic.com\/es\/workspace\/avant2\/avant2-productos-y-companias\/\">\u00danete a nosotros \u203a<\/a>\r\n\t\t\t\t<\/div>\r\n\t\t\t<\/div>\r\n\t\t<\/div>\r\n\t<\/div>\r\n\r\n\t<!-- \u2013\u2013\u2013\u2013\u2013\u2013\u2013\u2013\u2013 -->\r\n\t<!-- Section 1 -->\r\n\r\n\t<div class=\"main_section_1\" style=\"background-image: url('\/wp-content\/uploads\/2026\/01\/insurance-scaled.png');\">\r\n\t\t<div class=\"main_content\">\r\n\t\t\t<div class=\"wrap_content\">\r\n\t\t\t\t<div class=\"number\"><span>+<\/span><span>50<\/span><\/div>\r\n\t\t\t\t<span class=\"title\">Tenemos a los mejores<\/span>\r\n\t\t\t\t<span class=\"description\">Compartiendo experiencia y crecimiento con las aseguradoras l\u00edderes del mercado<\/span>\r\n\t\t\t\t<a href=\"https:\/\/codeoscopic.com\/es\/clientes\/\" class=\"btn primary\">Clientes<\/a>\r\n\t\t\t<\/div>\r\n\t\t<\/div>\r\n\t<\/div>\r\n\r\n\t<!-- \u2013\u2013\u2013\u2013\u2013\u2013\u2013\u2013\u2013 -->\r\n\t<!-- Section 2 -->\r\n\r\n\t<div class=\"main_section_2\">\r\n\t\t<div class=\"main_awards\">\r\n\t\t\t<div class=\"logos\">\r\n\t\t\t\t<img decoding=\"async\" src=\"\/wp-content\/uploads\/2020\/11\/ebro-foods.png\" alt=\"Premio Ebro Food a Codeoscopic\">\r\n\t\t\t\t<img decoding=\"async\" src=\"\/wp-content\/uploads\/2020\/11\/euskalsegur.png\" alt=\"Premio Euslkalsegur a Codeoscopic\">\r\n\t\t\t\t<img decoding=\"async\" src=\"\/wp-content\/uploads\/2020\/11\/pgs.png\" alt=\"Premio Galicia Segura a Codeoscopic\">\r\n\t\t\t<\/div>\r\n\r\n\t\t\t<p>Nuestras soluciones conforman una carta de productos y servicios que han transformado la distribuci\u00f3n de seguros y nos han convertido en el proveedor tecnol\u00f3gico de referencia en el mercado.<\/p>\r\n\t\t<\/div>\r\n\r\n                <!-- Workspace -->\r\n                <div class=\"main_workspace\">\r\n                    <div class=\"wrap_workspace\">\r\n                        <div class=\"ball\">\r\n                            <img decoding=\"async\" src=\"\/wp-content\/uploads\/2022\/03\/ball.svg\" alt=\"\">\r\n                            <img decoding=\"async\" src=\"\/wp-content\/uploads\/2022\/03\/ball.svg\" alt=\"\">\r\n                        <\/div>\r\n\r\n                        <div class=\"main_content\">\r\n                            <img decoding=\"async\" class=\"logo\" src=\"\/wp-content\/uploads\/2022\/03\/Workspace-logo.svg\" alt=\"Codeoscopic Workspace\">\r\n                            <div class=\"suite\">\r\n                                <img decoding=\"async\" src=\"\/wp-content\/uploads\/2023\/11\/avant-circle.svg\" alt=\"Avant2 Sales Manager\">\r\n                                <img decoding=\"async\" src=\"\/wp-content\/uploads\/2023\/11\/versus-circle.svg\" alt=\"Versus Insurance Data\">\r\n                                <img decoding=\"async\" src=\"\/wp-content\/uploads\/2023\/11\/bcover-circle.svg\" alt=\"Bcover Risk Manager\">\r\n                                <img decoding=\"async\" src=\"\/wp-content\/uploads\/2023\/11\/tesis-circle.svg\" alt=\"Tesis Broker Manager\">\r\n                                <img decoding=\"async\" src=\"\/wp-content\/uploads\/2023\/11\/integra-circle.svg\" alt=\"Integra API Rest\">\r\n                                <img decoding=\"async\" src=\"\/wp-content\/uploads\/2025\/04\/coverize-new.svg\" alt=\"Coverize\">\r\n                            <\/div>\r\n                            <p>Creamos soluciones que dan respuesta a las necesidades del sector asegurador<\/p>\r\n                            <a href=\"https:\/\/codeoscopic.com\/es\/workspace\/\" class=\"btn primary_wrkspc\">Descubre nuestras soluciones<\/a>\r\n                        <\/div>\r\n                    <\/div>\r\n                <\/div>\r\n\r\n                <!-- Grid solutions -->\r\n\t\t<div class=\"main_grid hidden\">\r\n\t\t\t\r\n\t\t\t<!-- Avant2 -->\r\n\t\t\t<div class=\"wrap_grid\">\r\n\t\t\t\t<div class=\"main_content\">\r\n\t\t\t\t\t<div class=\"logo\">\r\n\t\t\t\t\t\t<img decoding=\"async\" src=\"\/wp-content\/uploads\/2021\/01\/avant2-sales-manager.png\" style=\"height:40px;\">\r\n\t\t\t\t\t<\/div>\r\n\t\t\t\t\t<!--<div class=\"screen\">\r\n\t\t\t\t\t\t<img decoding=\"async\" src=\"\/wp-content\/uploads\/2020\/11\/screen-avant2sm.png\">\r\n\t\t\t\t\t<\/div>-->\r\n\t\t\t\t\t<span class=\"description\">El multitarificador se refuerza con un CRM orientado a la venta, creando as\u00ed una plataforma que transforma la forma de vender seguros.<\/span>\r\n\t\t\t\t\t<a href=\"https:\/\/codeoscopic.com\/es\/workspace\/avant2\/\" class=\"btn primary\">Descubre Avant2<\/a>\r\n\t\t\t\t<\/div>\r\n\t\t\t<\/div>\r\n\t\t\t\r\n\t\t\t<!-- TeSIS -->\r\n\t\t\t<div class=\"wrap_grid\">\r\n\t\t\t\t<div class=\"main_content\">\r\n\t\t\t\t\t<div class=\"logo\">\r\n\t\t\t\t\t\t<img decoding=\"async\" src=\"\/wp-content\/uploads\/2022\/01\/tesis-payoff.png\" style=\"height:40px;\">\r\n\t\t\t\t\t<\/div>\r\n\t\t\t\t\t<!--<div class=\"screen\">\r\n\t\t\t\t\t\t<img decoding=\"async\" src=\"\/wp-content\/uploads\/2022\/01\/screen-tesis.jpg\">\r\n\t\t\t\t\t<\/div>-->\r\n\t\t\t\t\t<span class=\"description\">El software ERP de gesti\u00f3n para corredur\u00edas m\u00e1s potente del mercado: web, mobile y responsive&#8230; todo alojado en la nube.<\/span>\r\n\t\t\t\t\t<a href=\"https:\/\/codeoscopic.com\/es\/workspace\/tesis\/\" class=\"btn primary\">Descubre Tesis<\/a>\r\n\t\t\t\t<\/div>\r\n\t\t\t<\/div>\r\n\t\t\t\r\n\t\t\t<!-- Versus -->\r\n\t\t\t<div class=\"wrap_grid\">\r\n\t\t\t\t<div class=\"main_content\">\r\n\t\t\t\t\t<div class=\"logo\">\r\n\t\t\t\t\t\t<img decoding=\"async\" src=\"\/wp-content\/uploads\/2022\/01\/versus-payoff.png\" style=\"height:40px;\">\r\n\t\t\t\t\t<\/div>\r\n\t\t\t\t\t<!--<div class=\"screen\">\r\n\t\t\t\t\t\t<img decoding=\"async\" src=\"\/wp-content\/uploads\/2021\/09\/screen-versus-M.png\">\r\n\t\t\t\t\t<\/div>-->\r\n\t\t\t\t\t<span class=\"description\">El \u00fanico software de anal\u00edtica avanzada de datos que monitoriza la evoluci\u00f3n y las tendencias del sector asegurador en tiempo real.<\/span>\r\n\t\t\t\t\t<a href=\"https:\/\/codeoscopic.com\/es\/workspace\/versus\/\" class=\"btn primary\">Descubre Versus<\/a>\r\n\t\t\t\t<\/div>\r\n\t\t\t<\/div>\r\n\r\n                       <!-- Sacs -->\r\n\t\t       <div class=\"wrap_grid\">\r\n\t\t\t\t<div class=\"main_content\">\r\n\t\t\t\t\t<div class=\"logo\">\r\n\t\t\t\t\t\t<img decoding=\"async\" src=\"\/wp-content\/uploads\/2021\/09\/logo-sacs-payoff-sin.png\">\r\n\t\t\t\t\t<\/div>\r\n\t\t\t\t        <!--<div class=\"screen\">\r\n\t\t\t\t\t       <img decoding=\"async\" src=\"\/wp-content\/uploads\/2021\/09\/screen-sacs-21.png\">\r\n\t\t\t\t       <\/div>-->\r\n\t\t\t\t       <span class=\"description\">Plataforma que ofrece a las corredur\u00edas un servicio externo de tramitaci\u00f3n integral de siniestros profesional y especializado.<\/span>\r\n\t\t\t\t      <a href=\"https:\/\/codeoscopic.com\/es\/workspace\/\" class=\"btn primary\">Descubre SACS<\/a>\r\n\t\t\t\t<\/div>\r\n\t\t\t<\/div>\r\n\r\n                        <!-- Innova Ib\u00e9rica -->\r\n\t\t\t<div class=\"wrap_grid\">\r\n\t\t\t\t<div class=\"main_content\">\r\n                                     <div class=\"logo\">\r\n                                           <img decoding=\"async\" src=\"\/wp-content\/uploads\/2021\/01\/innova.png\">\r\n                                     <\/div>\r\n\t\t\t             <span class=\"description\">Desarrollo y consultor\u00eda de \u2018software\u2019 para empresas de cualquier tama\u00f1o, &#8216;apps&#8217; a medida y soluciones para la gesti\u00f3n de riesgos y el \u2018compliance\u2019.<\/span>\r\n\t\t\t\t     <a href=\"https:\/\/codeoscopic.com\/es\/workspace\/bcover\/\" class=\"btn primary\">Descubre Innova<\/a>\r\n\t\t\t\t<\/div>\r\n\t\t\t<\/div>\r\n\r\n                        <!-- Solutions \/ Suite -->\r\n\t\t\t<div class=\"wrap_grid end\">\r\n\t\t\t\t<div class=\"main_content\">\r\n\t\t\t\t\t<span class=\"description\">La m\u00e1s completa familia de herramientas tecnol\u00f3gicas para la gesti\u00f3n integral en el sector asegurador. La fuerza del grupo.<\/span>\r\n\t\t\t\t\t<a href=\"https:\/\/codeoscopic.com\/es\/workspace\/\" class=\"btn primary\">Descubre la suite<\/a>\r\n\t\t\t\t<\/div>\r\n\t\t\t<\/div>\r\n\r\n\t\t<\/div>\r\n\t<\/div>\r\n\r\n\t<!-- \u2013\u2013\u2013\u2013\u2013\u2013\u2013\u2013\u2013 -->\r\n\t<!-- Section 3 -->\r\n\r\n\t<div class=\"main_section_3\">\r\n\t\t<!-- Circle bg decoration -->\r\n\t\t<img decoding=\"async\" class=\"bg_circle_top\" src=\"\/wp-content\/uploads\/2020\/11\/bg-circle-decoration-top.svg\">\r\n\t\t<!--<img decoding=\"async\" class=\"bg_circle_bottom\" src=\"public\/images\/general\/bg-circle-decoration-bottom.svg\">-->\r\n                <svg class=\"bg_circle_bottom\" viewBox=\"0 0 1289 320\" xmlns=\"http:\/\/www.w3.org\/2000\/svg\" preserveAspectRatio=\"none\">\r\n                    <path d=\"M0 32.1001C104.151 11.0486 211.93 0 322.288 0C684.448 0 1018.82 118.987 1288.44 320H0V32.1001Z\" fill=\"white\"\/>\r\n                <\/svg>\r\n\r\n\t\t<!-- Content -->\r\n\t\t<div class=\"wrap_section_3\">\r\n\t\t\t\r\n\t\t\t<!-- Quote -->\r\n\t\t\t<div class=\"main_comment\">\r\n\t\t\t\t<p class=\"quote\"><img decoding=\"async\" class=\"figure\" src=\"\/wp-content\/uploads\/2020\/11\/quotes.svg\">Desarrollamos soluciones que hagan a nuestros clientes m\u00e1s eficaces y productivos, generando m\u00e1s negocio para ellos\u00bb.<\/p>\r\n\t\t\t\t<div class=\"profile\">\r\n\t\t\t\t\t<span class=\"user\" style=\"background-image: url('https:\/\/codeoscopic.com\/wp-content\/uploads\/2023\/11\/angel-blesa.webp')\"><\/span>\r\n\t\t\t\t\t<div class=\"info\">\r\n\t\t\t\t\t\t<span class=\"name\">\u00c1ngel Blesa<\/span>\r\n\t\t\t\t\t\t<span class=\"role\">CEO Grupo Codeoscopic<\/span>\r\n\t\t\t\t\t<\/div>\r\n\t\t\t\t<\/div>\r\n\t\t\t<\/div>\r\n\r\n\t\t\t<!-- Number grid -->\r\n\t\t\t<div class=\"main_grid\">\r\n\t\t\t\t<div class=\"wrap_grid\">\r\n\t\t\t\t\t<div class=\"main_content\">\r\n\t\t\t\t\t\t<div class=\"number\"><b>+<\/b><span class=\"num\">1,7<\/span><b>K<\/b><\/div>\r\n\t\t\t\t\t\t<p class=\"title\">Corredores<\/p>\r\n\t\t\t\t\t\t<span class=\"description\">M\u00e1s de 1.700 corredores de seguros operan a diario en nuestra plataforma.<\/span>\r\n\t\t\t\t\t<\/div>\r\n\t\t\t\t<\/div>\r\n\t\t\t\t<div class=\"wrap_grid\">\r\n\t\t\t\t\t<div class=\"main_content\">\r\n\t\t\t\t\t\t<div class=\"number\"><b>+<\/b><span class=\"num\">90<\/span><\/div>\r\n\t\t\t\t\t\t<p class=\"title\">El mejor equipo<\/p>\r\n\t\t\t\t\t\t<span class=\"description\">M\u00e1s de 90 personas conforman un equipo incre\u00edble, el art\u00edfice y la piedra angular de nuestro \u00e9xito.<\/span>\r\n\t\t\t\t\t<\/div>\r\n\t\t\t\t<\/div>\r\n\t\t\t\t<div class=\"wrap_grid\">\r\n\t\t\t\t\t<div class=\"main_content\">\r\n\t\t\t\t\t\t<div class=\"number\"><b>+<\/b><span class=\"num\">1.404<\/span><b>M<\/b><\/div>\r\n\t\t\t\t\t\t<p class=\"title\">Primas intermediadas<\/p>\r\n\t\t\t\t\t\t<span class=\"description\">M\u00e1s de 1.404M de euros en primas intermediadas desde el a\u00f1o 2012.<\/span>\r\n\t\t\t\t\t<\/div>\r\n\t\t\t\t<\/div>\r\n\t\t\t<\/div>\r\n\r\n\t\t\t<!-- Post -->\r\n\t\t\t<div class=\"main_post\">\r\n\t\t\t\t<div class=\"wrap_post\">\r\n                                        <div class=\"bg\" style=\"background: url('\/wp-content\/uploads\/2022\/03\/photo-rsc-header-scaled-1.jpg')\"><img decoding=\"async\" src=\"\/wp-content\/uploads\/2022\/03\/curve.svg\" alt=\"\"><\/div>\r\n\t\t\t\t\t<img decoding=\"async\" class=\"logo\" src=\"\/wp-content\/uploads\/2022\/03\/logo-rsc-es.svg\">\r\n\t\t\t\t\t<span class=\"title\">Comprometidos en la mejora y el desarrollo de la sociedad, por un futuro m\u00e1s justo.<\/span>\r\n\t\t\t\t\t<a href=\"es\/responsabilidad-social-corporativa\/\" class=\"btn secondary\">Ver RSC \u203a<\/a>\r\n\t\t\t\t<\/div>\r\n\t\t\t<\/div>\r\n\t\t<\/div>\r\n\t<\/div>\r\n\r\n\t<!-- \u2013\u2013\u2013\u2013\u2013\u2013\u2013\u2013\u2013 -->\r\n\t<!-- Section 4 -->\r\n\r\n\t<div class=\"main_section_4\">\r\n\t   <div class=\"wrap_section_4 tabs\">\r\n\t      \r\n              <div class=\"main_intro\">\r\n\t\t <h2>Escalabilidad<\/h2>\r\n\t\t <p>Los n\u00fameros hablan por s\u00ed solos. Nuestro crecimiento en los \u00faltimos a\u00f1os demuestra la confianza que generamos en el sector asegurador.<\/p>\r\n\t      <\/div>  \r\n\r\n              <!-- Tab -->\r\n\t      <ul id=\"statOption\">\r\n\t\t <li value=\"1\">P\u00f3lizas emit\u00eddas<\/li>\r\n\t\t <!--<li value=\"2\">Clientes<\/li> -->\r\n\t\t <li value=\"3\">Volumen de negocio<\/li>\r\n\t      <\/ul>\r\n\r\n              <div class=\"wrap-tabs\">\r\n                 <section>\r\n                    <div class=\"main_content\">\r\n                        <div class=\"main_info\">\r\n                            <span class=\"number\">+<b>708K<\/b><\/span>\r\n                            <span class=\"text\">Miles de polizas al a\u00f1o<\/span>\r\n                        <\/div>\r\n                    <\/div>\r\n                <\/section>\r\n                <!--<section>\r\n                    <div class=\"main_content\">\r\n                        <div class=\"main_info\">\r\n                            <span class=\"number\">+<b>[FormatThousandNumber code='num-clients']<\/b><\/span>\r\n                            <span class=\"text\">Clientes ganados<\/span>\r\n                        <\/div>\r\n                    <\/div>\r\n                <\/section>-->\r\n                <section>\r\n                    <div class=\"main_content\">\r\n                        <div class=\"main_info\">\r\n                            <span class=\"number\">+<b>1.404M\u20ac<\/b><\/span>\r\n                            <span class=\"text\">Millones de \u20ac acumulados<\/span>\r\n                        <\/div>\r\n                    <\/div>\r\n                <\/section>\r\n                \r\n                <!-- Three Stats -->\r\n                <pre id=\"home-data\" class=\"d3-stat-data\">time,values1,values2,values3\n2015,153.6,0,46.080\n2016,321.6,0,96.480\n2017,585.6,0,175.680\n2018,957.6,0,287.280\n2019,1413.6,0,424.080\n2020,1956.6,0,586.080\n2021,2553.6,0,766.080\n2022,3153.6,0,946.080\n2023,3803.6,0,1166\n2024,4511.6,0, 1404\n<\/pre>\r\n                <div id=\"co-stats\"><\/div>\r\n\r\n\t       <\/div> \t\t\t\t\t\r\n            <\/div> \r\n\t<\/div>   \r\n\r\n\t<!-- Fondos Europeos -->\r\n        <div class=\"main_section_5\">\r\n\r\n\t\t<!-- Nota: Si se quiere columna de 3, quitar clase \"grid-2\" de la propiedad UL -->\r\n\t\t<ul class=\"wrap_section grid-2\">\r\n\t\t\t<li>\r\n\t\t\t\t<a href=\"https:\/\/codeoscopic.com\/es\/fondos-next-generation\/\">\r\n\t\t\t\t\t<div class=\"picture\" style=\" background: url('\/wp-content\/uploads\/2024\/04\/bg-kit.png'); background-size: cover;\"><\/div>\r\n\t\t\t\t\t<div class=\"content_list_card\">\r\n\t\t\t\t\t\t<div class=\"logo\"><img decoding=\"async\" src=\"\/wp-content\/uploads\/2024\/04\/logo-kit-digital.png\" alt=\"\"><\/div>\r\n\t\t\t\t\t\t<p><b>Apuntate al programa Kit Digital<\/b> y potencia tu negocio con las soluciones de Codeoscopic.<\/p>\r\n\t\t\t\t\t\t<span>Ver proyecto \u203a<\/span>\r\n\t\t\t\t\t<\/div>\r\n\t\t\t\t<\/a>\r\n\t\t\t<\/li>\r\n\t\t\t<li>\r\n\t\t\t\t<a href=\"https:\/\/codeoscopic.com\/es\/inteligencia-artificial\/\">\r\n\t\t\t\t\t<div class=\"picture\" style=\" background: url('\/wp-content\/uploads\/2024\/04\/bg-tr.png'); background-size: cover;\"><\/div>\r\n\t\t\t\t\t<div class=\"content_list_card\">\r\n\t\t\t\t\t\t<div class=\"logo\"><img decoding=\"async\" src=\"\/wp-content\/uploads\/2024\/04\/logo-tr.png\" alt=\"\"><\/div>\r\n\t\t\t\t\t\t<p><b>Codeoscopic desarrolla la IA<\/b> gracias a las ayudas para proyectos de investigaci\u00f3n y desarrollo en Inteligencia Artificial (IA) y otras tecnolog\u00edas digitales.<\/p>\r\n\t\t\t\t\t\t<span>Ver proyecto \u203a<\/span>\r\n\t\t\t\t\t<\/div>\r\n\t\t\t\t<\/a>\r\n\t\t\t<\/li>\r\n\t\t<\/ul>\r\n        \r\n\t        <!-- Banner -->\r\n                <div class=\"main_banner\">\r\n\t\t      <p><b>\u00bfHablamos?<\/b> Seas una aseguradora o un corredor, queremos mostrarte c\u00f3mo podemos hacer crecer tu negocio. <\/p>\r\n\t\t      <a href=\"https:\/\/codeoscopic.com\/es\/contactanos\/\" class=\"btn primary\">Cont\u00e1ctanos<\/a>\r\n\t        <\/div>\r\n<\/div>","protected":false},"excerpt":{"rendered":"Transformamos la distribuci\u00f3n de seguros. En Codeoscopic creamos las autopistas de datos que conectan aseguradoras y corredores para contratar los seguros de sus clientes.","protected":false},"author":7,"featured_media":11271,"parent":0,"menu_order":0,"comment_status":"closed","ping_status":"closed","template":"custom.php","meta":{"_monsterinsights_skip_tracking":false,"_monsterinsights_sitenote_active":false,"_monsterinsights_sitenote_note":"","_monsterinsights_sitenote_category":0,"footnotes":""},"class_list":["post-9320","page","type-page","status-publish","has-post-thumbnail","hentry"],"aioseo_notices":[],"_links":{"self":[{"href":"https:\/\/codeoscopic.com\/es\/wp-json\/wp\/v2\/pages\/9320","targetHints":{"allow":["GET"]}}],"collection":[{"href":"https:\/\/codeoscopic.com\/es\/wp-json\/wp\/v2\/pages"}],"about":[{"href":"https:\/\/codeoscopic.com\/es\/wp-json\/wp\/v2\/types\/page"}],"author":[{"embeddable":true,"href":"https:\/\/codeoscopic.com\/es\/wp-json\/wp\/v2\/users\/7"}],"replies":[{"embeddable":true,"href":"https:\/\/codeoscopic.com\/es\/wp-json\/wp\/v2\/comments?post=9320"}],"version-history":[{"count":0,"href":"https:\/\/codeoscopic.com\/es\/wp-json\/wp\/v2\/pages\/9320\/revisions"}],"wp:featuredmedia":[{"embeddable":true,"href":"https:\/\/codeoscopic.com\/es\/wp-json\/wp\/v2\/media\/11271"}],"wp:attachment":[{"href":"https:\/\/codeoscopic.com\/es\/wp-json\/wp\/v2\/media?parent=9320"}],"curies":[{"name":"wp","href":"https:\/\/api.w.org\/{rel}","templated":true}]}}