{"id":89256,"date":"2025-09-17T14:54:56","date_gmt":"2025-09-17T12:54:56","guid":{"rendered":"https:\/\/codeoscopic.com\/?page_id=89256"},"modified":"2025-12-16T14:44:59","modified_gmt":"2025-12-16T13:44:59","slug":"politica-de-privacidad-google","status":"publish","type":"page","link":"https:\/\/codeoscopic.com\/es\/workspace\/politica-de-privacidad-google\/","title":{"rendered":"Pol\u00edtica de privacidad servicios Google"},"content":{"rendered":"<div class=\"main_cdscpc_wrkspce\">\r\n            <div class=\"wrap_cdscpc_wrkspce\">\r\n\r\n                <!-- Claim -->\r\n                <div class=\"main_claim\">\r\n                    <div class=\"logo\">\r\n                        <img decoding=\"async\" class=\"ball\" src=\"\/wp-content\/uploads\/2022\/03\/ball-blur.svg\" alt=\"\">\r\n                        <img decoding=\"async\" class=\"logo_workspace\" src=\"\/wp-content\/uploads\/2022\/03\/workspace-logo.svg\" alt=\"\"><\/div>\r\n                    <h1>Pol\u00edtica de privacidad servicios subcontratados con Google<\/h1>\r\n                <\/div>\r\n\r\n\r\n<div class=\"main_cdscpc_default_page\" style=\"background: none; padding:10px 10px 50px;\">\r\n\r\n        <!-- Content -->\r\n        <div class=\"wrap_cdscpc_default_page\">\r\n\r\n                <p>Our platform offers various authentication procedures to ensure secure access and the proper identification of users. These methods include, among others, authentication using proprietary credentials and the possibility of accessing the platform using a Google (or Google Workspace) account through the OAuth 2.0 system:<\/p>\r\n\r\n            <h2>Who is responsible for processing your data?<\/h2>\r\n                <p>CODEOSCOPIC S.A., with Tax ID A85677342 and registered office at Ronda de Poniente, no. 2, Building 12, 2nd floor, 28760 Tres Cantos, can be contacted by calling +34 910 758 498 or via email at dpd@codeoscopic.com.<\/p>\r\n\r\n            <h2>Who is the Data Protection Officer?<\/h2>\r\n                <p>CODEOSCOPIC S.A. appoints EXPLOTACI\u00d3N DE SOFTWARE INTEGRAL S.L. as its Data Protection Officer. If you have any questions or inquiries regarding the processing of your personal data, you may contact our Officer via email at dpd@codeoscopic.com, stating the reason for the inquiry or request.<\/p>\r\n\r\n            <h2>What is the purpose of processing your data?<\/h2>\r\n                <p>The data obtained through any of the authentication methods are used exclusively to:<br\/>\r\n                    &#8211; Verify the user\u2019s identity and allow secure access to the platform.<br\/>\r\n                    &#8211; Enable access to the Auth\/Gmail.send function to configure the sending of emails on your behalf.\r\n                  <\/p>\r\n                <p>Under no circumstances will we use this data to develop, improve, or train generalized AI and\/or ML models, for advertising purposes, for transfer to unauthorized third parties, or for any use other than those indicated, unless the explicit consent of the user is obtained.<\/p>\r\n\r\n            <h2>\u00bfDurante cu\u00e1nto tiempo vamos a conservar sus datos?<\/h2>\r\n                <p>Los datos obtenidos en el proceso de autenticaci\u00f3n mediante credenciales internas o mediante autenticaci\u00f3n mediante cuantas Google ser\u00e1n conservados mientras sea necesario para mantener activa la cuenta del usuario y cumplir con las finalidades descritas en la presente pol\u00edtica. Una vez que la cuenta se elimine o deje de ser necesaria, se proceder\u00e1 a la supresi\u00f3n o anonimizaci\u00f3n de los datos conforme a lo establecido en la normativa aplicable.<\/p>\r\n               \r\n            <h2>\u00bfCu\u00e1l es la base jur\u00eddica para el tratar sus datos?<\/h2>\r\n                <p>La base legal para el tratamiento de los datos es la relaci\u00f3n contractual. Los datos son tratados para la correcta prestaci\u00f3n de los servicios contratados por la empresa cliente, siendo necesario su tratamiento para el uso de la plataforma por parte de sus personas trabajadoras.<\/p>\r\n\r\n            <h2>\u00bfA qui\u00e9nes van a ser cedidos sus datos?<\/h2>\r\n                <p>En el caso de la autenticaci\u00f3n con Google, la verificaci\u00f3n se realiza directamente con los servidores de Google, sin que tengamos acceso a la contrase\u00f1a ni a otra informaci\u00f3n que no haya sido previamente autorizada por el usuario. Los datos obtenidos se limitan a los estrictamente necesarios para permitir el acceso y se utilizan exclusivamente para esta finalidad. No se ceder\u00e1n a terceros ajenos a la prestaci\u00f3n del servicio, salvo obligaci\u00f3n legal o cuando sea imprescindible para la correcta ejecuci\u00f3n del mismo y siempre bajo las garant\u00edas previstas en la normativa de protecci\u00f3n de datos. Puedes consultar informaci\u00f3n detallada sobre c\u00f3mo Google trata y protege los datos personales en su pol\u00edtica de privacidad, disponible en el siguiente enlace: <a href=\"https:\/\/policies.google.com\/privacy\" title=\"https:\/\/policies.google.com\/privacy\" rel=\"noopener\" target=\"_blank\" style=\"color: rgb(165, 167, 181);\" onmouseover=\"this.style.color='#b89315'\" onmouseout=\"this.style.color='#a5a7b5'\">https:\/\/policies.google.com\/privacy<\/a><\/p>\r\n\r\n            <h2>\u00bfQu\u00e9 Derechos tiene sobre sus datos personales?<\/h2>\r\n                <p>Tiene derecho a acceder a sus datos personales, a solicitar la rectificaci\u00f3n de los que sean inexactos, as\u00ed como a su supresi\u00f3n cuando, entre otros motivos, ya no sean necesarios para los fines que fueron recogidos. En determinadas circunstancias, tambi\u00e9n podr\u00e1 solicitar la limitaci\u00f3n de su tratamiento, en cuyo caso \u00fanicamente se conservar\u00e1n para el ejercicio o la defensa de reclamaciones, as\u00ed como pedir la portabilidad de sus datos. Por motivos relacionados con su situaci\u00f3n particular, podr\u00e1 oponerse al tratamiento de los mismos y CODEOSCOPIC S.A. dejar\u00e1 de tratarlos, salvo por motivos leg\u00edtimos imperiosos, o el ejercicio o la defensa de posibles reclamaciones. La persona solicitante podr\u00e1 revocar los consentimientos prestados en cualquier momento. La persona solicitante podr\u00e1 ejercer sus derechos a trav\u00e9s del correo electr\u00f3nico dpd@codeoscopic.com o en las oficinas situadas en Ronda de Poniente, n\u00ba 2, Edif. 12, 2\u00aa planta, 28760 de Tres Cantos, identific\u00e1ndose de forma fehaciente e indicando el derecho que ejercita. Ud. tambi\u00e9n podr\u00e1 presentar una reclamaci\u00f3n ante la Agencia Espa\u00f1ola de Protecci\u00f3n de Datos.<\/p>\r\n        <\/div>\r\n<\/div>\r\n\r\n            <\/div>\r\n\t\t<\/div>","protected":false},"excerpt":{"rendered":"Pol\u00edtica de privacidad de las aplicaciones de Codeoscopic Workspace, para los servicios subcontratados de Google.","protected":false},"author":13,"featured_media":89284,"parent":16420,"menu_order":0,"comment_status":"closed","ping_status":"closed","template":"custom-inverted.php","meta":{"_monsterinsights_skip_tracking":false,"_monsterinsights_sitenote_active":false,"_monsterinsights_sitenote_note":"","_monsterinsights_sitenote_category":0,"footnotes":""},"class_list":["post-89256","page","type-page","status-publish","has-post-thumbnail","hentry"],"aioseo_notices":[],"_links":{"self":[{"href":"https:\/\/codeoscopic.com\/es\/wp-json\/wp\/v2\/pages\/89256","targetHints":{"allow":["GET"]}}],"collection":[{"href":"https:\/\/codeoscopic.com\/es\/wp-json\/wp\/v2\/pages"}],"about":[{"href":"https:\/\/codeoscopic.com\/es\/wp-json\/wp\/v2\/types\/page"}],"author":[{"embeddable":true,"href":"https:\/\/codeoscopic.com\/es\/wp-json\/wp\/v2\/users\/13"}],"replies":[{"embeddable":true,"href":"https:\/\/codeoscopic.com\/es\/wp-json\/wp\/v2\/comments?post=89256"}],"version-history":[{"count":0,"href":"https:\/\/codeoscopic.com\/es\/wp-json\/wp\/v2\/pages\/89256\/revisions"}],"up":[{"embeddable":true,"href":"https:\/\/codeoscopic.com\/es\/wp-json\/wp\/v2\/pages\/16420"}],"wp:featuredmedia":[{"embeddable":true,"href":"https:\/\/codeoscopic.com\/es\/wp-json\/wp\/v2\/media\/89284"}],"wp:attachment":[{"href":"https:\/\/codeoscopic.com\/es\/wp-json\/wp\/v2\/media?parent=89256"}],"curies":[{"name":"wp","href":"https:\/\/api.w.org\/{rel}","templated":true}]}}