{"id":86344,"date":"2025-04-29T12:04:42","date_gmt":"2025-04-29T10:04:42","guid":{"rendered":"https:\/\/codeoscopic.com\/?page_id=86344"},"modified":"2025-04-30T13:54:39","modified_gmt":"2025-04-30T11:54:39","slug":"coverize-corredores","status":"publish","type":"page","link":"https:\/\/codeoscopic.com\/es\/workspace\/coverize-corredores\/","title":{"rendered":"Coverize Corredores"},"content":{"rendered":"<div class=\"main_cdscpc_coverize_corredores\">\r\n\r\n    <div class=\"main_intro\">\r\n\r\n        <div class=\"main_logos pc\">\r\n            <img decoding=\"async\" class=\"logo_wrkspc\" src=\"\/wp-content\/uploads\/kit-prensa\/workspace\/svg\/logo-wrkspc-white.svg\" alt=\"\">\r\n            <span class=\"separator\"><\/span>\r\n            <img decoding=\"async\" class=\"coverize\" src=\"\/wp-content\/uploads\/kit-prensa\/coverize\/svg\/logo-coverize-white.svg\" alt=\"\">\r\n        <\/div>\r\n\r\n        <div class=\"main_logos mov\">\r\n            <img decoding=\"async\" class=\"logo_wrkspc\" src=\"\/wp-content\/uploads\/kit-prensa\/wrkspc.svg\" alt=\"\">\r\n            <span class=\"separator\"><\/span>\r\n            <img decoding=\"async\" src=\"\/wp-content\/uploads\/kit-prensa\/cvrz.svg\" alt=\"\">\r\n        <\/div>\r\n\r\n        <div class=\"main_tabs\"><div class=\"wrap_tabs\"><a href=\"https:\/\/codeoscopic.com\/es\/workspace\/coverize\/\" >Coverize<\/a><a href=\"https:\/\/codeoscopic.com\/es\/workspace\/coverize-corredores\/\" class=\"select\">Para Corredores<\/a><a href=\"https:\/\/codeoscopic.com\/es\/workspace\/coverize-aseguradoras\/\" >Para Aseguradoras<\/a><\/div><\/div>\r\n    <\/div>\r\n\r\n    <div class=\"main_content_sections\">\r\n\r\n        <div class=\"main_claim\">\r\n            <div class=\"wrap_claim\">\r\n                <span class=\"intro\">Analiza. Compara. Decide.<\/span>\r\n                <h1>Coverize transforma proyectos complejos en decisiones claras. Sin importar el tipo de p\u00f3liza, con objetividad y precisi\u00f3n.<\/h1>\r\n            <\/div>\r\n        <\/div>\r\n\r\n        <div class=\"main_steps_section\">\r\n            <h2>Coverize impulsa el dise\u00f1o de productos y potencia tu red comercial de forma inmediata. As\u00ed es como lo hace:<\/h2>\r\n\r\n            <ul class=\"main_steps\">\r\n                <!-- 1 -->\r\n                <li class=\"item_step\">\r\n                    <span class=\"number\"><b><\/b>1<\/span>\r\n                    <div class=\"text_step\">\r\n                        <span class=\"title\">Trabajo comercial m\u00e1s \u00e1gil<\/span>\r\n                        <span class=\"description\">Tus equipos de ventas comparan productos con los de la competencia en minutos. Ideal para preparar ofertas, cerrar ventas o formar nuevos agentes con ejemplos reales y diferencias claras.<\/span>\r\n                    <\/div>\r\n                <\/li>\r\n\r\n                <!-- 2 -->\r\n                <li class=\"item_step\">\r\n                    <span class=\"number\">2<\/span>\r\n                    <div class=\"text_step\">\r\n                        <span class=\"title\">M\u00e1s competitividad en producto<\/span>\r\n                        <span class=\"description\">Act\u00faa como un espejo del mercado: muestra en qu\u00e9 destacas y d\u00f3nde puedes mejorar. Detecta ventajas que a\u00fan no est\u00e1s aprovechando y brechas que puedes cerrar antes que nadie.<\/span>\r\n                    <\/div>\r\n                <\/li>\r\n\r\n                <!-- 3 -->\r\n                <li class=\"item_step\">\r\n                    <span class=\"number\">3<\/span>\r\n                    <div class=\"text_step\">\r\n                        <span class=\"title\">Procesos t\u00e9cnicos acelerados<\/span>\r\n                        <span class=\"description\">Suscripci\u00f3n, producto o actuariado ganan velocidad. Coverize analiza condiciones generales al instante, eliminando horas de revisi\u00f3n manual y reduciendo el riesgo de omisiones.<\/span>\r\n                    <\/div>\r\n                <\/li>\r\n\r\n                <!-- 4 -->\r\n                <li class=\"item_step\">\r\n                    <span class=\"number\">4<\/span>\r\n                    <div class=\"text_step\">\r\n                        <span class=\"title\">Mejor experiencia para agentes<\/span>\r\n                        <span class=\"description\">Ofrece Coverize como herramienta a tu red exclusiva y mejora la relaci\u00f3n. La versi\u00f3n personalizada con tu marca refuerza fidelidad y profesionalismo.<\/span>\r\n                    <\/div>\r\n                <\/li>\r\n\r\n                <!-- 5 -->\r\n                <li class=\"item_step\">\r\n                    <span class=\"number\">5<\/span>\r\n                    <div class=\"text_step\">\r\n                        <span class=\"title\">Menos errores, m\u00e1s claridad<\/span>\r\n                        <span class=\"description\">Minimiza malentendidos en coberturas y estandariza el lenguaje t\u00e9cnico. Beneficia tanto al equipo interno como a clientes y colaboradores.<\/span>\r\n                    <\/div>\r\n                <\/li>\r\n\r\n                <img decoding=\"async\" class=\"arrow\" src=\"\/wp-content\/uploads\/2025\/04\/arrow-steps.svg\" alt=\"\">\r\n            <\/ul>\r\n\r\n            <div class=\"main_buttons\">\r\n                <p>\u00bfQuieres descubrir la verdadera potencia de Coverize?<\/p>\r\n                <div class=\"buttons\">\r\n                    <a href=\"https:\/\/codeoscopic.com\/es\/contactanos\/\" class=\"btn primary coverize\">Cont\u00e1ctanos!<\/a>\r\n                <\/div>\r\n\r\n                <div class=\"privacy\">\r\n                    <a href=\"https:\/\/codeoscopic.com\/es\/workspace\/avant2\/politica-de-privacidad-avant2\/\">Pol\u00edtica de Privacidad<\/a>\r\n                    <span>\u00b7<\/span>\r\n                    <a href=\"https:\/\/codeoscopic.com\/es\/workspace\/avant2\/terminos-y-condiciones-generales-avant2\/\">T\u00e9rminos y Condiciones<\/a>\r\n                <\/div>\r\n            <\/div>\r\n        <\/div>\r\n    <\/div>\r\n\r\n\n    <div class=\"main_direct_footer_access\" style=\"background: url(\/wp-content\/uploads\/2025\/04\/bg.png) top center no-repeat #0e162a;\">\n        <div class=\"wrap_direct_footer_access\">\n            <p>Continua explorando soluciones que dan respuesta a las necesidades del sector asegurador<\/p>\n            <ul class=\"main_grid_cards\">\n                <li class=\"\">\n                    <a href=\"\/es?page_id=74692\" class=\"main_content avant2\">\n                        <div class=\"logo\"><img decoding=\"async\" src=\"\/wp-content\/uploads\/2024\/04\/avant2.svg\" alt=\"\"><\/div>\n                        <span class=\"text\">CRM + Multitarificador: la aplicaci\u00f3n lider para la venta de seguros<\/span>\n                        <img decoding=\"async\" class=\"screen\" src=\"\/wp-content\/uploads\/2024\/07\/screen-avant2.png\" alt=\"\">\n                    <\/a>\n                <\/li>\n                <li class=\"\">\n                    <a href=\"\/es?page_id=16602\" class=\"main_content versus\">\n                        <div class=\"logo\"><img decoding=\"async\" src=\"\/wp-content\/uploads\/2024\/04\/versus.svg\" alt=\"\"><\/div>\n                        <span class=\"text\">An\u00e1lisis segmentados del mercado, monitorizaci\u00f3n y comparaci\u00f3n de datos<\/span>\n                        <img decoding=\"async\" class=\"screen\" src=\"\/wp-content\/uploads\/2024\/07\/screen-versus.png\" alt=\"\">\n                    <\/a>\n                <\/li>\n                <li class=\"hidden\">\n                    <a href=\"\/es?page_id=75002\" class=\"main_content bcover\">\n                        <div class=\"logo\"><img decoding=\"async\" src=\"\/wp-content\/uploads\/2024\/04\/bcover.svg\" alt=\"\"><\/div>\n                        <span class=\"text\">Simplifica y automatiza el an\u00e1lisis y gesti\u00f3n de riesgos de tus clientes empresa<\/span>\n                        <img decoding=\"async\" class=\"screen\" src=\"\/wp-content\/uploads\/2024\/07\/screen-bcover.png\" alt=\"\">\n                    <\/a>\n                <\/li>\n                <li class=\"\">\n                    <a href=\"\/es?page_id=74944\" class=\"main_content tesis\">\n                        <div class=\"logo\"><img decoding=\"async\" src=\"\/wp-content\/uploads\/2024\/04\/tesis.svg\" alt=\"\"><\/div>\n                        <span class=\"text\">El ERP creado por corredores de seguros, desarrollado para los corredores de seguros<\/span>\n                        <img decoding=\"async\" class=\"screen\" src=\"\/wp-content\/uploads\/2024\/07\/screen-tesis.png\" alt=\"\">\n                    <\/a>\n                <\/li>\n                <li class=\"\">\n                    <a href=\"\/es?page_id=27385\" class=\"main_content integra\">\n                        <div class=\"logo\"><img decoding=\"async\" src=\"\/wp-content\/uploads\/2024\/04\/integra.svg\" alt=\"\"><\/div>\n                        <span class=\"text\">Te damos la bienvenida a la Conectividad con los productos Workspace<\/span>\n                        <img decoding=\"async\" class=\"screen\" src=\"\/wp-content\/uploads\/2024\/07\/screen-integra.png\" alt=\"\">\n                    <\/a>\n                <\/li>\n            <\/ul>\n        <\/div>\n    <\/div>\r\n\t\t","protected":false},"excerpt":{"rendered":"Analiza. Compara. Decide. Coverize transforma proyectos complejos en decisiones claras. Sin importar el tipo de p\u00f3liza, con objetividad y precisi\u00f3n. Coverize impulsa el dise\u00f1o de productos y potencia tu red comercial de forma inmediata. As\u00ed es como lo hace: 1 Trabajo comercial m\u00e1s \u00e1gil Tus equipos de ventas comparan productos con los de la competencia [&hellip;]","protected":false},"author":1,"featured_media":0,"parent":16420,"menu_order":0,"comment_status":"closed","ping_status":"closed","template":"custom-inverted.php","meta":{"_monsterinsights_skip_tracking":false,"_monsterinsights_sitenote_active":false,"_monsterinsights_sitenote_note":"","_monsterinsights_sitenote_category":0,"footnotes":""},"class_list":["post-86344","page","type-page","status-publish","hentry"],"aioseo_notices":[],"_links":{"self":[{"href":"https:\/\/codeoscopic.com\/es\/wp-json\/wp\/v2\/pages\/86344","targetHints":{"allow":["GET"]}}],"collection":[{"href":"https:\/\/codeoscopic.com\/es\/wp-json\/wp\/v2\/pages"}],"about":[{"href":"https:\/\/codeoscopic.com\/es\/wp-json\/wp\/v2\/types\/page"}],"author":[{"embeddable":true,"href":"https:\/\/codeoscopic.com\/es\/wp-json\/wp\/v2\/users\/1"}],"replies":[{"embeddable":true,"href":"https:\/\/codeoscopic.com\/es\/wp-json\/wp\/v2\/comments?post=86344"}],"version-history":[{"count":0,"href":"https:\/\/codeoscopic.com\/es\/wp-json\/wp\/v2\/pages\/86344\/revisions"}],"up":[{"embeddable":true,"href":"https:\/\/codeoscopic.com\/es\/wp-json\/wp\/v2\/pages\/16420"}],"wp:attachment":[{"href":"https:\/\/codeoscopic.com\/es\/wp-json\/wp\/v2\/media?parent=86344"}],"curies":[{"name":"wp","href":"https:\/\/api.w.org\/{rel}","templated":true}]}}