{"id":86342,"date":"2025-04-29T12:02:58","date_gmt":"2025-04-29T10:02:58","guid":{"rendered":"https:\/\/codeoscopic.com\/?page_id=86342"},"modified":"2025-09-08T12:12:14","modified_gmt":"2025-09-08T10:12:14","slug":"coverize-aseguradoras","status":"publish","type":"page","link":"https:\/\/codeoscopic.com\/es\/workspace\/coverize-aseguradoras\/","title":{"rendered":"Coverize Aseguradoras"},"content":{"rendered":"<div class=\"main_cdscpc_coverize_aseguradoras\">\r\n\r\n    <div class=\"main_intro\">\r\n\r\n        <div class=\"main_logos pc\">\r\n            <img decoding=\"async\" class=\"logo_wrkspc\" src=\"\/wp-content\/uploads\/kit-prensa\/workspace\/svg\/logo-wrkspc-white.svg\" alt=\"\">\r\n            <span class=\"separator\"><\/span>\r\n            <img decoding=\"async\" class=\"coverize\" src=\"\/wp-content\/uploads\/kit-prensa\/coverize\/svg\/logo-coverize-white.svg\" alt=\"\">\r\n        <\/div>\r\n\r\n        <div class=\"main_logos mov\">\r\n            <img decoding=\"async\" class=\"logo_wrkspc\" src=\"\/wp-content\/uploads\/kit-prensa\/wrkspc.svg\" alt=\"\">\r\n            <span class=\"separator\"><\/span>\r\n            <img decoding=\"async\" src=\"\/wp-content\/uploads\/kit-prensa\/cvrz.svg\" alt=\"\">\r\n        <\/div>\r\n\r\n        <div class=\"main_tabs\"><div class=\"wrap_tabs\"><a href=\"https:\/\/codeoscopic.com\/es\/workspace\/coverize\/\" >Coverize<\/a><a href=\"https:\/\/codeoscopic.com\/es\/workspace\/coverize-corredores\/\" >Para Corredores<\/a><a href=\"https:\/\/codeoscopic.com\/es\/workspace\/coverize-aseguradoras\/\" class=\"select\">Para Aseguradoras<\/a><\/div><\/div>\r\n    <\/div>\r\n\r\n    <div class=\"main_content_sections\">\r\n\r\n        <div class=\"main_claim\">\r\n            <div class=\"wrap_claim\">\r\n                <span class=\"intro\">Analiza. Compara. Decide.<\/span>\r\n                <h1>Potencia tu red comercial y redise\u00f1a tus productos con la ayuda de la inteligencia artificial.<\/h1>\r\n            <\/div>\r\n        <\/div>\r\n\r\n        <div class=\"main_steps_section\">\r\n            <h2>Benchmarking, automatizaci\u00f3n y control total sobre tus condicionados para ganar competitividad.<\/h2>\r\n\r\n            <ul class=\"main_steps\">\r\n                <!-- 1 -->\r\n                <li class=\"item_step\">\r\n                    <span class=\"number\"><b><\/b>1<\/span>\r\n                    <div class=\"text_step\">\r\n                        <span class=\"title\">Benchmarking autom\u00e1tico frente a la competencia<\/span>\r\n                        <span class=\"description\">Compara tus garant\u00edas con las de otras aseguradoras en segundos. E identifica coberturas infra o sobre ofertadas.<\/span>\r\n                    <\/div>\r\n                <\/li>\r\n\r\n                <!-- 2 -->\r\n                <li class=\"item_step\">\r\n                    <span class=\"number\">2<\/span>\r\n                    <div class=\"text_step\">\r\n                        <span class=\"title\">Mejora continua de tus condicionados<\/span>\r\n                        <span class=\"description\">Detecta debilidades y fortalezas con IA, y obt\u00e9n sugerencias concretas para mejorar. Eval\u00faa propuestas de nuevos productos antes de lanzarlos al mercado.<\/span>\r\n                    <\/div>\r\n                <\/li>\r\n\r\n                <!-- 3 -->\r\n                <li class=\"item_step\">\r\n                    <span class=\"number\">3<\/span>\r\n                    <div class=\"text_step\">\r\n                        <span class=\"title\">Apoyo a tu red de agentes<\/span>\r\n                        <span class=\"description\">Mejora la argumentaci\u00f3n comercial con comparativas visuales y textos autom\u00e1ticos, para destacar tus ventajas en la venta.<\/span>\r\n                    <\/div>\r\n                <\/li>\r\n\r\n                <!-- 4 -->\r\n                <li class=\"item_step\">\r\n                    <span class=\"number\">4<\/span>\r\n                    <div class=\"text_step\">\r\n                        <span class=\"title\">Auditor\u00eda de productos y garant\u00edas<\/span>\r\n                        <span class=\"description\">Eval\u00faa si tus p\u00f3lizas est\u00e1n alineadas con el mercado. Accede a comparativas en tiempo real para apoyar cierres de venta.<\/span>\r\n                    <\/div>\r\n                <\/li>\r\n\r\n                <!-- 5 -->\r\n                <li class=\"item_step\">\r\n                    <span class=\"number\">5<\/span>\r\n                    <div class=\"text_step\">\r\n                        <span class=\"title\">Control total sobre tus condicionados<\/span>\r\n                        <span class=\"description\">Organiza y consulta todos tus documentos desde una \u00fanica plataforma.<\/span>\r\n                    <\/div>\r\n                <\/li>\r\n\r\n                <img decoding=\"async\" class=\"arrow\" src=\"\/wp-content\/uploads\/2025\/04\/arrow-steps.svg\" alt=\"\">\r\n            <\/ul>\r\n\r\n            <div class=\"main_buttons\">\r\n                <p>\u00bfQuieres saber c\u00f3mo Coverize puede ayudarte a destacar tu aseguradora?<\/p>\r\n                <div class=\"buttons\">\r\n                    <a href=\"https:\/\/codeoscopic.com\/es\/contactanos\/\" class=\"btn primary coverize\">Solicita una demo personalizada<\/a>\r\n                <\/div>\r\n\r\n                <div class=\"privacy\">\r\n                    <a href=\"https:\/\/codeoscopic.com\/es\/workspace\/avant2\/politica-de-privacidad-avant2\/\">Pol\u00edtica de Privacidad<\/a>\r\n                    <span>\u00b7<\/span>\r\n                    <a href=\"https:\/\/codeoscopic.com\/es\/workspace\/avant2\/terminos-y-condiciones-generales-avant2\/\">T\u00e9rminos y Condiciones<\/a>\r\n                <\/div>\r\n            <\/div>\r\n        <\/div>\r\n    <\/div>\r\n\r\n\n    <div class=\"main_direct_footer_access\" style=\"background: url(\/wp-content\/uploads\/2025\/04\/bg.png) top center no-repeat #0e162a;\">\n        <div class=\"wrap_direct_footer_access\">\n            <p>Continua explorando soluciones que dan respuesta a las necesidades del sector asegurador<\/p>\n            <ul class=\"main_grid_cards\">\n                <li class=\"\">\n                    <a href=\"\/es?page_id=74692\" class=\"main_content avant2\">\n                        <div class=\"logo\"><img decoding=\"async\" src=\"\/wp-content\/uploads\/2024\/04\/avant2.svg\" alt=\"\"><\/div>\n                        <span class=\"text\">CRM + Multitarificador: la aplicaci\u00f3n lider para la venta de seguros<\/span>\n                        <img decoding=\"async\" class=\"screen\" src=\"\/wp-content\/uploads\/2024\/07\/screen-avant2.png\" alt=\"\">\n                    <\/a>\n                <\/li>\n                <li class=\"\">\n                    <a href=\"\/es?page_id=16602\" class=\"main_content versus\">\n                        <div class=\"logo\"><img decoding=\"async\" src=\"\/wp-content\/uploads\/2024\/04\/versus.svg\" alt=\"\"><\/div>\n                        <span class=\"text\">An\u00e1lisis segmentados del mercado, monitorizaci\u00f3n y comparaci\u00f3n de datos<\/span>\n                        <img decoding=\"async\" class=\"screen\" src=\"\/wp-content\/uploads\/2024\/07\/screen-versus.png\" alt=\"\">\n                    <\/a>\n                <\/li>\n                <li class=\"hidden\">\n                    <a href=\"\/es?page_id=75002\" class=\"main_content bcover\">\n                        <div class=\"logo\"><img decoding=\"async\" src=\"\/wp-content\/uploads\/2024\/04\/bcover.svg\" alt=\"\"><\/div>\n                        <span class=\"text\">Simplifica y automatiza el an\u00e1lisis y gesti\u00f3n de riesgos de tus clientes empresa<\/span>\n                        <img decoding=\"async\" class=\"screen\" src=\"\/wp-content\/uploads\/2024\/07\/screen-bcover.png\" alt=\"\">\n                    <\/a>\n                <\/li>\n                <li class=\"\">\n                    <a href=\"\/es?page_id=74944\" class=\"main_content tesis\">\n                        <div class=\"logo\"><img decoding=\"async\" src=\"\/wp-content\/uploads\/2024\/04\/tesis.svg\" alt=\"\"><\/div>\n                        <span class=\"text\">El ERP creado por corredores de seguros, desarrollado para los corredores de seguros<\/span>\n                        <img decoding=\"async\" class=\"screen\" src=\"\/wp-content\/uploads\/2024\/07\/screen-tesis.png\" alt=\"\">\n                    <\/a>\n                <\/li>\n                <li class=\"\">\n                    <a href=\"\/es?page_id=27385\" class=\"main_content integra\">\n                        <div class=\"logo\"><img decoding=\"async\" src=\"\/wp-content\/uploads\/2024\/04\/integra.svg\" alt=\"\"><\/div>\n                        <span class=\"text\">Te damos la bienvenida a la Conectividad con los productos Workspace<\/span>\n                        <img decoding=\"async\" class=\"screen\" src=\"\/wp-content\/uploads\/2024\/07\/screen-integra.png\" alt=\"\">\n                    <\/a>\n                <\/li>\n            <\/ul>\n        <\/div>\n    <\/div>\r\n\t\t","protected":false},"excerpt":{"rendered":"Analiza. Compara. Decide. Potencia tu red comercial y redise\u00f1a tus productos con la ayuda de la inteligencia artificial. Benchmarking, automatizaci\u00f3n y control total sobre tus condicionados para ganar competitividad. 1 Benchmarking autom\u00e1tico frente a la competencia Compara tus garant\u00edas con las de otras aseguradoras en segundos. E identifica coberturas infra o sobre ofertadas. 2 Mejora [&hellip;]","protected":false},"author":1,"featured_media":0,"parent":16420,"menu_order":0,"comment_status":"closed","ping_status":"closed","template":"custom-inverted.php","meta":{"_monsterinsights_skip_tracking":false,"_monsterinsights_sitenote_active":false,"_monsterinsights_sitenote_note":"","_monsterinsights_sitenote_category":0,"footnotes":""},"class_list":["post-86342","page","type-page","status-publish","hentry"],"aioseo_notices":[],"_links":{"self":[{"href":"https:\/\/codeoscopic.com\/es\/wp-json\/wp\/v2\/pages\/86342","targetHints":{"allow":["GET"]}}],"collection":[{"href":"https:\/\/codeoscopic.com\/es\/wp-json\/wp\/v2\/pages"}],"about":[{"href":"https:\/\/codeoscopic.com\/es\/wp-json\/wp\/v2\/types\/page"}],"author":[{"embeddable":true,"href":"https:\/\/codeoscopic.com\/es\/wp-json\/wp\/v2\/users\/1"}],"replies":[{"embeddable":true,"href":"https:\/\/codeoscopic.com\/es\/wp-json\/wp\/v2\/comments?post=86342"}],"version-history":[{"count":0,"href":"https:\/\/codeoscopic.com\/es\/wp-json\/wp\/v2\/pages\/86342\/revisions"}],"up":[{"embeddable":true,"href":"https:\/\/codeoscopic.com\/es\/wp-json\/wp\/v2\/pages\/16420"}],"wp:attachment":[{"href":"https:\/\/codeoscopic.com\/es\/wp-json\/wp\/v2\/media?parent=86342"}],"curies":[{"name":"wp","href":"https:\/\/api.w.org\/{rel}","templated":true}]}}