{"id":86322,"date":"2025-04-29T11:05:25","date_gmt":"2025-04-29T09:05:25","guid":{"rendered":"https:\/\/codeoscopic.com\/?page_id=86322"},"modified":"2025-06-04T12:19:33","modified_gmt":"2025-06-04T10:19:33","slug":"coverize","status":"publish","type":"page","link":"https:\/\/codeoscopic.com\/es\/workspace\/coverize\/","title":{"rendered":"Coverize"},"content":{"rendered":"<div class=\"main_cdscpc_coverize_home\">\r\n\r\n    <div class=\"main_intro\">\r\n\r\n        <div class=\"main_logos pc\">\r\n            <img decoding=\"async\" class=\"logo_wrkspc\" src=\"\/wp-content\/uploads\/kit-prensa\/workspace\/svg\/logo-wrkspc-white.svg\" alt=\"\">\r\n            <span class=\"separator\"><\/span>\r\n            <img decoding=\"async\" class=\"coverize\" src=\"\/wp-content\/uploads\/kit-prensa\/coverize\/svg\/logo-coverize-white.svg\" alt=\"\">\r\n        <\/div>\r\n\r\n        <div class=\"main_logos mov\">\r\n            <img decoding=\"async\" class=\"logo_wrkspc\" src=\"\/wp-content\/uploads\/kit-prensa\/wrkspc.svg\" alt=\"\">\r\n            <span class=\"separator\"><\/span>\r\n            <img decoding=\"async\" src=\"\/wp-content\/uploads\/kit-prensa\/cvrz.svg\" alt=\"\">\r\n        <\/div>\r\n\r\n        <div class=\"main_tabs\"><div class=\"wrap_tabs\"><a href=\"https:\/\/codeoscopic.com\/es\/workspace\/coverize\/\" class=\"select\">Coverize<\/a><a href=\"https:\/\/codeoscopic.com\/es\/workspace\/coverize-corredores\/\" >Para Corredores<\/a><a href=\"https:\/\/codeoscopic.com\/es\/workspace\/coverize-aseguradoras\/\" >Para Aseguradoras<\/a><\/div><\/div>\r\n    <\/div>\r\n\r\n    <div class=\"main_tesis_video system_popup\" id=\"modal_tesis_play\">\r\n        <a class=\"close-modal btn_close\" onclick=\"stopVideo();\">\r\n            <span class=\"icon_20 close white\"><\/span>\r\n        <\/a>\r\n\r\n        <div class=\"wrap_tesis_video\">\r\n            <div class=\"main_content\">\r\n                <div class=\"video-container\">\r\n                   <div id=\"youtube_video\"><\/div>\r\n                <\/div>\r\n            <\/div>\r\n        <\/div>\r\n    <\/div>\r\n\r\n    <div class=\"main_content_sections\">\r\n\r\n        <div class=\"main_claim\">\r\n            <div class=\"wrap_claim\">\r\n                <span class=\"intro\">Revoluci\u00f3n en la comparaci\u00f3n de proyectos de seguros<\/span>\r\n                <h1>Analiza y compara proyectos de seguros de diferentes aseguradoras de manera r\u00e1pida y eficiente.<\/h1>\r\n\r\n                <a class=\"video_play\" data-modal=\"modal_tesis_play\" data-toggle=\"modal\" data-video-id=\"BqrSuaKe24Y\" onclick=\"playVideo(event);\" style=\"background: url('\/wp-content\/uploads\/2025\/04\/video-preview.png') no-repeat center;\">\r\n                    <span class=\"btn_play\">\r\n                        <img decoding=\"async\" class=\"icon_play\" src=\"\/wp-content\/themes\/codeoscopic2021\/public\/images\/icons\/play.svg\" alt=\"\">\r\n                    <\/span>\r\n                <\/a>\r\n\r\n                <div class=\"screen_cvrz\"><img decoding=\"async\" class=\"screen_cvrz\" src=\"\/wp-content\/uploads\/2025\/04\/screen-cvrz.png\" alt=\"\"><\/div>\r\n                \r\n            <\/div>\r\n        <\/div>\r\n\r\n        <div class=\"main_end_section\">\r\n            <h2>Coverize permite a corredores y gestores de riesgos tomar decisiones basadas en datos s\u00f3lidos, analizando garant\u00edas y coberturas en detalle para identificar la soluci\u00f3n m\u00e1s favorable al cliente, ahorrando tiempo y esfuerzo en un mercado competitivo.<\/h2>\r\n\r\n            <ul class=\"main_grid\">\r\n                <li>\r\n                    <div class=\"main_content\">\r\n                        <img decoding=\"async\" src=\"\/wp-content\/uploads\/2025\/04\/icon-1.svg\" alt=\"\">\r\n                        <span class=\"title\">Comparador de Garant\u00edas<\/span>\r\n                        <span class=\"text\">Compara p\u00f3lizas con vistas claras y personalizables.<\/span>\r\n                    <\/div>\r\n                <\/li>\r\n                <li>\r\n                    <div class=\"main_content\">\r\n                        <img decoding=\"async\" src=\"\/wp-content\/uploads\/2025\/04\/icon-2.svg\" alt=\"\">\r\n                        <span class=\"title\">Valoraci\u00f3n objetiva<\/span>\r\n                        <span class=\"text\">Recomendaciones basadas en datos reales.<\/span>\r\n                    <\/div>\r\n                <\/li>\r\n                <li>\r\n                    <div class=\"main_content\">\r\n                        <img decoding=\"async\" src=\"\/wp-content\/uploads\/2025\/04\/icon-3.svg\" alt=\"\">\r\n                        <span class=\"title\">Multi-Ramo<\/span>\r\n                        <span class=\"text\">Compatible con cualquier tipo de p\u00f3liza: RC, da\u00f1os, D&#038;O y m\u00e1s.<\/span>\r\n                    <\/div>\r\n                <\/li>\r\n                <li>\r\n                    <div class=\"main_content\">\r\n                        <img decoding=\"async\" src=\"\/wp-content\/uploads\/2025\/04\/icon-4.svg\" alt=\"\">\r\n                        <span class=\"title\">IA especializada<\/span>\r\n                        <span class=\"text\">Procesa lenguaje asegurador con precisi\u00f3n y coherencia.<\/span>\r\n                    <\/div>\r\n                <\/li>\r\n                <li>\r\n                    <div class=\"main_content\">\r\n                        <img decoding=\"async\" src=\"\/wp-content\/uploads\/2025\/04\/icon-5.svg\" alt=\"\">\r\n                        <span class=\"title\">An\u00e1lisis automatizado<\/span>\r\n                        <span class=\"text\">Extrae y organiza informaci\u00f3n clave en segundos.<\/span>\r\n                    <\/div>\r\n                <\/li>\r\n                <li>\r\n                    <div class=\"main_content\">\r\n                        <img decoding=\"async\" src=\"\/wp-content\/uploads\/2025\/04\/icon-6.svg\" alt=\"\">\r\n                        <span class=\"title\">Lenguaje t\u00e9cnico<\/span>\r\n                        <span class=\"text\">IA entrenada para entender t\u00e9rminos y cl\u00e1usulas complejas.<\/span>\r\n                    <\/div>\r\n                <\/li>\r\n                <li>\r\n                    <div class=\"main_content\">\r\n                        <img decoding=\"async\" src=\"\/wp-content\/uploads\/2025\/04\/icon-1.svg\" alt=\"\">\r\n                        <span class=\"title\">Exportaci\u00f3n a Word<\/span>\r\n                        <span class=\"text\">Genera informes editables y listos para compartir.<\/span>\r\n                    <\/div>\r\n                <\/li>\r\n                <li>\r\n                    <div class=\"main_content\">\r\n                        <img decoding=\"async\" src=\"\/wp-content\/uploads\/2025\/04\/icon-8.svg\" alt=\"\">\r\n                        <span class=\"title\">Historial completo<\/span>\r\n                        <span class=\"text\">Acceso completo a todos los an\u00e1lisis realizados.<\/span>\r\n                    <\/div>\r\n                <\/li>\r\n            <\/ul>\r\n\r\n            <div class=\"main_buttons\">\r\n                <p>\u00bfQuieres descubrir la verdadera potencia de Coverize?<\/p>\r\n                <div class=\"buttons\">\r\n                    <a href=\"https:\/\/codeoscopic.com\/es\/contactanos\/\" class=\"btn primary coverize\">Cont\u00e1ctanos!<\/a>\r\n                <\/div>\r\n\r\n                <div class=\"privacy\">\r\n                    <a href=\"https:\/\/codeoscopic.com\/es\/workspace\/avant2\/politica-de-privacidad-avant2\/\">Pol\u00edtica de Privacidad<\/a>\r\n                    <span>\u00b7<\/span>\r\n                    <a href=\"https:\/\/codeoscopic.com\/es\/workspace\/avant2\/terminos-y-condiciones-generales-avant2\/\">T\u00e9rminos y Condiciones<\/a>\r\n                <\/div>\r\n            <\/div>\r\n        <\/div>\r\n    <\/div>\r\n\r\n\n    <div class=\"main_direct_footer_access\" style=\"background: url(\/wp-content\/uploads\/2025\/04\/bg.png) top center no-repeat #0e162a;\">\n        <div class=\"wrap_direct_footer_access\">\n            <p>Continua explorando soluciones que dan respuesta a las necesidades del sector asegurador<\/p>\n            <ul class=\"main_grid_cards\">\n                <li class=\"\">\n                    <a href=\"\/es?page_id=74692\" class=\"main_content avant2\">\n                        <div class=\"logo\"><img decoding=\"async\" src=\"\/wp-content\/uploads\/2024\/04\/avant2.svg\" alt=\"\"><\/div>\n                        <span class=\"text\">CRM + Multitarificador: la aplicaci\u00f3n lider para la venta de seguros<\/span>\n                        <img decoding=\"async\" class=\"screen\" src=\"\/wp-content\/uploads\/2024\/07\/screen-avant2.png\" alt=\"\">\n                    <\/a>\n                <\/li>\n                <li class=\"\">\n                    <a href=\"\/es?page_id=16602\" class=\"main_content versus\">\n                        <div class=\"logo\"><img decoding=\"async\" src=\"\/wp-content\/uploads\/2024\/04\/versus.svg\" alt=\"\"><\/div>\n                        <span class=\"text\">An\u00e1lisis segmentados del mercado, monitorizaci\u00f3n y comparaci\u00f3n de datos<\/span>\n                        <img decoding=\"async\" class=\"screen\" src=\"\/wp-content\/uploads\/2024\/07\/screen-versus.png\" alt=\"\">\n                    <\/a>\n                <\/li>\n                <li class=\"hidden\">\n                    <a href=\"\/es?page_id=75002\" class=\"main_content bcover\">\n                        <div class=\"logo\"><img decoding=\"async\" src=\"\/wp-content\/uploads\/2024\/04\/bcover.svg\" alt=\"\"><\/div>\n                        <span class=\"text\">Simplifica y automatiza el an\u00e1lisis y gesti\u00f3n de riesgos de tus clientes empresa<\/span>\n                        <img decoding=\"async\" class=\"screen\" src=\"\/wp-content\/uploads\/2024\/07\/screen-bcover.png\" alt=\"\">\n                    <\/a>\n                <\/li>\n                <li class=\"\">\n                    <a href=\"\/es?page_id=74944\" class=\"main_content tesis\">\n                        <div class=\"logo\"><img decoding=\"async\" src=\"\/wp-content\/uploads\/2024\/04\/tesis.svg\" alt=\"\"><\/div>\n                        <span class=\"text\">El ERP creado por corredores de seguros, desarrollado para los corredores de seguros<\/span>\n                        <img decoding=\"async\" class=\"screen\" src=\"\/wp-content\/uploads\/2024\/07\/screen-tesis.png\" alt=\"\">\n                    <\/a>\n                <\/li>\n                <li class=\"\">\n                    <a href=\"\/es?page_id=27385\" class=\"main_content integra\">\n                        <div class=\"logo\"><img decoding=\"async\" src=\"\/wp-content\/uploads\/2024\/04\/integra.svg\" alt=\"\"><\/div>\n                        <span class=\"text\">Te damos la bienvenida a la Conectividad con los productos Workspace<\/span>\n                        <img decoding=\"async\" class=\"screen\" src=\"\/wp-content\/uploads\/2024\/07\/screen-integra.png\" alt=\"\">\n                    <\/a>\n                <\/li>\n            <\/ul>\n        <\/div>\n    <\/div>\r\n\t\t","protected":false},"excerpt":{"rendered":"Analiza y compara proyectos de seguros de diferentes aseguradoras de manera r\u00e1pida y eficiente. Coverize permite a corredores y gestores de riesgos tomar decisiones basadas en datos s\u00f3lidos, analizando garant\u00edas y coberturas en detalle para identificar la soluci\u00f3n m\u00e1s favorable al cliente, ahorrando tiempo y esfuerzo en un mercado competitivo.","protected":false},"author":1,"featured_media":86388,"parent":16420,"menu_order":0,"comment_status":"closed","ping_status":"closed","template":"custom-inverted.php","meta":{"_monsterinsights_skip_tracking":false,"_monsterinsights_sitenote_active":false,"_monsterinsights_sitenote_note":"","_monsterinsights_sitenote_category":0,"footnotes":""},"class_list":["post-86322","page","type-page","status-publish","has-post-thumbnail","hentry"],"aioseo_notices":[],"_links":{"self":[{"href":"https:\/\/codeoscopic.com\/es\/wp-json\/wp\/v2\/pages\/86322","targetHints":{"allow":["GET"]}}],"collection":[{"href":"https:\/\/codeoscopic.com\/es\/wp-json\/wp\/v2\/pages"}],"about":[{"href":"https:\/\/codeoscopic.com\/es\/wp-json\/wp\/v2\/types\/page"}],"author":[{"embeddable":true,"href":"https:\/\/codeoscopic.com\/es\/wp-json\/wp\/v2\/users\/1"}],"replies":[{"embeddable":true,"href":"https:\/\/codeoscopic.com\/es\/wp-json\/wp\/v2\/comments?post=86322"}],"version-history":[{"count":0,"href":"https:\/\/codeoscopic.com\/es\/wp-json\/wp\/v2\/pages\/86322\/revisions"}],"up":[{"embeddable":true,"href":"https:\/\/codeoscopic.com\/es\/wp-json\/wp\/v2\/pages\/16420"}],"wp:featuredmedia":[{"embeddable":true,"href":"https:\/\/codeoscopic.com\/es\/wp-json\/wp\/v2\/media\/86388"}],"wp:attachment":[{"href":"https:\/\/codeoscopic.com\/es\/wp-json\/wp\/v2\/media?parent=86322"}],"curies":[{"name":"wp","href":"https:\/\/api.w.org\/{rel}","templated":true}]}}