{"id":81414,"date":"2024-11-12T09:55:37","date_gmt":"2024-11-12T08:55:37","guid":{"rendered":"https:\/\/codeoscopic.com\/?page_id=81414"},"modified":"2025-12-18T10:18:45","modified_gmt":"2025-12-18T09:18:45","slug":"tarifa-base","status":"publish","type":"page","link":"https:\/\/codeoscopic.com\/es\/workspace\/integra\/terminos-y-condiciones-generales-integra\/tarifa-base\/","title":{"rendered":"Tarifa Base"},"content":{"rendered":"<div class=\"main_cdscpc_integra_home main_cdscpc_legal\">\r\n\r\n    <div class=\"main_intro\">\r\n    \r\n        <!-- Logos -->\r\n        <div class=\"main_logos pc\">\r\n            <img decoding=\"async\" class=\"logo_wrkspc\" src=\"\/wp-content\/uploads\/kit-prensa\/workspace\/svg\/logo-wrkspc-white.svg\" alt=\"\">\r\n            <span class=\"separator\"><\/span>\r\n            <img decoding=\"async\" class=\"logo_products\" src=\"\/wp-content\/uploads\/2024\/10\/integra-white.svg\">\r\n        <\/div>\r\n    \r\n        <div class=\"main_logos mov\">\r\n            <img decoding=\"async\" class=\"logo_wrkspc\" src=\"\/wp-content\/uploads\/kit-prensa\/wrkspc.svg\" alt=\"\">\r\n            <span class=\"separator\"><\/span>\r\n            <img decoding=\"async\" src=\"\/wp-content\/uploads\/kit-prensa\/intgr.svg\" alt=\"\">\r\n       <\/div>\r\n    <\/div>    \r\n    \r\n    <div class=\"main_content_legal\">\r\n        <div class=\"wrap_content\" style=\"line-height: 1.7;\">\r\n    \r\n            <div class=\"pb-20\">\r\n                <p>Integra API Rest<\/p>\r\n                <h1 class=\"fnt-34\">Modelo 1 &#8211; Tarifa Base  Pay as you go<\/h1>\r\n            <\/div>\r\n            <div class=\"pb-20\">   \r\n                <h2 class=\"pb-15\">Detalles de la Tarifa:<\/h2>\r\n                  \r\n                        <ul>\r\n                            <li><b>Sin consumo m\u00ednimo<\/b> por corredur\u00eda.<\/li>\r\n                            <li>Los <b>SERVICIOS AUXILIARES<\/b> est\u00e1n <b>100% bonificados<\/b> con l\u00edmite de control. Esto es, sin coste pero con inspecci\u00f3n. Si se detecta un abuso sin justificaci\u00f3n, nos reservamos el derecho de cortar el servicio para evitar comprometer el sistema.<\/li>\r\n                            <li>A final de mes se computar\u00e1n todas las llamadas de SERVICIOS GENERALES y se generar\u00e1 la factura en consecuencia, anexando fichero CSV con el contador de llamadas por m\u00e9todo.<\/li>\r\n                            \r\n                        <\/ul>\r\n\r\n            <\/div>\r\n            <div class=\"pb-20\">   \r\n\r\n\r\n<table class=\"flex pb-40\">\r\n    <tr>\r\n        <th class=\"w-40\">SERVICIOS GENERALES<\/th>\r\n        <th class=\"w-15\"><\/th>\r\n        <th class=\"w-45\"><\/th>\r\n    <\/tr>\r\n\r\n    <tr>\r\n        <td>Buscar proyectos<\/td>\r\n        <td>0,050 \u20ac<\/td>\r\n        <td>GET \/insurances<\/td>\r\n      \r\n    <\/tr>\r\n    <tr>\r\n        <td>Cotizar<\/td>\r\n        <td>1,950 \u20ac<\/td>\r\n        <td>POST \/insurances<\/td>\r\n        \r\n    <\/tr>\r\n    <tr>\r\n        <td>Pre-emitir<\/td>\r\n        <td>0,950 \u20ac<\/td>\r\n        <td>POST \/insurances\/{id}\/offers<\/td>\r\n     \r\n    <\/tr>\r\n    <tr>\r\n        <td>Emitir<\/td>\r\n        <td>0,500 \u20ac<\/td>\r\n        <td>TBD<\/td>\r\n       \r\n    <\/tr>\r\n    <tr>\r\n        <td>Cargar proyecto<\/td>\r\n        <td>0,025 \u20ac<\/td>\r\n        <td>GET \/insurances\/{id}<\/td>\r\n       \r\n    <\/tr>\r\n    <tr>\r\n        <td>Generar report<\/td>\r\n        <td>0,100 \u20ac<\/td>\r\n        <td>POST \/insurances\/{id}\/reports<\/td>\r\n      \r\n    <\/tr>\r\n    <tr>\r\n        <td>Comparativa<\/td>\r\n        <td>0,050 \u20ac<\/td>\r\n        <td>POST \/insurances\/{id}\/reports<\/td>\r\n    \r\n    <\/tr>\r\n    <tr>\r\n        <td>Crear proyecto para lanzar en app ASM (prepare quote)<\/td>\r\n        <td>1,950 \u20ac<\/td>\r\n        <td>POST \/insurance-drafts<\/td>\r\n       \r\n    <\/tr>\r\n    <tr>\r\n        <td>Notificaci\u00f3n de proyecto emitido<\/td>\r\n        <td>0,050 \u20ac<\/td>\r\n        <td>(Push o servicio de suscripci\u00f3n)<\/td>\r\n  \r\n    <\/tr>\r\n    <tr>\r\n        <td>Exportaci\u00f3n de p\u00f3lizas emitidas v\u00eda ASM<\/td>\r\n        <td>0,500 \u20ac<\/td>\r\n        <td>GET \/export-policies-data<\/td>\r\n  \r\n    <\/tr>\r\n<\/table>\r\n\r\n<br>\r\n\r\n<table class=\"flex pb-40\">\r\n    <tr>\r\n        <th class=\"w-40\">SERVICIOS AUXILIARES GENERALES<\/th>\r\n        <th class=\"w-15\"><\/th>\r\n        <th class=\"w-45\"><\/th>  \r\n    <\/tr>\r\n\r\n    <tr>\r\n        <td>Obtener listado de ramos disponibles para la corredur\u00eda<\/td>\r\n        <td>0,010 \u20ac<\/td>\r\n        <td>GET \/insurance-lines<\/td>\r\n      \r\n    <\/tr>\r\n    <tr>\r\n        <td>Recuperar report generado<\/td>\r\n        <td>0,025 \u20ac<\/td>\r\n        <td>GET \/insurances\/{id}\/reports\/{reportId}<\/td>\r\n        \r\n    <\/tr>\r\n    <tr>\r\n        <td>Creaci\u00f3n de un token de acceso a la app ASM<\/td>\r\n        <td>0,001 \u20ac<\/td>\r\n        <td>POST \/app-auth-tokens<\/td>\r\n     \r\n    <\/tr>\r\n    <tr>\r\n        <td>Obtener listado de g\u00e9neros de persona<\/td>\r\n        <td>0,001 \u20ac<\/td>\r\n        <td>GET \/genders<\/td>\r\n       \r\n    <\/tr>\r\n    <tr>\r\n        <td>Obtener listado de tipos de identificaci\u00f3n<\/td>\r\n        <td>0,001 \u20ac<\/td>\r\n        <td>GET \/identification-types<\/td>\r\n       \r\n    <\/tr>\r\n    <tr>\r\n        <td>Obtener listado de estado civil<\/td>\r\n        <td>0,001 \u20ac<\/td>\r\n        <td>GET \/marital-statuses<\/td>\r\n      \r\n    <\/tr>\r\n    <tr>\r\n        <td>Obtener listado de pa\u00edses<\/td>\r\n        <td>0,005 \u20ac<\/td>\r\n        <td>GET \/countries<\/td>\r\n    \r\n    <\/tr>\r\n    <tr>\r\n        <td>Obtener listado de tipos de v\u00eda<\/td>\r\n        <td>0,001 \u20ac<\/td>\r\n        <td>GET \/road-types<\/td>\r\n       \r\n    <\/tr>\r\n    <tr>\r\n        <td>Obtener listado de ciudades<\/td>\r\n        <td>0,005 \u20ac<\/td>\r\n        <td>GET \/towns<\/td>\r\n    <\/tr>\r\n\r\n    <tr>\r\n        <td>Obtener los idiomas de contacto de una persona<\/td>\r\n        <td>0,001 \u20ac<\/td>\r\n        <td>GET \/contact-languages<\/td>\r\n    <\/tr>\r\n\r\n    <tr>\r\n        <td>Obtener los estados de inactividad econ\u00f3mica seg\u00fan INE<\/td>\r\n        <td>0,001 \u20ac<\/td>\r\n        <td>GET \/economic-inactivity-statuses<\/td>\r\n    <\/tr>\r\n\r\n    <tr>\r\n        <td>Obtener listado nacional de ocupaciones econ\u00f3micas CNO-11<\/td>\r\n        <td>0,001 \u20ac<\/td>\r\n        <td>GET \/economic-occupations<\/td>\r\n    <\/tr>\r\n\r\n    <tr>\r\n        <td>Obtener los posibles estados en el empleo<\/td>\r\n        <td>0,001 \u20ac<\/td>\r\n        <td>GET \/employment-statuses<\/td>\r\n    <\/tr>\r\n\r\n    <tr>\r\n        <td>Obtener listado de fraccionamientos de pago<\/td>\r\n        <td>0,001 \u20ac<\/td>\r\n        <td>GET \/payment-frequencies<\/td>\r\n    <\/tr>\r\n\r\n    <tr>\r\n        <td>Obtener listado de tipos de pago<\/td>\r\n        <td>0,001 \u20ac<\/td>\r\n        <td>GET \/payment-methods<\/td>\r\n    <\/tr>\r\n\r\n    <tr>\r\n        <td>Obtiene el listado de provincias<\/td>\r\n        <td>0,005 \u20ac<\/td>\r\n        <td>GET \/provinces<\/td>\r\n    <\/tr>\r\n\r\n    <tr>\r\n        <td>Obtiene el listado de municipios de cada provincia (Catastro)<\/td>\r\n        <td>0,005 \u20ac<\/td>\r\n        <td>GET \/provinces\/{provinceId}\/municipalities<\/td>\r\n    <\/tr>\r\n\r\n    <tr>\r\n        <td>Obtiene el listado de calles de un municipio (Catastro)<\/td>\r\n        <td>0,005 \u20ac<\/td>\r\n        <td>GET \/provinces\/{provinceId}\/municipalities\/{municipalityId}\/roads<\/td>\r\n    <\/tr>\r\n\r\n    <tr>\r\n        <td>B\u00fasquedas de inmuebles en el catastro<\/td>\r\n        <td>0,005 \u20ac<\/td>\r\n        <td>GET \/provinces\/{provinceId}\/municipalities\/{municipalityId}\/roads\/{roadId}\/properties<\/td>\r\n    <\/tr>\r\n\r\n    <tr>\r\n        <td>Obtener tipos de v\u00edas<\/td>\r\n        <td>0,001 \u20ac<\/td>\r\n        <td>GET \/road-types<\/td>\r\n    <\/tr>\r\n\r\n    <tr>\r\n        <td>Redirige una solicitud para pintar el tuning (iFrame)<\/td>\r\n        <td>0,005 \u20ac<\/td>\r\n        <td>POST \/product-form-requests<\/td>\r\n    <\/tr>\r\n\r\n<\/table>\r\n\r\n<br>\r\n\r\n<table class=\"flex pb-40\">\r\n    <tr>\r\n        <th class=\"w-40\">SERVICIOS AUXILIARES DE AUTOS<\/th>\r\n        <th class=\"w-15\"><\/th>\r\n        <th class=\"w-45\"><\/th>\r\n    <\/tr>\r\n\r\n    <tr>\r\n        <td>Obtener listado de marcas <\/td>\r\n        <td>0,020 \u20ac<\/td>\r\n        <td>GET \/auto\/brands<\/td>\r\n    <\/tr>\r\n\r\n    <tr>\r\n        <td>Obtener listado de modelos <\/td>\r\n        <td>0,020 \u20ac<\/td>\r\n        <td>GET \/auto\/brands\/{brandId}\/models<\/td>\r\n    <\/tr>\r\n\r\n    <tr>\r\n        <td>Obtener listado de veh\u00edculos <\/td>\r\n        <td>0,020 \u20ac<\/td>\r\n        <td>GET \/auto\/brands\/{brandId}\/models\/{modelId}\/vehicles<\/td>\r\n    <\/tr>\r\n\r\n    <tr>\r\n        <td>Obtener listado zonas de emisi\u00f3n del carnet de conducir <\/td>\r\n        <td>0,005 \u20ac<\/td>\r\n        <td>GET \/auto\/driving-license-issuing-zones<\/td>\r\n    <\/tr>\r\n\r\n    <tr>\r\n        <td>Obtener listado de tipos de combustible <\/td>\r\n        <td>0,001 \u20ac<\/td>\r\n        <td>GET \/auto\/engine-types<\/td>\r\n    <\/tr>\r\n\r\n    <tr>\r\n        <td>Obtener listado de tipos de garaje <\/td>\r\n        <td>0,001 \u20ac<\/td>\r\n        <td>GET \/auto\/garage-types<\/td>\r\n    <\/tr>\r\n\r\n    <tr>\r\n        <td>Obtener listado de compa\u00f1\u00edas aseguradoras <\/td>\r\n        <td>0,001 \u20ac<\/td>\r\n        <td>GET \/auto\/insurance-companies<\/td>\r\n    <\/tr>\r\n\r\n    <tr>\r\n        <td>Obtener listado de roles de personas que participan en el seguro <\/td>\r\n        <td>0,010 \u20ac<\/td>\r\n        <td>GET \/auto\/person-roles<\/td>\r\n    <\/tr>\r\n\r\n    <tr>\r\n        <td>Obtener fecha de registro del veh\u00edculo <\/td>\r\n        <td>0,010 \u20ac<\/td>\r\n        <td>GET \/auto\/registration-date<\/td>\r\n    <\/tr>\r\n\r\n    <tr>\r\n        <td>Listar los posibles accesorios para un veh\u00edculo <\/td>\r\n        <td>0,010 \u20ac<\/td>\r\n        <td>GET \/auto\/vehicles\/{vehicleCode}\/options<\/td>\r\n    <\/tr>\r\n\r\n    <tr>\r\n        <td>Obtener los tipos de licencias de conducir <\/td>\r\n        <td>0,001 \u20ac<\/td>\r\n        <td>GET \/auto\/driving-licenses<\/td>\r\n    <\/tr>\r\n\r\n<\/table>\r\n\r\n<br>\r\n\r\n<table class=\"flex pb-40\">\r\n    <tr>\r\n        <th class=\"w-40\">SERVICIOS AUXILIARES DE MOTOS<\/th>\r\n        <th class=\"w-15\"><\/th>\r\n        <th class=\"w-45\"><\/th>\r\n    <\/tr>\r\n\r\n    <tr>\r\n        <td>Obtener listado de marcas <\/td>\r\n        <td>0,020 \u20ac<\/td>\r\n        <td>GET \/motorbike\/brands<\/td>\r\n    <\/tr>\r\n\r\n    <tr>\r\n        <td>Obtener listado de modelos <\/td>\r\n        <td>0,020 \u20ac<\/td>\r\n        <td>GET \/motorbike\/brands\/{brandId}\/models<\/td>\r\n    <\/tr>\r\n\r\n    <tr>\r\n        <td>Obtener listado de motos <\/td>\r\n        <td>0,020 \u20ac<\/td>\r\n        <td>GET \/motorbike\/brands\/{brandId}\/models\/{modelId}\/vehicles<\/td>\r\n    <\/tr>\r\n\r\n    <tr>\r\n        <td>Obtener listado de tipos de experiencia conduciendo motocicletas <\/td>\r\n        <td>0,002 \u20ac<\/td>\r\n        <td>GET \/motorbike\/driving-experience-options<\/td>\r\n    <\/tr>\r\n\r\n    <tr>\r\n        <td>Obtener listado zonas de emisi\u00f3n del carnet de conducir<\/td>\r\n        <td>0,001 \u20ac<\/td>\r\n        <td>GET \/motorbike\/driving-license-issuing-zones<\/td>\r\n    <\/tr>\r\n\r\n    <tr>\r\n        <td>Obtener listado de tipos de carnet de moto<\/td>\r\n        <td>0,001 \u20ac<\/td>\r\n        <td>GET \/motorbike\/driving-licenses<\/td>\r\n    <\/tr>\r\n\r\n    <tr>\r\n        <td>Obtener listado de tipos de combustible<\/td>\r\n        <td>0,001 \u20ac<\/td>\r\n        <td>GET \/motorbike\/engine-types<\/td>\r\n    <\/tr>\r\n\r\n    <tr>\r\n        <td>Obtener listado de tipos de garaje <\/td>\r\n        <td>0,001 \u20ac<\/td>\r\n        <td>GET \/motorbike\/garage-types<\/td>\r\n    <\/tr>\r\n\r\n    <tr>\r\n        <td>Obtener listado de compa\u00f1\u00edas aseguradoras<\/td>\r\n        <td>0,005 \u20ac<\/td>\r\n        <td>GET \/motorbike\/insurance-companies<\/td>\r\n    <\/tr>\r\n\r\n    <tr>\r\n        <td>Obtener listado de roles de personas que participan en el seguro<\/td>\r\n        <td>0,001 \u20ac<\/td>\r\n        <td>GET \/motorbike\/person-roles<\/td>\r\n    <\/tr>\r\n\r\n    <tr>\r\n        <td>Obtener fecha de registro del veh\u00edculo<\/td>\r\n        <td>0,010 \u20ac<\/td>\r\n        <td>GET \/motorbike\/registration-date<\/td>\r\n    <\/tr>\r\n\r\n<\/table>\r\n\r\n\r\n\r\n<br>\r\n\r\n<table class=\"flex pb-40\">\r\n    <tr>\r\n        <th class=\"w-40\">SERVICIOS AUXILIARES DE HOGAR<\/th>\r\n        <th class=\"w-15\"><\/th>\r\n        <th class=\"w-45\"><\/th>  \r\n    <\/tr>\r\n\r\n    <tr>\r\n        <td>Obtener listado de tipos de alarma<\/td>\r\n        <td>0,001 \u20ac<\/td>\r\n        <td>GET \/home\/alarm-types<\/td>  \r\n    <\/tr>\r\n\r\n    <tr>\r\n        <td>Obtener listado de materiales de construcci\u00f3n<\/td>\r\n        <td>0,001 \u20ac<\/td>\r\n        <td>GET \/home\/build-materials<\/td>  \r\n    <\/tr>\r\n\r\n    <tr>\r\n        <td>Obtener listado de calidades de construcci\u00f3n<\/td>\r\n        <td>0,001 \u20ac<\/td>\r\n        <td>GET \/home\/build-qualities<\/td>  \r\n    <\/tr>\r\n\r\n    <tr>\r\n        <td>Obtener listado de tipos de puertas<\/td>\r\n        <td>0,001 \u20ac<\/td>\r\n        <td>GET \/home\/door-types<\/td>  \r\n    <\/tr>\r\n\r\n    <tr>\r\n        <td>Obtener listado de localizaciones<\/td>\r\n        <td>0,001 \u20ac<\/td>\r\n        <td>GET \/home\/locations<\/td>  \r\n    <\/tr>\r\n\r\n    <tr>\r\n        <td>Obtener listado de tipos de ocupaci\u00f3n<\/td>\r\n        <td>0,001 \u20ac<\/td>\r\n        <td>GET \/home\/occupancy-types<\/td>  \r\n    <\/tr>\r\n\r\n    <tr>\r\n        <td>Obtener listado de roles de personas que participan en el seguro<\/td>\r\n        <td>0,001 \u20ac<\/td>\r\n        <td>GET \/home\/person-roles<\/td>  \r\n    <\/tr>\r\n\r\n    <tr>\r\n        <td>Obtener listado de tipo de propiedad<\/td>\r\n        <td>0,001 \u20ac<\/td>\r\n        <td>GET \/home\/property-types<\/td>  \r\n    <\/tr>\r\n\r\n    <tr>\r\n        <td>Obtener listado de modalidades de continente<\/td>\r\n        <td>0,001 \u20ac<\/td>\r\n        <td>GET \/home\/settlement-types<\/td>  \r\n    <\/tr>\r\n\r\n    <tr>\r\n        <td>Obtener listado de tipos de uso<\/td>\r\n        <td>0,001 \u20ac<\/td>\r\n        <td>GET \/home\/uses<\/td>  \r\n    <\/tr>\r\n\r\n<\/table>\r\n\r\n\r\n<br>\r\n\r\n<table class=\"flex pb-40\">\r\n    <tr>\r\n        <th class=\"w-65\">SERVICIOS AUXILIARES DE VIDA-RIESGO<\/th>\r\n        <th class=\"w-10\"><\/th>\r\n        <th class=\"w-25\"><\/th>  \r\n    <\/tr>\r\n\r\n    <tr>\r\n        <td>Obtener listado de roles de personas que participan en el seguro<\/td>\r\n        <td>0,001 \u20ac<\/td>\r\n        <td>GET \/life\/person-roles<\/td>\r\n      \r\n    <\/tr>\r\n    <tr>\r\n        <td>Obtener listado de actividades deportivas<\/td>\r\n        <td>0,005 \u20ac<\/td>\r\n        <td>GET \/life\/sports<\/td>\r\n        \r\n    <\/tr>\r\n<\/table>\r\n\r\n<br>\r\n\r\n<table class=\"flex pb-40\">\r\n    <tr>\r\n        <th class=\"w-90\">SERVICIOS AUXILIARES DE SALUD<\/th>\r\n        <th class=\"w-5\"><\/th>\r\n        <th class=\"w-5\"><\/th>  \r\n    <\/tr>\r\n\r\n    <tr>\r\n        <td>No son necesarios servicios auxiliares de SALUD<\/td>\r\n        <td><\/td>\r\n        <td><\/td>\r\n      \r\n    <\/tr>\r\n  \r\n<\/table>\r\n<br>\r\n<p><strong>*Precios sin IVA<\/strong><\/p>\r\n            <\/div>\r\n        <\/div>\r\n    <\/div>\r\n<\/div>\r\n    \r\n\n    <div class=\"main_direct_footer_access\" style=\"background: url(\/wp-content\/uploads\/2025\/04\/bg.png) top center no-repeat #0e162a;\">\n        <div class=\"wrap_direct_footer_access\">\n            <p>Continua explorando soluciones que dan respuesta a las necesidades del sector asegurador<\/p>\n            <ul class=\"main_grid_cards\">\n                <li class=\"\">\n                    <a href=\"\/es?page_id=74692\" class=\"main_content avant2\">\n                        <div class=\"logo\"><img decoding=\"async\" src=\"\/wp-content\/uploads\/2024\/04\/avant2.svg\" alt=\"\"><\/div>\n                        <span class=\"text\">CRM + Multitarificador: la aplicaci\u00f3n lider para la venta de seguros<\/span>\n                        <img decoding=\"async\" class=\"screen\" src=\"\/wp-content\/uploads\/2024\/07\/screen-avant2.png\" alt=\"\">\n                    <\/a>\n                <\/li>\n                <li class=\"\">\n                    <a href=\"\/es?page_id=16602\" class=\"main_content versus\">\n                        <div class=\"logo\"><img decoding=\"async\" src=\"\/wp-content\/uploads\/2024\/04\/versus.svg\" alt=\"\"><\/div>\n                        <span class=\"text\">An\u00e1lisis segmentados del mercado, monitorizaci\u00f3n y comparaci\u00f3n de datos<\/span>\n                        <img decoding=\"async\" class=\"screen\" src=\"\/wp-content\/uploads\/2024\/07\/screen-versus.png\" alt=\"\">\n                    <\/a>\n                <\/li>\n                <li class=\"\">\n                    <a href=\"\/es?page_id=75002\" class=\"main_content bcover\">\n                        <div class=\"logo\"><img decoding=\"async\" src=\"\/wp-content\/uploads\/2024\/04\/bcover.svg\" alt=\"\"><\/div>\n                        <span class=\"text\">Simplifica y automatiza el an\u00e1lisis y gesti\u00f3n de riesgos de tus clientes empresa<\/span>\n                        <img decoding=\"async\" class=\"screen\" src=\"\/wp-content\/uploads\/2024\/07\/screen-bcover.png\" alt=\"\">\n                    <\/a>\n                <\/li>\n                <li class=\"\">\n                    <a href=\"\/es?page_id=74944\" class=\"main_content tesis\">\n                        <div class=\"logo\"><img decoding=\"async\" src=\"\/wp-content\/uploads\/2024\/04\/tesis.svg\" alt=\"\"><\/div>\n                        <span class=\"text\">El ERP creado por corredores de seguros, desarrollado para los corredores de seguros<\/span>\n                        <img decoding=\"async\" class=\"screen\" src=\"\/wp-content\/uploads\/2024\/07\/screen-tesis.png\" alt=\"\">\n                    <\/a>\n                <\/li>\n                <li class=\"hidden\">\n                    <a href=\"\/es?page_id=27385\" class=\"main_content integra\">\n                        <div class=\"logo\"><img decoding=\"async\" src=\"\/wp-content\/uploads\/2024\/04\/integra.svg\" alt=\"\"><\/div>\n                        <span class=\"text\">Te damos la bienvenida a la Conectividad con los productos Workspace<\/span>\n                        <img decoding=\"async\" class=\"screen\" src=\"\/wp-content\/uploads\/2024\/07\/screen-integra.png\" alt=\"\">\n                    <\/a>\n                <\/li>\n            <\/ul>\n        <\/div>\n    <\/div>","protected":false},"excerpt":{"rendered":"T\u00e9rminos y condiciones generales del servicio de Integra API Rest. Plataforma de conectividad que une de forma eficiente los productos de Codeoscopic Workspace, las aseguradoras y los corredores de seguros.","protected":false},"author":13,"featured_media":0,"parent":80710,"menu_order":0,"comment_status":"closed","ping_status":"closed","template":"custom-inverted.php","meta":{"_monsterinsights_skip_tracking":false,"_monsterinsights_sitenote_active":false,"_monsterinsights_sitenote_note":"","_monsterinsights_sitenote_category":0,"footnotes":""},"class_list":["post-81414","page","type-page","status-publish","hentry"],"aioseo_notices":[],"_links":{"self":[{"href":"https:\/\/codeoscopic.com\/es\/wp-json\/wp\/v2\/pages\/81414","targetHints":{"allow":["GET"]}}],"collection":[{"href":"https:\/\/codeoscopic.com\/es\/wp-json\/wp\/v2\/pages"}],"about":[{"href":"https:\/\/codeoscopic.com\/es\/wp-json\/wp\/v2\/types\/page"}],"author":[{"embeddable":true,"href":"https:\/\/codeoscopic.com\/es\/wp-json\/wp\/v2\/users\/13"}],"replies":[{"embeddable":true,"href":"https:\/\/codeoscopic.com\/es\/wp-json\/wp\/v2\/comments?post=81414"}],"version-history":[{"count":0,"href":"https:\/\/codeoscopic.com\/es\/wp-json\/wp\/v2\/pages\/81414\/revisions"}],"up":[{"embeddable":true,"href":"https:\/\/codeoscopic.com\/es\/wp-json\/wp\/v2\/pages\/80710"}],"wp:attachment":[{"href":"https:\/\/codeoscopic.com\/es\/wp-json\/wp\/v2\/media?parent=81414"}],"curies":[{"name":"wp","href":"https:\/\/api.w.org\/{rel}","templated":true}]}}