{"id":81409,"date":"2024-11-12T09:52:47","date_gmt":"2024-11-12T08:52:47","guid":{"rendered":"https:\/\/codeoscopic.com\/?page_id=81409"},"modified":"2024-11-12T15:49:07","modified_gmt":"2024-11-12T14:49:07","slug":"tarifa-renting","status":"publish","type":"page","link":"https:\/\/codeoscopic.com\/es\/workspace\/integra\/terminos-y-condiciones-generales-integra\/tarifa-renting\/","title":{"rendered":"Tarifa Renting"},"content":{"rendered":"<div class=\"main_cdscpc_integra_home main_cdscpc_legal\">\r\n\r\n    <div class=\"main_intro\">\r\n    \r\n        <!-- Logos -->\r\n        <div class=\"main_logos pc\">\r\n            <img decoding=\"async\" class=\"logo_wrkspc\" src=\"\/wp-content\/uploads\/kit-prensa\/workspace\/svg\/logo-wrkspc-white.svg\" alt=\"\">\r\n            <span class=\"separator\"><\/span>\r\n            <img decoding=\"async\" class=\"logo_products\" src=\"\/wp-content\/uploads\/2024\/10\/integra-white.svg\">\r\n        <\/div>\r\n    \r\n        <div class=\"main_logos mov\">\r\n            <img decoding=\"async\" class=\"logo_wrkspc\" src=\"\/wp-content\/uploads\/kit-prensa\/wrkspc.svg\" alt=\"\">\r\n            <span class=\"separator\"><\/span>\r\n            <img decoding=\"async\" src=\"\/wp-content\/uploads\/kit-prensa\/intgr.svg\" alt=\"\">\r\n       <\/div>\r\n    <\/div>    \r\n    \r\n    <div class=\"main_content_legal\">\r\n        <div class=\"wrap_content\" style=\"line-height: 1.7;\">\r\n    \r\n            <div class=\"pb-20\">\r\n                <p>Integra API Rest<\/p>\r\n                <h1 class=\"fnt-34\">Modelo 2 &#8211; Tarifa RENTING (paga por Llamadas a QUOTE)<\/h1>\r\n            <\/div>\r\n            <div class=\"pb-20\">   \r\n                <h2 class=\"pb-15\">Detalles de la Tarifa:<\/h2>\r\n                    \r\n                        <ul>\r\n                            <li>Las llamadas a QUOTE son los kil\u00f3metros que contratas y <b>a final de a\u00f1o se regulariza<\/b> por exceso o por defecto.<\/li>\r\n                            <li>El resto de llamadas a SERVICIOS GENERALES y SERVICIOS AUXILIARES est\u00e1n 100% bonificados, no se factura. Si se detecta un abuso sin justificaci\u00f3n, nos reservamos el derecho de cortar el servicio para evitar comprometer el sistema.<\/li>\r\n                            <li>Las llamadas no consumidas cada mes <b>se acumulan<\/b> para los siguientes.<\/li>\r\n                            <li>Cada a\u00f1o se empieza de cero, se regulariza el d\u00eda <b>1 de enero<\/b>: \r\n                               <br>&#8211; Las llamadas <b>no consumidas se devuelven al 70%<\/b> del valor unitario por QUOTE de ese tramo contratado (salvo tramo m\u00ednimo de 50\u20ac\/mes).\r\n                               <br>&#8211; Las llamadas <b>excedidas se penalizan factur\u00e1ndolas con un suplemento del 10%<\/b> del valor unitario por QUOTE de ese tramo contratado.\r\n                            <\/li>\r\n                            <liSi se cambia de tarifa\/bono en un mes, se le aplica ese fee mensual y luego la regularizaci\u00f3n a final de a\u00f1o, se hace proporcional, ejemplo: si ha estado 5 meses con bono 100\u20ac y luego se pasa a bono 50\u20ac otros 7 meses... se tiene en cuenta el prorrateo para el precio unitario, de cara a la regularizaci\u00f3n.<\/li>\r\n                            <li><b>El m\u00ednimo es 50\u20ac\/mes<\/b>, justifica los precios especiales y la gesti\u00f3n, enganche, configuraci\u00f3n del corredor, etc&#8230;. no se retornan llamadas no consumidas en el tramo m\u00ednimo. (50\u20ac\/mes)<\/li>\r\n                        <\/ul>\r\n\r\n            <\/div>\r\n            <div class=\"pb-20\">   \r\n\r\n<table class=\"flex pb-40\">\r\n    <tr>\r\n         <th class=\"w-20\">FEE MENSUAL <br>(Pre-compra)*<\/th>\r\n         <th class=\"w-16\">Precio Tarifa Base QUOTE<\/th>\r\n         <th class=\"w-16\">Llamadas QUOTE Incluidas a tarifa BASE<\/th>\r\n         <th class=\"w-16\">BONO llamadas % Aplicado por tramo<\/th>\r\n         <th class=\"w-16\">Total llamadas QUOTE Incluido BONO<\/th>\r\n         <th class=\"w-16\">Precio Final por quote<\/th>\r\n    <\/tr>\r\n    <tr>\r\n        <td>50,00 \u20ac<\/td>\r\n        <td>1,95\u20ac<\/td>\r\n        <td>26<\/td>\r\n        <td>25%<\/td>\r\n        <td>32<\/td>\r\n        <td>1,56 \u20ac<\/td>\r\n    <\/tr>\r\n    <tr>\r\n        <td>100,00 \u20ac<\/td>\r\n        <td>1,95\u20ac<\/td>\r\n        <td>51<\/td>\r\n        <td>30%<\/td>\r\n        <td>67<\/td>\r\n        <td>1,50 \u20ac<\/td>\r\n    <\/tr>\r\n    <tr>\r\n        <td>150,00 \u20ac<\/td>\r\n        <td>1,95\u20ac<\/td>\r\n        <td>77<\/td>\r\n        <td>35%<\/td>\r\n        <td>104<\/td>\r\n        <td>1,44 \u20ac<\/td>\r\n    <\/tr>\r\n    <tr>\r\n        <td>200,00 \u20ac<\/td>\r\n        <td>1,95\u20ac<\/td>\r\n        <td>103<\/td>\r\n        <td>40%<\/td>\r\n        <td>144<\/td>\r\n        <td>1,39 \u20ac<\/td>\r\n    <\/tr>\r\n    <tr>\r\n        <td>250,00 \u20ac<\/td>\r\n        <td>1,95\u20ac<\/td>\r\n        <td>128<\/td>\r\n        <td>45%<\/td>\r\n        <td>186<\/td>\r\n        <td>1,34 \u20ac<\/td>\r\n    <\/tr>\r\n    <tr>\r\n        <td>300,00 \u20ac<\/td>\r\n        <td>1,95\u20ac<\/td>\r\n        <td>154<\/td>\r\n        <td>50%<\/td>\r\n        <td>231<\/td>\r\n        <td>1,30 \u20ac<\/td>\r\n    <\/tr>\r\n    <tr>\r\n        <td>350,00 \u20ac<\/td>\r\n        <td>1,95\u20ac<\/td>\r\n        <td>179<\/td>\r\n        <td>55%<\/td>\r\n        <td>278<\/td>\r\n        <td>1,26 \u20ac<\/td>\r\n    <\/tr>\r\n    <tr>\r\n        <td>400,00 \u20ac<\/td>\r\n        <td>1,95\u20ac<\/td>\r\n        <td>205<\/td>\r\n        <td>60%<\/td>\r\n        <td>328<\/td>\r\n        <td>1,22 \u20ac<\/td>\r\n    <\/tr>\r\n    <tr>\r\n        <td>450,00 \u20ac<\/td>\r\n        <td>1,95\u20ac<\/td>\r\n        <td>231<\/td>\r\n        <td>65%<\/td>\r\n        <td>381<\/td>\r\n        <td>1,18 \u20ac<\/td>\r\n    <\/tr>\r\n    <tr>\r\n        <td>500,00 \u20ac<\/td>\r\n        <td>1,95\u20ac<\/td>\r\n        <td>256<\/td>\r\n        <td>70%<\/td>\r\n        <td>436<\/td>\r\n        <td>1,15 \u20ac<\/td>\r\n    <\/tr>\r\n<\/table>\r\n<p><b>*Consumo m\u00ednimo 50\u20ac\/mes por API y conexi\u00f3n. <br\/>*Precios sin IVA.<\/b><\/p>\r\n            <\/div>\r\n        <\/div>\r\n    <\/div>\r\n<\/div>\r\n    \r\n\n    <div class=\"main_direct_footer_access\" style=\"background: url(\/wp-content\/uploads\/2025\/04\/bg.png) top center no-repeat #0e162a;\">\n        <div class=\"wrap_direct_footer_access\">\n            <p>Continua explorando soluciones que dan respuesta a las necesidades del sector asegurador<\/p>\n            <ul class=\"main_grid_cards\">\n                <li class=\"\">\n                    <a href=\"\/es?page_id=74692\" class=\"main_content avant2\">\n                        <div class=\"logo\"><img decoding=\"async\" src=\"\/wp-content\/uploads\/2024\/04\/avant2.svg\" alt=\"\"><\/div>\n                        <span class=\"text\">CRM + Multitarificador: la aplicaci\u00f3n lider para la venta de seguros<\/span>\n                        <img decoding=\"async\" class=\"screen\" src=\"\/wp-content\/uploads\/2024\/07\/screen-avant2.png\" alt=\"\">\n                    <\/a>\n                <\/li>\n                <li class=\"\">\n                    <a href=\"\/es?page_id=16602\" class=\"main_content versus\">\n                        <div class=\"logo\"><img decoding=\"async\" src=\"\/wp-content\/uploads\/2024\/04\/versus.svg\" alt=\"\"><\/div>\n                        <span class=\"text\">An\u00e1lisis segmentados del mercado, monitorizaci\u00f3n y comparaci\u00f3n de datos<\/span>\n                        <img decoding=\"async\" class=\"screen\" src=\"\/wp-content\/uploads\/2024\/07\/screen-versus.png\" alt=\"\">\n                    <\/a>\n                <\/li>\n                <li class=\"\">\n                    <a href=\"\/es?page_id=75002\" class=\"main_content bcover\">\n                        <div class=\"logo\"><img decoding=\"async\" src=\"\/wp-content\/uploads\/2024\/04\/bcover.svg\" alt=\"\"><\/div>\n                        <span class=\"text\">Simplifica y automatiza el an\u00e1lisis y gesti\u00f3n de riesgos de tus clientes empresa<\/span>\n                        <img decoding=\"async\" class=\"screen\" src=\"\/wp-content\/uploads\/2024\/07\/screen-bcover.png\" alt=\"\">\n                    <\/a>\n                <\/li>\n                <li class=\"\">\n                    <a href=\"\/es?page_id=74944\" class=\"main_content tesis\">\n                        <div class=\"logo\"><img decoding=\"async\" src=\"\/wp-content\/uploads\/2024\/04\/tesis.svg\" alt=\"\"><\/div>\n                        <span class=\"text\">El ERP creado por corredores de seguros, desarrollado para los corredores de seguros<\/span>\n                        <img decoding=\"async\" class=\"screen\" src=\"\/wp-content\/uploads\/2024\/07\/screen-tesis.png\" alt=\"\">\n                    <\/a>\n                <\/li>\n                <li class=\"hidden\">\n                    <a href=\"\/es?page_id=27385\" class=\"main_content integra\">\n                        <div class=\"logo\"><img decoding=\"async\" src=\"\/wp-content\/uploads\/2024\/04\/integra.svg\" alt=\"\"><\/div>\n                        <span class=\"text\">Te damos la bienvenida a la Conectividad con los productos Workspace<\/span>\n                        <img decoding=\"async\" class=\"screen\" src=\"\/wp-content\/uploads\/2024\/07\/screen-integra.png\" alt=\"\">\n                    <\/a>\n                <\/li>\n            <\/ul>\n        <\/div>\n    <\/div>","protected":false},"excerpt":{"rendered":"T\u00e9rminos y condiciones generales del servicio de Integra API Rest. Plataforma de conectividad que une de forma eficiente los productos de Codeoscopic Workspace, las aseguradoras y los corredores de seguros.","protected":false},"author":13,"featured_media":0,"parent":80710,"menu_order":0,"comment_status":"closed","ping_status":"closed","template":"custom-inverted.php","meta":{"_monsterinsights_skip_tracking":false,"_monsterinsights_sitenote_active":false,"_monsterinsights_sitenote_note":"","_monsterinsights_sitenote_category":0,"footnotes":""},"class_list":["post-81409","page","type-page","status-publish","hentry"],"aioseo_notices":[],"_links":{"self":[{"href":"https:\/\/codeoscopic.com\/es\/wp-json\/wp\/v2\/pages\/81409","targetHints":{"allow":["GET"]}}],"collection":[{"href":"https:\/\/codeoscopic.com\/es\/wp-json\/wp\/v2\/pages"}],"about":[{"href":"https:\/\/codeoscopic.com\/es\/wp-json\/wp\/v2\/types\/page"}],"author":[{"embeddable":true,"href":"https:\/\/codeoscopic.com\/es\/wp-json\/wp\/v2\/users\/13"}],"replies":[{"embeddable":true,"href":"https:\/\/codeoscopic.com\/es\/wp-json\/wp\/v2\/comments?post=81409"}],"version-history":[{"count":0,"href":"https:\/\/codeoscopic.com\/es\/wp-json\/wp\/v2\/pages\/81409\/revisions"}],"up":[{"embeddable":true,"href":"https:\/\/codeoscopic.com\/es\/wp-json\/wp\/v2\/pages\/80710"}],"wp:attachment":[{"href":"https:\/\/codeoscopic.com\/es\/wp-json\/wp\/v2\/media?parent=81409"}],"curies":[{"name":"wp","href":"https:\/\/api.w.org\/{rel}","templated":true}]}}