{"id":81156,"date":"2024-11-07T13:14:16","date_gmt":"2024-11-07T12:14:16","guid":{"rendered":"https:\/\/codeoscopic.com\/?page_id=81156"},"modified":"2024-11-12T15:49:42","modified_gmt":"2024-11-12T14:49:42","slug":"tarifa-central-de-compras","status":"publish","type":"page","link":"https:\/\/codeoscopic.com\/es\/workspace\/integra\/terminos-y-condiciones-generales-integra\/tarifa-central-de-compras\/","title":{"rendered":"Tarifa Central de Compras"},"content":{"rendered":"<div class=\"main_cdscpc_integra_home main_cdscpc_legal\">\r\n\r\n    <div class=\"main_intro\">\r\n    \r\n        <!-- Logos -->\r\n        <div class=\"main_logos pc\">\r\n            <img decoding=\"async\" class=\"logo_wrkspc\" src=\"\/wp-content\/uploads\/kit-prensa\/workspace\/svg\/logo-wrkspc-white.svg\" alt=\"\">\r\n            <span class=\"separator\"><\/span>\r\n            <img decoding=\"async\" class=\"logo_products\" src=\"\/wp-content\/uploads\/2024\/10\/integra-white.svg\">\r\n        <\/div>\r\n    \r\n        <div class=\"main_logos mov\">\r\n            <img decoding=\"async\" class=\"logo_wrkspc\" src=\"\/wp-content\/uploads\/kit-prensa\/wrkspc.svg\" alt=\"\">\r\n            <span class=\"separator\"><\/span>\r\n            <img decoding=\"async\" src=\"\/wp-content\/uploads\/kit-prensa\/intgr.svg\" alt=\"\">\r\n       <\/div>\r\n    <\/div>    \r\n    \r\n    <div class=\"main_content_legal\">\r\n        <div class=\"wrap_content\" style=\"line-height: 1.7;\">\r\n    \r\n            <div class=\"pb-20\">\r\n                <p>Integra API Rest<\/p>\r\n                <h1 class=\"fnt-34\">Modelo 3 &#8211; Tarifa CENTRAL DE COMPRAS \/ GRANDES CUENTAS<\/h1>\r\n            <\/div>\r\n            <div class=\"pb-20\">   \r\n                <h2 class=\"pb-15\">Detalles de la Tarifa:<\/h2>\r\n                    <p class=\"pb-15\">Como central de compras para N corredores y grandes cuentas<\/p>\r\n                        <ul>\r\n                            <li>Computamos las llamadas a QUOTE de cada corredor de esa central de compras o gran cuenta y las sumamos todas.<\/li>\r\n                            <li>Cada mes se liquidan y se empieza de nuevo el conteo al mes siguiente.<\/li>\r\n                            <li>Se cobran <b>todas las quotes al mismo precio, no por tramos<\/b>. Por ejemplo, si se hace 2.400 llamadas a QUOTE se cobran todas a 0,85\u20ac.<\/li>\r\n                            <li>Consumo <b>m\u00ednimo 500 quotes\/mes<\/b> = 500\u20ac para este tipo de cliente o centrales de compras.<\/li>\r\n                            <li>El resto de llamadas a SERVICIOS GENERALES y SERVICIOS AUXILIARES est\u00e1n <b>100% bonificados<\/b>, no se factura. Si se detecta un abuso sin justificaci\u00f3n, nos reservamos el derecho de cortar el servicio para evitar comprometer el sistema.<\/li>\r\n                        <\/ul>\r\n\r\n            <\/div>\r\n            <div class=\"pb-20\">   \r\n\r\n<table class=\"flex pb-40\">\r\n    <tr>\r\n        <th>Llamadas a QUOTE al MES (cotizar) el resto de metodos  bonificados al 100%<\/th>\r\n        <th>\u20ac \/ Llamada TARIFA BASE<\/th>\r\n        <th>Descuento aplicado<\/th>\r\n        <th>Precio final<\/th>\r\n        <th>Columna 5<\/th>\r\n    <\/tr>\r\n    <tr>\r\n        <td>00\u2026.500<\/td>\r\n        <td>1,00 \u20ac<\/td>\r\n        <td>0%<\/td>\r\n        <td>1,00 \u20ac<\/td>\r\n        <td>500 llamadas: consumo m\u00ednimo para centrales de compras o grandes cuentas<\/td>\r\n    <\/tr>\r\n    <tr>\r\n        <td>501\u2026..1000<\/td>\r\n        <td>1,00 \u20ac<\/td>\r\n        <td>5%<\/td>\r\n        <td>0,95 \u20ac<\/td>\r\n        <td> <\/td>\r\n    <\/tr>\r\n    <tr>\r\n        <td>1001\u2026..2000<\/td>\r\n        <td>1,00 \u20ac<\/td>\r\n        <td>10%<\/td>\r\n        <td>0,90 \u20ac<\/td>\r\n        <td> <\/td>\r\n    <\/tr>\r\n    <tr>\r\n        <td>2001\u2026..3000<\/td>\r\n        <td>1,00 \u20ac<\/td>\r\n        <td>15%<\/td>\r\n        <td>0,85 \u20ac<\/td>\r\n        <td> <\/td>\r\n    <\/tr>\r\n    <tr>\r\n        <td>3001\u2026..4000<\/td>\r\n        <td>1,00 \u20ac<\/td>\r\n        <td>20%<\/td>\r\n        <td>0,80 \u20ac<\/td>\r\n        <td> <\/td>\r\n    <\/tr>\r\n    <tr>\r\n        <td>4001\u2026..5000<\/td>\r\n        <td>1,00 \u20ac<\/td>\r\n        <td>25%<\/td>\r\n        <td>0,75 \u20ac<\/td>\r\n        <td> <\/td>\r\n    <\/tr>\r\n    <tr>\r\n        <td>5001\u2026..10000<\/td>\r\n        <td>1,00 \u20ac<\/td>\r\n        <td>30%<\/td>\r\n        <td>0,70 \u20ac<\/td>\r\n        <td> <\/td>\r\n    <\/tr>\r\n    <tr>\r\n        <td>10001\u2026..20000<\/td>\r\n        <td>1,00 \u20ac<\/td>\r\n        <td>35%<\/td>\r\n        <td>0,65 \u20ac<\/td>\r\n        <td> <\/td>\r\n    <\/tr>\r\n    <tr>\r\n        <td>20001\u2026..40000<\/td>\r\n        <td>1,00 \u20ac<\/td>\r\n        <td>40%<\/td>\r\n        <td>0,60 \u20ac<\/td>\r\n        <td> <\/td>\r\n    <\/tr>\r\n    <tr>\r\n        <td>40001\u2026..100000<\/td>\r\n        <td>1,00 \u20ac<\/td>\r\n        <td>45%<\/td>\r\n        <td>0,55 \u20ac<\/td>\r\n        <td> <\/td>\r\n    <\/tr>\r\n    <tr>\r\n        <td>100001\u2026..en adelante<\/td>\r\n        <td>1,00 \u20ac<\/td>\r\n        <td>50%<\/td>\r\n        <td>0,50 \u20ac<\/td>\r\n        <td> <\/td>\r\n    <\/tr>\r\n<\/table>\r\n<p><strong>*Precios sin IVA<\/strong><\/p>\r\n            <\/div>\r\n        <\/div>\r\n    <\/div>\r\n<\/div>\r\n    \r\n\n    <div class=\"main_direct_footer_access\" style=\"background: url(\/wp-content\/uploads\/2025\/04\/bg.png) top center no-repeat #0e162a;\">\n        <div class=\"wrap_direct_footer_access\">\n            <p>Continua explorando soluciones que dan respuesta a las necesidades del sector asegurador<\/p>\n            <ul class=\"main_grid_cards\">\n                <li class=\"\">\n                    <a href=\"\/es?page_id=74692\" class=\"main_content avant2\">\n                        <div class=\"logo\"><img decoding=\"async\" src=\"\/wp-content\/uploads\/2024\/04\/avant2.svg\" alt=\"\"><\/div>\n                        <span class=\"text\">CRM + Multitarificador: la aplicaci\u00f3n lider para la venta de seguros<\/span>\n                        <img decoding=\"async\" class=\"screen\" src=\"\/wp-content\/uploads\/2024\/07\/screen-avant2.png\" alt=\"\">\n                    <\/a>\n                <\/li>\n                <li class=\"\">\n                    <a href=\"\/es?page_id=16602\" class=\"main_content versus\">\n                        <div class=\"logo\"><img decoding=\"async\" src=\"\/wp-content\/uploads\/2024\/04\/versus.svg\" alt=\"\"><\/div>\n                        <span class=\"text\">An\u00e1lisis segmentados del mercado, monitorizaci\u00f3n y comparaci\u00f3n de datos<\/span>\n                        <img decoding=\"async\" class=\"screen\" src=\"\/wp-content\/uploads\/2024\/07\/screen-versus.png\" alt=\"\">\n                    <\/a>\n                <\/li>\n                <li class=\"\">\n                    <a href=\"\/es?page_id=75002\" class=\"main_content bcover\">\n                        <div class=\"logo\"><img decoding=\"async\" src=\"\/wp-content\/uploads\/2024\/04\/bcover.svg\" alt=\"\"><\/div>\n                        <span class=\"text\">Simplifica y automatiza el an\u00e1lisis y gesti\u00f3n de riesgos de tus clientes empresa<\/span>\n                        <img decoding=\"async\" class=\"screen\" src=\"\/wp-content\/uploads\/2024\/07\/screen-bcover.png\" alt=\"\">\n                    <\/a>\n                <\/li>\n                <li class=\"\">\n                    <a href=\"\/es?page_id=74944\" class=\"main_content tesis\">\n                        <div class=\"logo\"><img decoding=\"async\" src=\"\/wp-content\/uploads\/2024\/04\/tesis.svg\" alt=\"\"><\/div>\n                        <span class=\"text\">El ERP creado por corredores de seguros, desarrollado para los corredores de seguros<\/span>\n                        <img decoding=\"async\" class=\"screen\" src=\"\/wp-content\/uploads\/2024\/07\/screen-tesis.png\" alt=\"\">\n                    <\/a>\n                <\/li>\n                <li class=\"hidden\">\n                    <a href=\"\/es?page_id=27385\" class=\"main_content integra\">\n                        <div class=\"logo\"><img decoding=\"async\" src=\"\/wp-content\/uploads\/2024\/04\/integra.svg\" alt=\"\"><\/div>\n                        <span class=\"text\">Te damos la bienvenida a la Conectividad con los productos Workspace<\/span>\n                        <img decoding=\"async\" class=\"screen\" src=\"\/wp-content\/uploads\/2024\/07\/screen-integra.png\" alt=\"\">\n                    <\/a>\n                <\/li>\n            <\/ul>\n        <\/div>\n    <\/div>","protected":false},"excerpt":{"rendered":"T\u00e9rminos y condiciones generales del servicio de Integra API Rest. Plataforma de conectividad que une de forma eficiente los productos de Codeoscopic Workspace, las aseguradoras y los corredores de seguros.","protected":false},"author":13,"featured_media":0,"parent":80710,"menu_order":0,"comment_status":"closed","ping_status":"closed","template":"custom-inverted.php","meta":{"_monsterinsights_skip_tracking":false,"_monsterinsights_sitenote_active":false,"_monsterinsights_sitenote_note":"","_monsterinsights_sitenote_category":0,"footnotes":""},"class_list":["post-81156","page","type-page","status-publish","hentry"],"aioseo_notices":[],"_links":{"self":[{"href":"https:\/\/codeoscopic.com\/es\/wp-json\/wp\/v2\/pages\/81156","targetHints":{"allow":["GET"]}}],"collection":[{"href":"https:\/\/codeoscopic.com\/es\/wp-json\/wp\/v2\/pages"}],"about":[{"href":"https:\/\/codeoscopic.com\/es\/wp-json\/wp\/v2\/types\/page"}],"author":[{"embeddable":true,"href":"https:\/\/codeoscopic.com\/es\/wp-json\/wp\/v2\/users\/13"}],"replies":[{"embeddable":true,"href":"https:\/\/codeoscopic.com\/es\/wp-json\/wp\/v2\/comments?post=81156"}],"version-history":[{"count":0,"href":"https:\/\/codeoscopic.com\/es\/wp-json\/wp\/v2\/pages\/81156\/revisions"}],"up":[{"embeddable":true,"href":"https:\/\/codeoscopic.com\/es\/wp-json\/wp\/v2\/pages\/80710"}],"wp:attachment":[{"href":"https:\/\/codeoscopic.com\/es\/wp-json\/wp\/v2\/media?parent=81156"}],"curies":[{"name":"wp","href":"https:\/\/api.w.org\/{rel}","templated":true}]}}