{"id":81116,"date":"2024-11-06T11:10:05","date_gmt":"2024-11-06T10:10:05","guid":{"rendered":"https:\/\/codeoscopic.com\/?page_id=81116"},"modified":"2024-12-02T15:54:31","modified_gmt":"2024-12-02T14:54:31","slug":"terminos-y-condiciones-generales-bcover","status":"publish","type":"page","link":"https:\/\/codeoscopic.com\/es\/workspace\/bcover\/terminos-y-condiciones-generales-bcover\/","title":{"rendered":"T\u00e9rminos y Condiciones Generales Bcover"},"content":{"rendered":"<div class=\"main_cdscpc_bcover_home main_cdscpc_legal\">\r\n\r\n    <div class=\"main_intro\">\r\n\r\n        <div class=\"main_logos pc\">\r\n            <img decoding=\"async\" class=\"logo_wrkspc\" src=\"\/wp-content\/uploads\/kit-prensa\/workspace\/svg\/logo-wrkspc-white.svg\" alt=\"\">\r\n            <span class=\"separator\"><\/span>\r\n            <img decoding=\"async\" src=\"\/wp-content\/uploads\/kit-prensa\/bcover\/svg\/logo-bcover-white.svg\" alt=\"\">\r\n        <\/div>\r\n\r\n        <div class=\"main_logos mov\">\r\n            <img decoding=\"async\" class=\"logo_wrkspc\" src=\"\/wp-content\/uploads\/kit-prensa\/wrkspc.svg\" alt=\"\">\r\n            <span class=\"separator\"><\/span>\r\n            <img decoding=\"async\" src=\"\/wp-content\/uploads\/kit-prensa\/bcvr.svg\" alt=\"\">\r\n        <\/div>\r\n\r\n        <div class=\"main_tabs\"><div class=\"wrap_tabs\"><a href=\"https:\/\/codeoscopic.com\/es\/workspace\/bcover\/\" >Bcover<\/a><a href=\"https:\/\/codeoscopic.com\/es\/workspace\/bcover\/bcover-corredores\/\" >Corredores<\/a><a href=\"https:\/\/codeoscopic.com\/es\/workspace\/bcover\/bcover-aseguradoras\/\" >Aseguradoras<\/a><\/div><\/div>\r\n    <\/div>\r\n\r\n    <div class=\"main_content_legal\">\r\n        <div class=\"wrap_content\" style=\"line-height: 1.7;\">\r\n\r\n            <div class=\"pb-20\">\r\n                <p>Bcover<\/p>\r\n                <h1 class=\"fnt-34\">T\u00e9rminos y condiciones generales de servicio<\/h1>\r\n            <\/div>\r\n            <div class=\"pb-20\">   \r\n                <h2>1. Servicios prestados por el proveedor.<\/h2>\r\n                    <p class=\"pb-15 justify\">En virtud del acceso por suscripci\u00f3n al software Bcover Gesti\u00f3n de Riesgos, el Proveedor se obliga como comercializador a la prestaci\u00f3n de los siguientes servicios (en adelante, los \u201cServicios\u201d) los cuales ser\u00e1n realizados por la empresa 115 INNOVA 24H, S.L la cual forma parte del Grupo Codeoscopic.<\/p>\r\n                    <p class=\"pb-15\"><strong>1. Disponibilidad.<\/strong>  El PROVEEDOR se obliga a mantener la infraestructura necesaria para garantizar la disponibilidad del Software de Gesti\u00f3n de Riesgos Bcover del 99% (24&#215;7).<\/p>\r\n                    <p class=\"pb-15\"><strong>2. Continuidad.<\/strong> El PROVEEDOR se compromete a restablecer el servicio a los niveles de servicio ofertados, ante la materializaci\u00f3n de una contingencia grave (que impida el uso de la aplicaci\u00f3n en su totalidad a todos los usuarios, por ejemplo ante una ca\u00edda del servidor cloud) en un plazo no superior a 24 horas desde el momento de la contingencia.<\/p>\r\n                    <p class=\"pb-15\"><strong>3. Capacidad.<\/strong> El PROVEEDOR se compromete a gestionar la capacidad de los servicios prestados de acuerdo con las necesidades del cliente. En cualquier caso el aumento de recursos para la prestaci\u00f3n del servicio implicar\u00e1 un coste adicional para el CLIENTE. Este aumento de recursos estar\u00e1 siempre sujeto a autorizaci\u00f3n expresa del CLIENTE con el fin de garantizar unos niveles de servicio adecuados. El CLIENTE deber\u00e1 informar a PROVEEDOR de posibles picos relativos al uso de recursos derivados de su actividad empresarial con un m\u00ednimo de 72h.<\/p>\r\n                    <p class=\"pb-15\"><strong>4. Funcionalidad.<\/strong> El PROVEEDOR se obliga a mantener actualizada la aplicaci\u00f3n, as\u00ed como a tener adaptados los servicios de conectividad con las fuentes de datos externas, con el objetivo de garantizar el correcto funcionamiento y el aprovechamiento de las funcionalidades ofrecidas por a trav\u00e9s de sus servicios web.<\/p>\r\n                    <p class=\"pb-15\"><strong>5. Parametrizaci\u00f3n.<\/strong> El PROVEEDOR se obliga a informar al cliente de todos aquellos par\u00e1metros que puedan considerarse din\u00e1micos en el comportamiento de la aplicaci\u00f3n, incluyendo, entre otros, logotipos, credenciales y par\u00e1metros de configuraci\u00f3n de la conexi\u00f3n con las entidades, direcciones de correo electr\u00f3nico, entre otros.<\/p>\r\n                    <p class=\"pb-15\"><strong>6. Claves configuradas.<\/strong> Solo se permite configurar claves de acceso a la aplicaci\u00f3n bajo autorizaci\u00f3n expresa del Suscriptor titular de la cuenta y de ninguna m\u00e1s sin autorizaci\u00f3n del PROVEEDOR.<\/p>\r\n                    <p class=\"pb-15\"><strong>7. Usuarios.<\/strong> El Suscriptor podr\u00e1 disponer \u00fanicamente de sus propios c\u00f3digos de usuario y autogestionar sus perfiles, dentro de los l\u00edmites establecidos mediante la cesi\u00f3n de uso del software de Gesti\u00f3n de Riesgos Bcover.<\/p>\r\n                    <p class=\"pb-15\"><strong>8. Atenci\u00f3n al Suscriptor.<\/strong> El PROVEEDOR se obliga a mantener un servicio de atenci\u00f3n al Suscriptor destinado a recibir y solventar las incidencias detectadas. Las Consultas y los reportes de Incidentes se recibir\u00e1n v\u00eda correo electr\u00f3nico de lunes a viernes en d\u00edas h\u00e1biles en el horario de 09:00h a 18:00h hora a trav\u00e9s de la direcci\u00f3n: soporte@bcover.es<\/p>\r\n               \r\n            <\/div>\r\n            <div class=\"pb-20\">   \r\n                <h2>2. Precio de los servicios disponibles.<\/h2>\r\n                    <p class=\"pb-15\">En virtud del acceso por suscripci\u00f3n al software Bcover Gesti\u00f3n de Riesgos, los precios de los servicios prestados quedan reflejados en la siguiente tabla:<\/p>\r\n\r\n<br> \r\n\r\n<table class=\"flex pb-40\">\r\n<tr>\r\n        <th class=\"w-15\">VERSI\u00d3N<\/th>\r\n        <th class=\"w-15\">CONCEPTO<\/th>\r\n        <th class=\"w-10\">PVP<\/th>\r\n        <th class=\"w-60\">QU\u00c9 INCLUYE<\/th>\r\n    <\/tr>\r\n    <tr>\r\n        <td>Bcover EST\u00c1NDAR<\/td>\r\n        <td>SETUP<\/td>\r\n        <td>995 \u20ac<\/td>\r\n        <td>\r\n&#8211; Acompa\u00f1amiento intensivo durante los primeros 60 d\u00edas para formaci\u00f3n, asesoramiento y dudas\r\n&#8211; Priorizaci\u00f3n en la resoluci\u00f3n de incidencias\r\n&#8211; Talleres pr\u00e1cticos de Bcover quincenales durante los primeros 60 d\u00edas.\r\n&#8211; Usuarios administradores (de corredur\u00eda) ilimitados (pueden ver empresas, an\u00e1lisis e informes de todos los usuarios, tanto otros administradores como colaboradores).\r\n&#8211; Consulta 15 empresas \/ mes. No se acumulan de un mes a otro.\r\n&#8211; Generaci\u00f3n 15 informes \/ mes. No se acumulan de un mes a otro.\r\n&#8211; Informe de gerencia de riesgos est\u00e1ndar (no se puede construir ADHOC)\r\n&#8211; No incluye el informe de empresa (info comercial, financiera e \u00edndices de riesgo)\r\n<\/td>\r\n        \r\n    <\/tr>\r\n    <tr>\r\n        <td><\/td>\r\n        <td>Mantenimiento mensual<\/td>\r\n        <td>99 \u20ac<\/td>\r\n        <td><\/td>\r\n        \r\n    <\/tr>\r\n    <tr>\r\n        <td>Bcover PLUS<\/td>\r\n        <td>SETUP<\/td>\r\n        <td>995 \u20ac<\/td>\r\n        <td>&#8211; Acompa\u00f1amiento intensivo durante los primeros 60 d\u00edas para formaci\u00f3n, asesoramiento y dudas\r\n&#8211; Priorizaci\u00f3n en la resoluci\u00f3n de incidencias\r\n&#8211; Talleres pr\u00e1cticos de Bcover quincenales durante los primeros 60 d\u00edas.\r\n&#8211; Usuarios administradores (de corredur\u00eda) ilimitados (pueden ver empresas, an\u00e1lisis e informes de todos los usuarios, tanto otros administradores como colaboradores).\r\n&#8211; Logotipo de corredur\u00eda y de empresa en informes\r\n&#8211; Consulta 30 empresas \/ mes. No se acumulan de un mes a otro.\r\n&#8211; Generaci\u00f3n 30 informes \/ mes. No se acumulan de un mes a otro.\r\n&#8211; Informe de gerencia de riesgos a la carta (selecci\u00f3n de criterios a la hora de generarse) &#8211; Informe de empresa (info comercial, financiera e \u00edndices de riesgo)<\/td>\r\n        \r\n    <\/tr>\r\n    <tr>\r\n        <td><\/td>\r\n        <td>Mantenimiento mensual<\/td>\r\n        <td>149,99 \u20ac<\/td>\r\n        <td><\/td>\r\n    <\/tr>\r\n    \r\n<\/table>\r\n\r\n<br><br>\r\n\r\n                    <p class=\"pb-15\">As\u00ed mismo, detallamos los precios de los servicios complementarios:<\/p>\r\n\r\n                    <p class=\"pb-15\"><strong>1. Paquetes de consultas de empresas y generaci\u00f3n de informes adicionales.<\/strong><br>\r\n                        Tienen acceso completo a Avant2 Sales Manager.<\/p>\r\n                    <p class=\"pb-15\"><strong>2. Leads segmentados a la carta.<\/strong><br>\r\n                        Servicio que permite a selecci\u00f3n y segmentaci\u00f3n de empresas autom\u00e1ticamente como leads comerciales. El coste del servicio es el siguiente:<\/p>\r\n\r\n                        <table class=\"flex pb-20\">\r\n                            <tr>\r\n                                <th style=\"width:30%;\">N\u00ba Usuarios colaboradores<\/th>\r\n                                <th>PVP por usuario (pago mensual)<\/th>\r\n                                <th>PVP por usuario (pago anual)<\/th>\r\n                            <\/tr>\r\n                            <tr>\r\n                                <td>Desde 1 hasta 5<\/td>\r\n                                <td>34,99 \u20ac\/mes<\/td>\r\n                                <td>31,49 \u20ac\/mes<\/td>               \r\n                            <\/tr>\r\n                            <tr>\r\n                                <td>Desde 6 hasta 10<\/td>\r\n                                <td>29,99 \u20ac\/mes<\/td>\r\n                                <td>26,99 \u20ac\/mes<\/td>                          \r\n                            <\/tr>\r\n                            <tr>\r\n                                <td>Desde 11 hasta 15<\/td>\r\n                                <td>24,99 \u20ac\/mes<\/td>\r\n                                <td>22,49 \u20ac\/mes<\/td>                 \r\n                            <\/tr>\r\n                            <tr>\r\n                                <td>Desde 16 hasta 20<\/td>\r\n                                <td>22,99 \u20ac\/mes<\/td>\r\n                                <td>20,69 \u20ac\/mes<\/td>      \r\n                            <\/tr>\r\n                            <tr>\r\n                                <td>Desde 21 hasta 25<\/td>\r\n                                <td>19,99 \u20ac\/mes<\/td>\r\n                                <td>17,99 \u20ac\/mes<\/td>\r\n                            <\/tr>\r\n                            <tr>\r\n                                <td>Desde 26 hasta 30<\/td>\r\n                                <td>17,99 \u20ac\/mes<\/td>\r\n                                <td>16,19 \u20ac\/mes<\/td>\r\n                            <\/tr> \r\n                            <tr>\r\n                                <td>A partir de 31<\/td>\r\n                                <td>14,99 \u20ac\/mes<\/td>\r\n                                <td>13,49 \u20ac\/mes<\/td>\r\n                            <\/tr> \r\n                        <\/table>\r\n\r\n                       <p class=\"pb-15\">A modo ejemplo, se detallan los precios de un supuesto:\r\n                        Si se solicitan <strong>120 empresas<\/strong> de la zona de Vigo, con un rango de <strong>empleados<\/strong> de m\u00e1s de <strong>50<\/strong>, el coste ser\u00eda:\r\n                        <br> &#8211; Las primeras 50 empresas a 2,99\u20ac (total de 149,5\u20ac)\r\n                        <br> &#8211; Las empresas de la 51 a la 100 a 2,49\u20ac (total de 124,5\u20ac)\r\n                        <br> &#8211; Las restantes 20 empresas a 1,99\u20ac (total de 39,8\u20ac)\r\n                        <br> &#8211; El importe total del servicio ser\u00eda de 313,8\u20ac <br>\r\n                    <\/p>\r\n                    <p class=\"pb-15\"><strong>3. Usuarios Colaboradores.<\/strong><br>\r\n                        Los usuarios Colaboradores, son usuarios de la corredur\u00eda que solo pueden ver las empresas, an\u00e1lisis e informes creados por ellos mismos.<\/p>\r\n                    <p class=\"pb-15\"><strong>4. Adaptaciones, personalizaciones y tareas t\u00e9cnicas (Presupuesto a medida)<\/strong><br>\r\n                        Tareas de consultor\u00eda, desarrollo y cobro por horas de servicios prestados de: configuraci\u00f3n, traspaso, an\u00e1lisis, setup u otras tareas t\u00e9cnicas realizadas por el servicio de atenci\u00f3n al cliente o desarrollo. Presupuesto previo.\r\n                        * Impuestos no incluidos en el Precio<\/p>\r\n                    \r\n            <\/div>\r\n            <div class=\"pb-20\">\r\n                <strong>Impuestos no incluidos en el Precio<\/strong>\r\n            <\/div>\r\n        <\/div>\r\n    <\/div>\r\n<\/div>\r\n\r\n\n    <div class=\"main_direct_footer_access\" style=\"background: url(\/wp-content\/uploads\/2025\/04\/bg.png) top center no-repeat #0e162a;\">\n        <div class=\"wrap_direct_footer_access\">\n            <p>Continua explorando soluciones que dan respuesta a las necesidades del sector asegurador<\/p>\n            <ul class=\"main_grid_cards\">\n                <li class=\"\">\n                    <a href=\"\/es?page_id=74692\" class=\"main_content avant2\">\n                        <div class=\"logo\"><img decoding=\"async\" src=\"\/wp-content\/uploads\/2024\/04\/avant2.svg\" alt=\"\"><\/div>\n                        <span class=\"text\">CRM + Multitarificador: la aplicaci\u00f3n lider para la venta de seguros<\/span>\n                        <img decoding=\"async\" class=\"screen\" src=\"\/wp-content\/uploads\/2024\/07\/screen-avant2.png\" alt=\"\">\n                    <\/a>\n                <\/li>\n                <li class=\"\">\n                    <a href=\"\/es?page_id=16602\" class=\"main_content versus\">\n                        <div class=\"logo\"><img decoding=\"async\" src=\"\/wp-content\/uploads\/2024\/04\/versus.svg\" alt=\"\"><\/div>\n                        <span class=\"text\">An\u00e1lisis segmentados del mercado, monitorizaci\u00f3n y comparaci\u00f3n de datos<\/span>\n                        <img decoding=\"async\" class=\"screen\" src=\"\/wp-content\/uploads\/2024\/07\/screen-versus.png\" alt=\"\">\n                    <\/a>\n                <\/li>\n                <li class=\"hidden\">\n                    <a href=\"\/es?page_id=75002\" class=\"main_content bcover\">\n                        <div class=\"logo\"><img decoding=\"async\" src=\"\/wp-content\/uploads\/2024\/04\/bcover.svg\" alt=\"\"><\/div>\n                        <span class=\"text\">Simplifica y automatiza el an\u00e1lisis y gesti\u00f3n de riesgos de tus clientes empresa<\/span>\n                        <img decoding=\"async\" class=\"screen\" src=\"\/wp-content\/uploads\/2024\/07\/screen-bcover.png\" alt=\"\">\n                    <\/a>\n                <\/li>\n                <li class=\"\">\n                    <a href=\"\/es?page_id=74944\" class=\"main_content tesis\">\n                        <div class=\"logo\"><img decoding=\"async\" src=\"\/wp-content\/uploads\/2024\/04\/tesis.svg\" alt=\"\"><\/div>\n                        <span class=\"text\">El ERP creado por corredores de seguros, desarrollado para los corredores de seguros<\/span>\n                        <img decoding=\"async\" class=\"screen\" src=\"\/wp-content\/uploads\/2024\/07\/screen-tesis.png\" alt=\"\">\n                    <\/a>\n                <\/li>\n                <li class=\"\">\n                    <a href=\"\/es?page_id=27385\" class=\"main_content integra\">\n                        <div class=\"logo\"><img decoding=\"async\" src=\"\/wp-content\/uploads\/2024\/04\/integra.svg\" alt=\"\"><\/div>\n                        <span class=\"text\">Te damos la bienvenida a la Conectividad con los productos Workspace<\/span>\n                        <img decoding=\"async\" class=\"screen\" src=\"\/wp-content\/uploads\/2024\/07\/screen-integra.png\" alt=\"\">\n                    <\/a>\n                <\/li>\n            <\/ul>\n        <\/div>\n    <\/div>","protected":false},"excerpt":{"rendered":"T\u00e9rminos y condiciones generales del servicio del multitarificador Avant2 Sales Manager. El futuro de la venta de seguros. Dotado de un potente CRM que se suma al multitarificador, Avant2 Sales Manager es la evoluci\u00f3n del multitarificador hacia una herramienta orientada a la gesti\u00f3n integral de cartera y la venta","protected":false},"author":13,"featured_media":0,"parent":75002,"menu_order":0,"comment_status":"closed","ping_status":"closed","template":"custom-inverted.php","meta":{"_monsterinsights_skip_tracking":false,"_monsterinsights_sitenote_active":false,"_monsterinsights_sitenote_note":"","_monsterinsights_sitenote_category":0,"footnotes":""},"class_list":["post-81116","page","type-page","status-publish","hentry"],"aioseo_notices":[],"_links":{"self":[{"href":"https:\/\/codeoscopic.com\/es\/wp-json\/wp\/v2\/pages\/81116","targetHints":{"allow":["GET"]}}],"collection":[{"href":"https:\/\/codeoscopic.com\/es\/wp-json\/wp\/v2\/pages"}],"about":[{"href":"https:\/\/codeoscopic.com\/es\/wp-json\/wp\/v2\/types\/page"}],"author":[{"embeddable":true,"href":"https:\/\/codeoscopic.com\/es\/wp-json\/wp\/v2\/users\/13"}],"replies":[{"embeddable":true,"href":"https:\/\/codeoscopic.com\/es\/wp-json\/wp\/v2\/comments?post=81116"}],"version-history":[{"count":0,"href":"https:\/\/codeoscopic.com\/es\/wp-json\/wp\/v2\/pages\/81116\/revisions"}],"up":[{"embeddable":true,"href":"https:\/\/codeoscopic.com\/es\/wp-json\/wp\/v2\/pages\/75002"}],"wp:attachment":[{"href":"https:\/\/codeoscopic.com\/es\/wp-json\/wp\/v2\/media?parent=81116"}],"curies":[{"name":"wp","href":"https:\/\/api.w.org\/{rel}","templated":true}]}}