{"id":80710,"date":"2024-10-23T15:56:14","date_gmt":"2024-10-23T13:56:14","guid":{"rendered":"https:\/\/codeoscopic.com\/?page_id=80710"},"modified":"2024-11-12T12:20:13","modified_gmt":"2024-11-12T11:20:13","slug":"terminos-y-condiciones-generales-integra","status":"publish","type":"page","link":"https:\/\/codeoscopic.com\/es\/workspace\/integra\/terminos-y-condiciones-generales-integra\/","title":{"rendered":"T\u00e9rminos y Condiciones Generales Integra"},"content":{"rendered":"<div class=\"main_cdscpc_integra_home main_cdscpc_legal\">\r\n\r\n    <div class=\"main_intro\">\r\n    \r\n        <!-- Logos -->\r\n        <div class=\"main_logos pc\">\r\n            <img decoding=\"async\" class=\"logo_wrkspc\" src=\"\/wp-content\/uploads\/kit-prensa\/workspace\/svg\/logo-wrkspc-white.svg\" alt=\"\">\r\n            <span class=\"separator\"><\/span>\r\n            <img decoding=\"async\" class=\"logo_products\" src=\"\/wp-content\/uploads\/2024\/10\/integra-white.svg\">\r\n        <\/div>\r\n    \r\n        <div class=\"main_logos mov\">\r\n            <img decoding=\"async\" class=\"logo_wrkspc\" src=\"\/wp-content\/uploads\/kit-prensa\/wrkspc.svg\" alt=\"\">\r\n            <span class=\"separator\"><\/span>\r\n            <img decoding=\"async\" src=\"\/wp-content\/uploads\/kit-prensa\/intgr.svg\" alt=\"\">\r\n       <\/div>\r\n    <\/div>    \r\n    \r\n    <div class=\"main_content_legal\">\r\n        <div class=\"wrap_content\" style=\"line-height: 1.7;\">\r\n    \r\n            <div class=\"pb-20\">\r\n                <p>Integra API Rest<\/p>\r\n                <h1 class=\"fnt-34\">T\u00e9rminos y condiciones generales de servicio<\/h1>\r\n            <\/div>\r\n            <div class=\"pb-20\">   \r\n                <ul>\r\n                    <li><a href=\"https:\/\/codeoscopic.com\/es\/workspace\/integra\/terminos-y-condiciones-generales-integra\/tarifa-base\/\">Modelo 1 &#8211; Tarifa Base  Pay as you go<\/a><\/li>\r\n                    <li><a href=\"https:\/\/codeoscopic.com\/es\/workspace\/integra\/terminos-y-condiciones-generales-integra\/tarifa-renting\/\">Modelo 2 &#8211; Tarifa RENTING (paga por Llamadas a QUOTE)<\/a><\/li>\r\n                    <li><a href=\"https:\/\/codeoscopic.com\/es\/workspace\/integra\/terminos-y-condiciones-generales-integra\/tarifa-central-de-compras\/\">Modelo 3 &#8211; Tarifa CENTRAL DE COMPRAS \/ GRANDES CUENTAS<\/a><\/li>\r\n                <\/ul>\r\n            <\/div>\r\n            <div class=\"pb-20\">   \r\n                <h2>Descripci\u00f3n del servicio:<\/h2>\r\n                    <p class=\"pb-15\">Servicio desarrollado por Codeoscopic que mediante su API portal consolida por API REST la conectividad para cotizar y emitir p\u00f3lizas por Avant2 Sales Manager. Este servicio sustituye al anteriormente existente API SOAP<\/p>\r\n                    <p class=\"pb-15\">Esta nueva API permite, en Avant2 Sales Manager,<\/p>\r\n                        <ul>\r\n                            <li>1. Permite cotizar autos, motos y hogar ( sin tunning \u00f3\u00a0 pre emisi\u00f3n).<\/li>\r\n                            <li>2. Permite recuperar la informaci\u00f3n de los proyectos cotizados.<\/li>\r\n                            <li>3. Da la posibilidad de obtener coberturas contratadas en cada precio devuelto en cotizaci\u00f3n.<\/li>\r\n                            <li>4. Da posibilidad de sacar el informe de precios que se obtiene en el multitarificador y un condicionado general de cada producto.<\/li>\r\n                        <\/ul>\r\n                    <p class=\"pb-15\">Dispone adem\u00e1s de un nuevo sistema de documentaci\u00f3n y pruebas a trav\u00e9s de un portal OpenAPI<\/p>\r\n                    <p class=\"pb-15\">Utiliza para ello un intercambio de datos en formato JSON y un protocolo de autenticaci\u00f3n OAuth2.<\/p>\r\n            <\/div>\r\n            <div class=\"pb-20\">   \r\n                <h2>Pol\u00edtica de seguridad del servicio:<\/h2>\r\n                <p class=\"pb-15\">La contrataci\u00f3n se realizara siempre mediante solicitud a nuestro equipo comercial en llamada telef\u00f3nica al 91758498 o mediante el correo electr\u00f3nico comercial@codeoscopic.com<\/p>\r\n            <\/div>\r\n            <div class=\"pb-20\">\r\n                <div class=\"pb-20\">   \r\n                    <h2>Contrataci\u00f3n del servicio:<\/h2>\r\n                    <p class=\"pb-15\">Debido a que el servicio esta vinculado a las funcionalidades, BBDD y m\u00e9todos vinculados a la aplicaci\u00f3n Avant2 Sales Manager se aplican tanto la pol\u00edtica general de privacidad como la especifica de dicha aplicaci\u00f3n al igual que las medidas de seguridad de esta. Todo ello disponible desde este enlace <a href=\"https:\/\/codeoscopic.com\/es\/workspace\/politica-de-privacidad\/\">Avant2<\/a><\/p>\r\n                    <p class=\"pb-15\">En el caso del uso de las API de Google Workspace en procesos de validaci\u00f3n no se utilizan para desarrollar, mejorar o entrenar modelos generalizados de IA y\/o ML.<\/p>\r\n                <\/div>\r\n            <\/div>\r\n        <\/div>\r\n    <\/div>\r\n<\/div>\r\n    \r\n\n    <div class=\"main_direct_footer_access\" style=\"background: url(\/wp-content\/uploads\/2025\/04\/bg.png) top center no-repeat #0e162a;\">\n        <div class=\"wrap_direct_footer_access\">\n            <p>Continua explorando soluciones que dan respuesta a las necesidades del sector asegurador<\/p>\n            <ul class=\"main_grid_cards\">\n                <li class=\"\">\n                    <a href=\"\/es?page_id=74692\" class=\"main_content avant2\">\n                        <div class=\"logo\"><img decoding=\"async\" src=\"\/wp-content\/uploads\/2024\/04\/avant2.svg\" alt=\"\"><\/div>\n                        <span class=\"text\">CRM + Multitarificador: la aplicaci\u00f3n lider para la venta de seguros<\/span>\n                        <img decoding=\"async\" class=\"screen\" src=\"\/wp-content\/uploads\/2024\/07\/screen-avant2.png\" alt=\"\">\n                    <\/a>\n                <\/li>\n                <li class=\"\">\n                    <a href=\"\/es?page_id=16602\" class=\"main_content versus\">\n                        <div class=\"logo\"><img decoding=\"async\" src=\"\/wp-content\/uploads\/2024\/04\/versus.svg\" alt=\"\"><\/div>\n                        <span class=\"text\">An\u00e1lisis segmentados del mercado, monitorizaci\u00f3n y comparaci\u00f3n de datos<\/span>\n                        <img decoding=\"async\" class=\"screen\" src=\"\/wp-content\/uploads\/2024\/07\/screen-versus.png\" alt=\"\">\n                    <\/a>\n                <\/li>\n                <li class=\"\">\n                    <a href=\"\/es?page_id=75002\" class=\"main_content bcover\">\n                        <div class=\"logo\"><img decoding=\"async\" src=\"\/wp-content\/uploads\/2024\/04\/bcover.svg\" alt=\"\"><\/div>\n                        <span class=\"text\">Simplifica y automatiza el an\u00e1lisis y gesti\u00f3n de riesgos de tus clientes empresa<\/span>\n                        <img decoding=\"async\" class=\"screen\" src=\"\/wp-content\/uploads\/2024\/07\/screen-bcover.png\" alt=\"\">\n                    <\/a>\n                <\/li>\n                <li class=\"\">\n                    <a href=\"\/es?page_id=74944\" class=\"main_content tesis\">\n                        <div class=\"logo\"><img decoding=\"async\" src=\"\/wp-content\/uploads\/2024\/04\/tesis.svg\" alt=\"\"><\/div>\n                        <span class=\"text\">El ERP creado por corredores de seguros, desarrollado para los corredores de seguros<\/span>\n                        <img decoding=\"async\" class=\"screen\" src=\"\/wp-content\/uploads\/2024\/07\/screen-tesis.png\" alt=\"\">\n                    <\/a>\n                <\/li>\n                <li class=\"hidden\">\n                    <a href=\"\/es?page_id=27385\" class=\"main_content integra\">\n                        <div class=\"logo\"><img decoding=\"async\" src=\"\/wp-content\/uploads\/2024\/04\/integra.svg\" alt=\"\"><\/div>\n                        <span class=\"text\">Te damos la bienvenida a la Conectividad con los productos Workspace<\/span>\n                        <img decoding=\"async\" class=\"screen\" src=\"\/wp-content\/uploads\/2024\/07\/screen-integra.png\" alt=\"\">\n                    <\/a>\n                <\/li>\n            <\/ul>\n        <\/div>\n    <\/div>","protected":false},"excerpt":{"rendered":"T\u00e9rminos y condiciones generales del servicio de Integra API Rest. Plataforma de conectividad que une de forma eficiente los productos de Codeoscopic Workspace, las aseguradoras y los corredores de seguros.","protected":false},"author":13,"featured_media":0,"parent":27385,"menu_order":0,"comment_status":"closed","ping_status":"closed","template":"custom-inverted.php","meta":{"_monsterinsights_skip_tracking":false,"_monsterinsights_sitenote_active":false,"_monsterinsights_sitenote_note":"","_monsterinsights_sitenote_category":0,"footnotes":""},"class_list":["post-80710","page","type-page","status-publish","hentry"],"aioseo_notices":[],"_links":{"self":[{"href":"https:\/\/codeoscopic.com\/es\/wp-json\/wp\/v2\/pages\/80710","targetHints":{"allow":["GET"]}}],"collection":[{"href":"https:\/\/codeoscopic.com\/es\/wp-json\/wp\/v2\/pages"}],"about":[{"href":"https:\/\/codeoscopic.com\/es\/wp-json\/wp\/v2\/types\/page"}],"author":[{"embeddable":true,"href":"https:\/\/codeoscopic.com\/es\/wp-json\/wp\/v2\/users\/13"}],"replies":[{"embeddable":true,"href":"https:\/\/codeoscopic.com\/es\/wp-json\/wp\/v2\/comments?post=80710"}],"version-history":[{"count":0,"href":"https:\/\/codeoscopic.com\/es\/wp-json\/wp\/v2\/pages\/80710\/revisions"}],"up":[{"embeddable":true,"href":"https:\/\/codeoscopic.com\/es\/wp-json\/wp\/v2\/pages\/27385"}],"wp:attachment":[{"href":"https:\/\/codeoscopic.com\/es\/wp-json\/wp\/v2\/media?parent=80710"}],"curies":[{"name":"wp","href":"https:\/\/api.w.org\/{rel}","templated":true}]}}