{"id":80363,"date":"2024-10-16T16:30:25","date_gmt":"2024-10-16T14:30:25","guid":{"rendered":"https:\/\/codeoscopic.com\/?page_id=80363"},"modified":"2025-12-17T15:15:39","modified_gmt":"2025-12-17T14:15:39","slug":"politica-de-privacidad","status":"publish","type":"page","link":"https:\/\/codeoscopic.com\/es\/workspace\/politica-de-privacidad\/","title":{"rendered":"Pol\u00edtica de privacidad"},"content":{"rendered":"<div class=\"main_cdscpc_wrkspce\">\r\n            <div class=\"wrap_cdscpc_wrkspce\">\r\n\r\n                <!-- Claim -->\r\n                <div class=\"main_claim\">\r\n                    <div class=\"logo\">\r\n                        <img decoding=\"async\" class=\"ball\" src=\"\/wp-content\/uploads\/2022\/03\/ball-blur.svg\" alt=\"\">\r\n                        <img decoding=\"async\" class=\"logo_workspace\" src=\"\/wp-content\/uploads\/2022\/03\/workspace-logo.svg\" alt=\"\"><\/div>\r\n                    <h1>Pol\u00edtica de Privacidad<\/h1>\r\n                <\/div>\r\n\r\n\r\n<div class=\"main_cdscpc_default_page\" style=\"background: none; padding:10px 10px 50px;\">\r\n\r\n        <!-- Content -->\r\n        <div class=\"wrap_cdscpc_default_page\">\r\n\r\n            <h2>Ley aplicable<\/h2>\r\n                <p>El presente acuerdo de prestaci\u00f3n de servicios se regir\u00e1 por la Ley Org\u00e1nica 3\/2018 de Protecci\u00f3n de Datos Personales y garant\u00eda de los derechos digitales (en adelante, la \u201cLOPDGDD\u201d), el Reglamento (EU) 2016\/679 del Parlamento Europeo y del Consejo de 27 de abril de 2016, relativo a la protecci\u00f3n de las personas f\u00edsicas en lo que respecta al tratamiento de datos personales y a la libre circulaci\u00f3n de estos datos (en adelante, el \u201cReglamento\u201d) y cualquier otra disposici\u00f3n en materia de protecci\u00f3n de datos de la Uni\u00f3n o de los Estados miembros.<\/p>\r\n            <h2>2. Objeto del encargado de tratamiento<\/h2>\r\n                <p>Para prestar los servicios SAAS, CODEOSCOPIC S.A., queda habilitado con las siguientes clausulas como encargada del tratamiento, para tratar por cuenta de su clientes, responsables del tratamiento, los datos de car\u00e1cter personal necesarios.<\/p>\r\n                <p>Concretamente el tratamiento consistir\u00e1 en las siguientes funciones.<\/p>\r\n                <p>La concreci\u00f3n de las operaciones de tratamiento a realizar consistir\u00e1 en lo especificado en el apartado de cada uno de los servicios:<\/p>\r\n                    <ul>\r\n                        <li><a href=\"https:\/\/codeoscopic.com\/es\/workspace\/avant2\/politica-de-privacidad-avant2\/\" style=\"color:#a5a7b5;\" onmouseover=\"this.style.color='#b89315'\" onmouseout=\"this.style.color='#a5a7b5'\"\r\n>Avant2 Sales Manager<\/a><\/li>\r\n                        <li><a href=\"https:\/\/codeoscopic.com\/es\/workspace\/tesis\/politica-de-privacidad-tesis\/\" style=\"color:#a5a7b5;\" onmouseover=\"this.style.color='#b89315'\" onmouseout=\"this.style.color='#a5a7b5'\">Tesis Broker Manager<\/a><\/li>\r\n                        <li><a href=\"https:\/\/codeoscopic.com\/es\/workspace\/bcover\/politica-de-privacidad-bcover\/\" style=\"color:#a5a7b5;\" onmouseover=\"this.style.color='#b89315'\" onmouseout=\"this.style.color='#a5a7b5'\">Bcover Gesti\u00f3n de Riesgos<\/a><\/li>\r\n                        <li><a href=\"https:\/\/codeoscopic.com\/es\/workspace\/integra\/politica-de-privacidad-integra\/\" style=\"color:#a5a7b5;\" onmouseover=\"this.style.color='#b89315'\" onmouseout=\"this.style.color='#a5a7b5'\">Integra API Rest<\/a><\/li>\r\n                    <\/ul>\r\n            <h2>3. Identificaci\u00f3n de la informacion afectada<\/h2>\r\n                <p>Para la ejecuci\u00f3n de las prestaciones derivadas del cumplimiento del objeto de este encargo, el responsable del tratamiento pone a disposici\u00f3n del encargado del tratamiento, toda la informaci\u00f3n, de clientes y empleados, que sea imprescindible para el buen desempe\u00f1o de las mismas. Asimismo, si es necesario podr\u00e1 conectarse a los equipos propiedad del responsable de tratamiento a trav\u00e9s de aplicaciones de conexi\u00f3n remota, siempre previa autorizaci\u00f3n del responsable.<\/p>\r\n\r\n            <h2>4. Duraci\u00f3n<\/h2>\r\n                <p>El presente acuerdo tiene una duraci\u00f3n indefinida, vinculada a la duraci\u00f3n de la suscripci\u00f3n del servicio realizado. Una vez finalice la presente prestaci\u00f3n del servicio, el encargado del tratamiento debe devolver al responsable o a la empresa que \u00e9ste designe los datos personales y suprimir cualquier copia que obre en poder del encargado. Sin perjuicio de lo anterior, el encargado podr\u00e1 mantener todos aquellos datos que no se definen como datos personales de acuerdo al Reglamento y a la LOPDGDD con el fin de elaborar estudios de mercado.<\/p>\r\n\r\n            <h2>5. Obligaciones del encargado<\/h2>\r\n                <p>El encargado del tratamiento y todo su personal se obliga a:<\/p>\r\n                <ol>\r\n                    <li>Utilizar los datos personales objeto de tratamiento, o los que recoja para su inclusi\u00f3n, s\u00f3lo para la finalidad objeto de este encargo. En ning\u00fan caso podr\u00e1 utilizar los datos para fines propios.<\/li>\r\n                    <li>Tratar los datos de acuerdo con las instrucciones del responsable del tratamiento. Si el encargado del tratamiento considera que alguna de las instrucciones infringe la LOPDGDD, el Reglamento o cualquier otra disposici\u00f3n en materia de protecci\u00f3n de datos de la Uni\u00f3n o de los Estados miembros, el encargado informar\u00e1 inmediatamente al responsable.<\/li>\r\n                    <li>En su caso, el encargado llevar\u00e1 por escrito un registro de todas las categor\u00edas de actividades de tratamiento efectuadas por cuenta del responsable, que contenga:\r\n                      &#8211; 3.1 El nombre y los datos de contacto del encargado o encargados y de cada responsable por cuenta del cual act\u00fae el encargado y, en su caso, del representante del responsable o del encargado y del delegado de protecci\u00f3n de datos.\r\n                      &#8211; 3.2 Las categor\u00edas de tratamientos efectuados por cuenta de cada responsable.\r\n                      &#8211; 3.3 En su caso, las transferencias de datos personales a un tercer pa\u00eds u organizaci\u00f3n internacional, incluida la identificaci\u00f3n de dicho tercer pa\u00eds u organizaci\u00f3n internacional y, en el caso de las transferencias indicadas en el art\u00edculo 49 apartado 1, p\u00e1rrafo segundo del RGPD, la documentaci\u00f3n de garant\u00edas adecuadas.\r\n                      &#8211; 3.4 Una descripci\u00f3n general de las medidas t\u00e9cnicas y organizativas de seguridad.\r\n                    <\/li>\r\n                    <li>No comunicar los datos a terceras personas, salvo que cuente con la autorizaci\u00f3n expresa del responsable del tratamiento, en los supuestos legalmente admisibles. El encargado puede comunicar los datos a otros encargados del tratamiento del mismo responsable, de acuerdo con las instrucciones del responsable. En este caso, el responsable identificar\u00e1, de forma previa y por escrito, la entidad a la que se deben comunicar los datos, los datos a comunicar y las medidas de seguridad a aplicar para proceder a la comunicaci\u00f3n. Si el encargado debe transferir datos personales a un tercer pa\u00eds o a una organizaci\u00f3n internacional, en virtud del Derecho de la Uni\u00f3n o de los Estados miembros que le sea aplicable, informar\u00e1 al responsable de esa exigencia legal de manera previa, salvo que tal Derecho lo proh\u00edba por razones importantes de inter\u00e9s p\u00fablico.<\/li>\r\n                    <li>Mantener el deber de secreto respecto a los datos de car\u00e1cter personal a los que haya tenido acceso en virtud del presente encargo, incluso despu\u00e9s de que finalice su objeto.<\/li>\r\n                    <li>Garantizar que las personas autorizadas para tratar datos personales se comprometan, de forma expresa y por escrito, a respetar la confidencialidad y a cumplir las medidas de seguridad correspondientes, de las que hay que informarles convenientemente.<\/li>\r\n                    <li>Mantener a disposici\u00f3n del responsable la documentaci\u00f3n acreditativa del cumplimiento de la obligaci\u00f3n establecida en el apartado anterior.<\/li>\r\n                    <li>Garantizar la formaci\u00f3n necesaria en materia de protecci\u00f3n de datos personales de las personas autorizadas para tratar datos personales.<\/li>\r\n                    <li>Dar apoyo al responsable del tratamiento en la realizaci\u00f3n de las evaluaciones de impacto relativas a la protecci\u00f3n de datos, cuando proceda.<\/li>\r\n                    <li>Dar apoyo al responsable del tratamiento en la realizaci\u00f3n de las consultas previas a la autoridad de control, cuando proceda.<\/li>\r\n                    <li>Poner a disposici\u00f3n del responsable toda la informaci\u00f3n necesaria para demostrar el cumplimiento de sus obligaciones, as\u00ed como para la realizaci\u00f3n de las auditor\u00edas o las inspecciones que realicen el responsable u otro auditor autorizado por \u00e9l.<\/li>\r\n                <\/ol>\r\n            <h2>6. Subcontrataci\u00f3n<\/h2>\r\n                <p>Se autoriza al encargado a poder subcontratar con un tercero determinados servicios, como los servicios de alojamiento de la aplicaci\u00f3n, necesarios para la suscripci\u00f3n del servicio objeto de este contrato. Los servidores est\u00e1n ubicados dentro de la Uni\u00f3n Europea.<\/p>\r\n                <p>El subcontratista, que tambi\u00e9n tiene la condici\u00f3n de encargado del tratamiento, est\u00e1 obligado igualmente a cumplir las obligaciones establecidas en este documento para el encargado del tratamiento y las instrucciones que dicte el responsable. Corresponde al encargado inicial regular la nueva relaci\u00f3n, de forma que el nuevo encargado quede sujeto a las mismas condiciones (instrucciones, obligaciones, medidas de seguridad, entre otras) y con los mismos requisitos formales que \u00e9l, en lo referente al adecuado tratamiento de los datos personales y a la garant\u00eda de los derechos de las personas afectadas. En el caso de incumplimiento por parte del sub-encargado, el encargado inicial seguir\u00e1 siendo plenamente responsable ante el responsable en lo referente al cumplimiento de las obligaciones.<\/p>\r\n            <h2>7. Identificaci\u00f3n de la informacion afectada<\/h2>\r\n                <p>El encargado de tratamiento debe asistir al responsable del tratamiento en la respuesta al ejercicio de los derechos:<\/p>\r\n                <ol>\r\n                    <li>De Acceso, rectificaci\u00f3n, supresi\u00f3n y oposici\u00f3n.<\/li>\r\n                    <li>Limitaci\u00f3n del tratamiento.<\/li>\r\n                    <li>De Portabilidad de datos.<\/li>\r\n                    <li>A no ser objeto de decisiones individualizadas automatizadas (incluida la elaboraci\u00f3n de perfiles).<\/li>\r\n                <\/ol>\r\n                <p>Cuando las personas afectadas ejerzan los derechos de acceso, rectificaci\u00f3n, supresi\u00f3n, oposici\u00f3n, limitaci\u00f3n del tratamiento y\/o portabilidad de datos y a no ser objeto de decisiones individualizadas automatizadas, ante el encargado del tratamiento, \u00e9ste debe comunicarlo al responsable. La comunicaci\u00f3n debe hacerse de forma inmediata y en ning\u00fan caso m\u00e1s all\u00e1 del d\u00eda laborable siguiente al de la recepci\u00f3n de la solicitud, juntamente, en su caso, con otras informaciones que puedan ser relevantes para resolver la solicitud.<\/p>\r\n            <h2>8. Derecho de informacion<\/h2>\r\n                <p>Corresponde al responsable facilitar el derecho de informaci\u00f3n en el momento de la recogida de los datos.<\/p>   \r\n            <h2>9. Notificaci\u00f3n de violaci\u00f3nes de seguridad o incidencias<\/h2>\r\n                <p>El encargado del tratamiento notificar\u00e1 al responsable del tratamiento, sin dilaci\u00f3n indebida y, en cualquier caso, antes del plazo m\u00e1ximo de 72 horas y a trav\u00e9s de cualquier medio, las violaciones de la seguridad de los datos personales a su cargo de las que tenga conocimiento, juntamente con toda la informaci\u00f3n relevante para la documentaci\u00f3n y comunicaci\u00f3n de la incidencia.\u00a0 No ser\u00e1 necesaria la notificaci\u00f3n cuando sea improbable que dicha violaci\u00f3n de la seguridad constituya un riesgo para los derechos y las libertades de las personas f\u00edsicas. Si no es posible facilitar la informaci\u00f3n simult\u00e1neamente, y en la medida en que no lo sea, la informaci\u00f3n se facilitar\u00e1 de manera gradual sin dilaci\u00f3n indebida.<\/p>\r\n                <p>Corresponde al encargado del tratamiento comunicar las violaciones de la seguridad de los datos a la Autoridad de Protecci\u00f3n de Datos.\u00a0 En ambos casos, la comunicaci\u00f3n contendr\u00e1, como m\u00ednimo, la informaci\u00f3n siguiente:<\/p>\r\n                <ul>\r\n                    <li>a) Descripci\u00f3n de la naturaleza de la violaci\u00f3n de la seguridad de los datos personales, inclusive, cuando sea posible, las categor\u00edas y el n\u00famero aproximado de interesados afectados, y las categor\u00edas y el n\u00famero aproximado de registros de datos personales afectados.<\/li>\r\n                    <li>b) Nombre y datos de contacto del delegado de protecci\u00f3n de datos o de otro punto de contacto en el que pueda obtenerse m\u00e1s informaci\u00f3n.<\/li>\r\n                    <li>c) Descripci\u00f3n de las posibles consecuencias de la violaci\u00f3n de la seguridad de los datos personales.<\/li>\r\n                    <li>d) Descripci\u00f3n de las medidas adoptadas o propuestas para poner remedio a la violaci\u00f3n de la seguridad de los datos personales, incluyendo, si procede, las medidas adoptadas para mitigar los posibles efectos negativos.<\/li>\r\n                <\/ul>  \r\n            <h2>10. Medidas de Seguridad<\/h2>\r\n                <p>El encargado deber\u00e1 implementar mecanismos para:<\/p>\r\n                    <ol>\r\n                        <li>Garantizar la confidencialidad, integridad, disponibilidad y resiliencia permanentes de los sistemas y servicios de tratamiento.<\/li>\r\n                        <li>Restaurar la disponibilidad y el acceso a los datos personales de forma r\u00e1pida, en caso de incidente f\u00edsico o t\u00e9cnico.<\/li>\r\n                        <li>Verificar, evaluar y valorar, de forma regular, la eficacia de las medidas t\u00e9cnicas y organizativas implantadas para garantizar la seguridad del tratamiento.<\/li>\r\n                        <li>Seudonimizar y cifrar los datos personales, en su caso.<\/li>\r\n                    <\/ol>\r\n                <p>En este sentido, el encargado se obliga a garantizar la seguridad de los tratamientos realizados en sus instalaciones con datos del responsable, adoptando las medidas t\u00e9cnicas y organizativas apropiadas para garantizar un nivel de seguridad adecuado al riesgo, teniendo en cuenta el estado de la t\u00e9cnica, los costes de aplicaci\u00f3n, y la naturaleza, el alcance, el contexto y los fines del tratamiento, as\u00ed como los riesgos de probabilidad y gravedad variables para los derechos y libertades de las personas f\u00edsicas. La determinaci\u00f3n de las concretas medidas a implantar se especifica en el apartado de cada servicio en este documento.<\/p>               \r\n            <h2>11. Delegado de protecci\u00f3n de datos<\/h2>\r\n                <p>El encargado del tratamiento notificar\u00e1 al responsable, en caso de ser nombrado, la identidad y datos de contacto del delegado de protecci\u00f3n de datos.<\/p>\r\n                <p>Codeoscopic informa que las funciones de Delegado de Protecci\u00f3n de Datos recaen sobre la empresa *Explotaci\u00f3n de Software Integral S.L* con las capacidades para realizar dichas funciones y registrado en la AEPD como tal. As\u00ed mismo estar\u00e1 disponible para cualquier necesidad en el mail dpd@codeoscopic.com<\/p>    \r\n            <h2>12. Finalizaci\u00f3n del servicio<\/h2>\r\n                <p>Una vez finalizada la suscripci\u00f3n de los servicios, el encargado del tratamiento deber\u00e1 devolver al responsable del tratamiento o a otro encargado designado por el responsable los datos de car\u00e1cter personal y, si procede, los soportes donde consten.<\/p>\r\n                <p>La devoluci\u00f3n debe comportar el borrado total de los datos existentes en los equipos inform\u00e1ticos utilizados por el encargado con excepci\u00f3n de todos aquellos datos que no se definen como datos personales de acuerdo al Reglamento y a la LOPDGDD con el fin de elaborar estudios de mercado.<\/p>\r\n                <p>No obstante, el encargado puede conservar una copia, con los datos debidamente bloqueados, mientras puedan derivarse responsabilidades de la ejecuci\u00f3n de la suscripci\u00f3n.<\/p>                \r\n            <h2>13. Obligaciones del responsable de tratamiento<\/h2>\r\n                <p>Corresponde al responsable del tratamiento:<\/p>\r\n                <ul>\r\n                    <li>a) Entregar al encargado los datos a los que se refiere la cl\u00e1usula 2 de este documento.<\/li>\r\n                    <li>b) Realizar una evaluaci\u00f3n del impacto en la protecci\u00f3n de datos personales de las operaciones de tratamiento a realizar por el encargado.<\/li>\r\n                    <li>c) Realizar las consultas previas que corresponda.<\/li>\r\n                    <li>d) Velar, de forma previa y durante todo el tratamiento, por el cumplimiento del RGPD por parte del encargado.<\/li>\r\n                    <li>e) Supervisar el tratamiento, incluida la realizaci\u00f3n de inspecciones y auditor\u00edas.<\/li>\r\n                <\/ul>\r\n            <h2>14. Deber de informaci\u00f3n mutuo<\/h2>\r\n                <p>Ambas partes se informan mutuamente de que los datos personales de las personas que figuran en el encabezamiento del presente documento ser\u00e1n tratados por cada una de ellas con la finalidad de gestionar el objeto de este documento y el env\u00edo de informaci\u00f3n comercial por parte del encargado de productos y servicios similares a los contratados por el responsable. La base legal para el tratamiento de los datos es la ejecuci\u00f3n de un contrato y el inter\u00e9s leg\u00edtimo del encargado en el caso de los env\u00edos comerciales. Los datos no ser\u00e1n cedidos a terceros, salvo obligaci\u00f3n legal o responda a una necesidad para el desarrollo, cumplimiento y control de la relaci\u00f3n existente. Los datos personales proporcionados se conservar\u00e1n mientras se mantenga la relaci\u00f3n contractual. Finalizada la relaci\u00f3n comercial los datos ser\u00e1n conservados mientras sea necesario para dar cumplimiento a las obligaciones legales, con el fin de poder responder frente a posibles incidencias de los servicios realizados. Una vez prescritas las responsabilidades derivadas de dichas obligaciones legales sus datos ser\u00e1n suprimidos.<\/p>\r\n                <p>Los firmantes tienen derecho a acceder a sus datos personales, a solicitar la rectificaci\u00f3n de los que sean inexactos, as\u00ed como a su supresi\u00f3n cuando, entre otros motivos, ya no sean necesarios para los fines que fueron recogidos. En determinadas circunstancias, tambi\u00e9n podr\u00e1n solicitar la limitaci\u00f3n de su tratamiento, en cuyo caso \u00fanicamente se conservar\u00e1n para el ejercicio o la defensa de reclamaciones. Asimismo, podr\u00e1n revocar el consentimiento prestado y pedir la portabilidad de sus datos. Por motivos relacionados con su situaci\u00f3n particular, podr\u00e1n oponerse al tratamiento de los mismos y la otra parte dejar\u00e1 de tratarlos, salvo por motivos leg\u00edtimos imperiosos, o el ejercicio o la defensa de posibles reclamaciones. Podr\u00e1n ejercer sus derechos en el domicilio social del responsable arriba indicado que corresponda, adjuntando fotocopia del DNI e indicando el derecho que ejercita.<\/p>\r\n                <p>Ambas partes, con renuncia expresa al fuero que por ley pudiera corresponderles, se someten a la jurisdicci\u00f3n de los Juzgados y Tribunales de Madrid, para la resoluci\u00f3n de las controversias que surjan con motivo de la interpretaci\u00f3n o de la ejecuci\u00f3n del presente contrato.<\/p>\r\n\r\n<p><a href=\"https:\/\/forms.zohopublic.com\/Grupo_Codeoscopic\/form\/DescargadocumentoPolticadePrivacidadCodeoscopic\/formperma\/zPpfcJKQsr8X1XPdBMd5w4exXfD1S4GDt28M4CgiPTM\" target=\"_blank\" style=\"color:#838592;\" onmouseover=\"this.style.color='#b89315'\" onmouseout=\"this.style.color='#838592'\">Descargar Pol\u00edtica de Privacidad.<\/a><\/p>\r\n\r\n\r\n        <\/div>\r\n<\/div>\r\n\r\n            <\/div>\r\n\t\t<\/div>","protected":false},"excerpt":{"rendered":"Pol\u00edtica de privacidad de las aplicaciones de Codeoscopic Workspace;  Avant2 Sales Manager, Tesis Broker Manager, BCover Risk Management, Integra API REST.","protected":false},"author":13,"featured_media":80462,"parent":16420,"menu_order":0,"comment_status":"closed","ping_status":"closed","template":"custom-inverted.php","meta":{"_monsterinsights_skip_tracking":false,"_monsterinsights_sitenote_active":false,"_monsterinsights_sitenote_note":"","_monsterinsights_sitenote_category":0,"footnotes":""},"class_list":["post-80363","page","type-page","status-publish","has-post-thumbnail","hentry"],"aioseo_notices":[],"_links":{"self":[{"href":"https:\/\/codeoscopic.com\/es\/wp-json\/wp\/v2\/pages\/80363","targetHints":{"allow":["GET"]}}],"collection":[{"href":"https:\/\/codeoscopic.com\/es\/wp-json\/wp\/v2\/pages"}],"about":[{"href":"https:\/\/codeoscopic.com\/es\/wp-json\/wp\/v2\/types\/page"}],"author":[{"embeddable":true,"href":"https:\/\/codeoscopic.com\/es\/wp-json\/wp\/v2\/users\/13"}],"replies":[{"embeddable":true,"href":"https:\/\/codeoscopic.com\/es\/wp-json\/wp\/v2\/comments?post=80363"}],"version-history":[{"count":0,"href":"https:\/\/codeoscopic.com\/es\/wp-json\/wp\/v2\/pages\/80363\/revisions"}],"up":[{"embeddable":true,"href":"https:\/\/codeoscopic.com\/es\/wp-json\/wp\/v2\/pages\/16420"}],"wp:featuredmedia":[{"embeddable":true,"href":"https:\/\/codeoscopic.com\/es\/wp-json\/wp\/v2\/media\/80462"}],"wp:attachment":[{"href":"https:\/\/codeoscopic.com\/es\/wp-json\/wp\/v2\/media?parent=80363"}],"curies":[{"name":"wp","href":"https:\/\/api.w.org\/{rel}","templated":true}]}}