{"id":80349,"date":"2024-10-16T12:42:40","date_gmt":"2024-10-16T10:42:40","guid":{"rendered":"https:\/\/codeoscopic.com\/?page_id=80349"},"modified":"2025-06-13T06:56:40","modified_gmt":"2025-06-13T04:56:40","slug":"terminos-y-condiciones-generales-avant2","status":"publish","type":"page","link":"https:\/\/codeoscopic.com\/es\/workspace\/avant2\/terminos-y-condiciones-generales-avant2\/","title":{"rendered":"T\u00e9rminos y Condiciones Generales Avant2"},"content":{"rendered":"<div class=\"main_cdscpc_avant2_home main_cdscpc_legal\">\r\n\r\n    <div class=\"main_intro\">\r\n        <div class=\"main_logos pc\">\r\n            <img decoding=\"async\" class=\"logo_wrkspc\" src=\"\/wp-content\/uploads\/kit-prensa\/workspace\/svg\/logo-wrkspc-white.svg\" alt=\"\">\r\n            <span class=\"separator\"><\/span>\r\n            <img decoding=\"async\" src=\"\/wp-content\/uploads\/kit-prensa\/avant2\/svg\/logo-avant2-white.svg\" alt=\"\">\r\n        <\/div>\r\n\r\n        <div class=\"main_logos mov\">\r\n            <img decoding=\"async\" class=\"logo_wrkspc\" src=\"\/wp-content\/uploads\/kit-prensa\/wrkspc.svg\" alt=\"\">\r\n            <span class=\"separator\"><\/span>\r\n            <img decoding=\"async\" src=\"\/wp-content\/uploads\/kit-prensa\/avnt.svg\" alt=\"\">\r\n        <\/div>\r\n\r\n       <div class=\"main_tabs\"><div class=\"wrap_tabs\"><a href=\"https:\/\/codeoscopic.com\/es\/workspace\/avant2\/\" >Avant2<\/a><a href=\"https:\/\/codeoscopic.com\/es\/workspace\/avant2\/avant2-productos-y-companias\/\" >Productos &#038; Cias<\/a><a href=\"https:\/\/codeoscopic.com\/es\/workspace\/avant2\/avant2-crm\/\" >CRM<\/a><a href=\"https:\/\/codeoscopic.com\/es\/workspace\/avant2\/avant2-conexion-con-erp\/\" >Conexi\u00f3n con ERPs<\/a><\/div><\/div>\r\n    <\/div>\r\n\r\n    <div class=\"main_content_legal\">\r\n        <div class=\"wrap_content\" style=\"line-height: 1.7;\">\r\n\r\n            <div class=\"pb-20\">\r\n                <p>Avant2 Sales Manager<\/p>\r\n                <h1 class=\"fnt-34\">T\u00e9rminos y condiciones generales de servicio<\/h1>\r\n            <\/div>\r\n            <div class=\"pb-20\">   \r\n                <h2>1. Servicios prestados por el proveedor.<\/h2>\r\n                    <p class=\"pb-15\">En virtud del acceso por suscripci\u00f3n al software Avant2 Sales Manager, el Proveedor se obliga a la prestaci\u00f3n de los siguientes servicios (en adelante, los \u201cServicios\u201d).<\/p>\r\n                    <p class=\"pb-15\"><strong>1.1 Disponibilidad.<\/strong> El Proveedor se obliga a mantener la infraestructura necesaria para garantizar la disponibilidad del Multitarificador\/CRM Avant2 Sales Manager de al menos el 99%.<\/p>\r\n                    <p class=\"pb-15\"><strong>1.2 Funcionalidad.<\/strong> El Proveedor se obliga a mantener actualizados los formularios de los diferentes productos aseguradores, as\u00ed como a tener adaptados los servicios de conectividad con las entidades aseguradoras, con el objetivo de garantizar el correcto funcionamiento y el aprovechamiento de las funcionalidades ofrecidas por las entidades a trav\u00e9s de sus servicios web. Para una consulta detallada de las funcionalidades del Multitarificador\/CRM visitar: <a href=\"https:\/\/codeoscopic.com\/es\/workspace\/avant2\/avant2-crm\/\">CRM<\/a><\/p>\r\n                    <p class=\"pb-15\"><strong>1.3 Parametrizaci\u00f3n.<\/strong> El Proveedor se obliga a exponer, mediante pantallas de configuraci\u00f3n auto gestionables por el Suscriptor, todos aquellos par\u00e1metros que puedan considerarse din\u00e1micos en el comportamiento de la aplicaci\u00f3n, incluyendo, entre otros, logotipos, credenciales y par\u00e1metros de configuraci\u00f3n de la conexi\u00f3n con las entidades, direcciones de correo electr\u00f3nico, valores por defecto en los diferentes productos de cada entidad, entre otros.<\/p>\r\n                    <p class=\"pb-15\"><strong>1.4 Claves configuradas.<\/strong> Solo se permite configurar claves de aseguradoras del Suscriptor titular de la cuenta y de ninguna m\u00e1s sin autorizaci\u00f3n del Proveedor.<\/p>\r\n                    <p class=\"pb-15\"><strong>1.5 Usuarios.<\/strong> El Suscriptor podr\u00e1 disponer \u00fanicamente sus propios c\u00f3digos de usuario y autogestionar sus perfiles, dentro de los l\u00edmites establecidos mediante la cesi\u00f3n de uso del Multitarificador\/CRM.<\/p>\r\n                    <p class=\"pb-15\"><strong>1.6 Atenci\u00f3n al Suscriptor.<\/strong> El Proveedor se obliga a mantener un servicio de atenci\u00f3n al Suscriptor destinado a recibir y solventar las incidencias detectadas.<\/p>\r\n\r\n                    <p class=\"pb-15\"> Dicho servicio de atenci\u00f3n al Suscriptor ser\u00e1 prestado indistintamente por el portal de autoservicio y\/o correo electr\u00f3nico, en los tel\u00e9fonos y direcciones de correo notificadas para tal efecto al Suscriptor.<\/p>\r\n                    <ul>\r\n                        <li>En el portal de autoservicio ubicado en la web: <a href=\"https:\/\/soporte.codeoscopic.com\">codeoscopic.com<\/a><\/li>\r\n                        <li>En el correo electr\u00f3nico soporte@codeoscopic.com<\/li>\r\n                    <\/ul>\r\n                    <p class=\"pb-15\">El horario de atenci\u00f3n de dicho servicio ser\u00e1:<br\/>\r\n                    &#8211; Horario de invierno (septiembre a junio): de lunes a jueves laborables (no festivos), de 9:00h a 18:00h y viernes (no festivos), de 9:00h a 15:00h.<br\/>\r\n                    &#8211; Horario de verano (julio y agosto): de lunes a viernes laborables (no festivos), de 8:00h a 14:30h.\r\n                    <\/p>\r\n            <\/div>\r\n            <div class=\"pb-20\">   \r\n                <h2>2. Precio de los servicios disponibles.<\/h2>\r\n                    <p class=\"pb-15\">En virtud del acceso por suscripci\u00f3n al software Avant2 Sales Manager, los precios de los servicios prestados son estos:<\/p>\r\n                    <p class=\"pb-15\"><strong>1. Usuario comercial. (desde, 23,95\u20ac\/mes por usuario)<\/strong><br>\r\n                        Usuario Comercial (Avant2 Sales Manager).<br>\r\n                        Tienen acceso completo a Avant2 Sales Manager.<\/p>\r\n                    <p class=\"pb-15\"><strong>2. Complemento Tarificador WEB HTML. (desde, 30\u20ac\/mes por Ramo)<\/strong><br>\r\n                        Permite incrustar Avant2 Sales Manager HTML en la web de tu corredur\u00eda o la de tus colaboradores affinitys. El cliente podr\u00e1 introducir sus datos y cotizar sus riesgos de manera sencilla y directa en la web. Y esa cotizaci\u00f3n quedar\u00e1 volcada en tu Avant2 Sales Manager, disponible para que el corredor la recupere para su gesti\u00f3n comercial.<\/p>\r\n                    <p class=\"pb-15\"><strong>3. Complemento IdentifyCar. (desde, 12\u20ac\/mes)<\/strong><br>\r\n                        Una aplicaci\u00f3n integrada en Avant2 Sales Manager, con un motor de b\u00fasqueda autom\u00e1tica de versiones de veh\u00edculos a partir de su matr\u00edcula. Al introducir los datos en tu entorno Avant2 Sales Manager, IdentifyCar filtra marca, modelo y versi\u00f3n.<\/p>\r\n                    <p class=\"pb-15\"><strong>4. Complemento Gestor de Firmas (desde, 100\u20ac)<\/strong><br>\r\n                        Consigue la firma digital de tu cliente en cualquier documento, con todos los requisitos legales cubiertos. Ahorra tiempo, aporta servicio y cierra tus operaciones a distancia y en cualquier dispositivo m\u00f3vil.<\/p>\r\n                    <p class=\"pb-15\"><strong>5. Servicio API REST (Consulta tarifas <a href=\"https:\/\/codeoscopic.com\/es\/workspace\/integra\/terminos-y-condiciones-generales-integra\/\">aqu\u00ed<\/a>)<\/strong><br>\r\n                        Servicio desarrollado por Codeoscopic que mediante su API portal consolida por API REST la conectividad para cotizar y emitir p\u00f3lizas por Avant2 Sales Manager. Este servicio sustituye al anteriormente existente API SOAP<\/p>\r\n                    <p class=\"pb-15\"><strong>6. Tareas T\u00e9cnicas (Presupuesto a medida)<\/strong><br>   \r\n                        Tareas de intervenci\u00f3n y cobro por horas de servicios de configuraci\u00f3n, traspaso, setup u otras tareas t\u00e9cnicas realizados por el servicio de atenci\u00f3n al cliente o desarrollo, para configuraciones especiales, tareas no incluidas en el servicio inicial o delegaci\u00f3n de tareas sobre la herramienta contratadas por el suscriptor al proveedor de forma recurrente<\/p>\r\n            <\/div>\r\n            <div class=\"pb-20\">\r\n                <strong>Impuestos no incluidos en el Precio<\/strong>\r\n            <\/div>\r\n            <h3 class=\"pb-20\">\r\n                <a href=\"https:\/\/codeoscopic.com\/es\/workspace\/terminos-y-condiciones-generales\/\"> >> T\u00e9rminos y Condiciones Generales del servicio de Codeoscopic Workspace<\/a>\r\n            <\/h3>\r\n        <\/div>\r\n    <\/div>\r\n<\/div>\r\n\r\n\n    <div class=\"main_direct_footer_access\" style=\"background: url(\/wp-content\/uploads\/2025\/04\/bg.png) top center no-repeat #0e162a;\">\n        <div class=\"wrap_direct_footer_access\">\n            <p>Continua explorando soluciones que dan respuesta a las necesidades del sector asegurador<\/p>\n            <ul class=\"main_grid_cards\">\n                <li class=\"hidden\">\n                    <a href=\"\/es?page_id=74692\" class=\"main_content avant2\">\n                        <div class=\"logo\"><img decoding=\"async\" src=\"\/wp-content\/uploads\/2024\/04\/avant2.svg\" alt=\"\"><\/div>\n                        <span class=\"text\">CRM + Multitarificador: la aplicaci\u00f3n lider para la venta de seguros<\/span>\n                        <img decoding=\"async\" class=\"screen\" src=\"\/wp-content\/uploads\/2024\/07\/screen-avant2.png\" alt=\"\">\n                    <\/a>\n                <\/li>\n                <li class=\"\">\n                    <a href=\"\/es?page_id=16602\" class=\"main_content versus\">\n                        <div class=\"logo\"><img decoding=\"async\" src=\"\/wp-content\/uploads\/2024\/04\/versus.svg\" alt=\"\"><\/div>\n                        <span class=\"text\">An\u00e1lisis segmentados del mercado, monitorizaci\u00f3n y comparaci\u00f3n de datos<\/span>\n                        <img decoding=\"async\" class=\"screen\" src=\"\/wp-content\/uploads\/2024\/07\/screen-versus.png\" alt=\"\">\n                    <\/a>\n                <\/li>\n                <li class=\"\">\n                    <a href=\"\/es?page_id=75002\" class=\"main_content bcover\">\n                        <div class=\"logo\"><img decoding=\"async\" src=\"\/wp-content\/uploads\/2024\/04\/bcover.svg\" alt=\"\"><\/div>\n                        <span class=\"text\">Simplifica y automatiza el an\u00e1lisis y gesti\u00f3n de riesgos de tus clientes empresa<\/span>\n                        <img decoding=\"async\" class=\"screen\" src=\"\/wp-content\/uploads\/2024\/07\/screen-bcover.png\" alt=\"\">\n                    <\/a>\n                <\/li>\n                <li class=\"\">\n                    <a href=\"\/es?page_id=74944\" class=\"main_content tesis\">\n                        <div class=\"logo\"><img decoding=\"async\" src=\"\/wp-content\/uploads\/2024\/04\/tesis.svg\" alt=\"\"><\/div>\n                        <span class=\"text\">El ERP creado por corredores de seguros, desarrollado para los corredores de seguros<\/span>\n                        <img decoding=\"async\" class=\"screen\" src=\"\/wp-content\/uploads\/2024\/07\/screen-tesis.png\" alt=\"\">\n                    <\/a>\n                <\/li>\n                <li class=\"\">\n                    <a href=\"\/es?page_id=27385\" class=\"main_content integra\">\n                        <div class=\"logo\"><img decoding=\"async\" src=\"\/wp-content\/uploads\/2024\/04\/integra.svg\" alt=\"\"><\/div>\n                        <span class=\"text\">Te damos la bienvenida a la Conectividad con los productos Workspace<\/span>\n                        <img decoding=\"async\" class=\"screen\" src=\"\/wp-content\/uploads\/2024\/07\/screen-integra.png\" alt=\"\">\n                    <\/a>\n                <\/li>\n            <\/ul>\n        <\/div>\n    <\/div>","protected":false},"excerpt":{"rendered":"T\u00e9rminos y condiciones generales del servicio del multitarificador Avant2 Sales Manager. El futuro de la venta de seguros. Dotado de un potente CRM que se suma al multitarificador, Avant2 Sales Manager es la evoluci\u00f3n del multitarificador hacia una herramienta orientada a la gesti\u00f3n integral de cartera y la venta","protected":false},"author":13,"featured_media":80547,"parent":74692,"menu_order":0,"comment_status":"closed","ping_status":"closed","template":"custom-inverted.php","meta":{"_monsterinsights_skip_tracking":false,"_monsterinsights_sitenote_active":false,"_monsterinsights_sitenote_note":"","_monsterinsights_sitenote_category":0,"footnotes":""},"class_list":["post-80349","page","type-page","status-publish","has-post-thumbnail","hentry"],"aioseo_notices":[],"_links":{"self":[{"href":"https:\/\/codeoscopic.com\/es\/wp-json\/wp\/v2\/pages\/80349","targetHints":{"allow":["GET"]}}],"collection":[{"href":"https:\/\/codeoscopic.com\/es\/wp-json\/wp\/v2\/pages"}],"about":[{"href":"https:\/\/codeoscopic.com\/es\/wp-json\/wp\/v2\/types\/page"}],"author":[{"embeddable":true,"href":"https:\/\/codeoscopic.com\/es\/wp-json\/wp\/v2\/users\/13"}],"replies":[{"embeddable":true,"href":"https:\/\/codeoscopic.com\/es\/wp-json\/wp\/v2\/comments?post=80349"}],"version-history":[{"count":0,"href":"https:\/\/codeoscopic.com\/es\/wp-json\/wp\/v2\/pages\/80349\/revisions"}],"up":[{"embeddable":true,"href":"https:\/\/codeoscopic.com\/es\/wp-json\/wp\/v2\/pages\/74692"}],"wp:featuredmedia":[{"embeddable":true,"href":"https:\/\/codeoscopic.com\/es\/wp-json\/wp\/v2\/media\/80547"}],"wp:attachment":[{"href":"https:\/\/codeoscopic.com\/es\/wp-json\/wp\/v2\/media?parent=80349"}],"curies":[{"name":"wp","href":"https:\/\/api.w.org\/{rel}","templated":true}]}}