{"id":80341,"date":"2024-10-16T12:35:40","date_gmt":"2024-10-16T10:35:40","guid":{"rendered":"https:\/\/codeoscopic.com\/?page_id=80341"},"modified":"2025-11-18T15:26:38","modified_gmt":"2025-11-18T14:26:38","slug":"terminos-y-condiciones-generales-tesis","status":"publish","type":"page","link":"https:\/\/codeoscopic.com\/es\/workspace\/tesis\/terminos-y-condiciones-generales-tesis\/","title":{"rendered":"T\u00e9rminos y Condiciones Generales Tesis"},"content":{"rendered":"<div class=\"main_cdscpc_tesis_home main_cdscpc_legal\">\r\n\r\n    <div class=\"main_intro\">\r\n\r\n        <div class=\"main_logos pc\">\r\n            <img decoding=\"async\" class=\"logo_wrkspc\" src=\"\/wp-content\/uploads\/kit-prensa\/workspace\/svg\/logo-wrkspc-white.svg\" alt=\"\">\r\n            <span class=\"separator\"><\/span>\r\n            <img decoding=\"async\" src=\"\/wp-content\/uploads\/kit-prensa\/tesis\/svg\/logo-tesis-white.svg\" alt=\"\">\r\n        <\/div>\r\n\r\n        <div class=\"main_logos mov\">\r\n            <img decoding=\"async\" class=\"logo_wrkspc\" src=\"\/wp-content\/uploads\/kit-prensa\/wrkspc.svg\" alt=\"\">\r\n            <span class=\"separator\"><\/span>\r\n            <img decoding=\"async\" src=\"\/wp-content\/uploads\/kit-prensa\/tss.svg\" alt=\"\">\r\n        <\/div>\r\n\r\n        <div class=\"main_tabs\"><div class=\"wrap_tabs\"><a href=\"https:\/\/codeoscopic.com\/es\/workspace\/tesis\/\" >ERP<\/a><a href=\"https:\/\/codeoscopic.com\/es\/workspace\/tesis\/tesis-caracteristicas\/\" >Caracter\u00edsticas<\/a><a href=\"https:\/\/codeoscopic.com\/es\/workspace\/tesis\/tesis-conectividad\/\" >Conectividad<\/a><\/div><\/div>\r\n    <\/div>\r\n\r\n    <div class=\"main_content_legal\">\r\n        <div class=\"wrap_content\" style=\"line-height: 1.7;\">\r\n            <div class=\"pb-20\">\r\n                <p>Tesis Broker Manager<\/p>\r\n                <h1 class=\"fnt-34\">T\u00e9rminos y condiciones generales de servicio<\/h1>\r\n            <\/div>\r\n            <div class=\"pb-20\">   \r\n                <h2>1. Servicios prestados por el proveedor.<\/h2>\r\n                    <p class=\"pb-15\">En virtud del acceso por suscripci\u00f3n al software Tesis Br\u00f3ker Manager, el Proveedor se obliga a la prestaci\u00f3n de los siguientes servicios (en adelante, los \u201cServicios\u201d).<\/p>\r\n                    <p class=\"pb-15\"><strong>1.1 Disponibilidad.<\/strong> El Proveedor se obliga a mantener la infraestructura necesaria para garantizar la disponibilidad del ERP de al menos el 99%.<\/p>\r\n                    <p class=\"pb-15\"><strong>1.2 Funcionalidad.<\/strong> El Proveedor se obliga a mantener actualizados los formularios de los diferentes productos aseguradores, as\u00ed como a tener adaptados los servicios de conectividad con las entidades aseguradoras, con el objetivo de garantizar el correcto funcionamiento y el aprovechamiento de las funcionalidades ofrecidas por las entidades a trav\u00e9s de sus servicios web. Para una consulta detallada de las funcionalidades del ERP visitar: <a href=\"https:\/\/codeoscopic.com\/es\/workspace\/tesis\/tesis-caracteristicas\/\">Tesis ERP<\/a><\/p>\r\n                    <p class=\"pb-15\"><strong>1.3 Parametrizaci\u00f3n.<\/strong> El Proveedor se obliga a exponer, mediante pantallas de configuraci\u00f3n auto gestionables por el Suscriptor, todos aquellos par\u00e1metros que puedan considerarse din\u00e1micos en el comportamiento de la aplicaci\u00f3n, incluyendo, entre otros, logotipos, credenciales y par\u00e1metros de configuraci\u00f3n de la conexi\u00f3n con las entidades, direcciones de correo electr\u00f3nico, valores por defecto en los diferentes productos de cada entidad, entre otros.<\/p>\r\n                    <p class=\"pb-15\"><strong>1.4 Otras Funcionalidades:<\/strong><br\/>\r\n                        &#8211; Amplia conectividad a trav\u00e9s de SITEC.<br\/>\r\n                        &#8211; Preparado para el nuevo est\u00e1ndar EIAC.<br\/>\r\n                        &#8211; Importaci\u00f3n\/exportaci\u00f3n de datos parametrizables desde fuentes externas.<br\/>\r\n                        &#8211; Amplio sistema de cuadro de mando.<br\/>\r\n                        &#8211; Potente sistema de informes.<br\/>\r\n                        &#8211; Sistema de comunicaci\u00f3n basado en plantillas personalizables.<br\/>\r\n                        &#8211; Gestor de tareas programadas.<br\/>\r\n                        &#8211; Definici\u00f3n de reglas de negocio desde la interfaz de usuario.<br\/>\r\n                        &#8211; Gestor documental integrado.<br\/>\r\n                        &#8211; Control exhaustivo de los usuarios.<br\/>\r\n                    <\/p>\r\n                    <p class=\"pb-15\"><strong>1.5 Claves configuradas.<\/strong> Solo se permite configurar claves de aseguradoras del Suscriptor titular de la cuenta y de ninguna m\u00e1s sin autorizaci\u00f3n del Proveedor.<\/p>\r\n                    <p class=\"pb-15\"><strong>1.6 Usuarios.<\/strong> El Suscriptor podr\u00e1 disponer \u00fanicamente sus propios c\u00f3digos de usuario y autogestionar sus perfiles, dentro de los l\u00edmites establecidos mediante la cesi\u00f3n de uso del ERP.<\/p>\r\n                    <p class=\"pb-15\"><strong>1.7 Atenci\u00f3n al Suscriptor.<\/strong> El Proveedor se obliga a mantener un servicio de atenci\u00f3n al Suscriptor destinado a recibir y solventar las incidencias detectadas.<\/p>\r\n                    <p class=\"pb-15\"><strong>1.8 Formaci\u00f3n inicial:<\/strong> El Proveedor se obliga a ofrecer durante el primer mes desde la firma del contrato, en formato online medios de capacitaci\u00f3n b\u00e1sicos disponibles en nuestra plataforma academy, adem\u00e1s de una formaci\u00f3n especifica de 1 hora por corredur\u00eda. Cualquier formaci\u00f3n adicional solicitada o realizada posteriormente a los 30 d\u00edas desde la firma podr\u00eda llevar coste a\u00f1adidos.<\/p>\r\n                    <p class=\"pb-15\"><strong>1.9 Traspaso de datos:<\/strong> Se especifica en este enlace <a href=\"#traspasos\">Traspasos<\/a>, que ERPS est\u00e1n disponibles y se detalla toda la informaci\u00f3n relacionada con el traspaso.<\/p>\r\n\r\n                    <p class=\"pb-15\">Dicho servicio de atenci\u00f3n al Suscriptor ser\u00e1 prestado indistintamente por el portal de autoservicio y\/o correo electr\u00f3nico, en los tel\u00e9fonos y direcciones de correo notificadas para tal efecto al Suscriptor.<\/p>\r\n                    <ul>\r\n                        <li>En el portal de autoservicio ubicado en la web: <a href=\"https:\/\/soporte.codeoscopic.com\">codeoscopic.com<\/a><\/li>\r\n                        <li>En el correo electr\u00f3nico soporte@codeoscopic.com<\/li>\r\n                    <\/ul>\r\n                    <p class=\"pb-15\">El horario de atenci\u00f3n de dicho servicio ser\u00e1:<br\/>\r\n                    &#8211; Horario de invierno (septiembre a junio): de lunes a jueves laborables (no festivos), de 9:00h a 18:00h y viernes (no festivos), de 9:00h a 15:00h.<br\/>\r\n                    &#8211; Horario de verano (julio y agosto): de lunes a viernes laborables (no festivos), de 8:00h a 14:30h.\r\n                    <\/p>\r\n            <\/div>\r\n            \r\n            <div class=\"pb-20\">\r\n                <h2 >2. Precio de los servicios disponibles.<\/h2>\r\n                <p class=\"pb-15\">En virtud del acceso por suscripci\u00f3n al software Tesis Br\u00f3ker Manager, los precios de los servicios prestados son estos:<\/p>\r\n                <p class=\"pb-15\"><strong>1. Usuario Ejecutivo. (desde, 79,95\u20ac\/mes por usuario)<\/strong><br\/>\r\n                    Usuario Ejecutivo (Avant2 Sales Manager + Tesis Broker Manager).<br\/>\r\n                    Tienen acceso a toda la cartera de la corredur\u00eda.<\/p>\r\n                <p class=\"pb-15\"><strong>2. Usuario Colaborador. (desde, 14,95\u20ac\/mes por usuario)<\/strong><br\/>\r\n                    Usuario Colaborador (Avant2 Sales Manager + Tesis Broker Manager).<br\/>\r\n                    Tienen acceso SOLO a su cartera.<\/p>\r\n                <p class=\"pb-15\"><strong>3. Usuario Administrativo. (desde, 59,95\u20ac\/mes por usuario)<\/strong><br\/>\r\n                    Visualiza y gestiona informaci\u00f3n de TODOS los clientes de la corredur\u00eda.<\/p>\r\n                <p class=\"pb-15\"><strong>4. Usuario comercial. (desde, 23,95\u20ac\/mes por usuario)<\/strong><br\/>\r\n                    Usuario Comercial (Avant2 Sales Manager).<br\/>\r\n                    Tienen acceso completo a Avant2 Sales Manager.<\/p>\r\n                <p class=\"pb-15\"><strong>5. Usuario Colaborador TBM Edici\u00f3n. (desde, 9,95\u20ac\/mes por usuario)<\/strong><br\/>\r\n                    Usuario colaborador (solo acceso a Tesis Broker Manager).<br\/>\r\n                    Tiene acceso de edici\u00f3n S\u00d3LO de su cartera, en los campos y m\u00f3dulos autorizados por el administrador de la corredur\u00eda   \r\n                <p class=\"pb-15\"><strong>6. Usuario Colaborador TBM Consulta. (desde, 4,95\u20ac\/mes por usuario)<\/strong><br\/>\r\n                    Usuario colaborador (solo acceso a Tesis Broker Manager).<br\/>\r\n                    Tiene acceso de consulta S\u00d3LO de su cartera, en los campos y m\u00f3dulos autorizados por el administrador de la corredur\u00eda\r\n                <p class=\"pb-15\"><strong>7. Usuario Colaborador No-Login. (desde, 0\u20ac\/mes por usuario)<\/strong><br\/>\r\n                    Usuario no-login (sin acceso).<br\/>\r\n                    SOLO para asignar proyectos o emisiones.\r\n                <p class=\"pb-15\"><strong>8. Complemento Cr\u00e9ditos SMS. (desde, 75\u20ac)<\/strong><br\/>\r\n                    Permite a los clientes el envi\u00f3 de SMS desde la aplicaci\u00f3n TBM. El uso de la misma sirve tanto para notificaciones informativas de gestiones de clientes, como para acciones comerciales.<br\/>\r\n                <p class=\"pb-15\"><strong>9. Complemento APP m\u00f3vil iOS\/Android. (desde, 90\u20ac\/mes)<\/strong><br\/>\r\n                    La aplicaci\u00f3n es una implementaci\u00f3n de la aplicaci\u00f3n web para clientes de TBM, dise\u00f1ada para ejecutarse exclusivamente en dispositivos m\u00f3viles. El objetivo es facilitar las gestiones a tus clientes utilizando esta APP. De esta forma, la aplicaci\u00f3n contribuye a la fidelizaci\u00f3n de los clientes del mediador.<\/p>    \r\n                <p class=\"pb-15\"><strong>10. Tareas T\u00e9cnicas (Presupuestos a medida)<\/strong><br\/> \r\n                    Tareas de intervenci\u00f3n y cobro por horas de servicios de configuraci\u00f3n, <a href=\"#traspasos\">Traspasos<\/a>, setup u otras tareas t\u00e9cnicas realizados por el servicio de atenci\u00f3n al cliente o desarrollo, para configuraciones especiales, tareas no incluidas en el servicio inicial o delegaci\u00f3n de tareas sobre la herramienta contratadas por el suscriptor al proveedor de forma recurrente.<\/p>\r\n                <p class=\"pt-10 pb-15\"><strong>Impuestos no incluidos en el Precio<\/strong><\/p>\r\n                <\/div>  \r\n            <div class=\"pb-20\">\r\n                <h2 id=\"traspasos\">3. Los traspasos en Codeoscopic.<\/h2>\r\n                <p class=\"pb-15\">El traspaso de datos en Codeoscopic puede ser de 2 tipos:<\/p>\r\n                <ul>\r\n                    <li>El realizado durante la puesta en marcha y que conlleva el traslado de parte de la informacion de otro ERP compatible al entorno de Tesis Br\u00f3ker Manager.<\/li>\r\n                    <li>El realizado de otras BBDD y que se puede solicitar durante la prestaci\u00f3n del servicio mediante la contrataci\u00f3n de Tareas subrogadas, realizadas por parte de los equipos t\u00e9cnicos y de desarrollo, los cuales analizaran viabilidad del traspaso, compatibilidad de los datos, tiempo del proceso y coste adicional del mismo.<\/li>\r\n                <\/ul>\r\n\r\n                <table>\r\n                    <tr>\r\n                        <td><a href=\"\/wp-content\/uploads\/2025\/03\/Traspasos_eBroker_v3.pdf\" target=\"_blanc\">eBROKER<\/a><\/td>\r\n                        <td><a href=\"\/wp-content\/uploads\/2025\/03\/Traspasos_eCORREDURIA_v3.pdf\" target=\"_blanc\">eCORREDURIA<\/a><\/td>\r\n                    <\/tr>\r\n                    <tr>\r\n                        <td><a href=\"\/wp-content\/uploads\/2025\/03\/Traspasos_Elevia-Nuevo-Visual-Seg_v3.pdf\" target=\"_blanc\">Elevia (Nuevo Visual Seg)<\/a><\/td>\r\n                        <td><a href=\"\/wp-content\/uploads\/2025\/03\/Traspasos_Fast-Broker_v3.pdf\" target=\"_blanc\">Fast Broker<\/a><\/td>\r\n                    <\/tr>\r\n                    <tr>\r\n                        <td><a href=\"\/wp-content\/uploads\/2025\/11\/Traspasos_Fast360_v4.pdf\" target=\"_blanc\">Fast 360<\/a><\/td>\r\n                        <td><a href=\"\/wp-content\/uploads\/2025\/03\/Traspasos_Gestibrok_v3.pdf\" target=\"_blanc\">Gestibrok<\/a><\/td>\r\n                    <\/tr>\r\n                    <tr>\r\n                        <td><a href=\"\/wp-content\/uploads\/2025\/11\/Traspasos_iSegurQS_v4.pdf\" target=\"_blanc\">iSegur QS<\/a><\/td>\r\n                        <td><a href=\"\/wp-content\/uploads\/2025\/03\/Traspasos_Lamb-_-LambCloud_v3.pdf\" target=\"_blanc\">Lamb \/ Lamb cloud<\/a><\/td>\r\n                    <\/tr>\r\n                    <tr>\r\n                        <td><a href=\"\/wp-content\/uploads\/2025\/03\/Traspasos_MasterBroker_v3.pdf\" target=\"_blanc\">Masterbroker<\/a><\/td>\r\n                        <td><a href=\"\/wp-content\/uploads\/2025\/03\/Traspasos_Novaseg_v3.pdf\" target=\"_blanc\">Novaseg<\/a><\/td>\r\n                    <\/tr>\r\n                    <tr>\r\n                        <td><a href=\"\/wp-content\/uploads\/2025\/03\/Traspasos_Novaseg-MySQL_v3.pdf\" target=\"_blanc\">Novaseg (MySQL)<\/a><\/td>\r\n                        <td><a href=\"\/wp-content\/uploads\/2025\/03\/Traspasos_Poliza-Win_v3.pdf\" target=\"_blanc\">Poliza Win<\/a><\/td>\r\n                    <\/tr>\r\n                    <tr>\r\n                        <td><a href=\"\/wp-content\/uploads\/2025\/03\/Traspaso_SoftQS_v3.pdf\" target=\"_blanc\">SoftQS<\/a><\/td>\r\n                        <td><a href=\"\/wp-content\/uploads\/2025\/03\/Traspasos_Visual-Seg_v3.pdf\" target=\"_blanc\">Visual Seg<\/a><\/td>\r\n                    <\/tr>\r\n                    <tr>\r\n                        <td><a href=\"\/wp-content\/uploads\/2025\/03\/Traspasos_Segur-10_v3.pdf\" target=\"_blanc\">Segur10<\/a> (Desde junio 2024)<\/td>\r\n                        <td><a href=\"\/wp-content\/uploads\/2025\/03\/Traspasos_Segur-12_v3.pdf\" target=\"_blanc\">Segur12<\/a> (Desde junio 2024)<\/td>\r\n                    <\/tr>\r\n                    <tr>\r\n                        <td><a href=\"\/wp-content\/uploads\/2025\/03\/Traspasos_Click-Seguros_v3.pdf\" target=\"_blanc\">Click Seguros<\/a> (Desde junio 2024)<\/td>\r\n                        <td><a href=\"\/wp-content\/uploads\/2025\/03\/Traspasos_Terrologia_v3.pdf\" target=\"_blanc\">Terrologia<\/a> (Desde noviembre 2024)<\/td>\r\n                    <\/tr>\r\n                   <tr>\r\n                        <td><a href=\"\/wp-content\/uploads\/2025\/08\/Traspasos_TS-Seguros_v1.pdf\" target=\"_blanc\">TS Seguros<\/a> (Desde agosto 2025)<\/td>\r\n                        <td><\/td>\r\n                    <\/tr>\r\n                <\/table>\r\n\r\n                <h4 class=\"pt-25\">Obligaciones del cliente para el Traspaso<\/h4>\r\n                <p class=\"pb-15\">Para la realizaci\u00f3n de las acciones del traspaso el cliente confirma de que ha revisado y acepta los puntos indicados a continuaci\u00f3n:<\/p>\r\n                <ul>\r\n                    <li>El cliente es consciente que en los casos en los que se requiera un traspaso provisional todos los datos ser\u00e1n eliminados al comenzar el traspaso definitivo, por lo que todo lo que se realice con estos datos se perder\u00e1.<\/li>\r\n                    <li>El cliente es consciente que debe continuar trabajando con mi antiguo software de gesti\u00f3n hasta que est\u00e9 preparado el traspaso definitivo para empezar a trabajar con Tesis Br\u00f3ker Manager.<\/li>\r\n                    <li>El cliente es consciente de que en los casos que se requiera un traspaso provisional, *de que antes de proceder con la solicitud de traspaso definitivo, es importante realizar una comparaci\u00f3n exhaustiva de la informaci\u00f3n entre los dos sistemas ERP para lo cual dispondr\u00e1 de 3 semanas m\u00e1ximo. En particular, quede analizado detalladamente aspectos recomendados por Codeoscopic, como son clientes, p\u00f3lizas, recibos y siniestros tanto en Tesis Br\u00f3ker Manager como en mi ERP actual. <b>\u201cRecomendamos realizar simulaciones de remesas y liquidaciones a compa\u00f1\u00edas y colaboradores, en caso de ser necesario, para asegurarse de que todos los procesos funcionen de manera correcta y se mantenga la integridad de los datos durante la transici\u00f3n.\u201d<\/b><\/li>\r\n                    <li>El cliente es consciente que pasado las 3 semanas de verificaci\u00f3n del traspaso provisional su entorno pasara a producci\u00f3n con el traspaso definitivo. Esto conllevar\u00e1 que cualquier modificaci\u00f3n posterior o correcci\u00f3n adicional de los datos puedan tener coste y timming espec\u00edfico para ello.<\/li>\r\n                    <li>El cliente es consciente que el traspaso implica la migraci\u00f3n de datos entre aplicaciones con estructuras diferentes, y a pesar de la experiencia contrastada del proveedor, es posible que algunos detalles pasen desapercibidos.<\/li>\r\n                    <li>El cliente confirmara por escrito cuando le sea solicitado por el proveedor que ha realizado una revisi\u00f3n exhaustiva antes de llevar a cabo el traspaso para minimizar cualquier problema potencial.<\/li>\r\n                    <li>El cliente queda informado de que, si se detecta alg\u00fan problema debido a descuidos por parte del cliente y se requiere una intervenci\u00f3n adicional, es importante destacar que Codeoscopic presupuestara y cobrar\u00e1 el costo correspondiente a dicha intervenci\u00f3n adicional.<\/li>\r\n                    <li> El cliente es consciente que el traspaso implica el traslado de datos entre las estructuras de ambos sistemas y que Codeoscopic, no realizara ning\u00fan tramite, adaptaci\u00f3n, modificaci\u00f3n, alteraci\u00f3n o transformaci\u00f3n de los datos a trasladar. As\u00ed mismo la integridad de los datos trasladados depender\u00e1 siempre de los datos de origen.<\/li>\r\n                <\/ul>\r\n                <p class=\"pb-15\">Codeoscopic su objetivo es asegurar un traspaso exitoso y brindar el soporte necesario, pero es fundamental que todas las partes involucradas realicen una revisi\u00f3n minuciosa para evitar complicaciones innecesarias.<\/p>\r\n            <h3 class=\"pb-20 pt-20\">\r\n                <a href=\"https:\/\/codeoscopic.com\/es\/workspace\/terminos-y-condiciones-generales\/\"> >> T\u00e9rminos y Condiciones Generales del servicio de Codeoscopic Workspace<\/a>\r\n            <\/h3>\r\n            <\/div>  \r\n        <\/div>\r\n    <\/div>\r\n<\/div>\r\n\r\n\n    <div class=\"main_direct_footer_access\" style=\"background: url(\/wp-content\/uploads\/2025\/04\/bg.png) top center no-repeat #0e162a;\">\n        <div class=\"wrap_direct_footer_access\">\n            <p>Continua explorando soluciones que dan respuesta a las necesidades del sector asegurador<\/p>\n            <ul class=\"main_grid_cards\">\n                <li class=\"hidden\">\n                    <a href=\"\/es?page_id=74692\" class=\"main_content avant2\">\n                        <div class=\"logo\"><img decoding=\"async\" src=\"\/wp-content\/uploads\/2024\/04\/avant2.svg\" alt=\"\"><\/div>\n                        <span class=\"text\">CRM + Multitarificador: la aplicaci\u00f3n lider para la venta de seguros<\/span>\n                        <img decoding=\"async\" class=\"screen\" src=\"\/wp-content\/uploads\/2024\/07\/screen-avant2.png\" alt=\"\">\n                    <\/a>\n                <\/li>\n                <li class=\"\">\n                    <a href=\"\/es?page_id=16602\" class=\"main_content versus\">\n                        <div class=\"logo\"><img decoding=\"async\" src=\"\/wp-content\/uploads\/2024\/04\/versus.svg\" alt=\"\"><\/div>\n                        <span class=\"text\">An\u00e1lisis segmentados del mercado, monitorizaci\u00f3n y comparaci\u00f3n de datos<\/span>\n                        <img decoding=\"async\" class=\"screen\" src=\"\/wp-content\/uploads\/2024\/07\/screen-versus.png\" alt=\"\">\n                    <\/a>\n                <\/li>\n                <li class=\"\">\n                    <a href=\"\/es?page_id=75002\" class=\"main_content bcover\">\n                        <div class=\"logo\"><img decoding=\"async\" src=\"\/wp-content\/uploads\/2024\/04\/bcover.svg\" alt=\"\"><\/div>\n                        <span class=\"text\">Simplifica y automatiza el an\u00e1lisis y gesti\u00f3n de riesgos de tus clientes empresa<\/span>\n                        <img decoding=\"async\" class=\"screen\" src=\"\/wp-content\/uploads\/2024\/07\/screen-bcover.png\" alt=\"\">\n                    <\/a>\n                <\/li>\n                <li class=\"\">\n                    <a href=\"\/es?page_id=74944\" class=\"main_content tesis\">\n                        <div class=\"logo\"><img decoding=\"async\" src=\"\/wp-content\/uploads\/2024\/04\/tesis.svg\" alt=\"\"><\/div>\n                        <span class=\"text\">El ERP creado por corredores de seguros, desarrollado para los corredores de seguros<\/span>\n                        <img decoding=\"async\" class=\"screen\" src=\"\/wp-content\/uploads\/2024\/07\/screen-tesis.png\" alt=\"\">\n                    <\/a>\n                <\/li>\n                <li class=\"\">\n                    <a href=\"\/es?page_id=27385\" class=\"main_content integra\">\n                        <div class=\"logo\"><img decoding=\"async\" src=\"\/wp-content\/uploads\/2024\/04\/integra.svg\" alt=\"\"><\/div>\n                        <span class=\"text\">Te damos la bienvenida a la Conectividad con los productos Workspace<\/span>\n                        <img decoding=\"async\" class=\"screen\" src=\"\/wp-content\/uploads\/2024\/07\/screen-integra.png\" alt=\"\">\n                    <\/a>\n                <\/li>\n            <\/ul>\n        <\/div>\n    <\/div>","protected":false},"excerpt":{"rendered":"T\u00e9rminos y Condiciones Generales del servicio de Tesis Broker Manager. El ERP que ofrece un paquete integrado de gesti\u00f3n para corredur\u00edas, mediadores y agentes de seguros que proporciona una cobertura eficaz y flexible a la mayor\u00eda de necesidades de tratamiento de datos a las que se enfrentan a diario los profesionales de la mediaci\u00f3n.","protected":false},"author":13,"featured_media":80506,"parent":74944,"menu_order":0,"comment_status":"closed","ping_status":"closed","template":"custom-inverted.php","meta":{"_monsterinsights_skip_tracking":false,"_monsterinsights_sitenote_active":false,"_monsterinsights_sitenote_note":"","_monsterinsights_sitenote_category":0,"footnotes":""},"class_list":["post-80341","page","type-page","status-publish","has-post-thumbnail","hentry"],"aioseo_notices":[],"_links":{"self":[{"href":"https:\/\/codeoscopic.com\/es\/wp-json\/wp\/v2\/pages\/80341","targetHints":{"allow":["GET"]}}],"collection":[{"href":"https:\/\/codeoscopic.com\/es\/wp-json\/wp\/v2\/pages"}],"about":[{"href":"https:\/\/codeoscopic.com\/es\/wp-json\/wp\/v2\/types\/page"}],"author":[{"embeddable":true,"href":"https:\/\/codeoscopic.com\/es\/wp-json\/wp\/v2\/users\/13"}],"replies":[{"embeddable":true,"href":"https:\/\/codeoscopic.com\/es\/wp-json\/wp\/v2\/comments?post=80341"}],"version-history":[{"count":0,"href":"https:\/\/codeoscopic.com\/es\/wp-json\/wp\/v2\/pages\/80341\/revisions"}],"up":[{"embeddable":true,"href":"https:\/\/codeoscopic.com\/es\/wp-json\/wp\/v2\/pages\/74944"}],"wp:featuredmedia":[{"embeddable":true,"href":"https:\/\/codeoscopic.com\/es\/wp-json\/wp\/v2\/media\/80506"}],"wp:attachment":[{"href":"https:\/\/codeoscopic.com\/es\/wp-json\/wp\/v2\/media?parent=80341"}],"curies":[{"name":"wp","href":"https:\/\/api.w.org\/{rel}","templated":true}]}}