{"id":80337,"date":"2024-10-16T12:46:00","date_gmt":"2024-10-16T10:46:00","guid":{"rendered":"https:\/\/codeoscopic.com\/?page_id=80337"},"modified":"2025-10-07T13:06:51","modified_gmt":"2025-10-07T11:06:51","slug":"terminos-y-condiciones-generales","status":"publish","type":"page","link":"https:\/\/codeoscopic.com\/es\/workspace\/terminos-y-condiciones-generales\/","title":{"rendered":"T\u00e9rminos y Condiciones Generales"},"content":{"rendered":"<div class=\"main_cdscpc_wrkspce\">\r\n            <div class=\"wrap_cdscpc_wrkspce\">\r\n\r\n                <!-- Claim -->\r\n                <div class=\"main_claim\">\r\n                    <div class=\"logo\">\r\n                        <img decoding=\"async\" class=\"ball\" src=\"\/wp-content\/uploads\/2022\/03\/ball-blur.svg\" alt=\"\">\r\n                        <img decoding=\"async\" class=\"logo_workspace\" src=\"\/wp-content\/uploads\/2022\/03\/workspace-logo.svg\" alt=\"\"><\/div>\r\n                    <h1>T\u00e9rminos y Condiciones Generales del servicio<\/h1>\r\n                <\/div>\r\n\r\n\r\n<div class=\"main_cdscpc_default_page\" style=\"background: none; padding:10px 10px 50px;\">\r\n\r\n        <!-- Content -->\r\n        <div class=\"wrap_cdscpc_default_page\">\r\n            <p>Codeoscopic S.A, con CIF A85677432 y domicilio en Ronda de Poniente, 2, edificio 12, 2\u00aa planta, 28760 de Tres Cantos (MADRID), inscrita en el Registro Mercantil de Madrid, Tomo 26683, Folio 71, P\u00e1gina M-480885, inscripci\u00f3n 1\u00aa, proporciona el Sitio Web CODEOSCOPIC y sus servicios relacionados de acuerdo a los t\u00e9rminos establecidos a continuaci\u00f3n.<\/p>\r\n            <p>CODEOSCOPIC S.A (en adelante Codeoscopic), es una empresa de servicios online para gestionar diferentes aspectos de un negocio vinculado al sector seguros. Las presentes condiciones exponen los derechos y obligaciones del usuario, el cliente y de Codeoscopic como proveedor de servicios SAAS.<\/p>\r\n            <p>Codeoscopic supondr\u00e1 que cualquier cliente que utilice su servicio ha le\u00eddo y aceptado las condiciones de uso. Adem\u00e1s, Codeoscopic se reserva el derecho de actualizar y modificar los T\u00e9rminos y Condiciones de uso en cualquier momento, estando estos disponibles siempre en su portal de clientes web [www.clientes.codeoscopic.com](http:\/\/www.clientes.codeoscopic.com\/) o desde el enlace de referencia en su contrato digital.<\/p>\r\n            <p>Las nuevas caracter\u00edsticas que pudieran a\u00f1adirse a los Servicios estar\u00e1n sujetas a las Condiciones de uso. En caso de que el cliente contin\u00fae haciendo uso del Servicio despu\u00e9s de cualquier modificaci\u00f3n, supondr\u00e1 su conformidad con dichas modificaciones. Se podr\u00e1 consultar la versi\u00f3n m\u00e1s reciente de las condiciones de uso en el apartado de cada uno de los servicios disponible y enlazado en este mismo documento.<\/p>\r\n            <p>El incumplimiento de cualquiera de las Condiciones de uso podr\u00e1 ser causa de anulaci\u00f3n de la cuenta.<\/p>\r\n\r\n            <h2>1. Condiciones del servicio<\/h2>\r\n                <p>Para acceder al servicio es imprescindible ser mayor de dieciocho a\u00f1os.<\/p>\r\n                <p>Se deber\u00e1 proporcionar un nombre legal completo, una direcci\u00f3n de correo electr\u00f3nico, y toda la informaci\u00f3n requerida por Codeoscopic en el proceso de alta del servicio.<\/p>\r\n                <p>Es responsabilidad del usuario proporcionar informaci\u00f3n veraz. Codeoscopic se reserva el derecho de eliminar cualquier cuenta si se sospecha de su veracidad o pudiera incumplir alguna de las normas de uso.<\/p>\r\n                <p>El cliente es responsable de mantener la privacidad de su cuenta. Codeoscopic no se hace responsable de cualquier da\u00f1o o p\u00e9rdida que pueda ser consecuencia de un error del usuario al proteger su informaci\u00f3n de acceso.<\/p>\r\n                <p>Las partes aceptan equiparar jur\u00eddicamente la firma aut\u00f3grafa del cliente a la realizada mediante cualquier otro tipo de clave, c\u00f3digo o elemento de seguridad identificativo. Sin perjuicio de lo anterior, Codeoscopic podr\u00e1 exigir, cuando lo considere necesario, confirmaci\u00f3n por escrito al cliente.<\/p>\r\n            <h2>2. Tipos de Contrataci\u00f3n<\/h2>\r\n                <p>La contrataci\u00f3n de un plan de pago y suscripci\u00f3n de Codeoscopic se inicia en la fecha que indica el contrato y condiciones particulares del servicio firmado. Los l\u00edmites de cada plan se especifican en la secci\u00f3n de precios de cada producto <a href=\"https:\/\/codeoscopic.com\/es\/workspace\/avant2\/terminos-y-condiciones-generales-avant2\/\" style=\"color:#a5a7b5;\" onmouseover=\"this.style.color='#b89315'\" onmouseout=\"this.style.color='#a5a7b5'\">Avant2 Sales Manager<\/a>, <a href=\"https:\/\/codeoscopic.com\/es\/workspace\/tesis\/terminos-y-condiciones-generales-tesis\/\" style=\"color:#a5a7b5;\" onmouseover=\"this.style.color='#b89315'\" onmouseout=\"this.style.color='#a5a7b5'\">Tesis Br\u00f3ker Manager<\/a>, <a href=\"https:\/\/codeoscopic.com\/es\/workspace\/bcover\/terminos-y-condiciones-generales-bcover\/\" style=\"color:#a5a7b5;\" onmouseover=\"this.style.color='#b89315'\" onmouseout=\"this.style.color='#a5a7b5'\">Bcover Gesti\u00f3n de Riesgos<\/a> e <a href=\"https:\/\/codeoscopic.com\/es\/workspace\/integra\/terminos-y-condiciones-generales-integra\/\" style=\"color:#a5a7b5;\" onmouseover=\"this.style.color='#b89315'\" onmouseout=\"this.style.color='#a5a7b5'\">Integra API REST<\/a>.<\/p>\r\n                <p>Codeoscopic se reserva el derecho de modificar las tarifas unilateralmente y en cualquier momento.<\/p>\r\n            <h2>3. Pagos y acceso<\/h2>\r\n                <p>Para realizar los pagos, es necesario introducir en la cuenta una tarjeta bancaria o n\u00famero de cuenta bancaria (SEPA) v\u00e1lida. Codeoscopic cobrar\u00e1 peri\u00f3dicamente al usuario una tarifa recurrente dependiendo del tipo de perfil y servicio contratado.<\/p>\r\n                <p>El Servicio ser\u00e1 cobrado cada per\u00edodo por adelantado y no es reembolsable. No habr\u00e1 reembolsos o cr\u00e9ditos por meses parciales del Servicio, ni habr\u00e1 reembolsos en caso de que el usuario no utilice el Servicio durante el per\u00edodo de tiempo en que la cuenta est\u00e9 abierta.<\/p>\r\n                <p>El cliente acepta que no ser\u00e1 necesario confirmar la recepci\u00f3n de la aceptaci\u00f3n del contrato cuando se haya celebrado exclusivamente mediante comunicaci\u00f3n electr\u00f3nica.<\/p>\r\n                <p>En caso de que el cliente llegue al l\u00edmite de cualquiera de los elementos contratados seg\u00fan su nivel de cuenta (usuarios, Puntos de Venta, organizaciones, espacio de almacenamiento, etc.) no se le permitir\u00e1 seguir a\u00f1adiendo elementos, a no ser que adquiera nuevos usuarios, cr\u00e9ditos o servicios. A partir de entonces, la pr\u00f3xima facturaci\u00f3n se cargar\u00e1 a su tarjeta o cuenta bancaria por el nuevo monto. Del mismo modo, si el cliente desea contratar servicios adicionales o ampliar los ya contratados, estos se reflejar\u00e1n en la siguiente factura, no siendo necesaria la modificaci\u00f3n del contrato actual.<\/p>\r\n                <p>En caso de impago o devoluci\u00f3n del recibo, se notificar\u00e1 al usuario del incumplimiento y perder\u00e1 autom\u00e1ticamente la capacidad de acceder al Servicio en el caso de no regularizar el pago del recibo dentro de los 14 d\u00edas siguientes a la primera notificaci\u00f3n. Todos los datos se eliminar\u00e1n en un plazo de treinta (30) d\u00edas a partir de la fecha de incumplimiento y desactivaci\u00f3n.<\/p>\r\n                <p>En el caso de retrasos o devoluci\u00f3n de los pagos, el Proveedor notificar\u00e1 al Cliente dicho extremo. En caso de devoluci\u00f3n de recibo, deber\u00e1 abonar 6 euros mediante transferencia bancaria por los gastos generados en la devoluci\u00f3n.<\/p>\r\n                <p>Tras producirse 3 devoluciones de recibos, las condiciones de pago cambiar\u00e1n, el pago en cuotas quedar\u00e1 anulado y deber\u00e1 realizar una \u00fanica transferencia por el valor de los servicios para todo el a\u00f1o en curso restante. En caso contrario procederemos a desactivar su entorno de trabajo y los productos contratados.<\/p>\r\n                <p>Ninguna tarifa incluye los impuestos aplicables a cada momento y territorio<\/p>\r\n            <h2>4. Modificaciones del servicio y de los planes<\/h2>\r\n                <p>Codeoscopic se reserva el derecho de modificar o suspender, temporal, el Servicio en cualquier momento y por cualquier motivos de mejoras, actualizaciones en el servicio oy otros casos de fuerza mayor. Codeoscopic dar\u00e1 el mayor preaviso posible al cliente en caso de que esto se produzca.<\/p>\r\n                <p>Codeoscopic se reserva el derecho de cambiar las cuotas mensuales con un aviso de 15 d\u00edas. La notificaci\u00f3n de los cambios de cuota se publicar\u00e1 en el sitio web de Codeoscopic y se enviara por escrito en formato electr\u00f3nico al mail de notificaciones proporcionado por el cliente en la apertura de la cuenta.<\/p>           \r\n            <h2>5. Cancelaci\u00f3n y rescisi\u00f3n<\/h2>\r\n                <p>El cliente es responsable de la correcta cancelaci\u00f3n de su cuenta. La cuenta puede ser cancelada en cualquier momento a trav\u00e9s del men\u00fa de perfil en el portal de clientes <a href=\"http:\/\/www.clientes.codeoscopic.com\" style=\"color:#a5a7b5;\" onmouseover=\"this.style.color='#b89315'\" onmouseout=\"this.style.color='#a5a7b5'\">www.clientes.codeoscopic.com<\/a> o bien mediante solicitud a <a href=\"mailto:comercial@codeoscopic.com\" style=\"color:#a5a7b5;\" onmouseover=\"this.style.color='#b89315'\" onmouseout=\"this.style.color='#a5a7b5'\">comercial@codeoscopic.com<\/a> indicando como Asunto: \u201cCANCELACION Y BAJA DEL SERVICIO\u201d, y adjuntando fotocopia de su DNI como autorizado o representante.<\/p>\r\n                <p>Si la cuenta es eliminada, que no cancelada o desactivada, todo su contenido se eliminar\u00e1 despu\u00e9s de treinta d\u00edas.<\/p>\r\n                <p>El usuario puede cancelar su cuenta en cualquier momento, pero ser\u00e1 responsable de todos los cargos realizados hasta ese momento, incluyendo el cargo mensual completo por el mes en el que suspenda el servicio. A partir de entonces, no se le cobrar\u00e1 a no ser que exista permanencia o penalizaci\u00f3n sobre el servicio.<\/p>\r\n                <p>Codeoscopic se reserva el derecho de cancelaci\u00f3n en supuestos de incumplimiento de las presentes condiciones de uso.<\/p>\r\n            <h2>6. Derecho de copia y propiedad intelectual<\/h2>\r\n                <p>Codeoscopic posee todos los derechos de la Propiedad Intelectual de todos y cualquiera de los componentes del Servicio que puedan protegerse, incluyendo, pero no limit\u00e1ndose, al nombre del Servicio, material gr\u00e1fico, todo el software asociado con el Servicio y los elementos de la interfaz del cliente contenidos en el Servicio, muchas de las caracter\u00edsticas individuales y la documentaci\u00f3n relacionada.<\/p>\r\n                <p>El cliente se compromete a no copiar, adaptar, reproducir, distribuir, aplicar ingenier\u00eda inversa, descompilar o disimular cualquier faceta del Servicio que Codeoscopic posea.<\/p>\r\n                <p>El cliente tambi\u00e9n acepta y se obliga a no utilizar robots, spiders y otros aparatos automatizados o procesos manuales para controlar o copiar cualquier contenido del Servicio.<\/p>\r\n               <p>Codeoscopic no reclamar\u00e1 derechos sobre la Propiedad Intelectual del Contenido que el usuario suba o proporcione al Servicio. Sin embargo, utilizando el Servicio para enviar contenido, el usuario acepta que terceros puedan ver y compartir este contenido enviado siempre dentro de la legalidad vigente en materia de protecci\u00f3n de datos.<\/p>\r\n            <h2>7. Condiciones Generales<\/h2>\r\n                <ul>\r\n                <li>El cliente es completamente responsable del acceso y correcto uso de los servicios de Codeoscopic con sujeci\u00f3n a la legalidad vigente, sea nacional o internacional, as\u00ed como a los principios de buena fe, la moral, buenas costumbres y orden p\u00fablico. Y espec\u00edficamente, adquiere el compromiso de observar diligentemente las presentes Condiciones generales de uso.<\/li>\r\n                <li>El cliente acepta no revender, duplicar, reproducir o explotar cualquier parte del Servicio sin el expreso consentimiento escrito de Codeoscopic. El cliente no puede usar el Servicio para almacenar, alojar, o enviar correo electr\u00f3nico da\u00f1ino o no solicitado <e>spam<\/e>.<\/li>\r\n                <li>El cliente entiende que el Servicio puede utilizarse para la transmisi\u00f3n de su Contenido y que, durante este proceso, su Contenido (incluidas facturas, avisos de pago, y mensajes personales) puede transferirse sin encriptar a trav\u00e9s de Internet. El cliente no puede utilizar el servicio para transmitir ning\u00fan virus, gusano, o cualquier tipo de contenido malicioso o da\u00f1ino.<\/li>\r\n                <li>Ni Codeoscopic, ni sus socios, son responsables de cualquier da\u00f1o directo, indirecto, secundario, consiguiente, especial, ejemplar, punitivo o de cualquier otro tipo que surja o que est\u00e9 relacionado de cualquier forma con el uso que el usuario haga del Servicio. El cliente solo puede solucionar su insatisfacci\u00f3n con el Servicio dejando de utilizarlo y cancelando su cuenta.<\/li>\r\n                <li>Si cualquier condici\u00f3n de las aqu\u00ed descritas queda invalidada o no puede aplicarse, la aplicaci\u00f3n de cualquiera de las restantes no debe en ning\u00fan caso verse afectada.<\/li>\r\n                <p>Cualquier pregunta con respecto a las Condiciones de uso deber\u00e1 dirigirse al equipo comercial de Codeoscopic:\u00a0comercial@codeoscopic.com<\/p>\r\n                <p>Las Condiciones de uso establecen un entendimiento absoluto entre el cliente y Codeoscopic con respecto al Servicio y prevalecen ante cualquier acuerdo previo alcanzado entre el cliente y Codeoscopic.<\/p>\r\n                <p>Los presentes T\u00e9rminos y Condiciones se regir\u00e1n e interpretar\u00e1n conforme a  las normas de derecho com\u00fan de la legisaci\u00f3n espa\u00f1ola. El cliente y Codeoscopic aceptan someterse a la jurisdicci\u00f3n exclusiva de los tribunales de Madrid para resolver cualquier cuesti\u00f3n jur\u00eddica en relaci\u00f3n con las Condiciones.<\/p>\r\n            <h2>8. Seguridad y privacidad<\/h2>\r\n                <p>La empresa Codeoscopic S.A se encuentra debidamente inscrita en la Agencia Espa\u00f1ola de Protecci\u00f3n de Datos, cumpliendo as\u00ed la normativa vigente sobre confidencialidad y seguridad de los datos confidenciales.<\/p>\r\n                <p>Los datos que los usuarios introducen en Codeoscopic se encuentran alojados en los servidores de Amazon, OVH y AXARNET en la Uni\u00f3n Europea, garantizando as\u00ed tanto la normativa en alojamiento de datos como los m\u00e1s altos niveles de seguridad y accesibilidad del mercado.<\/p>\r\n                <p>Codeoscopic S.A tienen acceso a los datos de las cuentas con el objetivo de poder mejorar el Servicio, as\u00ed como de ofrecer un buen soporte.<\/p>\r\n                <p>Todos los empleados y socios de Codeoscopic tienen firmado un contrato de confidencialidad en cumplimiento con las normativas de privacidad, inclusive la GDPR.<\/p>  \r\n\r\n                <h2>9. \u00c9tica empresarial y Compliance<\/h2>\r\n                <p>Las Partes se comprometen rec\u00edprocamente a adoptar, en el \u00e1mbito de sus respectivas actividades y autonom\u00eda, todas las medidas oportunas para prevenir la comisi\u00f3n de delitos o actos il\u00edcitos con arreglo a lo dispuesto en el C\u00f3digo Penal vigente,\u00a0y en sucesivas modificaciones. As\u00ed como se comprometen al cumplimiento de las normativas nacionales e internacionales aplicables en materia de antisoborno y anticorrupci\u00f3n.<\/p>\r\n                <p>CODEOSCOPIC, S.A. cuenta con su propio C\u00f3digo \u00c9tico, que es parte esencial de su cultura de cumplimiento corporativa y fiel reflejo de su compromiso constante con la autorregulaci\u00f3n, la \u00e9tica, la integridad y la transparencia.<\/p>\r\n                <p>Ninguna de Las Partes cometer\u00e1, autorizar\u00e1, ni permitir\u00e1 ning\u00fan acto que pudiera suponer o derivar en un incumplimiento de cualquier ley o reglamento antisoborno y\/o anticorrupci\u00f3n que pudiera ser aplicable, ya sean incumplimientos propios, o de sus representantes, proveedores o empleados. En particular, est\u00e1n afectados por esta prohibici\u00f3n los pagos ileg\u00edtimos a funcionarios p\u00fablicos, a representantes de autoridades p\u00fablicas, o a sus familiares, amigos cercanos, o personas con ellos relacionados.<\/p>\r\n                <p>En definitiva, Las Partes acuerdan adoptar todas las medidas necesarias para evitar cualquier acto que pueda afectar de manera adversa o ser perjudicial para la reputaci\u00f3n o el prestigio respectivo de cada una de ellas en un esp\u00edritu de plena colaboraci\u00f3n y buena fe en cuanto al tratamiento de la informaci\u00f3n utilizada en virtud del presente Contrato.<\/p>\r\n                <p>Cada una de las Partes se compromete a comunicar inmediatamente a la contraria todo conocimiento o sospecha espec\u00edfica de cualquier tipo de corrupci\u00f3n o soborno que tenga lugar en, o afecte a la negociaci\u00f3n, conclusi\u00f3n o cumplimiento de este Contrato. Asimismo, el Cliente notificar\u00e1 cualquier infracci\u00f3n del C\u00f3digo \u00c9tico o cualquier comportamiento inadecuado por parte de los administradores, directivos\/as, empleados\/as y colaboradores de CODEOSCOPIC, S.A., pudiendo utilizar a estos efectos nuestro Canal \u00e9tico: <a href=\"https:\/\/codeoscopic.edenuncias.com\/\" title=\"https:\/\/codeoscopic.edenuncias.com\" target=\u201d_blank\u201d>https:\/\/codeoscopic.edenuncias.com<\/a> y colaborar\u00e1 en el desarrollo de cualquier actividad de investigaci\u00f3n de las conductas objeto de denuncia.<\/p>\r\n      \r\n            <h2>10. Pol\u00edtica de devoluciones<\/h2>\r\n                <p><b>Suscripciones mensuales:<\/b> si durante los primeros 14 d\u00edas del periodo de facturaci\u00f3n utilizando Codeoscopic el cliente desea cancelar su cuenta, debe contactar a trav\u00e9s de comercial@Codeoscopic.com. Codeoscopic se compromete a encontrar una soluci\u00f3n a sus necesidades, y si no fuera posible, se proceder\u00e1 a la devoluci\u00f3n del dinero. Si el usuario no est\u00e1 satisfecho, se le ofrecer\u00e1 un REEMBOLSO del 50% sobre los costes de puesta en marcha del sistema.<\/p>\r\n                <p><b>Suscripciones anuales:<\/b> si durante los primeros 14 d\u00edas utilizando Codeoscopic el cliente desea cancelar su cuenta, debe contactar a trav\u00e9s de\u00a0comercial@codeoscopic.com. Codeoscopic se compromete a encontrar una soluci\u00f3n a sus necesidades, y si no fuera posible, se proceder\u00e1 a la devoluci\u00f3n del dinero. Si el cliente no est\u00e1 satisfecho, se le ofrecer\u00e1 un REEMBOLSO COMPLETO de las cuotas Anuales y un REEMBOLSO del 50% sobre los costes de la puesta en marcha.<\/p>\r\n                <p><b>Renovaci\u00f3n de las suscripciones:<\/b> las suscripciones se renuevan autom\u00e1ticamente hasta su cancelaci\u00f3n manual por medio del portal de clientes. Para cancelar una suscripci\u00f3n, el usuario debe hacerlo a trav\u00e9s del portal de clientes o mediante mail a comercial@codeoscopic.com. Se realizar\u00e1 un REEMBOLSO COMPLETO por causa de cancelaci\u00f3n hasta siete d\u00edas h\u00e1biles despu\u00e9s de la fecha de renovaci\u00f3n autom\u00e1tica.<\/p>\r\n                <p><b>Excepci\u00f3n de la pol\u00edtica de devoluciones de Codeoscopic:<\/b> no se aceptar\u00e1n solicitudes de devoluci\u00f3n a los clientes que se les haya suspendido o resuelto el servicio por el incumplimiento de los t\u00e9rminos y condiciones o cuando hayan pasado m\u00e1s de 90 d\u00edas desde la fecha de firma del contrato.<\/p>     \r\n        <\/div>\r\n<\/div>\r\n\r\n            <\/div>\r\n\t\t<\/div>","protected":false},"excerpt":{"rendered":"T\u00e9rminos y Condiciones Generales del servicio de las aplicaciones de Codeoscopic Workspace;  Avant2 Sales Manager, Tesis Broker Manager, BCover Risk Management, Integra API REST.","protected":false},"author":13,"featured_media":80463,"parent":16420,"menu_order":0,"comment_status":"closed","ping_status":"closed","template":"custom-inverted.php","meta":{"_monsterinsights_skip_tracking":false,"_monsterinsights_sitenote_active":false,"_monsterinsights_sitenote_note":"","_monsterinsights_sitenote_category":0,"footnotes":""},"class_list":["post-80337","page","type-page","status-publish","has-post-thumbnail","hentry"],"aioseo_notices":[],"_links":{"self":[{"href":"https:\/\/codeoscopic.com\/es\/wp-json\/wp\/v2\/pages\/80337","targetHints":{"allow":["GET"]}}],"collection":[{"href":"https:\/\/codeoscopic.com\/es\/wp-json\/wp\/v2\/pages"}],"about":[{"href":"https:\/\/codeoscopic.com\/es\/wp-json\/wp\/v2\/types\/page"}],"author":[{"embeddable":true,"href":"https:\/\/codeoscopic.com\/es\/wp-json\/wp\/v2\/users\/13"}],"replies":[{"embeddable":true,"href":"https:\/\/codeoscopic.com\/es\/wp-json\/wp\/v2\/comments?post=80337"}],"version-history":[{"count":0,"href":"https:\/\/codeoscopic.com\/es\/wp-json\/wp\/v2\/pages\/80337\/revisions"}],"up":[{"embeddable":true,"href":"https:\/\/codeoscopic.com\/es\/wp-json\/wp\/v2\/pages\/16420"}],"wp:featuredmedia":[{"embeddable":true,"href":"https:\/\/codeoscopic.com\/es\/wp-json\/wp\/v2\/media\/80463"}],"wp:attachment":[{"href":"https:\/\/codeoscopic.com\/es\/wp-json\/wp\/v2\/media?parent=80337"}],"curies":[{"name":"wp","href":"https:\/\/api.w.org\/{rel}","templated":true}]}}