{"id":75009,"date":"2024-07-20T18:26:28","date_gmt":"2024-07-20T16:26:28","guid":{"rendered":"https:\/\/codeoscopic.com\/?page_id=75009"},"modified":"2025-03-31T10:16:26","modified_gmt":"2025-03-31T08:16:26","slug":"bcover-corredores","status":"publish","type":"page","link":"https:\/\/codeoscopic.com\/es\/workspace\/bcover\/bcover-corredores\/","title":{"rendered":"Bcover Corredores"},"content":{"rendered":"<div class=\"main_cdscpc_bcover_corredores\">\r\n\r\n      <div class=\"main_intro\">\r\n\r\n        <div class=\"main_logos pc\">\r\n            <img decoding=\"async\" class=\"logo_wrkspc\" src=\"\/wp-content\/uploads\/kit-prensa\/workspace\/svg\/logo-wrkspc-white.svg\" alt=\"\">\r\n            <span class=\"separator\"><\/span>\r\n            <img decoding=\"async\" src=\"\/wp-content\/uploads\/kit-prensa\/bcover\/svg\/logo-bcover-white.svg\" alt=\"\">\r\n        <\/div>\r\n\r\n        <div class=\"main_logos mov\">\r\n            <img decoding=\"async\" class=\"logo_wrkspc\" src=\"\/wp-content\/uploads\/kit-prensa\/wrkspc.svg\" alt=\"\">\r\n            <span class=\"separator\"><\/span>\r\n            <img decoding=\"async\" src=\"\/wp-content\/uploads\/kit-prensa\/bcvr.svg\" alt=\"\">\r\n        <\/div>\r\n\r\n        <div class=\"main_tabs\"><div class=\"wrap_tabs\"><a href=\"https:\/\/codeoscopic.com\/es\/workspace\/bcover\/\" >Bcover<\/a><a href=\"https:\/\/codeoscopic.com\/es\/workspace\/bcover\/bcover-corredores\/\" class=\"select\">Corredores<\/a><a href=\"https:\/\/codeoscopic.com\/es\/workspace\/bcover\/bcover-aseguradoras\/\" >Aseguradoras<\/a><\/div><\/div>\r\n    <\/div>\r\n\r\n    <div class=\"main_content_sections\">\r\n\r\n        <div class=\"main_claim\">\r\n            <div class=\"wrap_claim\">\r\n                <span class=\"intro\">Gerencia de riesgos y seguros<\/span>\r\n                <h1>Convi\u00e9rtete en gerente de riesgos de tus clientes y ofrece soluciones aseguradoras a medida<\/h1>\r\n                <a class=\"video_play\" data-modal=\"modal_bcover_play\" data-toggle=\"modal\" data-video-id=\"yaNKYRqQeFo\" onclick=\"playVideo(event);\" style=\"background: url('\/wp-content\/uploads\/2024\/07\/bcover-corredores-video-preview.png') no-repeat center;\">\r\n                    <span class=\"btn_play\">\r\n                        <img decoding=\"async\" class=\"icon_play\" src=\"\/wp-content\/themes\/codeoscopic2021\/public\/images\/icons\/play.svg\" alt=\"\">\r\n                    <\/span>\r\n                <\/a>\r\n\r\n                <img decoding=\"async\" class=\"schema_aseguradoras\" src=\"\/wp-content\/uploads\/2024\/07\/bcover-corredores-schema.png\" alt=\"\">\r\n            <\/div>\r\n        <\/div>\r\n\r\n        <div class=\"main_bcover_video system_popup\" id=\"modal_bcover_play\">\r\n            <a class=\"close-modal btn_close\" onclick=\"stopVideo();\">\r\n                <span class=\"icon_20 close white\"><\/span>\r\n            <\/a>\r\n\r\n            <div class=\"wrap_bcover_video\">\r\n                <div class=\"main_content\">\r\n                    <div class=\"video-container\">\r\n                       <div id=\"youtube_video\"><\/div>\r\n                    <\/div>\r\n                <\/div>\r\n            <\/div>\r\n        <\/div>\r\n\r\n        <div class=\"main_grid_box\">\r\n\r\n            <div class=\"wrap_grid invert\">\r\n                <div class=\"main_content\">\r\n                    <p><b>An\u00e1lisis y evaluaci\u00f3n de riesgos.<\/b> Bcover simplifica y automatiza el proceso de caracterizaci\u00f3n, an\u00e1lisis y evaluaci\u00f3n de riesgos de tus clientes PYME y Comercio. Su intuitiva interfaz te permitir\u00e1 identificar de forma \u00e1gil los riesgos m\u00e1s relevantes de la empresa y recomendar soluciones aseguradoras a medida para cada una, as\u00ed como la implementaci\u00f3n de otras medidas de protecci\u00f3n que eviten riesgos indeseados en el entorno empresarial.<\/p>\r\n                <\/div>\r\n                <div class=\"picture_content\">\r\n                    <img decoding=\"async\" src=\"\/wp-content\/uploads\/2024\/\/09\/Bcover-corredores-img1.png\">\r\n                <\/div>\r\n            <\/div>\r\n\r\n            <div class=\"wrap_grid\">\r\n                <div class=\"main_content\">\r\n                    <p><b>Matriz de riesgos actual y objetivo.<\/b> Sistema matricial de valoraci\u00f3n del nivel de riesgo basado en Probabilidad e Impacto (P x I). La aplicaci\u00f3n ofrece tanto la matriz de riesgos actual del cliente como la matriz objetivo a la que podr\u00eda llegar en caso de llevar a cabo las recomendaciones incluidas en el informe de gesti\u00f3n. Utiliza el an\u00e1lisis como argumento de venta del programa de seguros.<\/p>\r\n                <\/div>\r\n                <div class=\"picture_content\">\r\n                    <img decoding=\"async\" src=\"\/wp-content\/uploads\/2024\/09\/Bcover-corredores-img2.png\">\r\n                <\/div>\r\n            <\/div>\r\n\r\n        <\/div>\r\n\r\n        <div class=\"main_list\">\r\n            <div class=\"wrap_list\">\r\n                <h3>El Informe de Gesti\u00f3n de Riesgos contiene:<\/h3>\r\n                <div class=\"main_content\">\r\n                    <div>\r\n                        <svg width=\"12\" height=\"12\" viewBox=\"0 0 12 12\" fill=\"none\" xmlns=\"http:\/\/www.w3.org\/2000\/svg\"><path d=\"M2 6.19418L4.52826 9.97778L10 2.02197\" stroke=\"#DF485B\" stroke-width=\"2\" stroke-linecap=\"square\"\/><\/svg>\r\n                        <span>Informaci\u00f3n general de la empresa<\/span>\r\n                    <\/div>\r\n                    <div>\r\n                        <svg width=\"12\" height=\"12\" viewBox=\"0 0 12 12\" fill=\"none\" xmlns=\"http:\/\/www.w3.org\/2000\/svg\"><path d=\"M2 6.19418L4.52826 9.97778L10 2.02197\" stroke=\"#DF485B\" stroke-width=\"2\" stroke-linecap=\"square\"\/><\/svg>\r\n                        <span>Informaci\u00f3n financiera<\/span>\r\n                    <\/div>\r\n                    <div>\r\n                        <svg width=\"12\" height=\"12\" viewBox=\"0 0 12 12\" fill=\"none\" xmlns=\"http:\/\/www.w3.org\/2000\/svg\"><path d=\"M2 6.19418L4.52826 9.97778L10 2.02197\" stroke=\"#DF485B\" stroke-width=\"2\" stroke-linecap=\"square\"\/><\/svg>\r\n                        <span>Descripci\u00f3n de la actividad de empresa<\/span>\r\n                    <\/div>\r\n                    <div>\r\n                        <svg width=\"12\" height=\"12\" viewBox=\"0 0 12 12\" fill=\"none\" xmlns=\"http:\/\/www.w3.org\/2000\/svg\"><path d=\"M2 6.19418L4.52826 9.97778L10 2.02197\" stroke=\"#DF485B\" stroke-width=\"2\" stroke-linecap=\"square\"\/><\/svg>\r\n                        <span>Caracter\u00edsticas de las instalaciones<\/span>\r\n                    <\/div>\r\n                    <div>\r\n                        <svg width=\"12\" height=\"12\" viewBox=\"0 0 12 12\" fill=\"none\" xmlns=\"http:\/\/www.w3.org\/2000\/svg\"><path d=\"M2 6.19418L4.52826 9.97778L10 2.02197\" stroke=\"#DF485B\" stroke-width=\"2\" stroke-linecap=\"square\"\/><\/svg>\r\n                        <span>Listado de riesgos que afectan al cliente<\/span>\r\n                    <\/div>\r\n                <\/div>\r\n                <div class=\"main_content\">\r\n                    <div>\r\n                        <svg width=\"12\" height=\"12\" viewBox=\"0 0 12 12\" fill=\"none\" xmlns=\"http:\/\/www.w3.org\/2000\/svg\"><path d=\"M2 6.19418L4.52826 9.97778L10 2.02197\" stroke=\"#DF485B\" stroke-width=\"2\" stroke-linecap=\"square\"\/><\/svg>\r\n                        <span>Recom. de contrataci\u00f3n de soluciones aseguradoras<\/span>\r\n                    <\/div>\r\n                    <div>\r\n                        <svg width=\"12\" height=\"12\" viewBox=\"0 0 12 12\" fill=\"none\" xmlns=\"http:\/\/www.w3.org\/2000\/svg\"><path d=\"M2 6.19418L4.52826 9.97778L10 2.02197\" stroke=\"#DF485B\" stroke-width=\"2\" stroke-linecap=\"square\"\/><\/svg>\r\n                        <span>Recom. de implementaci\u00f3n de medidas de protecci\u00f3n<\/span>\r\n                    <\/div>\r\n                    <div>\r\n                        <svg width=\"12\" height=\"12\" viewBox=\"0 0 12 12\" fill=\"none\" xmlns=\"http:\/\/www.w3.org\/2000\/svg\"><path d=\"M2 6.19418L4.52826 9.97778L10 2.02197\" stroke=\"#DF485B\" stroke-width=\"2\" stroke-linecap=\"square\"\/><\/svg>\r\n                        <span>Verificaci\u00f3n t\u00e9cnica de riesgos<\/span>\r\n                    <\/div>\r\n                    <div>\r\n                        <svg width=\"12\" height=\"12\" viewBox=\"0 0 12 12\" fill=\"none\" xmlns=\"http:\/\/www.w3.org\/2000\/svg\"><path d=\"M2 6.19418L4.52826 9.97778L10 2.02197\" stroke=\"#DF485B\" stroke-width=\"2\" stroke-linecap=\"square\"\/><\/svg>\r\n                        <span>Programa preliminar de seguros<\/span>\r\n                    <\/div>\r\n                <\/div>\r\n            <\/div>\r\n        <\/div>\r\n\r\n        <div class=\"main_grid_box\">\r\n\r\n            <div class=\"wrap_grid invert\">\r\n                <div class=\"main_content\">\r\n                    <p><b>Cotizaci\u00f3n y emisi\u00f3n de p\u00f3lizas.<\/b> Gracias a la conectividad con Avant2 Sales Manager, Bcover permite generar presupuestos para aquellas soluciones aseguradoras que nuestro sistema haya recomendado contratar al cliente PYME o Comercio. En caso de querer avanzar y llevar a cabo la emisi\u00f3n de la p\u00f3liza, podr\u00e1 abrir la oportunidad generada en Avant2 Sales Manager y completar el proceso de suscripci\u00f3n.<\/p>\r\n                <\/div>\r\n                <div class=\"picture_content\">\r\n                    <img decoding=\"async\" src=\"\/wp-content\/uploads\/2024\/09\/Bcover-corredores-img3.png\">\r\n                <\/div>\r\n            <\/div>\r\n\r\n            <div class=\"wrap_grid\">\r\n                <div class=\"main_content\">\r\n                    <p><b>Informe de verificaci\u00f3n t\u00e9cnica de riesgos.<\/b> Bcover permite caracterizar tanto el continente como el contenido de los riesgos a nivel de detalle, generando un informe de verificaci\u00f3n t\u00e9cnica exportable a MS Word y PDF, compatible con los formatos que solicitar las compa\u00f1\u00edas aseguradoras \r\npara ofrecer cotizaci\u00f3n.<\/p>\r\n                <\/div>\r\n                <div class=\"picture_content\">\r\n                    <img decoding=\"async\" src=\"\/wp-content\/uploads\/2024\/09\/Bcover-corredores-img4.png\">\r\n                <\/div>\r\n            <\/div>\r\n\r\n        <\/div>\r\n\r\n        <div class=\"end_claim\">\r\n            <p>M\u00e1s de <b>1.800 corredores<\/b> utilizan Bcover Risk Management<\/p>\r\n            <a href=\"https:\/\/codeoscopic.com\/es\/contactanos\/\" class=\"btn primary bcover\">Cont\u00e1ctanos!<\/a>\r\n        <\/div>\r\n\r\n\r\n\n    <div class=\"main_direct_footer_access\" style=\"background: url(\/wp-content\/uploads\/2025\/04\/bg.png) top center no-repeat #0e162a;\">\n        <div class=\"wrap_direct_footer_access\">\n            <p>Continua explorando soluciones que dan respuesta a las necesidades del sector asegurador<\/p>\n            <ul class=\"main_grid_cards\">\n                <li class=\"\">\n                    <a href=\"\/es?page_id=74692\" class=\"main_content avant2\">\n                        <div class=\"logo\"><img decoding=\"async\" src=\"\/wp-content\/uploads\/2024\/04\/avant2.svg\" alt=\"\"><\/div>\n                        <span class=\"text\">CRM + Multitarificador: la aplicaci\u00f3n lider para la venta de seguros<\/span>\n                        <img decoding=\"async\" class=\"screen\" src=\"\/wp-content\/uploads\/2024\/07\/screen-avant2.png\" alt=\"\">\n                    <\/a>\n                <\/li>\n                <li class=\"\">\n                    <a href=\"\/es?page_id=16602\" class=\"main_content versus\">\n                        <div class=\"logo\"><img decoding=\"async\" src=\"\/wp-content\/uploads\/2024\/04\/versus.svg\" alt=\"\"><\/div>\n                        <span class=\"text\">An\u00e1lisis segmentados del mercado, monitorizaci\u00f3n y comparaci\u00f3n de datos<\/span>\n                        <img decoding=\"async\" class=\"screen\" src=\"\/wp-content\/uploads\/2024\/07\/screen-versus.png\" alt=\"\">\n                    <\/a>\n                <\/li>\n                <li class=\"hidden\">\n                    <a href=\"\/es?page_id=75002\" class=\"main_content bcover\">\n                        <div class=\"logo\"><img decoding=\"async\" src=\"\/wp-content\/uploads\/2024\/04\/bcover.svg\" alt=\"\"><\/div>\n                        <span class=\"text\">Simplifica y automatiza el an\u00e1lisis y gesti\u00f3n de riesgos de tus clientes empresa<\/span>\n                        <img decoding=\"async\" class=\"screen\" src=\"\/wp-content\/uploads\/2024\/07\/screen-bcover.png\" alt=\"\">\n                    <\/a>\n                <\/li>\n                <li class=\"\">\n                    <a href=\"\/es?page_id=74944\" class=\"main_content tesis\">\n                        <div class=\"logo\"><img decoding=\"async\" src=\"\/wp-content\/uploads\/2024\/04\/tesis.svg\" alt=\"\"><\/div>\n                        <span class=\"text\">El ERP creado por corredores de seguros, desarrollado para los corredores de seguros<\/span>\n                        <img decoding=\"async\" class=\"screen\" src=\"\/wp-content\/uploads\/2024\/07\/screen-tesis.png\" alt=\"\">\n                    <\/a>\n                <\/li>\n                <li class=\"\">\n                    <a href=\"\/es?page_id=27385\" class=\"main_content integra\">\n                        <div class=\"logo\"><img decoding=\"async\" src=\"\/wp-content\/uploads\/2024\/04\/integra.svg\" alt=\"\"><\/div>\n                        <span class=\"text\">Te damos la bienvenida a la Conectividad con los productos Workspace<\/span>\n                        <img decoding=\"async\" class=\"screen\" src=\"\/wp-content\/uploads\/2024\/07\/screen-integra.png\" alt=\"\">\n                    <\/a>\n                <\/li>\n            <\/ul>\n        <\/div>\n    <\/div>\r\n\t\t","protected":false},"excerpt":{"rendered":"Bcover, gerencia de riesgos y seguros al servicio de la mediaci\u00f3n. Ofrece al corredor la posibilidad de analizar y evaluar los riesgos a los que est\u00e1n expuestas las empresas y comercios. Y a su vez proponer soluciones aseguradoras y medidas de protecci\u00f3n. ","protected":false},"author":1,"featured_media":79623,"parent":75002,"menu_order":0,"comment_status":"closed","ping_status":"closed","template":"custom-inverted.php","meta":{"_monsterinsights_skip_tracking":false,"_monsterinsights_sitenote_active":false,"_monsterinsights_sitenote_note":"","_monsterinsights_sitenote_category":0,"footnotes":""},"class_list":["post-75009","page","type-page","status-publish","has-post-thumbnail","hentry"],"aioseo_notices":[],"_links":{"self":[{"href":"https:\/\/codeoscopic.com\/es\/wp-json\/wp\/v2\/pages\/75009","targetHints":{"allow":["GET"]}}],"collection":[{"href":"https:\/\/codeoscopic.com\/es\/wp-json\/wp\/v2\/pages"}],"about":[{"href":"https:\/\/codeoscopic.com\/es\/wp-json\/wp\/v2\/types\/page"}],"author":[{"embeddable":true,"href":"https:\/\/codeoscopic.com\/es\/wp-json\/wp\/v2\/users\/1"}],"replies":[{"embeddable":true,"href":"https:\/\/codeoscopic.com\/es\/wp-json\/wp\/v2\/comments?post=75009"}],"version-history":[{"count":0,"href":"https:\/\/codeoscopic.com\/es\/wp-json\/wp\/v2\/pages\/75009\/revisions"}],"up":[{"embeddable":true,"href":"https:\/\/codeoscopic.com\/es\/wp-json\/wp\/v2\/pages\/75002"}],"wp:featuredmedia":[{"embeddable":true,"href":"https:\/\/codeoscopic.com\/es\/wp-json\/wp\/v2\/media\/79623"}],"wp:attachment":[{"href":"https:\/\/codeoscopic.com\/es\/wp-json\/wp\/v2\/media?parent=75009"}],"curies":[{"name":"wp","href":"https:\/\/api.w.org\/{rel}","templated":true}]}}