{"id":75002,"date":"2024-07-20T18:20:16","date_gmt":"2024-07-20T16:20:16","guid":{"rendered":"https:\/\/codeoscopic.com\/?page_id=75002"},"modified":"2024-10-08T21:32:57","modified_gmt":"2024-10-08T19:32:57","slug":"bcover","status":"publish","type":"page","link":"https:\/\/codeoscopic.com\/es\/workspace\/bcover\/","title":{"rendered":"Bcover"},"content":{"rendered":"<div class=\"main_cdscpc_bcover_home\">\r\n\r\n    <div class=\"main_intro\">\r\n\r\n        <div class=\"main_logos pc\">\r\n            <img decoding=\"async\" class=\"logo_wrkspc\" src=\"\/wp-content\/uploads\/kit-prensa\/workspace\/svg\/logo-wrkspc-white.svg\" alt=\"\">\r\n            <span class=\"separator\"><\/span>\r\n            <img decoding=\"async\" src=\"\/wp-content\/uploads\/kit-prensa\/bcover\/svg\/logo-bcover-white.svg\" alt=\"\">\r\n        <\/div>\r\n\r\n        <div class=\"main_logos mov\">\r\n            <img decoding=\"async\" class=\"logo_wrkspc\" src=\"\/wp-content\/uploads\/kit-prensa\/wrkspc.svg\" alt=\"\">\r\n            <span class=\"separator\"><\/span>\r\n            <img decoding=\"async\" src=\"\/wp-content\/uploads\/kit-prensa\/bcvr.svg\" alt=\"\">\r\n        <\/div>\r\n\r\n        <div class=\"main_tabs\"><div class=\"wrap_tabs\"><a href=\"https:\/\/codeoscopic.com\/es\/workspace\/bcover\/\" class=\"select\">Bcover<\/a><a href=\"https:\/\/codeoscopic.com\/es\/workspace\/bcover\/bcover-corredores\/\" >Corredores<\/a><a href=\"https:\/\/codeoscopic.com\/es\/workspace\/bcover\/bcover-aseguradoras\/\" >Aseguradoras<\/a><\/div><\/div>\r\n    <\/div>\r\n\r\n    <div class=\"main_content_sections\">\r\n\r\n        <div class=\"main_claim\">\r\n            <div class=\"wrap_claim\">\r\n                <h1>Bcover, gerencia de riesgos y seguros al servicio de la mediaci\u00f3n<\/h1>\r\n                <p>El nuevo Bcover simplifica, automatiza y perfecciona el an\u00e1lisis y gesti\u00f3n de riesgos de tus clientes empresa. An\u00e1lisis inteligente y m\u00e1xima conectividad para hacerte m\u00e1s eficiente y competitivo.<\/p>\r\n\r\n                <div class=\"figure\">\r\n                    <img decoding=\"async\" src=\"\/wp-content\/uploads\/2024\/07\/bcover-claim-figura.svg\" alt=\"\">\r\n                    <img decoding=\"async\" src=\"\/wp-content\/uploads\/2024\/07\/bcover-claim-figura2.svg\" alt=\"\">\r\n                <\/div>\r\n\r\n                <img decoding=\"async\" src=\"\/wp-content\/uploads\/2024\/07\/bcover-screen.png\" alt=\"\" class=\"screen\">\r\n            <\/div>\r\n        <\/div>\r\n\r\n        <div class=\"main_grid_intro\">\r\n            <ul class=\"wrap_grid\">\r\n                <li>\r\n                    <a href=\"https:\/\/codeoscopic.com\/es\/workspace\/bcover\/bcover-corredores\/\" class=\"main_content\">\r\n                        <span class=\"icon\"><img decoding=\"async\" src=\"\/wp-content\/uploads\/2024\/07\/bcover-access-icon-1.svg\" alt=\"\"><\/span>\r\n                        <span class=\"title\"><b>Soy corredor<\/b> Convi\u00e9rtete en el gerente de riesgos de tus clientes empresa<\/span>\r\n\r\n                        <div class=\"list\">\r\n                            <div>\r\n                                <svg class=\"tik\" width=\"12\" height=\"12\" viewBox=\"0 0 12 12\" fill=\"none\" xmlns=\"http:\/\/www.w3.org\/2000\/svg\"><path d=\"M1 6.82855L3.9431 11L11 1\" stroke=\"#DF485B\" stroke-width=\"2\" stroke-linecap=\"round\" stroke-linejoin=\"round\"\/><\/svg>\r\n                                <span class=\"text\">Caracterizaci\u00f3n semi-autom\u00e1tica de los riesgos<\/span><\/div>\r\n                            <div>\r\n                                <svg class=\"tik\" width=\"12\" height=\"12\" viewBox=\"0 0 12 12\" fill=\"none\" xmlns=\"http:\/\/www.w3.org\/2000\/svg\"><path d=\"M1 6.82855L3.9431 11L11 1\" stroke=\"#DF485B\" stroke-width=\"2\" stroke-linecap=\"round\" stroke-linejoin=\"round\"\/><\/svg>\r\n                                <span class=\"text\">Informe avanzado de gerencia de riesgos y seguros<\/span><\/div>\r\n                            <div>\r\n                                <svg class=\"tik\" width=\"12\" height=\"12\" viewBox=\"0 0 12 12\" fill=\"none\" xmlns=\"http:\/\/www.w3.org\/2000\/svg\"><path d=\"M1 6.82855L3.9431 11L11 1\" stroke=\"#DF485B\" stroke-width=\"2\" stroke-linecap=\"round\" stroke-linejoin=\"round\"\/><\/svg>\r\n                                <span class=\"text\">Cotizaci\u00f3n de productos<\/span><\/div>\r\n                            <div>\r\n                                <svg class=\"tik\" width=\"12\" height=\"12\" viewBox=\"0 0 12 12\" fill=\"none\" xmlns=\"http:\/\/www.w3.org\/2000\/svg\"><path d=\"M1 6.82855L3.9431 11L11 1\" stroke=\"#DF485B\" stroke-width=\"2\" stroke-linecap=\"round\" stroke-linejoin=\"round\"\/><\/svg>\r\n                                <span class=\"text\">Programa preliminar de seguros<\/span><\/div>\r\n                            <div>\r\n                                <svg class=\"tik\" width=\"12\" height=\"12\" viewBox=\"0 0 12 12\" fill=\"none\" xmlns=\"http:\/\/www.w3.org\/2000\/svg\"><path d=\"M1 6.82855L3.9431 11L11 1\" stroke=\"#DF485B\" stroke-width=\"2\" stroke-linecap=\"round\" stroke-linejoin=\"round\"\/><\/svg>\r\n                                <span class=\"text\">Integraci\u00f3n con Avant2 Sales Manager y Tesis Broker Manager<\/span><\/div>\r\n                        <\/div>\r\n\r\n                        <div class=\"more_info\">\r\n                            <span class=\"text\">Bcover para corredores<\/span>\r\n                            <span class=\"opt\"><span class=\"icon_10 arrow white\"><\/span><\/span>\r\n                        <\/div>\r\n                    <\/a>\r\n                <\/li>\r\n                <li>\r\n                    <a href=\"https:\/\/codeoscopic.com\/es\/workspace\/bcover\/bcover-aseguradoras\/\" class=\"main_content\">\r\n                        <span class=\"icon\"><img decoding=\"async\" src=\"\/wp-content\/uploads\/2024\/07\/bcover-access-icon-2.svg\" alt=\"\"><\/span>\r\n                        <span class=\"title\"><b>Soy aseguradora<\/b> Te ofrecemos una soluci\u00f3n integral para tu red de mediaci\u00f3n.<\/span>\r\n\r\n                        <div class=\"list\">\r\n                            <div>\r\n                                <svg class=\"tik\" width=\"12\" height=\"12\" viewBox=\"0 0 12 12\" fill=\"none\" xmlns=\"http:\/\/www.w3.org\/2000\/svg\"><path d=\"M1 6.82855L3.9431 11L11 1\" stroke=\"#DF485B\" stroke-width=\"2\" stroke-linecap=\"round\" stroke-linejoin=\"round\"\/><\/svg>\r\n                                <span class=\"text\">Personalizaci\u00f3n del universo de soluciones aseguradoras<\/span><\/div>\r\n                            <div>\r\n                                <svg class=\"tik\" width=\"12\" height=\"12\" viewBox=\"0 0 12 12\" fill=\"none\" xmlns=\"http:\/\/www.w3.org\/2000\/svg\"><path d=\"M1 6.82855L3.9431 11L11 1\" stroke=\"#DF485B\" stroke-width=\"2\" stroke-linecap=\"round\" stroke-linejoin=\"round\"\/><\/svg>\r\n                                <span class=\"text\">Parametrizaci\u00f3n de los formularios de caracterizaci\u00f3n del riesgo<\/span><\/div>\r\n                            <div>\r\n                                <svg class=\"tik\" width=\"12\" height=\"12\" viewBox=\"0 0 12 12\" fill=\"none\" xmlns=\"http:\/\/www.w3.org\/2000\/svg\"><path d=\"M1 6.82855L3.9431 11L11 1\" stroke=\"#DF485B\" stroke-width=\"2\" stroke-linecap=\"round\" stroke-linejoin=\"round\"\/><\/svg>\r\n                                <span class=\"text\">An\u00e1lisis y evaluaci\u00f3n semi-autom\u00e1tica de los riesgos<\/span><\/div>\r\n                            <div>\r\n                                <svg class=\"tik\" width=\"12\" height=\"12\" viewBox=\"0 0 12 12\" fill=\"none\" xmlns=\"http:\/\/www.w3.org\/2000\/svg\"><path d=\"M1 6.82855L3.9431 11L11 1\" stroke=\"#DF485B\" stroke-width=\"2\" stroke-linecap=\"round\" stroke-linejoin=\"round\"\/><\/svg>\r\n                                <span class=\"text\">Informe avanzado de gerencia de riesgos y seguros<\/span><\/div>\r\n                            <div>\r\n                                <svg class=\"tik\" width=\"12\" height=\"12\" viewBox=\"0 0 12 12\" fill=\"none\" xmlns=\"http:\/\/www.w3.org\/2000\/svg\"><path d=\"M1 6.82855L3.9431 11L11 1\" stroke=\"#DF485B\" stroke-width=\"2\" stroke-linecap=\"round\" stroke-linejoin=\"round\"\/><\/svg>\r\n                                <span class=\"text\">Integraci\u00f3n con el CRM y ERP de la aseguradora<\/span><\/div>\r\n                            <div>\r\n                                <svg class=\"tik\" width=\"12\" height=\"12\" viewBox=\"0 0 12 12\" fill=\"none\" xmlns=\"http:\/\/www.w3.org\/2000\/svg\"><path d=\"M1 6.82855L3.9431 11L11 1\" stroke=\"#DF485B\" stroke-width=\"2\" stroke-linecap=\"round\" stroke-linejoin=\"round\"\/><\/svg>\r\n                                <span class=\"text\">Cotizaci\u00f3n de productos<\/span><\/div>\r\n                            <div>\r\n                                <svg class=\"tik\" width=\"12\" height=\"12\" viewBox=\"0 0 12 12\" fill=\"none\" xmlns=\"http:\/\/www.w3.org\/2000\/svg\"><path d=\"M1 6.82855L3.9431 11L11 1\" stroke=\"#DF485B\" stroke-width=\"2\" stroke-linecap=\"round\" stroke-linejoin=\"round\"\/><\/svg>\r\n                                <span class=\"text\">Generaci\u00f3n de factores de riesgo para el c\u00e1lculo de tarifa<\/span><\/div>\r\n                        <\/div>\r\n\r\n                        <div class=\"more_info\">\r\n                            <span class=\"text\">Bcover para aseguradoras<\/span>\r\n                            <span class=\"opt\"><span class=\"icon_10 arrow white\"><\/span><\/span>\r\n                        <\/div>\r\n                    <\/a>\r\n                <\/li>\r\n            <\/ul>\r\n        <\/div>\r\n\r\n        <div class=\"main_banner_dossier\">\r\n            <div class=\"wrap_banner_dossier\">\r\n                <div><img decoding=\"async\" src=\"\/wp-content\/uploads\/2024\/07\/dossier.png\" alt=\"\"><\/div>\r\n                <div>\r\n                    <div class=\"main_content\">\r\n                        <h2>Descarga el dosier de Bcover<\/h2>\r\n                        <p>Descarga ahora el dosier de Bcover para conocer todas sus caracter\u00edsticas y las ventajas de como simplificar, automatizar y perfeccionar el an\u00e1lisis y gesti\u00f3n de riesgos con esta aplicaci\u00f3n.<\/p>\r\n                        <a href=\"\/wp-content\/uploads\/2024\/07\/Dosier-Bcover-2023.pdf\" class=\"btn primary bcover\" target=\"_blank\" rel=\"noopener\">Descarga dosier<\/a>\r\n                    <\/div>\r\n                <\/div>\r\n            <\/div>\r\n        <\/div>\r\n\r\n        <div class=\"main_risk_analytics\" style=\"background-image: url('\/wp-content\/uploads\/2024\/07\/bcover-risk-analytics-bg.svg')\">\r\n            <div class=\"wrap_content\">\r\n                <div class=\"main_content\">\r\n                    <h3>Risk analytics<\/h3>\r\n                    <p class=\"subtitle\">El uso de la anal\u00edtica avanzada de datos permite simplificar el proceso de caracterizaci\u00f3n y \r\nevaluaci\u00f3n de riesgos.<\/p>\r\n                    <p class=\"text\">Bcover incorpora elementos de <em>Big Data<\/em> y <em>Risk Analytics<\/em> para el an\u00e1lisis de riesgos de forma \r\nautomatizada. La aplicaci\u00f3n incorpora modelos de predicci\u00f3n de riesgos basados en:<\/p>\r\n                    <div class=\"list\">\r\n                        <div>\r\n                            <svg class=\"tik\" width=\"12\" height=\"12\" viewBox=\"0 0 12 12\" fill=\"none\" xmlns=\"http:\/\/www.w3.org\/2000\/svg\"><path d=\"M1 6.82855L3.9431 11L11 1\" stroke=\"#DF485B\" stroke-width=\"2\" stroke-linecap=\"round\" stroke-linejoin=\"round\"\/><\/svg>\r\n                            <span>Fuentes de datos p\u00fablicas<\/span><\/div>\r\n                        <div>\r\n                            <svg class=\"tik\" width=\"12\" height=\"12\" viewBox=\"0 0 12 12\" fill=\"none\" xmlns=\"http:\/\/www.w3.org\/2000\/svg\"><path d=\"M1 6.82855L3.9431 11L11 1\" stroke=\"#DF485B\" stroke-width=\"2\" stroke-linecap=\"round\" stroke-linejoin=\"round\"\/><\/svg>\r\n                            <span>Sistemas de informaci\u00f3n geogr\u00e1fica<\/span>\r\n                        <\/div>\r\n                        <div>\r\n                            <svg class=\"tik\" width=\"12\" height=\"12\" viewBox=\"0 0 12 12\" fill=\"none\" xmlns=\"http:\/\/www.w3.org\/2000\/svg\"><path d=\"M1 6.82855L3.9431 11L11 1\" stroke=\"#DF485B\" stroke-width=\"2\" stroke-linecap=\"round\" stroke-linejoin=\"round\"\/><\/svg>\r\n                            <span>Bases de datos del sector asegurador<\/span>\r\n                        <\/div>\r\n                        <!--<div>\r\n                            <svg class=\"tik\" width=\"12\" height=\"12\" viewBox=\"0 0 12 12\" fill=\"none\" xmlns=\"http:\/\/www.w3.org\/2000\/svg\"><path d=\"M1 6.82855L3.9431 11L11 1\" stroke=\"#DF485B\" stroke-width=\"2\" stroke-linecap=\"round\" stroke-linejoin=\"round\"\/><\/svg>\r\n                            <span>Bases de datos siniestrales sectoriales<\/span>\r\n                        <\/div>-->\r\n                    <\/div>\r\n                <\/div>\r\n                <div class=\"main_content\">\r\n                    <div class=\"main_box\">\r\n                        <div class=\"wrap_box\">\r\n                            <img decoding=\"async\" src=\"\/wp-content\/uploads\/2024\/07\/bcover-risk-analytics-icon-1.svg\" alt=\"\">\r\n                            <span>Analitica de fuentes de datos externos<\/span>\r\n                        <\/div>\r\n                        <div class=\"wrap_box\">\r\n                            <img decoding=\"async\" src=\"\/wp-content\/uploads\/2024\/07\/bcover-risk-analytics-icon-2.svg\" alt=\"\">\r\n                            <span>Cartograf\u00eda y anal\u00edtica de mapas<\/span>\r\n                        <\/div>\r\n                        <div class=\"wrap_box\">\r\n                            <img decoding=\"async\" src=\"\/wp-content\/uploads\/2024\/07\/bcover-risk-analytics-icon-3.svg\" alt=\"\">\r\n                            <span>Conectividad mediante API<\/span>\r\n                        <\/div>\r\n                        <div class=\"wrap_box\">\r\n                            <img decoding=\"async\" src=\"\/wp-content\/uploads\/2024\/07\/bcover-risk-analytics-icon-4.svg\" alt=\"\">\r\n                            <span>BIG Data intelligence<\/span>\r\n                        <\/div>\r\n                    <\/div>\r\n                <\/div>\r\n            <\/div>\r\n        <\/div>\r\n\r\n        <div class=\"main_numbers\">\r\n            <div class=\"wrap_section\">\r\n                <h2>N\u00ba1 tambi\u00e9n en n\u00fameros<\/h2>\r\n\r\n                <ul class=\"main_grid\">\r\n                    <li>\r\n                        <span class=\"num\">+60<\/span>\r\n                        <span class=\"text\">Riesgos objeto de an\u00e1lisis<\/span>\r\n                    <\/li>\r\n                    <li>\r\n                        <span class=\"num\">+20<\/span>\r\n                        <span class=\"text\">Soluciones aseguradoras<\/span>\r\n                    <\/li>\r\n                    <li>\r\n                        <span class=\"num\">+60<\/span>\r\n                        <span class=\"text\">Garant\u00edas incluidas<\/span>\r\n                    <\/li>\r\n                    <li>\r\n                        <span class=\"num\">+150<\/span>\r\n                        <span class=\"text\">Medidas de control<\/span>\r\n                    <\/li>\r\n                <\/ul>\r\n                <p>\u00bfHablamos? Seas un mediador o una aseguradora, queremos mostrarte c\u00f3mo podemos hacer crecer tu negocio.<\/p>\r\n                <a href=\"https:\/\/codeoscopic.com\/es\/contactanos\/\" class=\"btn primary bcover\">Cont\u00e1ctanos<\/a>\r\n            <\/div>\r\n        <\/div>\r\n\r\n\n    <div class=\"main_direct_footer_access\" style=\"background: url(\/wp-content\/uploads\/2025\/04\/bg.png) top center no-repeat #0e162a;\">\n        <div class=\"wrap_direct_footer_access\">\n            <p>Continua explorando soluciones que dan respuesta a las necesidades del sector asegurador<\/p>\n            <ul class=\"main_grid_cards\">\n                <li class=\"\">\n                    <a href=\"\/es?page_id=74692\" class=\"main_content avant2\">\n                        <div class=\"logo\"><img decoding=\"async\" src=\"\/wp-content\/uploads\/2024\/04\/avant2.svg\" alt=\"\"><\/div>\n                        <span class=\"text\">CRM + Multitarificador: la aplicaci\u00f3n lider para la venta de seguros<\/span>\n                        <img decoding=\"async\" class=\"screen\" src=\"\/wp-content\/uploads\/2024\/07\/screen-avant2.png\" alt=\"\">\n                    <\/a>\n                <\/li>\n                <li class=\"\">\n                    <a href=\"\/es?page_id=16602\" class=\"main_content versus\">\n                        <div class=\"logo\"><img decoding=\"async\" src=\"\/wp-content\/uploads\/2024\/04\/versus.svg\" alt=\"\"><\/div>\n                        <span class=\"text\">An\u00e1lisis segmentados del mercado, monitorizaci\u00f3n y comparaci\u00f3n de datos<\/span>\n                        <img decoding=\"async\" class=\"screen\" src=\"\/wp-content\/uploads\/2024\/07\/screen-versus.png\" alt=\"\">\n                    <\/a>\n                <\/li>\n                <li class=\"hidden\">\n                    <a href=\"\/es?page_id=75002\" class=\"main_content bcover\">\n                        <div class=\"logo\"><img decoding=\"async\" src=\"\/wp-content\/uploads\/2024\/04\/bcover.svg\" alt=\"\"><\/div>\n                        <span class=\"text\">Simplifica y automatiza el an\u00e1lisis y gesti\u00f3n de riesgos de tus clientes empresa<\/span>\n                        <img decoding=\"async\" class=\"screen\" src=\"\/wp-content\/uploads\/2024\/07\/screen-bcover.png\" alt=\"\">\n                    <\/a>\n                <\/li>\n                <li class=\"\">\n                    <a href=\"\/es?page_id=74944\" class=\"main_content tesis\">\n                        <div class=\"logo\"><img decoding=\"async\" src=\"\/wp-content\/uploads\/2024\/04\/tesis.svg\" alt=\"\"><\/div>\n                        <span class=\"text\">El ERP creado por corredores de seguros, desarrollado para los corredores de seguros<\/span>\n                        <img decoding=\"async\" class=\"screen\" src=\"\/wp-content\/uploads\/2024\/07\/screen-tesis.png\" alt=\"\">\n                    <\/a>\n                <\/li>\n                <li class=\"\">\n                    <a href=\"\/es?page_id=27385\" class=\"main_content integra\">\n                        <div class=\"logo\"><img decoding=\"async\" src=\"\/wp-content\/uploads\/2024\/04\/integra.svg\" alt=\"\"><\/div>\n                        <span class=\"text\">Te damos la bienvenida a la Conectividad con los productos Workspace<\/span>\n                        <img decoding=\"async\" class=\"screen\" src=\"\/wp-content\/uploads\/2024\/07\/screen-integra.png\" alt=\"\">\n                    <\/a>\n                <\/li>\n            <\/ul>\n        <\/div>\n    <\/div>\r\n\t\t","protected":false},"excerpt":{"rendered":"Bcover, gerencia de riesgos y seguros al servicio de la mediaci\u00f3n. Simplifica, automatiza y perfecciona el an\u00e1lisis y gesti\u00f3n de riesgos de tus clientes empresa. An\u00e1lisis inteligente y m\u00e1xima conectividad para hacerte m\u00e1s eficiente y competitivo.","protected":false},"author":1,"featured_media":79624,"parent":16420,"menu_order":0,"comment_status":"closed","ping_status":"closed","template":"custom-inverted.php","meta":{"_monsterinsights_skip_tracking":false,"_monsterinsights_sitenote_active":false,"_monsterinsights_sitenote_note":"","_monsterinsights_sitenote_category":0,"footnotes":""},"class_list":["post-75002","page","type-page","status-publish","has-post-thumbnail","hentry"],"aioseo_notices":[],"_links":{"self":[{"href":"https:\/\/codeoscopic.com\/es\/wp-json\/wp\/v2\/pages\/75002","targetHints":{"allow":["GET"]}}],"collection":[{"href":"https:\/\/codeoscopic.com\/es\/wp-json\/wp\/v2\/pages"}],"about":[{"href":"https:\/\/codeoscopic.com\/es\/wp-json\/wp\/v2\/types\/page"}],"author":[{"embeddable":true,"href":"https:\/\/codeoscopic.com\/es\/wp-json\/wp\/v2\/users\/1"}],"replies":[{"embeddable":true,"href":"https:\/\/codeoscopic.com\/es\/wp-json\/wp\/v2\/comments?post=75002"}],"version-history":[{"count":0,"href":"https:\/\/codeoscopic.com\/es\/wp-json\/wp\/v2\/pages\/75002\/revisions"}],"up":[{"embeddable":true,"href":"https:\/\/codeoscopic.com\/es\/wp-json\/wp\/v2\/pages\/16420"}],"wp:featuredmedia":[{"embeddable":true,"href":"https:\/\/codeoscopic.com\/es\/wp-json\/wp\/v2\/media\/79624"}],"wp:attachment":[{"href":"https:\/\/codeoscopic.com\/es\/wp-json\/wp\/v2\/media?parent=75002"}],"curies":[{"name":"wp","href":"https:\/\/api.w.org\/{rel}","templated":true}]}}