{"id":74944,"date":"2024-07-20T12:09:15","date_gmt":"2024-07-20T10:09:15","guid":{"rendered":"https:\/\/codeoscopic.com\/?page_id=74944"},"modified":"2025-09-24T11:11:57","modified_gmt":"2025-09-24T09:11:57","slug":"tesis","status":"publish","type":"page","link":"https:\/\/codeoscopic.com\/es\/workspace\/tesis\/","title":{"rendered":"Tesis"},"content":{"rendered":"<div class=\"main_cdscpc_tesis_home\">\r\n\r\n    <div class=\"main_intro\">\r\n\r\n        <div class=\"main_logos pc\">\r\n            <img decoding=\"async\" class=\"logo_wrkspc\" src=\"\/wp-content\/uploads\/kit-prensa\/workspace\/svg\/logo-wrkspc-white.svg\" alt=\"\">\r\n            <span class=\"separator\"><\/span>\r\n            <img decoding=\"async\" src=\"\/wp-content\/uploads\/kit-prensa\/tesis\/svg\/logo-tesis-white.svg\" alt=\"\">\r\n        <\/div>\r\n\r\n        <div class=\"main_logos mov\">\r\n            <img decoding=\"async\" class=\"logo_wrkspc\" src=\"\/wp-content\/uploads\/kit-prensa\/wrkspc.svg\" alt=\"\">\r\n            <span class=\"separator\"><\/span>\r\n            <img decoding=\"async\" src=\"\/wp-content\/uploads\/kit-prensa\/tss.svg\" alt=\"\">\r\n        <\/div>\r\n\r\n        <div class=\"main_tabs\"><div class=\"wrap_tabs\"><a href=\"https:\/\/codeoscopic.com\/es\/workspace\/tesis\/\" class=\"select\">ERP<\/a><a href=\"https:\/\/codeoscopic.com\/es\/workspace\/tesis\/tesis-caracteristicas\/\" >Caracter\u00edsticas<\/a><a href=\"https:\/\/codeoscopic.com\/es\/workspace\/tesis\/tesis-conectividad\/\" >Conectividad<\/a><\/div><\/div>\r\n    <\/div>\r\n\r\n    <div class=\"main_content_sections\">\r\n\r\n        <div class=\"main_claim\">\r\n            <div class=\"wrap_claim\">\r\n                <span class=\"intro\"><b>N\u00ba1<\/b> del mercado de ERPs<\/span>\r\n                <h1>La revoluci\u00f3n en los programas de gesti\u00f3n para corredur\u00edas<\/h1>\r\n                <a class=\"video_play\" data-modal=\"modal_tesis_play\" data-toggle=\"modal\" data-video-id=\"RGYpAGOqYeY\" onclick=\"playVideo(event);\" style=\"background: url('\/wp-content\/uploads\/2024\/07\/bg-video-preview.png') no-repeat center;\">\r\n                    <span class=\"btn_play\">\r\n                        <img decoding=\"async\" class=\"icon_play\" src=\"\/wp-content\/themes\/codeoscopic2021\/public\/images\/icons\/play.svg\" alt=\"\">\r\n                    <\/span>\r\n                <\/a>\r\n            <\/div>\r\n\r\n            <div class=\"main_video\">\r\n                <video class=\"tesis_video_intro_web\" preload=\"auto\" muted=\"true\" controls autoplay loop width=\"100%\" controlslist=\"nodownload noremoteplayback foobar\" disablepictureinpicture playsinline preload=\"auto\">\r\n                    <source src=\"\/wp-content\/uploads\/tesis-videos\/intro-tesis.mp4\" type=\"video\/mp4\">\r\n                    <source src=\"\/wp-content\/uploads\/tesis-videos\/intro-tesis.ogv\">\r\n                <\/video>\r\n                <video class=\"tesis_video_intro_mobile\" preload=\"auto\" autoplay loop width=\"100%\" controlslist=\"nodownload noremoteplayback foobar\" disablepictureinpicture playsinline preload=\"auto\">\r\n                    <source src=\"\/wp-content\/uploads\/tesis-videos\/intro-tesis-m.mp4\" type=\"video\/mp4\">\r\n                    <source src=\"\/wp-content\/uploads\/tesis-videos\/intro-tesis-m.ogv\">\r\n                <\/video>\r\n            <\/div>\r\n\r\n            <div class=\"main_numbers\">\r\n                <div class=\"wrap_section\">\r\n                    <ul class=\"main_grid\">\r\n                        <li>\r\n                            <span class=\"num\">+85<\/span>\r\n                            <span class=\"text\">Aseguradoras<\/span>\r\n                        <\/li>\r\n                        <li>\r\n                            <span class=\"num\">+3.5k<b>\/d\u00eda<\/b><\/span>\r\n                            <span class=\"text\">Ficheros procesados<\/span>\r\n                        <\/li>\r\n                        <li>\r\n                            <span class=\"num\">+32k<b>\/d\u00eda<\/b><\/span>\r\n                            <span class=\"text\">Registros procesados<\/span>\r\n                        <\/li>\r\n                        <li>\r\n                            <span class=\"num\">+1.5k<b>\/d\u00eda<\/b><\/span>\r\n                            <span class=\"text\">Tareas ejecutadas<\/span>\r\n                        <\/li>\r\n                        <li>\r\n                            <span class=\"num\">+65k<\/span>\r\n                            <span class=\"text\">Env\u00edo de correos y SMS<\/span>\r\n                        <\/li>\r\n                    <\/ul>\r\n                <\/div>\r\n            <\/div>\r\n        <\/div>\r\n\r\n        <div class=\"main_tesis_video system_popup\" id=\"modal_tesis_play\">\r\n            <a class=\"close-modal btn_close\" onclick=\"stopVideo();\">\r\n                <span class=\"icon_20 close white\"><\/span>\r\n            <\/a>\r\n\r\n            <div class=\"wrap_tesis_video\">\r\n                <div class=\"main_content\">\r\n                    <div class=\"video-container\">\r\n                       <div id=\"youtube_video\"><\/div>\r\n                    <\/div>\r\n                <\/div>\r\n            <\/div>\r\n        <\/div>\r\n\r\n        <div class=\"main_box_steps\">\r\n            <div class=\"wrap_box_step\">\r\n                <span class=\"intro\">\u00bfTrabajas con otro ERP?<\/span>\r\n                <h2>Completamos la migraci\u00f3n en cuatro sencillos pasos. \u00a1Muy F\u00e1cil!<\/h2>\r\n\r\n                <ul class=\"main_grid\">\r\n                    <li>\r\n                        <span class=\"icon\"><img decoding=\"async\" src=\"\/wp-content\/uploads\/2024\/07\/box-steps-icon-1.svg\" alt=\"\"><\/span>\r\n                        <span class=\"description\"><b>1.<\/b> Migraci\u00f3n de prueba. Analizaremos todos los datos.<\/span>\r\n                    <\/li>\r\n                    <li>\r\n                        <span class=\"icon\"><img decoding=\"async\" src=\"\/wp-content\/uploads\/2024\/07\/box-steps-icon-2.svg\" alt=\"\"><\/span>\r\n                        <span class=\"description\"><b>2.<\/b> Preparaci\u00f3n del entorno del cliente y formaci\u00f3n de su equipo.<\/span>\r\n                    <\/li>\r\n                    <li>\r\n                        <span class=\"icon\"><img decoding=\"async\" src=\"\/wp-content\/uploads\/2024\/07\/box-steps-icon-3.svg\" alt=\"\"><\/span>\r\n                        <span class=\"description\"><b>3.<\/b> Migraci\u00f3n definitiva, \u00faltimo test, certificaci\u00f3n del proceso.<\/span>\r\n                    <\/li>\r\n                    <li>\r\n                        <span class=\"icon\"><img decoding=\"async\" src=\"\/wp-content\/uploads\/2024\/07\/box-steps-icon-4.svg\" alt=\"\"><\/span>\r\n                        <span class=\"description\"><b>4.<\/b> \u00a1Eso es todo, a trabajar! As\u00ed de sencillo y f\u00e1cil para siempre<\/span>\r\n                    <\/li>\r\n                <\/ul>\r\n\r\n                <p>Desde cualquier otra soluci\u00f3n que utilices actualmente<\/p>\r\n                <a href=\"https:\/\/codeoscopic.com\/es\/contactanos\/\" class=\"btn primary tesis\">\u00a1Cont\u00e1ctanos y te guiaremos!<\/a>\r\n\r\n                <div class=\"circle\"><\/div>\r\n                <div class=\"ball big\"><\/div>\r\n                <div class=\"ball small\"><\/div>\r\n            <\/div>\r\n        <\/div>\r\n\r\n        <div class=\"main_section_n1\" style=\"background-image: url('\/wp-content\/uploads\/2024\/10\/insurance.png');\">\r\n            <div class=\"main_content\">\r\n                <div class=\"wrap_content\">\r\n                    <div class=\"number\"><span>n\u00ba1<\/span><\/div>\r\n                    <span class=\"description\">El ERP <b>n\u00famero 1<\/b> del mercado y el que obtiene mejor valoraci\u00f3n entre los corredores y agentes<\/span>\r\n                <\/div>\r\n            <\/div>\r\n        <\/div>\r\n\r\n        <div class=\"main_insurance_section\">\r\n            <div class=\"wrap_insurance\">\r\n                <h2>Integrado con las principales aseguradoras<\/h2>\r\n                <p>El mayor portfolio de conectividad para tus clientes: conexi\u00f3n con <b>CIMA y est\u00e1ndares EIAC.<\/b><\/p>\r\n\r\n                <ul class=\"main_grid\">\r\n                    <li><span class=\"logo\"><img decoding=\"async\" src=\"\/wp-content\/uploads\/2024\/07\/ha-logo-adeslas-segurcaixa.png\" alt=\"\"><\/span><\/li>\r\n                    <li><span class=\"logo\"><img decoding=\"async\" src=\"\/wp-content\/uploads\/2024\/07\/ha-logo-24.png\" alt=\"\"><\/span><\/li>\r\n                    <li><span class=\"logo\"><img decoding=\"async\" src=\"\/wp-content\/uploads\/2024\/07\/ha-logo-aegon.png\" alt=\"\"><\/span><\/li>\r\n                    <li><span class=\"logo\"><img decoding=\"async\" src=\"\/wp-content\/uploads\/2024\/07\/ha-logo-15.png\" alt=\"\"><\/span><\/li>\r\n                    <li><span class=\"logo\"><img decoding=\"async\" src=\"\/wp-content\/uploads\/2024\/07\/ha-logo-asisa.png\" alt=\"\"><\/span><\/li>\r\n                    <li><span class=\"logo\"><img decoding=\"async\" src=\"\/wp-content\/uploads\/2024\/07\/ha-logo-6.png\" alt=\"\"><\/span><\/li>\r\n                    <li><span class=\"logo\"><img decoding=\"async\" src=\"\/wp-content\/uploads\/2024\/07\/ha-logo-23.png\" alt=\"\"><\/span><\/li>\r\n                    <li><span class=\"logo\"><img decoding=\"async\" src=\"\/wp-content\/uploads\/2024\/07\/ha-logo-14.png\" alt=\"\"><\/span><\/li>\r\n                    <li><span class=\"logo\"><img decoding=\"async\" src=\"\/wp-content\/uploads\/2024\/07\/ha-logo-17.png\" alt=\"\"><\/span><\/li>\r\n                    <li><span class=\"logo\"><img decoding=\"async\" src=\"\/wp-content\/uploads\/2024\/07\/ha-logo-cleverea.png\" alt=\"\"><\/span><\/li>\r\n                    <li><span class=\"logo\"><img decoding=\"async\" src=\"\/wp-content\/uploads\/2024\/07\/ha-logo-3.png\" alt=\"\"><\/span><\/li>\r\n                    <li><span class=\"logo\"><img decoding=\"async\" src=\"\/wp-content\/uploads\/2024\/07\/ha-logo-18.png\" alt=\"\"><\/span><\/li>\r\n                    <li><span class=\"logo\"><img decoding=\"async\" src=\"\/wp-content\/uploads\/2024\/07\/ha-logo-11.png\" alt=\"\"><\/span><\/li>\r\n                    <li><span class=\"logo\"><img decoding=\"async\" src=\"\/wp-content\/uploads\/2024\/07\/ha-logo-8.png\" alt=\"\"><\/span><\/li>\r\n                    <li><span class=\"logo\"><img decoding=\"async\" src=\"\/wp-content\/uploads\/2024\/07\/ha-logo-20.png\" alt=\"\"><\/span><\/li>\r\n                    <li><span class=\"logo\"><img decoding=\"async\" src=\"\/wp-content\/uploads\/2024\/07\/ha-logo-mussap.png\" alt=\"\"><\/span><\/li>\r\n                    <li><span class=\"logo\"><img decoding=\"async\" src=\"\/wp-content\/uploads\/2024\/07\/ha-logo-22.png\" alt=\"\"><\/span><\/li>\r\n                    <li><span class=\"logo\"><img decoding=\"async\" src=\"\/wp-content\/uploads\/2024\/07\/ha-logo-2.png\" alt=\"\"><\/span><\/li>\r\n                    <li><span class=\"logo\"><img decoding=\"async\" src=\"\/wp-content\/uploads\/2024\/07\/ha-logo-occident.png\" alt=\"\"><\/span><\/li>\r\n                    <li><span class=\"logo\"><img decoding=\"async\" src=\"\/wp-content\/uploads\/2024\/07\/ha-logo-1.png\" alt=\"\"><\/span><\/li>\r\n                    <li><span class=\"logo\"><img decoding=\"async\" src=\"\/wp-content\/uploads\/2024\/07\/ha-logo-21.png\" alt=\"\"><\/span><\/li>\r\n                    <li><span class=\"logo\"><img decoding=\"async\" src=\"\/wp-content\/uploads\/2024\/07\/ha-logo-10.png\" alt=\"\"><\/span><\/li>\r\n                    <li><span class=\"logo\"><img decoding=\"async\" src=\"\/wp-content\/uploads\/2024\/07\/ha-logo-7.png\" alt=\"\"><\/span><\/li>\r\n                    <li><span class=\"logo\"><img decoding=\"async\" src=\"\/wp-content\/uploads\/2024\/07\/ha-logo-sanitas.png\" alt=\"\"><\/span><\/li>\r\n                    <li><span class=\"logo\"><img decoding=\"async\" src=\"\/wp-content\/uploads\/2024\/07\/ha-logo-12.png\" alt=\"\"><\/span><\/li>\r\n                    <li><span class=\"logo\"><img decoding=\"async\" src=\"\/wp-content\/uploads\/2024\/07\/ha-logo-9.png\" alt=\"\"><\/span><\/li>\r\n                <\/ul>\r\n            <\/div>\r\n        <\/div>\r\n\r\n        <div class=\"end_claim\">\r\n            <p>\u00bfQuieres descubrir la potencia de Tesis Broker Manager?<\/p>\r\n            <a href=\"https:\/\/codeoscopic.com\/es\/contactanos\/\" class=\"btn primary tesis\">\u00a1Cont\u00e1ctanos!<\/a>\r\n        <\/div>\r\n                <div class=\"privacy\" style=\"max-width: 1000px; margin: 0 auto 30px auto; padding: 60px 0; box-shadow: 0 -1px 0 rgba(0, 0, 0, .3), inset 0 -1px 0 rgba(0, 0, 0, .3); display: flex; align-items: center; justify-content: center; width: 100%;\">\r\n                    <a href=\"https:\/\/codeoscopic.com\/es\/workspace\/tesis\/politica-de-privacidad-tesis\/\" style=\"padding: 0 10px;\">Pol\u00edtica de Privacidad<\/a>\r\n                    <span>\u00b7<\/span>\r\n                    <a href=\"https:\/\/codeoscopic.com\/es\/workspace\/tesis\/terminos-y-condiciones-generales-tesis\/\" style=\"padding: 0 10px;\"> T\u00e9rminos y Condiciones<\/a>\r\n                <\/div>\r\n\r\n\r\n    <\/div>\r\n\r\n\n    <div class=\"main_direct_footer_access\" style=\"background: url(\/wp-content\/uploads\/2025\/04\/bg.png) top center no-repeat #0e162a;\">\n        <div class=\"wrap_direct_footer_access\">\n            <p>Continua explorando soluciones que dan respuesta a las necesidades del sector asegurador<\/p>\n            <ul class=\"main_grid_cards\">\n                <li class=\"\">\n                    <a href=\"\/es?page_id=74692\" class=\"main_content avant2\">\n                        <div class=\"logo\"><img decoding=\"async\" src=\"\/wp-content\/uploads\/2024\/04\/avant2.svg\" alt=\"\"><\/div>\n                        <span class=\"text\">CRM + Multitarificador: la aplicaci\u00f3n lider para la venta de seguros<\/span>\n                        <img decoding=\"async\" class=\"screen\" src=\"\/wp-content\/uploads\/2024\/07\/screen-avant2.png\" alt=\"\">\n                    <\/a>\n                <\/li>\n                <li class=\"\">\n                    <a href=\"\/es?page_id=16602\" class=\"main_content versus\">\n                        <div class=\"logo\"><img decoding=\"async\" src=\"\/wp-content\/uploads\/2024\/04\/versus.svg\" alt=\"\"><\/div>\n                        <span class=\"text\">An\u00e1lisis segmentados del mercado, monitorizaci\u00f3n y comparaci\u00f3n de datos<\/span>\n                        <img decoding=\"async\" class=\"screen\" src=\"\/wp-content\/uploads\/2024\/07\/screen-versus.png\" alt=\"\">\n                    <\/a>\n                <\/li>\n                <li class=\"\">\n                    <a href=\"\/es?page_id=75002\" class=\"main_content bcover\">\n                        <div class=\"logo\"><img decoding=\"async\" src=\"\/wp-content\/uploads\/2024\/04\/bcover.svg\" alt=\"\"><\/div>\n                        <span class=\"text\">Simplifica y automatiza el an\u00e1lisis y gesti\u00f3n de riesgos de tus clientes empresa<\/span>\n                        <img decoding=\"async\" class=\"screen\" src=\"\/wp-content\/uploads\/2024\/07\/screen-bcover.png\" alt=\"\">\n                    <\/a>\n                <\/li>\n                <li class=\"hidden\">\n                    <a href=\"\/es?page_id=74944\" class=\"main_content tesis\">\n                        <div class=\"logo\"><img decoding=\"async\" src=\"\/wp-content\/uploads\/2024\/04\/tesis.svg\" alt=\"\"><\/div>\n                        <span class=\"text\">El ERP creado por corredores de seguros, desarrollado para los corredores de seguros<\/span>\n                        <img decoding=\"async\" class=\"screen\" src=\"\/wp-content\/uploads\/2024\/07\/screen-tesis.png\" alt=\"\">\n                    <\/a>\n                <\/li>\n                <li class=\"\">\n                    <a href=\"\/es?page_id=27385\" class=\"main_content integra\">\n                        <div class=\"logo\"><img decoding=\"async\" src=\"\/wp-content\/uploads\/2024\/04\/integra.svg\" alt=\"\"><\/div>\n                        <span class=\"text\">Te damos la bienvenida a la Conectividad con los productos Workspace<\/span>\n                        <img decoding=\"async\" class=\"screen\" src=\"\/wp-content\/uploads\/2024\/07\/screen-integra.png\" alt=\"\">\n                    <\/a>\n                <\/li>\n            <\/ul>\n        <\/div>\n    <\/div>\r\n\r\n\r\n","protected":false},"excerpt":{"rendered":"El ERP Tesis Broker Manager, ofrece un paquete integrado de gesti\u00f3n para corredur\u00edas, mediadores y agentes de seguros que proporciona una cobertura eficaz y flexible a la mayor\u00eda de necesidades de tratamiento de datos a las que se enfrentan a diario los profesionales de la mediaci\u00f3n.","protected":false},"author":1,"featured_media":78195,"parent":16420,"menu_order":0,"comment_status":"closed","ping_status":"closed","template":"custom-inverted.php","meta":{"_monsterinsights_skip_tracking":false,"_monsterinsights_sitenote_active":false,"_monsterinsights_sitenote_note":"","_monsterinsights_sitenote_category":0,"footnotes":""},"class_list":["post-74944","page","type-page","status-publish","has-post-thumbnail","hentry"],"aioseo_notices":[],"_links":{"self":[{"href":"https:\/\/codeoscopic.com\/es\/wp-json\/wp\/v2\/pages\/74944","targetHints":{"allow":["GET"]}}],"collection":[{"href":"https:\/\/codeoscopic.com\/es\/wp-json\/wp\/v2\/pages"}],"about":[{"href":"https:\/\/codeoscopic.com\/es\/wp-json\/wp\/v2\/types\/page"}],"author":[{"embeddable":true,"href":"https:\/\/codeoscopic.com\/es\/wp-json\/wp\/v2\/users\/1"}],"replies":[{"embeddable":true,"href":"https:\/\/codeoscopic.com\/es\/wp-json\/wp\/v2\/comments?post=74944"}],"version-history":[{"count":0,"href":"https:\/\/codeoscopic.com\/es\/wp-json\/wp\/v2\/pages\/74944\/revisions"}],"up":[{"embeddable":true,"href":"https:\/\/codeoscopic.com\/es\/wp-json\/wp\/v2\/pages\/16420"}],"wp:featuredmedia":[{"embeddable":true,"href":"https:\/\/codeoscopic.com\/es\/wp-json\/wp\/v2\/media\/78195"}],"wp:attachment":[{"href":"https:\/\/codeoscopic.com\/es\/wp-json\/wp\/v2\/media?parent=74944"}],"curies":[{"name":"wp","href":"https:\/\/api.w.org\/{rel}","templated":true}]}}