{"id":74905,"date":"2024-07-19T20:29:38","date_gmt":"2024-07-19T18:29:38","guid":{"rendered":"https:\/\/codeoscopic.com\/?page_id=74905"},"modified":"2025-04-09T12:34:44","modified_gmt":"2025-04-09T10:34:44","slug":"tesis-caracteristicas","status":"publish","type":"page","link":"https:\/\/codeoscopic.com\/es\/workspace\/tesis\/tesis-caracteristicas\/","title":{"rendered":"Tesis Caracter\u00edsticas"},"content":{"rendered":"<div class=\"main_cdscpc_tesis_features\">\r\n\r\n    <div class=\"main_intro\">\r\n\r\n        <div class=\"main_logos pc\">\r\n            <img decoding=\"async\" class=\"logo_wrkspc\" src=\"\/wp-content\/uploads\/kit-prensa\/workspace\/svg\/logo-wrkspc-white.svg\" alt=\"\">\r\n            <span class=\"separator\"><\/span>\r\n            <img decoding=\"async\" src=\"\/wp-content\/uploads\/kit-prensa\/tesis\/svg\/logo-tesis-white.svg\" alt=\"\">\r\n        <\/div>\r\n\r\n        <div class=\"main_logos mov\">\r\n            <img decoding=\"async\" class=\"logo_wrkspc\" src=\"\/wp-content\/uploads\/kit-prensa\/wrkspc.svg\" alt=\"\">\r\n            <span class=\"separator\"><\/span>\r\n            <img decoding=\"async\" src=\"\/wp-content\/uploads\/kit-prensa\/tss.svg\" alt=\"\">\r\n        <\/div>\r\n\r\n        <div class=\"main_tabs\"><div class=\"wrap_tabs\"><a href=\"https:\/\/codeoscopic.com\/es\/workspace\/tesis\/\" >ERP<\/a><a href=\"https:\/\/codeoscopic.com\/es\/workspace\/tesis\/tesis-caracteristicas\/\" class=\"select\">Caracter\u00edsticas<\/a><a href=\"https:\/\/codeoscopic.com\/es\/workspace\/tesis\/tesis-conectividad\/\" >Conectividad<\/a><\/div><\/div>\r\n    <\/div>\r\n\r\n    <div class=\"main_content_sections\">\r\n\r\n        <div class=\"main_claim\">\r\n            <div class=\"wrap_claim\">\r\n                <h1><b>Creado por<\/b> corredores de seguros, <b>desarrollado para<\/b> corredores de seguros<\/h1>\r\n                <p>Automatiza procesos y lleva a tu corredur\u00eda a la m\u00e1xima productividad<\/p>\r\n            <\/div>\r\n            <div class=\"main_composition\">\r\n                <div class=\"composition\">\r\n                    <div class=\"card_position\"><div class=\"card\"><img decoding=\"async\" src=\"\/wp-content\/uploads\/2024\/07\/tesis-claim-icon-1.svg\" alt=\"\"><span>Multidispositivo<\/span><\/div><\/div>\r\n                    <div class=\"card_position\"><div class=\"card\"><img decoding=\"async\" src=\"\/wp-content\/uploads\/2024\/07\/tesis-claim-icon-2.svg\" alt=\"\"><span>Gesti\u00f3n Documental<\/span><\/div><\/div>\r\n                    <div class=\"card_position\"><div class=\"card\"><img decoding=\"async\" src=\"\/wp-content\/uploads\/2024\/07\/tesis-claim-icon-3.svg\" alt=\"\"><span>Servidor centralizado<\/span><\/div><\/div>\r\n                    <div class=\"card_position\"><div class=\"card\"><img decoding=\"async\" src=\"\/wp-content\/uploads\/2024\/07\/tesis-claim-icon-4.svg\" alt=\"\"><span>Automatiza informes<\/span><\/div><\/div>\r\n                <\/div>\r\n                <img decoding=\"async\" class=\"screen\" src=\"\/wp-content\/uploads\/2024\/07\/tesis-screen-home.svg\" alt=\"\">\r\n                <div class=\"composition\">\r\n                    <!-- Left -->\r\n                    <span class=\"tag left\">Todo en uno<\/span>\r\n                    <span class=\"tag left\">Todo bajo control<\/span>\r\n                    <span class=\"tag left\">SASS<\/span>\r\n                    <span class=\"tag left\">Reglas de negocio<\/span>\r\n                    <span class=\"tag left\">Avisos de impagos<\/span>\r\n\r\n                    <!-- Right -->\r\n                    <span class=\"tag right\">R\u00e1pido<\/span>\r\n                    <span class=\"tag right\">Reports detallados<\/span>\r\n                    <span class=\"tag right\">Multidispositivo<\/span>\r\n                    <span class=\"tag right\">Automatizaci\u00f3n<\/span>\r\n                    <span class=\"tag right\">Potencia<\/span>\r\n                <\/div>\r\n            <\/div>\r\n\r\n            <span class=\"end_text_claim\"><b>Tesis Broker Manager<\/b> es el <em>software<\/em> de gesti\u00f3n que cambia las reglas: web, <em>mobile y responsive<\/em>, multiusuario y multicorredur\u00eda\u2026 Todo alojado en nuestra nube.<\/span>\r\n        <\/div>\r\n\r\n        <div class=\"main_grid_box\">\r\n\r\n            <div class=\"wrap_grid\">\r\n                <div class=\"main_content\">\r\n                    <p>El <b>Cuadro de Mandos<\/b> est\u00e1 orientado a las necesidades del mediador y ofrece informaci\u00f3n contrastada a diversos niveles del negocio. Incorpora un amplio rango de indicadores para la medici\u00f3n de objetivos y es capaz de generar informes consolidados a nivel de asociaci\u00f3n u organizaci\u00f3n.<\/p>\r\n                <\/div>\r\n                <div class=\"picture_content\">\r\n                    <img decoding=\"async\" src=\"\/wp-content\/uploads\/2024\/07\/tesis-features-img1.png\">\r\n                <\/div>\r\n            <\/div>\r\n\r\n            <div class=\"wrap_grid invert\">\r\n                <div class=\"main_content\">\r\n                    <p><b>Comunicaci\u00f3n en plantillas personalizables.<\/b> El programa permite elaborar plantillas personalizadas en formato RTF, WORD, HTML o HTML5 para la comunicaci\u00f3n individual o env\u00edos masivos por carta f\u00edsica, correo electr\u00f3nico, SMS o push. Adem\u00e1s, se pueden certificar dichas comunicaciones.<\/p>\r\n                <\/div>\r\n                <div class=\"picture_content\">\r\n                    <img decoding=\"async\" src=\"\/wp-content\/uploads\/2024\/07\/tesis-features-img2.png\">\r\n                <\/div>\r\n            <\/div>\r\n        <\/div>\r\n\r\n        <ul class=\"main_grid_section\">\r\n            <li>\r\n                <div class=\"main_content\">\r\n                    <img decoding=\"async\" src=\"\/wp-content\/uploads\/2024\/07\/tesis-features-icon1.svg\" alt=\"\">\r\n                    <span class=\"description\"><b>Atenci\u00f3n al cliente<\/b> Nuestro equipo de Soporte est\u00e1 siempre a tu servicio. <a href=\"https:\/\/codeoscopic.com\/es\/soporte\/\" class=\"secondary\">Ver soporte \u203a<\/a><\/span>\r\n                <\/div>\r\n            <\/li>\r\n            <li>\r\n                <div class=\"main_content\">\r\n                    <img decoding=\"async\" src=\"\/wp-content\/uploads\/2024\/07\/tesis-features-icon2.svg\" alt=\"\">\r\n                    <span class=\"description\"><b>Cumplimiento ley R.D. 301\/2004 \/DEC.<\/b> Declaraci\u00f3n Estad\u00edstico-Contable requerida por la DGSFP<\/span>\r\n                <\/div>\r\n            <\/li>\r\n            <li>\r\n                <div class=\"main_content\">\r\n                    <img decoding=\"async\" src=\"\/wp-content\/uploads\/2024\/07\/tesis-features-icon3.svg\" alt=\"\">\r\n                    <span class=\"description\"><b>Nuevo EIAC v6<\/b>Soporte para la \u00faltima versi\u00f3n de los est\u00e1ndares EIAC<\/span>\r\n                <\/div>\r\n            <\/li>\r\n        <\/ul>\r\n\r\n        <div class=\"main_grid_box\">\r\n\r\n            <div class=\"wrap_grid\">\r\n                <div class=\"main_content\">\r\n                    <p><b>Importaci\u00f3n \/ Exportaci\u00f3n de datos<\/b> Tesis Broker Manager incorpora entre sus funcionalidades un potente sistema que permite la integraci\u00f3n o exportaci\u00f3n de datos, y que adem\u00e1s es totalmente parametrizable desde fuentes externas.<\/p>\r\n                <\/div>\r\n                <div class=\"picture_content\">\r\n                    <img decoding=\"async\" src=\"\/wp-content\/uploads\/2024\/07\/tesis-features-img3.png\">\r\n                <\/div>\r\n            <\/div>\r\n\r\n            <div class=\"wrap_grid invert\">\r\n                <div class=\"main_content\">\r\n                    <p><b>Procesos y tareas autom\u00e1ticas.<\/b> A trav\u00e9s de su potente Gestor de Tareas Programadas (GTP), en Tesis Broker Manager es posible configurar tareas para el env\u00edo autom\u00e1tico y desatendido de informes y comunicaciones por correo electr\u00f3nico, SMS o push.<\/p>\r\n                <\/div>\r\n                <div class=\"picture_content\">\r\n                    <img src=\/wp-content\/uploads\/2024\/07\/tesis-features-img4.png\">\r\n                <\/div>\r\n            <\/div>\r\n\r\n            <div class=\"wrap_grid\">\r\n                <div class=\"main_content\">\r\n                    <p><b>Potente Gestor Documental integrado.<\/b> Permite establecer una clasificaci\u00f3n personalizada de documentos, controlar su ubicaci\u00f3n f\u00edsica, compartir documentos por usuarios o apartados, indexar archivos o carpetas con solo arrastrar y soltar, control de documentos ya indexados, etc.<\/p>\r\n                <\/div>\r\n                <div class=\"picture_content\">\r\n                    <img decoding=\"async\" src=\"\/wp-content\/uploads\/2024\/07\/tesis-features-img5.png\">\r\n                <\/div>\r\n            <\/div>\r\n\r\n            <div class=\"wrap_grid invert\">\r\n                <div class=\"main_content\">\r\n                    <p><b>Control exhaustivo de los Usuarios.<\/b> Tesis Broker Manager incorpora una configuraci\u00f3n muy detallada de permisos, as\u00ed como la posibilidad de registrar y almacenar todos los accesos, cambios y acciones que los usuarios llevan a cabo en el d\u00eda a d\u00eda.<\/p>\r\n                <\/div>\r\n                <div class=\"picture_content\">\r\n                    <img decoding=\"async\" src=\"\/wp-content\/uploads\/2024\/07\/tesis-features-img6.png\">\r\n                <\/div>\r\n            <\/div>\r\n\r\n            <div class=\"wrap_grid\">\r\n                <div class=\"main_content\">\r\n                    <p><b>Trabaja de forma diferente.<\/b> Dise\u00f1ado en formato SaaS, Tesis Broker Manager s\u00f3lo necesita un navegador: 100% online, sin instalaci\u00f3n, hosting ni alojamiento. Todo en la nube. Multidispositivo y multicorredur\u00eda. Dise\u00f1ado con la m\u00e1xima usabilidad: f\u00e1cil de manejar\u2026 \u00a1para que disfrutes de tu trabajo!<\/p>\r\n                <\/div>\r\n                <div class=\"picture_content\">\r\n                    <img decoding=\"async\" src=\"\/wp-content\/uploads\/2024\/07\/tesis-features-img7.png\">\r\n                <\/div>\r\n            <\/div>\r\n\r\n            <div class=\"wrap_grid invert\">\r\n                <div class=\"main_content\">\r\n                    <p><b>Tecnolog\u00eda integrada.<\/b> Tesis Broker Manager trabaja en conexi\u00f3n total con otras plataformas de la suite Codeoscopic Workspace. Herramientas tecnol\u00f3gicas que se comunican y ponen a disposici\u00f3n del corredor de seguros los recursos m\u00e1s avanzados para su trabajo.<\/p>\r\n                <\/div>\r\n                <div class=\"picture_content\">\r\n                    <img decoding=\"async\" src=\"\/wp-content\/uploads\/2024\/07\/tesis-features-img8.png\">\r\n                <\/div>\r\n            <\/div>\r\n        <\/div>\r\n\r\n        <div class=\"end_claim\">\r\n            <p>\u00bfQuieres descubrir la potencia de Tesis Broker Manager?<\/p>\r\n            <a href=\"https:\/\/codeoscopic.com\/es\/contactanos\/\" class=\"btn primary tesis\">Cont\u00e1ctanos!<\/a>\r\n        <\/div>\r\n    <\/div>\r\n\r\n\n    <div class=\"main_direct_footer_access\" style=\"background: url(\/wp-content\/uploads\/2025\/04\/bg.png) top center no-repeat #0e162a;\">\n        <div class=\"wrap_direct_footer_access\">\n            <p>Continua explorando soluciones que dan respuesta a las necesidades del sector asegurador<\/p>\n            <ul class=\"main_grid_cards\">\n                <li class=\"\">\n                    <a href=\"\/es?page_id=74692\" class=\"main_content avant2\">\n                        <div class=\"logo\"><img decoding=\"async\" src=\"\/wp-content\/uploads\/2024\/04\/avant2.svg\" alt=\"\"><\/div>\n                        <span class=\"text\">CRM + Multitarificador: la aplicaci\u00f3n lider para la venta de seguros<\/span>\n                        <img decoding=\"async\" class=\"screen\" src=\"\/wp-content\/uploads\/2024\/07\/screen-avant2.png\" alt=\"\">\n                    <\/a>\n                <\/li>\n                <li class=\"\">\n                    <a href=\"\/es?page_id=16602\" class=\"main_content versus\">\n                        <div class=\"logo\"><img decoding=\"async\" src=\"\/wp-content\/uploads\/2024\/04\/versus.svg\" alt=\"\"><\/div>\n                        <span class=\"text\">An\u00e1lisis segmentados del mercado, monitorizaci\u00f3n y comparaci\u00f3n de datos<\/span>\n                        <img decoding=\"async\" class=\"screen\" src=\"\/wp-content\/uploads\/2024\/07\/screen-versus.png\" alt=\"\">\n                    <\/a>\n                <\/li>\n                <li class=\"\">\n                    <a href=\"\/es?page_id=75002\" class=\"main_content bcover\">\n                        <div class=\"logo\"><img decoding=\"async\" src=\"\/wp-content\/uploads\/2024\/04\/bcover.svg\" alt=\"\"><\/div>\n                        <span class=\"text\">Simplifica y automatiza el an\u00e1lisis y gesti\u00f3n de riesgos de tus clientes empresa<\/span>\n                        <img decoding=\"async\" class=\"screen\" src=\"\/wp-content\/uploads\/2024\/07\/screen-bcover.png\" alt=\"\">\n                    <\/a>\n                <\/li>\n                <li class=\"hidden\">\n                    <a href=\"\/es?page_id=74944\" class=\"main_content tesis\">\n                        <div class=\"logo\"><img decoding=\"async\" src=\"\/wp-content\/uploads\/2024\/04\/tesis.svg\" alt=\"\"><\/div>\n                        <span class=\"text\">El ERP creado por corredores de seguros, desarrollado para los corredores de seguros<\/span>\n                        <img decoding=\"async\" class=\"screen\" src=\"\/wp-content\/uploads\/2024\/07\/screen-tesis.png\" alt=\"\">\n                    <\/a>\n                <\/li>\n                <li class=\"\">\n                    <a href=\"\/es?page_id=27385\" class=\"main_content integra\">\n                        <div class=\"logo\"><img decoding=\"async\" src=\"\/wp-content\/uploads\/2024\/04\/integra.svg\" alt=\"\"><\/div>\n                        <span class=\"text\">Te damos la bienvenida a la Conectividad con los productos Workspace<\/span>\n                        <img decoding=\"async\" class=\"screen\" src=\"\/wp-content\/uploads\/2024\/07\/screen-integra.png\" alt=\"\">\n                    <\/a>\n                <\/li>\n            <\/ul>\n        <\/div>\n    <\/div>\r\n","protected":false},"excerpt":{"rendered":"Creado por corredores de seguros, desarrollado para corredores de seguros. Formato SaaS, automatiza procesos, cuadro de mandos est\u00e1 orientado a las necesidades del mediador, gestor documental integrado, importaci\u00f3n\/exportaci\u00f3n de datos, comunicaci\u00f3n en plantillas personalizables.","protected":false},"author":1,"featured_media":79630,"parent":74944,"menu_order":0,"comment_status":"closed","ping_status":"closed","template":"custom-inverted.php","meta":{"_monsterinsights_skip_tracking":false,"_monsterinsights_sitenote_active":false,"_monsterinsights_sitenote_note":"","_monsterinsights_sitenote_category":0,"footnotes":""},"class_list":["post-74905","page","type-page","status-publish","has-post-thumbnail","hentry"],"aioseo_notices":[],"_links":{"self":[{"href":"https:\/\/codeoscopic.com\/es\/wp-json\/wp\/v2\/pages\/74905","targetHints":{"allow":["GET"]}}],"collection":[{"href":"https:\/\/codeoscopic.com\/es\/wp-json\/wp\/v2\/pages"}],"about":[{"href":"https:\/\/codeoscopic.com\/es\/wp-json\/wp\/v2\/types\/page"}],"author":[{"embeddable":true,"href":"https:\/\/codeoscopic.com\/es\/wp-json\/wp\/v2\/users\/1"}],"replies":[{"embeddable":true,"href":"https:\/\/codeoscopic.com\/es\/wp-json\/wp\/v2\/comments?post=74905"}],"version-history":[{"count":0,"href":"https:\/\/codeoscopic.com\/es\/wp-json\/wp\/v2\/pages\/74905\/revisions"}],"up":[{"embeddable":true,"href":"https:\/\/codeoscopic.com\/es\/wp-json\/wp\/v2\/pages\/74944"}],"wp:featuredmedia":[{"embeddable":true,"href":"https:\/\/codeoscopic.com\/es\/wp-json\/wp\/v2\/media\/79630"}],"wp:attachment":[{"href":"https:\/\/codeoscopic.com\/es\/wp-json\/wp\/v2\/media?parent=74905"}],"curies":[{"name":"wp","href":"https:\/\/api.w.org\/{rel}","templated":true}]}}