{"id":74832,"date":"2024-07-19T18:23:14","date_gmt":"2024-07-19T16:23:14","guid":{"rendered":"https:\/\/codeoscopic.com\/?page_id=74832"},"modified":"2025-04-09T12:30:33","modified_gmt":"2025-04-09T10:30:33","slug":"avant2-conexion-con-erp","status":"publish","type":"page","link":"https:\/\/codeoscopic.com\/es\/workspace\/avant2\/avant2-conexion-con-erp\/","title":{"rendered":"Conexi\u00f3n con ERP"},"content":{"rendered":"<div class=\"main_cdscpc_avant2_erp\">\r\n\r\n    <div class=\"main_intro\">\r\n\r\n        <div class=\"main_logos pc\">\r\n            <img decoding=\"async\" class=\"logo_wrkspc\" src=\"\/wp-content\/uploads\/kit-prensa\/workspace\/svg\/logo-wrkspc-white.svg\" alt=\"\">\r\n            <span class=\"separator\"><\/span>\r\n            <img decoding=\"async\" src=\"\/wp-content\/uploads\/kit-prensa\/avant2\/svg\/logo-avant2-white.svg\" alt=\"\">\r\n        <\/div>\r\n\r\n        <div class=\"main_logos mov\">\r\n            <img decoding=\"async\" class=\"logo_wrkspc\" src=\"\/wp-content\/uploads\/kit-prensa\/wrkspc.svg\" alt=\"\">\r\n            <span class=\"separator\"><\/span>\r\n            <img decoding=\"async\" src=\"\/wp-content\/uploads\/kit-prensa\/avnt.svg\" alt=\"\">\r\n        <\/div>\r\n\r\n        <div class=\"main_tabs\"><div class=\"wrap_tabs\"><a href=\"https:\/\/codeoscopic.com\/es\/workspace\/avant2\/\" >Avant2<\/a><a href=\"https:\/\/codeoscopic.com\/es\/workspace\/avant2\/avant2-productos-y-companias\/\" >Productos &#038; Cias<\/a><a href=\"https:\/\/codeoscopic.com\/es\/workspace\/avant2\/avant2-crm\/\" >CRM<\/a><a href=\"https:\/\/codeoscopic.com\/es\/workspace\/avant2\/avant2-conexion-con-erp\/\" class=\"select\">Conexi\u00f3n con ERPs<\/a><\/div><\/div>\r\n    <\/div>\r\n\r\n    <div class=\"main_content_sections\">\r\n\r\n        <div class=\"main_claim\">\r\n            <div class=\"wrap_claim\">\r\n                <span class=\"intro\">Control exhaustivo de toda la producci\u00f3n<\/span>\r\n                <h1>Asegura el \u00e9xito de tu proyecto con el mejor Programa de Gesti\u00f3n (ERP)<\/b><\/h1>\r\n                <!--<img decoding=\"async\" class=\"composition\" src=\"public\/images\/tpl\/erp\/erp.png\">-->\r\n                <object data=\"\/wp-content\/uploads\/2024\/07\/composition-erp.svg\" type=\"\" class=\"composition\"><\/object>\r\n                <p>Nuestras plataformas trabajan conectadas para garantizar tu eficiencia: la tranquilidad de saber que todo lo que haces en Avant2 Sales Manager quedar\u00e1 reflejado en tu sistema ERP.<\/p>\r\n            <\/div>\r\n        <\/div>\r\n\r\n        <div class=\"main_grid_box\">\r\n\r\n            <div class=\"wrap_grid\">\r\n                <div class=\"main_content\">\r\n                    <p>Avant2 Sales Manager y Tesis Broker Manager operan en <b>conexi\u00f3n bidireccional<\/b>. Podr\u00e1s acceder a un cliente desde ambas plataformas, visualizar sus riesgos, los vencimientos, recuperar recibos\u2026 Cada operaci\u00f3n se refleja en los dos programas.<\/p>\r\n                <\/div>\r\n                <div class=\"picture_content\">\r\n                    <img decoding=\"async\" src=\"\/wp-content\/uploads\/2024\/07\/tesis.png\">\r\n                <\/div>\r\n            <\/div>\r\n        <\/div>\r\n\r\n        <ul class=\"main_grid_section\">\r\n            <li>\r\n                <img decoding=\"async\" src=\"\/wp-content\/uploads\/2024\/07\/erp-icon1.svg\" alt=\"\">\r\n                <span class=\"description\">Puedes volver a <b>tarificar p\u00f3lizas<\/b> desde Tesis Broker Manager hacia Avant2 Sales Manager&#8230;<\/span>\r\n            <\/li>\r\n            <li>\r\n                <img decoding=\"async\" src=\"\/wp-content\/uploads\/2024\/07\/erp-icon2.svg\" alt=\"\">\r\n                <span class=\"description\">&#8230;y tambi\u00e9n tarificar <b>directamente desde Avant2 Sales Manager<\/b> cualquier p\u00f3liza reflejada en Tesis Broker Manager.<\/span>\r\n            <\/li>\r\n            <li>\r\n                <img decoding=\"async\" src=\"\/wp-content\/uploads\/2024\/07\/erp-icon3.svg\" alt=\"\">\r\n                <span class=\"description\">Descarga autom\u00e1tica y <b>sin necesidad de intervenci\u00f3n f\u00edsica<\/b>, de las emisiones realizadas desde Avant2 Sales Manager.<\/span>\r\n            <\/li>\r\n        <\/ul>\r\n\r\n        <div class=\"main_grid_box\">\r\n\r\n            <div class=\"wrap_grid invert\">\r\n                <div class=\"main_content\">\r\n                    <p>Avant2 Sales Manager lleva a cabo un <b>control exhaustivo<\/b> de toda la producci\u00f3n realizada en el multitarificador: esta informaci\u00f3n la podr\u00e1s recuperar en los formatos VisualSeg y EIAC, para cargarlos en tu <em>software<\/em> ERP.<\/p>\r\n                <\/div>\r\n                <div class=\"picture_content\">\r\n                    <img decoding=\"async\" src=\"\/wp-content\/uploads\/2024\/07\/eiac.png\">\r\n                <\/div>\r\n            <\/div>\r\n        <\/div>\r\n\r\n        <div class=\"main_grid_logos\">\r\n            <p>Gracias a nuestra colaboraci\u00f3n con varias compa\u00f1\u00edas que proporcionan <em>software<\/em> ERP a los mediadores, la integraci\u00f3n desde Avant2 Sales Manager es m\u00e1s c\u00f3moda y \u00e1gil que nunca.<\/p>\r\n            <ul class=\"grid_logos_erp\">\r\n                <li><div class=\"main_content tesis\"><img decoding=\"async\" src=\"\/wp-content\/uploads\/2024\/07\/logo-tesis.png\" alt=\"te-sis\"><\/div><\/li>\r\n                <li><div class=\"main_content winbrok\"><img decoding=\"async\" src=\"\/wp-content\/uploads\/2024\/07\/logo-winbrok.png\" alt=\"winbrok\"><\/div><\/li>\r\n                <li><div class=\"main_content opensoft\"><img decoding=\"async\" src=\"\/wp-content\/uploads\/2024\/07\/logo-opensoft.png\" alt=\"opensoft\"><\/div><\/li>\r\n                <li><div class=\"main_content gestibrok\"><img decoding=\"async\" src=\"\/wp-content\/uploads\/2024\/07\/logo-gestibrok.png\" alt=\"gestibrok\"><\/div><\/li>\r\n                <li><div class=\"main_content lpi\"><img decoding=\"async\" src=\"\/wp-content\/uploads\/2024\/07\/logo-lpi.png\" alt=\"lpi\"><\/div><\/li>\r\n                <li><div class=\"main_content gecose\"><img decoding=\"async\" src=\"\/wp-content\/uploads\/2024\/07\/logo-gecose.png\" alt=\"gecose\"><\/div><\/li>\r\n                <li><div class=\"main_content click\"><img decoding=\"async\" src=\"\/wp-content\/uploads\/2024\/07\/logo-click.png\" alt=\"click\"><\/div><\/li>\r\n                <li><div class=\"main_content lamb\"><img decoding=\"async\" src=\"\/wp-content\/uploads\/2024\/07\/logo-lamb.png\" alt=\"lamb\"><\/div><\/li>\r\n                <li><div class=\"main_content dynamic\"><img decoding=\"async\" src=\"\/wp-content\/uploads\/2024\/07\/logo-dynamicsoft.png\" alt=\"dynamicsoft\"><\/div><\/li>\r\n                <li><div class=\"main_content elevia\"><img decoding=\"async\" src=\"\/wp-content\/uploads\/2024\/07\/logo-elevia.png\" alt=\"elevia\"><\/div><\/li>\r\n            <\/ul>\r\n        <\/div>\r\n\r\n        <div class=\"end_claim\">\r\n            <p>\u00bfQuieres descubrir la potencia de Avant2 Sales Manager?<\/p>\r\n            <a href=\"https:\/\/codeoscopic.com\/es\/contactanos\/\" class=\"btn primary avant2\">Cont\u00e1ctanos!<\/a>\r\n\r\n        <\/div>\r\n\r\n\n    <div class=\"main_direct_footer_access\" style=\"background: url(\/wp-content\/uploads\/2025\/04\/bg.png) top center no-repeat #0e162a;\">\n        <div class=\"wrap_direct_footer_access\">\n            <p>Continua explorando soluciones que dan respuesta a las necesidades del sector asegurador<\/p>\n            <ul class=\"main_grid_cards\">\n                <li class=\"hidden\">\n                    <a href=\"\/es?page_id=74692\" class=\"main_content avant2\">\n                        <div class=\"logo\"><img decoding=\"async\" src=\"\/wp-content\/uploads\/2024\/04\/avant2.svg\" alt=\"\"><\/div>\n                        <span class=\"text\">CRM + Multitarificador: la aplicaci\u00f3n lider para la venta de seguros<\/span>\n                        <img decoding=\"async\" class=\"screen\" src=\"\/wp-content\/uploads\/2024\/07\/screen-avant2.png\" alt=\"\">\n                    <\/a>\n                <\/li>\n                <li class=\"\">\n                    <a href=\"\/es?page_id=16602\" class=\"main_content versus\">\n                        <div class=\"logo\"><img decoding=\"async\" src=\"\/wp-content\/uploads\/2024\/04\/versus.svg\" alt=\"\"><\/div>\n                        <span class=\"text\">An\u00e1lisis segmentados del mercado, monitorizaci\u00f3n y comparaci\u00f3n de datos<\/span>\n                        <img decoding=\"async\" class=\"screen\" src=\"\/wp-content\/uploads\/2024\/07\/screen-versus.png\" alt=\"\">\n                    <\/a>\n                <\/li>\n                <li class=\"\">\n                    <a href=\"\/es?page_id=75002\" class=\"main_content bcover\">\n                        <div class=\"logo\"><img decoding=\"async\" src=\"\/wp-content\/uploads\/2024\/04\/bcover.svg\" alt=\"\"><\/div>\n                        <span class=\"text\">Simplifica y automatiza el an\u00e1lisis y gesti\u00f3n de riesgos de tus clientes empresa<\/span>\n                        <img decoding=\"async\" class=\"screen\" src=\"\/wp-content\/uploads\/2024\/07\/screen-bcover.png\" alt=\"\">\n                    <\/a>\n                <\/li>\n                <li class=\"\">\n                    <a href=\"\/es?page_id=74944\" class=\"main_content tesis\">\n                        <div class=\"logo\"><img decoding=\"async\" src=\"\/wp-content\/uploads\/2024\/04\/tesis.svg\" alt=\"\"><\/div>\n                        <span class=\"text\">El ERP creado por corredores de seguros, desarrollado para los corredores de seguros<\/span>\n                        <img decoding=\"async\" class=\"screen\" src=\"\/wp-content\/uploads\/2024\/07\/screen-tesis.png\" alt=\"\">\n                    <\/a>\n                <\/li>\n                <li class=\"\">\n                    <a href=\"\/es?page_id=27385\" class=\"main_content integra\">\n                        <div class=\"logo\"><img decoding=\"async\" src=\"\/wp-content\/uploads\/2024\/04\/integra.svg\" alt=\"\"><\/div>\n                        <span class=\"text\">Te damos la bienvenida a la Conectividad con los productos Workspace<\/span>\n                        <img decoding=\"async\" class=\"screen\" src=\"\/wp-content\/uploads\/2024\/07\/screen-integra.png\" alt=\"\">\n                    <\/a>\n                <\/li>\n            <\/ul>\n        <\/div>\n    <\/div>","protected":false},"excerpt":{"rendered":"El futuro de la venta de seguros. Dotado de un potente CRM que se suma al multitarificador, Avant2 Sales Manager es la evoluci\u00f3n del multitarificador hacia una herramienta orientada a la gesti\u00f3n integral de cartera y la venta","protected":false},"author":1,"featured_media":79615,"parent":74692,"menu_order":0,"comment_status":"closed","ping_status":"closed","template":"custom-inverted.php","meta":{"_monsterinsights_skip_tracking":false,"_monsterinsights_sitenote_active":false,"_monsterinsights_sitenote_note":"","_monsterinsights_sitenote_category":0,"footnotes":""},"class_list":["post-74832","page","type-page","status-publish","has-post-thumbnail","hentry"],"aioseo_notices":[],"_links":{"self":[{"href":"https:\/\/codeoscopic.com\/es\/wp-json\/wp\/v2\/pages\/74832","targetHints":{"allow":["GET"]}}],"collection":[{"href":"https:\/\/codeoscopic.com\/es\/wp-json\/wp\/v2\/pages"}],"about":[{"href":"https:\/\/codeoscopic.com\/es\/wp-json\/wp\/v2\/types\/page"}],"author":[{"embeddable":true,"href":"https:\/\/codeoscopic.com\/es\/wp-json\/wp\/v2\/users\/1"}],"replies":[{"embeddable":true,"href":"https:\/\/codeoscopic.com\/es\/wp-json\/wp\/v2\/comments?post=74832"}],"version-history":[{"count":0,"href":"https:\/\/codeoscopic.com\/es\/wp-json\/wp\/v2\/pages\/74832\/revisions"}],"up":[{"embeddable":true,"href":"https:\/\/codeoscopic.com\/es\/wp-json\/wp\/v2\/pages\/74692"}],"wp:featuredmedia":[{"embeddable":true,"href":"https:\/\/codeoscopic.com\/es\/wp-json\/wp\/v2\/media\/79615"}],"wp:attachment":[{"href":"https:\/\/codeoscopic.com\/es\/wp-json\/wp\/v2\/media?parent=74832"}],"curies":[{"name":"wp","href":"https:\/\/api.w.org\/{rel}","templated":true}]}}