{"id":74830,"date":"2024-07-19T18:22:05","date_gmt":"2024-07-19T16:22:05","guid":{"rendered":"https:\/\/codeoscopic.com\/?page_id=74830"},"modified":"2025-04-09T12:30:38","modified_gmt":"2025-04-09T10:30:38","slug":"avant2-crm","status":"publish","type":"page","link":"https:\/\/codeoscopic.com\/es\/workspace\/avant2\/avant2-crm\/","title":{"rendered":"CRM"},"content":{"rendered":"<div class=\"main_cdscpc_avant2_crm\">\r\n\r\n    <div class=\"main_intro\">\r\n\r\n        <div class=\"main_logos pc\">\r\n            <img decoding=\"async\" class=\"logo_wrkspc\" src=\"\/wp-content\/uploads\/kit-prensa\/workspace\/svg\/logo-wrkspc-white.svg\" alt=\"\">\r\n            <span class=\"separator\"><\/span>\r\n            <img decoding=\"async\" src=\"\/wp-content\/uploads\/kit-prensa\/avant2\/svg\/logo-avant2-white.svg\" alt=\"\">\r\n        <\/div>\r\n\r\n        <div class=\"main_logos mov\">\r\n            <img decoding=\"async\" class=\"logo_wrkspc\" src=\"\/wp-content\/uploads\/kit-prensa\/wrkspc.svg\" alt=\"\">\r\n            <span class=\"separator\"><\/span>\r\n            <img decoding=\"async\" src=\"\/wp-content\/uploads\/kit-prensa\/avnt.svg\" alt=\"\">\r\n        <\/div>\r\n\r\n        <div class=\"main_tabs\"><div class=\"wrap_tabs\"><a href=\"https:\/\/codeoscopic.com\/es\/workspace\/avant2\/\" >Avant2<\/a><a href=\"https:\/\/codeoscopic.com\/es\/workspace\/avant2\/avant2-productos-y-companias\/\" >Productos &#038; Cias<\/a><a href=\"https:\/\/codeoscopic.com\/es\/workspace\/avant2\/avant2-crm\/\" class=\"select\">CRM<\/a><a href=\"https:\/\/codeoscopic.com\/es\/workspace\/avant2\/avant2-conexion-con-erp\/\" >Conexi\u00f3n con ERPs<\/a><\/div><\/div>\r\n    <\/div>\r\n    \r\n    <div class=\"main_content_sections\">\r\n\r\n        <div class=\"main_claim\">\r\n            <div class=\"wrap_claim\">\r\n                <span class=\"intro\">Gesti\u00f3n integral de cartera<\/span>\r\n                <h1>Cada cliente \u00a1Una historia diferente!<\/h1>\r\n                <p>Conoce mejor a tus clientes y antic\u00edpate a sus necesidades<\/p>\r\n\r\n                <div class=\"main_composition\">\r\n                    <picture>\r\n                        <source srcset=\"\/wp-content\/uploads\/2024\/07\/browser@2x.png\" media=\"(max-width:980px)\">\r\n                        <source class=\"browser_avant2\" src=\"\/wp-content\/uploads\/2024\/07\/browser.png\">\r\n                        <img decoding=\"async\" class=\"browser_avant2\" src=\"\/wp-content\/uploads\/2024\/07\/browser.png\">\r\n                    <\/picture>\r\n\r\n                    <img decoding=\"async\" class=\"icon_master_1\" src=\"\/wp-content\/uploads\/2024\/07\/crm-master-icon-1.svg\" alt=\"\">\r\n                    <img decoding=\"async\" class=\"icon_master_2\" src=\"\/wp-content\/uploads\/2024\/07\/crm-master-icon-2.svg\" alt=\"\">\r\n\r\n                    <img decoding=\"async\" class=\"icon_default_1\" src=\"\/wp-content\/uploads\/2024\/07\/crm-icon-1.svg\" alt=\"\">\r\n                    <img decoding=\"async\" class=\"icon_default_2\" src=\"\/wp-content\/uploads\/2024\/07\/crm-icon-2.svg\" alt=\"\">\r\n                    <img decoding=\"async\" class=\"icon_default_3\" src=\"\/wp-content\/uploads\/2024\/07\/crm-icon-3.svg\" alt=\"\">\r\n                    <img decoding=\"async\" class=\"icon_default_4\" src=\"\/wp-content\/uploads\/2024\/07\/crm-icon-4.svg\" alt=\"\">\r\n                    <img decoding=\"async\" class=\"icon_default_5\" src=\"\/wp-content\/uploads\/2024\/07\/crm-icon-5.svg\" alt=\"\">\r\n                    <!--<img decoding=\"async\" class=\"icon_default_6\" src=\"\/wp-content\/uploads\/2024\/07\/crm-icon-6.svg\" alt=\"\">-->\r\n                <\/div>\r\n            <\/div>\r\n        <\/div>\r\n\r\n        <div class=\"main_grid_logos\">\r\n            <p class=\"title\">Avalado y adoptado por las principales asociaciones de mediadores<\/p>\r\n            <div class=\"grid_logos\">\r\n                <div><img decoding=\"async\" src=\"\/wp-content\/uploads\/2024\/07\/crm-asoc-logo-1.png\" alt=\"\"><\/div>\r\n                <div><img decoding=\"async\" src=\"\/wp-content\/uploads\/2024\/07\/crm-asoc-logo-2.png\" alt=\"\"><\/div>\r\n                <div><img decoding=\"async\" src=\"\/wp-content\/uploads\/2024\/07\/crm-asoc-logo-3.png\" alt=\"\"><\/div>\r\n                <div><img decoding=\"async\" src=\"\/wp-content\/uploads\/2024\/07\/crm-asoc-logo-4.png\" alt=\"\"><\/div>\r\n                <div><img decoding=\"async\" src=\"\/wp-content\/uploads\/2024\/07\/crm-asoc-logo-5.png\" alt=\"\"><\/div>\r\n            <\/div>\r\n        <\/div>\r\n\r\n        <div class=\"main_grid_box\">\r\n\r\n            <div class=\"wrap_grid\">\r\n                <div class=\"main_content\">\r\n                    <p><b>Seguimiento cualificado<\/b> para gestionar de manera \u00e1gil y eficaz la posici\u00f3n de cada cliente. Un vistazo general muy \u00fatil a la hora de detectar nuevas oportunidades.<\/p>\r\n                <\/div>\r\n                <div class=\"picture_content border\">\r\n                    <img decoding=\"async\" src=\"\/wp-content\/uploads\/2024\/07\/img-monitoring.png\">\r\n                <\/div>\r\n            <\/div>\r\n\r\n            <div class=\"wrap_grid invert\">\r\n                <div class=\"main_content\">\r\n                    <p>La creaci\u00f3n de <b>oportunidades personalizadas<\/b> permite identificar en cualquier momento la posici\u00f3n y potenciales necesidades de tus clientes, para avanzar en un proyecto o presentar nuevas ofertas.<\/p>\r\n                <\/div>\r\n                <div class=\"picture_content\">\r\n                    <img decoding=\"async\" src=\"\/wp-content\/uploads\/2024\/07\/img-autos.png\">\r\n                <\/div>\r\n            <\/div>\r\n\r\n            <div class=\"wrap_grid\">\r\n                <div class=\"main_content\">\r\n                    <p><b>Un potente control de ventas<\/b>, pensado para llevar a cabo un seguimiento exhaustivo de cada cliente y detectar de manera sencilla nuevas posibilidades de <em>upselling<\/em> y <em>crosselling<\/em>.<\/p>\r\n                <\/div>\r\n                <div class=\"picture_content\">\r\n                    <img decoding=\"async\" src=\"\/wp-content\/uploads\/2024\/07\/img-control-ventas.png\">\r\n                <\/div>\r\n            <\/div>\r\n        <\/div>\r\n\r\n        <div class=\"main_testimonial tabs\">\r\n             <ul>\r\n                  <li><span class=\"user\" style=\"background-image: url('https:\/\/codeoscopic.com\/wp-content\/uploads\/2020\/11\/Javier_Montaraz_barymont.jpg');\"><\/span><\/li><li><span class=\"user\" style=\"background-image: url('https:\/\/codeoscopic.com\/wp-content\/uploads\/2021\/03\/juan_david_ruiz.jpg');\"><\/span><\/li><li><span class=\"user\" style=\"background-image: url('https:\/\/codeoscopic.com\/wp-content\/uploads\/2020\/11\/manuel-fernandez-fernandez-eurocenter.jpg');\"><\/span><\/li>\r\n             <\/ul>\r\n             <div class=\"wrap-tabs\">\r\n                  <section>\r\n   <p>Hoy m\u00e1s que nunca se hace vital afrontar los retos seguro de que cuentas con la mejor tripulaci\u00f3n. En el \u00e1mbito tecnol\u00f3gico\/digital, contar con el Grupo Codeoscopic como <em>partner <\/em>supone, para Barymont, una garant\u00eda de excelencia en el servicio y la certeza de estar en primera l\u00ednea.<\/p>\r\n   <div class=\"info\">\r\n      <span class=\"name\">Javier Montaraz<\/span>\r\n      <span class=\"role\">Director General de Grupo Barymont<\/span>\r\n\t  \r\n   <\/div>\r\n<\/section><section>\r\n   <p>Avant2 Sales Manager es una herramienta \u00e1gil y din\u00e1mica. Hace a\u00f1os que trabajamos con Codeoscopic y su tecnolog\u00eda ha supuesto para Ruiz Re Corredur\u00eda de Seguros una aut\u00e9ntica revoluci\u00f3n comercial, que nos ayuda much\u00edsimo al desarrollo de la red y la captaci\u00f3n de nuevo negocio.<\/p>\r\n   <div class=\"info\">\r\n      <span class=\"name\">Juan David Ruiz<\/span>\r\n      <span class=\"role\">Socio-director ejecutivo de Ruiz Re<\/span>\r\n\t  \r\n   <\/div>\r\n<\/section><section>\r\n   <p>La predisposici\u00f3n de Codeoscopic al di\u00e1logo, la colaboraci\u00f3n y la inversi\u00f3n en tecnolog\u00eda nos permite centrar toda nuestra atenci\u00f3n en aquellas gestiones que aportan verdadero valor a\u00f1adido al asegurado. Cuando dos empresas l\u00edderes trabajan en equipo el \u00e9xito est\u00e1 asegurado.<\/p>\r\n   <div class=\"info\">\r\n      <span class=\"name\">Manuel Fern\u00e1ndez Fern\u00e1ndez<\/span>\r\n      <span class=\"role\">Director T\u00e9cnico de Grupo Euro-CENTER<\/span>\r\n\t  \r\n   <\/div>\r\n<\/section>\r\n             <\/div>\r\n        <\/div>\r\n\r\n        <div class=\"main_grid_box\">\r\n\r\n            <div class=\"wrap_grid\">\r\n                <div class=\"main_content\">\r\n                    <p>Puedes ver <b>TODA la cartera de p\u00f3lizas que tienes en Tesis Broker Manager<\/b> y retarificar a vencimiento, logrando una gesti\u00f3n proactiva del cliente para aumentar la fidelizaci\u00f3n de tu cartera.<\/p>\r\n                    <a href=\"https:\/\/codeoscopic.com\/es\/workspace\/tesis\/\" class=\"more_info\">\r\n                        <span class=\"text\">Descubre Tesis<\/span>\r\n                        <span class=\"opt\"><span class=\"icon_10 arrow white\"><\/span><\/span>\r\n                    <\/a>\r\n                <\/div>\r\n                <div class=\"picture_content border\">\r\n                    <img decoding=\"async\" src=\"\/wp-content\/uploads\/2024\/07\/img-tesis.png\">\r\n                <\/div>\r\n            <\/div>\r\n\r\n            <div class=\"wrap_grid invert\">\r\n                <div class=\"main_content\">\r\n                    <p>Avant2 Sales Manager permite al corredor de seguros un <b>seguimiento eficaz<\/b> del ciclo de contrataci\u00f3n. A\u00f1ade eventos, notas y detalles para mantener al d\u00eda la comunicaci\u00f3n con el cliente y la informaci\u00f3n para su equipo.<\/p>\r\n                <\/div>\r\n                <div class=\"picture_content\">\r\n                    <img decoding=\"async\" src=\"\/wp-content\/uploads\/2024\/07\/img-tools.png\">\r\n                <\/div>\r\n            <\/div>\r\n\r\n            <div class=\"wrap_grid\">\r\n                <div class=\"main_content\">\r\n                    <p><b>La potencia de la usabilidad<\/b>. Gracias a una interfaz clara, r\u00e1pida e intuitiva, Avant2 Sales Manager ayuda al corredor de seguros a lograr la m\u00e1xima eficiencia en su trabajo y optimizar sus operaciones de multicotizaci\u00f3n.<\/p>\r\n                <\/div>\r\n                <div class=\"picture_content\">\r\n                    <img decoding=\"async\" src=\"\/wp-content\/uploads\/2024\/07\/img-app.png\">\r\n                <\/div>\r\n            <\/div>\r\n        <\/div>\r\n        \r\n        <div class=\"end_claim\">\r\n            <p>\u00bfQuieres descubrir la potencia de Avant2 Sales Manager?<\/p>\r\n            <a href=\"https:\/\/codeoscopic.com\/es\/contactanos\/\" class=\"btn primary avant2\">Cont\u00e1ctanos!<\/a>\r\n\r\n\r\n        <\/div>\r\n\r\n\n    <div class=\"main_direct_footer_access\" style=\"background: url(\/wp-content\/uploads\/2025\/04\/bg.png) top center no-repeat #0e162a;\">\n        <div class=\"wrap_direct_footer_access\">\n            <p>Continua explorando soluciones que dan respuesta a las necesidades del sector asegurador<\/p>\n            <ul class=\"main_grid_cards\">\n                <li class=\"hidden\">\n                    <a href=\"\/es?page_id=74692\" class=\"main_content avant2\">\n                        <div class=\"logo\"><img decoding=\"async\" src=\"\/wp-content\/uploads\/2024\/04\/avant2.svg\" alt=\"\"><\/div>\n                        <span class=\"text\">CRM + Multitarificador: la aplicaci\u00f3n lider para la venta de seguros<\/span>\n                        <img decoding=\"async\" class=\"screen\" src=\"\/wp-content\/uploads\/2024\/07\/screen-avant2.png\" alt=\"\">\n                    <\/a>\n                <\/li>\n                <li class=\"\">\n                    <a href=\"\/es?page_id=16602\" class=\"main_content versus\">\n                        <div class=\"logo\"><img decoding=\"async\" src=\"\/wp-content\/uploads\/2024\/04\/versus.svg\" alt=\"\"><\/div>\n                        <span class=\"text\">An\u00e1lisis segmentados del mercado, monitorizaci\u00f3n y comparaci\u00f3n de datos<\/span>\n                        <img decoding=\"async\" class=\"screen\" src=\"\/wp-content\/uploads\/2024\/07\/screen-versus.png\" alt=\"\">\n                    <\/a>\n                <\/li>\n                <li class=\"\">\n                    <a href=\"\/es?page_id=75002\" class=\"main_content bcover\">\n                        <div class=\"logo\"><img decoding=\"async\" src=\"\/wp-content\/uploads\/2024\/04\/bcover.svg\" alt=\"\"><\/div>\n                        <span class=\"text\">Simplifica y automatiza el an\u00e1lisis y gesti\u00f3n de riesgos de tus clientes empresa<\/span>\n                        <img decoding=\"async\" class=\"screen\" src=\"\/wp-content\/uploads\/2024\/07\/screen-bcover.png\" alt=\"\">\n                    <\/a>\n                <\/li>\n                <li class=\"\">\n                    <a href=\"\/es?page_id=74944\" class=\"main_content tesis\">\n                        <div class=\"logo\"><img decoding=\"async\" src=\"\/wp-content\/uploads\/2024\/04\/tesis.svg\" alt=\"\"><\/div>\n                        <span class=\"text\">El ERP creado por corredores de seguros, desarrollado para los corredores de seguros<\/span>\n                        <img decoding=\"async\" class=\"screen\" src=\"\/wp-content\/uploads\/2024\/07\/screen-tesis.png\" alt=\"\">\n                    <\/a>\n                <\/li>\n                <li class=\"\">\n                    <a href=\"\/es?page_id=27385\" class=\"main_content integra\">\n                        <div class=\"logo\"><img decoding=\"async\" src=\"\/wp-content\/uploads\/2024\/04\/integra.svg\" alt=\"\"><\/div>\n                        <span class=\"text\">Te damos la bienvenida a la Conectividad con los productos Workspace<\/span>\n                        <img decoding=\"async\" class=\"screen\" src=\"\/wp-content\/uploads\/2024\/07\/screen-integra.png\" alt=\"\">\n                    <\/a>\n                <\/li>\n            <\/ul>\n        <\/div>\n    <\/div>","protected":false},"excerpt":{"rendered":"El futuro de la venta de seguros. Dotado de un potente CRM que se suma al multitarificador, Avant2 Sales Manager es la evoluci\u00f3n del multitarificador hacia una herramienta orientada a la gesti\u00f3n integral de cartera y la venta","protected":false},"author":1,"featured_media":79617,"parent":74692,"menu_order":0,"comment_status":"closed","ping_status":"closed","template":"custom-inverted.php","meta":{"_monsterinsights_skip_tracking":false,"_monsterinsights_sitenote_active":false,"_monsterinsights_sitenote_note":"","_monsterinsights_sitenote_category":0,"footnotes":""},"class_list":["post-74830","page","type-page","status-publish","has-post-thumbnail","hentry"],"aioseo_notices":[],"_links":{"self":[{"href":"https:\/\/codeoscopic.com\/es\/wp-json\/wp\/v2\/pages\/74830","targetHints":{"allow":["GET"]}}],"collection":[{"href":"https:\/\/codeoscopic.com\/es\/wp-json\/wp\/v2\/pages"}],"about":[{"href":"https:\/\/codeoscopic.com\/es\/wp-json\/wp\/v2\/types\/page"}],"author":[{"embeddable":true,"href":"https:\/\/codeoscopic.com\/es\/wp-json\/wp\/v2\/users\/1"}],"replies":[{"embeddable":true,"href":"https:\/\/codeoscopic.com\/es\/wp-json\/wp\/v2\/comments?post=74830"}],"version-history":[{"count":0,"href":"https:\/\/codeoscopic.com\/es\/wp-json\/wp\/v2\/pages\/74830\/revisions"}],"up":[{"embeddable":true,"href":"https:\/\/codeoscopic.com\/es\/wp-json\/wp\/v2\/pages\/74692"}],"wp:featuredmedia":[{"embeddable":true,"href":"https:\/\/codeoscopic.com\/es\/wp-json\/wp\/v2\/media\/79617"}],"wp:attachment":[{"href":"https:\/\/codeoscopic.com\/es\/wp-json\/wp\/v2\/media?parent=74830"}],"curies":[{"name":"wp","href":"https:\/\/api.w.org\/{rel}","templated":true}]}}