{"id":74692,"date":"2024-07-19T16:32:20","date_gmt":"2024-07-19T14:32:20","guid":{"rendered":"https:\/\/codeoscopic.com\/?page_id=74692"},"modified":"2025-04-24T14:34:39","modified_gmt":"2025-04-24T12:34:39","slug":"avant2","status":"publish","type":"page","link":"https:\/\/codeoscopic.com\/es\/workspace\/avant2\/","title":{"rendered":"Avant2"},"content":{"rendered":"<div class=\"main_cdscpc_avant2_home\">\r\n\r\n    <div class=\"main_intro\">\r\n\r\n        <div class=\"main_logos pc\">\r\n            <img decoding=\"async\" class=\"logo_wrkspc\" src=\"\/wp-content\/uploads\/kit-prensa\/workspace\/svg\/logo-wrkspc-white.svg\" alt=\"\">\r\n            <span class=\"separator\"><\/span>\r\n            <img decoding=\"async\" src=\"\/wp-content\/uploads\/kit-prensa\/avant2\/svg\/logo-avant2-white.svg\" alt=\"\">\r\n        <\/div>\r\n\r\n        <div class=\"main_logos mov\">\r\n            <img decoding=\"async\" class=\"logo_wrkspc\" src=\"\/wp-content\/uploads\/kit-prensa\/wrkspc.svg\" alt=\"\">\r\n            <span class=\"separator\"><\/span>\r\n            <img decoding=\"async\" src=\"\/wp-content\/uploads\/kit-prensa\/avnt.svg\" alt=\"\">\r\n        <\/div>\r\n\r\n        <div class=\"main_tabs\"><div class=\"wrap_tabs\"><a href=\"https:\/\/codeoscopic.com\/es\/workspace\/avant2\/\" class=\"select\">Avant2<\/a><a href=\"https:\/\/codeoscopic.com\/es\/workspace\/avant2\/avant2-productos-y-companias\/\" >Productos &#038; Cias<\/a><a href=\"https:\/\/codeoscopic.com\/es\/workspace\/avant2\/avant2-crm\/\" >CRM<\/a><a href=\"https:\/\/codeoscopic.com\/es\/workspace\/avant2\/avant2-conexion-con-erp\/\" >Conexi\u00f3n con ERPs<\/a><\/div><\/div>\r\n    <\/div>\r\n\r\n    <div class=\"main_content_sections\">\r\n\r\n        <div class=\"main_claim\">\r\n            <div class=\"wrap_claim\">\r\n                <span class=\"intro\">El poder de la productividad para tu negocio<\/span>\r\n                <h1>Capta, gestiona y contrata, todo en tiempo record.<\/h1>\r\n\r\n                <div class=\"animation_avtn2 show_view\" id=\"without_avant2_action\">\r\n                    <object id=\"test\" data=\"\/wp-content\/uploads\/2024\/07\/without1.svg\" type=\"\" class=\"without\"><\/object>\r\n                    <span class=\"description\">Puedes dedicar <b class=\"yellow\">una hora<\/b> o m\u00e1s para encontrar la mejor oferta\u2026<\/span>\r\n                <\/div>\r\n\r\n                <div class=\"animation_avtn2 hide_view\" id=\"with_avant2_action\">\r\n                    <object data=\"\/wp-content\/uploads\/2024\/07\/with1.svg\" type=\"\" class=\"with\"><\/object>\r\n                    <span class=\"description\">\u2026 o hacerlo <b class=\"green\">5 minutos<\/b>, y multiplicar el rendimiento de tu negocio.<\/span>\r\n                <\/div>\r\n\r\n                <div class=\"wrap_control\">\r\n                    <span class=\"text\"><b>Sin<\/b> Avant2<\/span>\r\n                    <div class=\"check_2 big avant\">\r\n                        <input type=\"checkbox\" class=\"check_2\" id=\"toggle_avant2_power\">\r\n                        <label for=\"toggle_avant2_power\"><\/label>\r\n                    <\/div>\r\n                    <span class=\"text\"><b>Con<\/b> Avant2<\/span>\r\n                <\/div>\r\n            <\/div>\r\n        <\/div>\r\n\r\n        <div class=\"main_macro_section\">\r\n\r\n            <div class=\"main_grid_agents\">\r\n                <p class=\"title\">El multitarificador <b>N\u00ba1<\/b> del mercado y el de mejor valoraci\u00f3n entre los corredores<\/p>\r\n                <ul class=\"wrap_grid\">\r\n                    <li><div class=\"main_content col_1\"><\/div><\/li>\r\n                    <li><div class=\"main_content col_2\"><\/div><\/li>\r\n                    <li><div class=\"main_content col_3\"><\/div><\/li>\r\n                    <li><div class=\"main_content col_4\"><\/div><\/li>\r\n                    <li><div class=\"main_content col_5\"><\/div><\/li>\r\n                <\/ul>\r\n            <\/div>\r\n\r\n            <div class=\"main_grid\">\r\n\r\n                <div class=\"wrap_grid\">\r\n                    <div class=\"main_content\">\r\n                        <p><b>M\u00e1s de 120 productos y 50 aseguradoras.<\/b> Avant2 Sales Manager te permite tarificar y contratar p\u00f3lizas de autom\u00f3vil, motocicletas, hogar, decesos, vida-riesgo, defensa jur\u00eddica, veh\u00edculo de sustituci\u00f3n\u2026 m\u00e1s de 20 ramos distintos.<\/p>\r\n                        <a href=\"https:\/\/codeoscopic.com\/es\/workspace\/avant2\/avant2-productos-y-companias\/\" class=\"more_info\">\r\n                            <span class=\"text\">Descubre los productos<\/span>\r\n                            <span class=\"opt\"><span class=\"icon_10 arrow white\"><\/span><\/span>\r\n                        <\/a>\r\n\r\n                    <\/div>\r\n                    <div class=\"picture_content\">\r\n                        <img decoding=\"async\" src=\"\/wp-content\/uploads\/2024\/07\/img-products.png\">\r\n                    <\/div>\r\n                <\/div>\r\n\r\n                <div class=\"wrap_grid invert\">\r\n                    <div class=\"main_content\">\r\n                        <p>Conecta con <b>Tesis Broker Manager<\/b> el ERP m\u00e1s potente y sofisticado para la gesti\u00f3n de corredur\u00edas. Todo lo esencial para comercializar y gestionar p\u00f3lizas en una \u00fanica soluci\u00f3n.<\/p>\r\n                        <a href=\"https:\/\/codeoscopic.com\/es\/workspace\/avant2\/avant2-conexion-con-erp\/\" class=\"more_info\">\r\n                            <span class=\"text\">Descubre Tesis Broker Manager<\/span>\r\n                            <span class=\"opt\"><span class=\"icon_10 arrow white\"><\/span><\/span>\r\n                        <\/a>\r\n\r\n                    <\/div>\r\n                    <div class=\"picture_content\">\r\n                        <img decoding=\"async\" src=\"\/wp-content\/uploads\/2024\/07\/img-erp.png\">\r\n                    <\/div>\r\n                <\/div>\r\n            <\/div>\r\n\r\n            <div class=\"main_grid_numbers\">\r\n                <ul class=\"wrap_grid\">\r\n                    <li>\r\n                        <span class=\"number\"><b><\/b> 10<\/span>\r\n                        <span class=\"text\">Productividad<\/span>\r\n                    <\/li>\r\n                    <li>\r\n                        <span class=\"number\"><b class=\"plus\"><\/b> 1.700<\/span>\r\n                        <span class=\"text\">Corredores<\/span>\r\n                    <\/li>\r\n                    <li>\r\n                        <span class=\"number\"><b class=\"plus\"><\/b> 50<\/span>\r\n                        <span class=\"text\">Aseguradoras<\/span>\r\n                    <\/li>\r\n                    <li>\r\n                        <span class=\"number\"><b class=\"plus\"><\/b> 120<\/span>\r\n                        <span class=\"text\">Productos<\/span>\r\n                    <\/li>\r\n                <\/ul>\r\n            <\/div>\r\n\r\n            <div class=\"main_grid\">\r\n\r\n                <div class=\"wrap_grid\">\r\n                    <div class=\"main_content\">\r\n                        <p><b>\u00a1Menos de 6 minutos!<\/b> Haz todas las cotizaciones que necesites en tiempo r\u00e9cord y multiplica tu productividad: m\u00e1s de <b>50 aseguradoras l\u00edderes y m\u00e1s de 120 productos<\/b>, en unos pocos clics y con la m\u00e1xima fiabilidad.<\/p>\r\n                        <a href=\"https:\/\/codeoscopic.com\/es\/workspace\/avant2\/avant2-crm\/\" class=\"more_info\">\r\n                            <span class=\"text\">Descubre el CRM<\/span>\r\n                            <span class=\"opt\"><span class=\"icon_10 arrow white\"><\/span><\/span>\r\n                        <\/a>\r\n                    <\/div>\r\n                    <div class=\"picture_content\">\r\n                        <img decoding=\"async\" src=\"\/wp-content\/uploads\/2024\/07\/img-6min.png\">\r\n                    <\/div>\r\n                <\/div>\r\n\r\n                <div class=\"wrap_grid invert\">\r\n                    <div class=\"main_content\">\r\n                        <div class=\"wrap_item\">\r\n                            <span class=\"item_icon\"><img decoding=\"async\" src=\"\/wp-content\/uploads\/2024\/07\/icon-eiac.svg\"><\/span>\r\n                            <span class=\"text\">Conexi\u00f3n con todos los ERPs del mercado europeo<\/span>\r\n                        <\/div>\r\n                        <div class=\"wrap_item\">\r\n                            <span class=\"item_icon\"><img decoding=\"async\" src=\"\/wp-content\/uploads\/2024\/07\/icon-usb.svg\"><\/span>\r\n                            <span class=\"text\">Integra toda la estructura de red de corredores y usuarios<\/span>\r\n                        <\/div>\r\n                        <div class=\"wrap_item\">\r\n                            <span class=\"item_icon\"><img decoding=\"async\" src=\"\/wp-content\/uploads\/2024\/07\/icon-cloud.svg\"><\/span>\r\n                            <span class=\"text\">100% Web y SAAS, la comodidad de no tener que instalar nada<\/span>\r\n                        <\/div>\r\n                    <\/div>\r\n                    <div class=\"picture_content\">\r\n                        <img decoding=\"async\" src=\"\/wp-content\/uploads\/2024\/07\/img-platform.png\">\r\n                    <\/div>\r\n                <\/div>\r\n\r\n                <div class=\"wrap_grid\">\r\n                    <div class=\"main_content\">\r\n                        <p><b>Vende seguros desde tu soluci\u00f3n digital con Integra<\/b>, el API Rest conectado con Avant2 Sales Manager. Una pasarela de servicios que simplifica y mejora la experiencia de conexi\u00f3n.<\/p>\r\n                        <a href=\"https:\/\/codeoscopic.com\/es\/workspace\/integra\/\" class=\"more_info\">\r\n                            <span class=\"text\">Descubre Integra<\/span>\r\n                            <span class=\"opt\"><span class=\"icon_10 arrow white\"><\/span><\/span>\r\n                        <\/a>\r\n                    <\/div>\r\n                    <div class=\"picture_content\">\r\n                        <img decoding=\"async\" src=\"\/wp-content\/uploads\/2024\/07\/img-integra.png\">\r\n                    <\/div>\r\n                <\/div>\r\n            <\/div>\r\n\r\n            <div class=\"main_end\">\r\n                <p>Avalado y adoptado por las principales asociaciones de mediadores<\/p>\r\n                <div class=\"grid_logos\">\r\n                    <img decoding=\"async\" src=\"\/wp-content\/uploads\/2024\/07\/logo-consejo-general.png\" alt=\"\">\r\n                    <img decoding=\"async\" src=\"\/wp-content\/uploads\/2024\/07\/logo-cojebro.png\" alt=\"\">\r\n                    <img decoding=\"async\" src=\"\/wp-content\/uploads\/2024\/07\/logo-senda.png\" alt=\"\">\r\n                    <img decoding=\"async\" src=\"\/wp-content\/uploads\/2024\/07\/logo-espanor.png\" alt=\"\">\r\n                    <img decoding=\"async\" src=\"\/wp-content\/uploads\/2024\/07\/logo-centerbrok.png\" alt=\"\">\r\n                    <img decoding=\"async\" src=\"\/wp-content\/uploads\/2024\/07\/logo-aunna.png\" alt=\"\">\r\n                    <img decoding=\"async\" src=\"\/wp-content\/uploads\/2024\/07\/logo-cb-servicios.png\" alt=\"\">\r\n                    <img decoding=\"async\" src=\"\/wp-content\/uploads\/2024\/07\/logo-newcorred.png\" alt=\"\">\r\n                <\/div>\r\n            <\/div>\r\n        <\/div>\r\n\r\n        <div class=\"main_end_section\">\r\n            <span class=\"intro\">Y no termina aqu\u00ed<\/span>\r\n            <h2>Completa tu Avant2 Sales Manager<\/h2>\r\n<p class=\"description\">Multiplica tu valor y la productividad con estos \u201cadd-ons\u201d<\/p>\r\n\r\n<ul class=\"main_grid\">\r\n    <li>\r\n        <div class=\"main_content\">\r\n            <img decoding=\"async\" src=\"\/wp-content\/uploads\/2024\/07\/icon-firma.svg\" alt=\"\">\r\n            <span class=\"title\">Gestor de firmas<\/span>\r\n            <span class=\"text\">Cierra operaciones donde quieras, a distancia y en cualquier dispositivo m\u00f3vil o tablet<\/span>\r\n        <\/div>\r\n    <\/li>\r\n    <li>\r\n        <div class=\"main_content\">\r\n            <img decoding=\"async\" src=\"\/wp-content\/uploads\/2024\/07\/icon-doc.svg\" alt=\"\">\r\n            <span class=\"title\">IdentifyCar<\/span>\r\n            <span class=\"text\">Filtra marca, modelo y versi\u00f3n para la b\u00fasqueda autom\u00e1tica de versiones de veh\u00edculos a partir de su matr\u00edcula<\/span>\r\n        <\/div>\r\n    <\/li>\r\n    <li>\r\n        <div class=\"main_content\">\r\n            <img decoding=\"async\" src=\"\/wp-content\/uploads\/2024\/07\/icon-pc.svg\" alt=\"\">\r\n            <span class=\"title\">Incl\u00fayelo en tu web<\/span>\r\n            <span class=\"text\">Utiliza Avant2 Sales Manager donde quieras, con\u00e9ctalo sin esfuerzo en tu web gracias a nuestro script<\/span>\r\n        <\/div>\r\n    <\/li>\r\n<\/ul>\r\n\r\n<p class=\"description\">Aprovecha la conectividad con las siguientes aplicaciones<\/p>\r\n\r\n<ul class=\"main_grid\">\r\n    <li>\r\n        <div class=\"main_content\">\r\n            <img decoding=\"async\" src=\"\/wp-content\/uploads\/2024\/07\/icon-tesis.svg\" alt=\"\">\r\n            <span class=\"title\">ERP Tesis Broker Manager<\/span>\r\n            <span class=\"text\">Un paquete integrado de \u2018software\u2019 de gesti\u00f3n para corredur\u00edas, mediadores y agentes de seguros.<\/span>\r\n        <\/div>\r\n    <\/li>\r\n    <li>\r\n        <div class=\"main_content\">\r\n            <img decoding=\"async\" src=\"\/wp-content\/uploads\/2024\/07\/icon-bcover.svg\" alt=\"\">\r\n            <span class=\"title\">Bcover<\/span>\r\n            <span class=\"text\">Una plataforma que permite al corredor convertirse en gerente de riesgos de sus clientes empresas.<\/span>\r\n        <\/div>\r\n    <\/li>\r\n    <li>\r\n        <div class=\"main_content\">\r\n            <img decoding=\"async\" src=\"\/wp-content\/uploads\/2024\/07\/icon-integra.svg\" alt=\"\">\r\n            <span class=\"title\">Integra<\/span>\r\n            <span class=\"text\">Un API Rest que expone la funcionalidad de los productos de Codeoscopic permitiendo acceder a servicios.<\/span>\r\n        <\/div>\r\n    <\/li>\r\n<\/ul>\r\n\r\n            <div class=\"main_buttons\">\r\n                <p>\u00bfQuieres descubrir la potencia de Avant2 Sales Manager?<\/p>\r\n                <div class=\"buttons\">\r\n                    <a href=\"https:\/\/codeoscopic.com\/wp-content\/uploads\/2024\/08\/Dosier-Codeoscopic-Workspace-integral-2024.pdf\" class=\"btn line\">Descarga nuestro dosier<\/a>\r\n                    <span>\u00d2<\/span>\r\n                    <a href=\"https:\/\/codeoscopic.com\/es\/contactanos\/\" class=\"btn primary avant2\">Cont\u00e1ctanos!<\/a>\r\n                <\/div>\r\n\r\n            <\/div>\r\n        <\/div>\r\n    <\/div>\r\n\r\n\n    <div class=\"main_direct_footer_access\" style=\"background: url(\/wp-content\/uploads\/2025\/04\/bg.png) top center no-repeat #0e162a;\">\n        <div class=\"wrap_direct_footer_access\">\n            <p>Continua explorando soluciones que dan respuesta a las necesidades del sector asegurador<\/p>\n            <ul class=\"main_grid_cards\">\n                <li class=\"hidden\">\n                    <a href=\"\/es?page_id=74692\" class=\"main_content avant2\">\n                        <div class=\"logo\"><img decoding=\"async\" src=\"\/wp-content\/uploads\/2024\/04\/avant2.svg\" alt=\"\"><\/div>\n                        <span class=\"text\">CRM + Multitarificador: la aplicaci\u00f3n lider para la venta de seguros<\/span>\n                        <img decoding=\"async\" class=\"screen\" src=\"\/wp-content\/uploads\/2024\/07\/screen-avant2.png\" alt=\"\">\n                    <\/a>\n                <\/li>\n                <li class=\"\">\n                    <a href=\"\/es?page_id=16602\" class=\"main_content versus\">\n                        <div class=\"logo\"><img decoding=\"async\" src=\"\/wp-content\/uploads\/2024\/04\/versus.svg\" alt=\"\"><\/div>\n                        <span class=\"text\">An\u00e1lisis segmentados del mercado, monitorizaci\u00f3n y comparaci\u00f3n de datos<\/span>\n                        <img decoding=\"async\" class=\"screen\" src=\"\/wp-content\/uploads\/2024\/07\/screen-versus.png\" alt=\"\">\n                    <\/a>\n                <\/li>\n                <li class=\"\">\n                    <a href=\"\/es?page_id=75002\" class=\"main_content bcover\">\n                        <div class=\"logo\"><img decoding=\"async\" src=\"\/wp-content\/uploads\/2024\/04\/bcover.svg\" alt=\"\"><\/div>\n                        <span class=\"text\">Simplifica y automatiza el an\u00e1lisis y gesti\u00f3n de riesgos de tus clientes empresa<\/span>\n                        <img decoding=\"async\" class=\"screen\" src=\"\/wp-content\/uploads\/2024\/07\/screen-bcover.png\" alt=\"\">\n                    <\/a>\n                <\/li>\n                <li class=\"\">\n                    <a href=\"\/es?page_id=74944\" class=\"main_content tesis\">\n                        <div class=\"logo\"><img decoding=\"async\" src=\"\/wp-content\/uploads\/2024\/04\/tesis.svg\" alt=\"\"><\/div>\n                        <span class=\"text\">El ERP creado por corredores de seguros, desarrollado para los corredores de seguros<\/span>\n                        <img decoding=\"async\" class=\"screen\" src=\"\/wp-content\/uploads\/2024\/07\/screen-tesis.png\" alt=\"\">\n                    <\/a>\n                <\/li>\n                <li class=\"\">\n                    <a href=\"\/es?page_id=27385\" class=\"main_content integra\">\n                        <div class=\"logo\"><img decoding=\"async\" src=\"\/wp-content\/uploads\/2024\/04\/integra.svg\" alt=\"\"><\/div>\n                        <span class=\"text\">Te damos la bienvenida a la Conectividad con los productos Workspace<\/span>\n                        <img decoding=\"async\" class=\"screen\" src=\"\/wp-content\/uploads\/2024\/07\/screen-integra.png\" alt=\"\">\n                    <\/a>\n                <\/li>\n            <\/ul>\n        <\/div>\n    <\/div>","protected":false},"excerpt":{"rendered":"El futuro de la venta de seguros. Dotado de un potente CRM que se suma al multitarificador, Avant2 Sales Manager es la evoluci\u00f3n del multitarificador hacia una herramienta orientada a la gesti\u00f3n integral de cartera y la venta","protected":false},"author":1,"featured_media":79616,"parent":16420,"menu_order":0,"comment_status":"closed","ping_status":"closed","template":"custom-inverted.php","meta":{"_monsterinsights_skip_tracking":false,"_monsterinsights_sitenote_active":false,"_monsterinsights_sitenote_note":"","_monsterinsights_sitenote_category":0,"footnotes":""},"class_list":["post-74692","page","type-page","status-publish","has-post-thumbnail","hentry"],"aioseo_notices":[],"_links":{"self":[{"href":"https:\/\/codeoscopic.com\/es\/wp-json\/wp\/v2\/pages\/74692","targetHints":{"allow":["GET"]}}],"collection":[{"href":"https:\/\/codeoscopic.com\/es\/wp-json\/wp\/v2\/pages"}],"about":[{"href":"https:\/\/codeoscopic.com\/es\/wp-json\/wp\/v2\/types\/page"}],"author":[{"embeddable":true,"href":"https:\/\/codeoscopic.com\/es\/wp-json\/wp\/v2\/users\/1"}],"replies":[{"embeddable":true,"href":"https:\/\/codeoscopic.com\/es\/wp-json\/wp\/v2\/comments?post=74692"}],"version-history":[{"count":0,"href":"https:\/\/codeoscopic.com\/es\/wp-json\/wp\/v2\/pages\/74692\/revisions"}],"up":[{"embeddable":true,"href":"https:\/\/codeoscopic.com\/es\/wp-json\/wp\/v2\/pages\/16420"}],"wp:featuredmedia":[{"embeddable":true,"href":"https:\/\/codeoscopic.com\/es\/wp-json\/wp\/v2\/media\/79616"}],"wp:attachment":[{"href":"https:\/\/codeoscopic.com\/es\/wp-json\/wp\/v2\/media?parent=74692"}],"curies":[{"name":"wp","href":"https:\/\/api.w.org\/{rel}","templated":true}]}}