{"id":71884,"date":"2024-04-26T16:38:25","date_gmt":"2024-04-26T14:38:25","guid":{"rendered":"https:\/\/codeoscopic.com\/?page_id=71884"},"modified":"2025-12-04T15:21:22","modified_gmt":"2025-12-04T14:21:22","slug":"kit-digital-innova-iberica","status":"publish","type":"page","link":"https:\/\/codeoscopic.com\/es\/fondos-next-generation\/kit-digital-innova-iberica\/","title":{"rendered":"Kit Digital Innova Ib\u00e9rica"},"content":{"rendered":"<!-- Content \u00b7 src\/sass\/landing\/rsc.scss -->\r\n<div class=\"main_cdscpc_form\">\r\n    <div class=\"main_content\">\r\n\r\n        <!-- Title -->\r\n        <h2>Kit Digital Innova Ib\u00e9rica<\/h2>\r\n\r\n        <p>Rellena este formulario con tus datos y la soluci\u00f3n elegida para tu Kit Digital y env\u00edalo para que podamos gestionar tu solicitud. Nuestro equipo se pondr\u00e1 en contacto contigo para ayudarte con el resto del proceso.<\/p>\r\n\r\n<div id=\"mainCard\" class=\"main_form\">\r\n        <h3>Formulario<\/h3>\r\n\r\n        <!-- Success -->\r\n        <div id=\"responseFormOk\" class=\"main_form_success hidden\">\r\n            <span class=\"icon_50 icon_6\"><\/span>\r\n            <h3 class=\"success_form\">\u00a1Formulario enviado!<\/h3>\r\n            <span id=\"reponseTextOk\" class=\"text\">Tu mensaje ha sido enviado correctamente. En breve, uno de nuestros responsables se pondr\u00e1 en contacto contigo.<\/span>\r\n            <span class=\"op5\">\u00a1Gracias por contactarnos!<\/span>\r\n        <\/div>\r\n\r\n        <!-- Error -->\r\n        <div id=\"responseFormFail\" class=\"main_form_success error hidden\">\r\n            <span class=\"icon_50 icon_7\"><\/span>\r\n            <h3 class=\"success_form\">Formulario no enviado<\/h3>\r\n            <span id=\"reponseTextFail\" class=\"text\">Por alg\u00fan motivo tu mensaje no se ha podido enviar, por favor prueba m\u00e1s tarde o escr\u00edbenos dir\u00e9ctamente a <a\r\n                        href=\"mailto:soporte@codeoscopic.com\">soporte@codeoscopic.com<\/a><\/span>\r\n            <span class=\"op5\">Sentimos mucho las molestias<\/span>\r\n        <\/div>\r\n\r\n        <div id=\"mainForm\" class=\"visible\">\r\n           <div class=\"global_form\">\r\n               \n<div class=\"wpcf7 no-js\" id=\"wpcf7-f72762-o1\" lang=\"es-ES\" dir=\"ltr\" data-wpcf7-id=\"72762\">\n<div class=\"screen-reader-response\"><p role=\"status\" aria-live=\"polite\" aria-atomic=\"true\"><\/p> <ul><\/ul><\/div>\n<form action=\"\/es\/wp-json\/wp\/v2\/pages\/71884#wpcf7-f72762-o1\" method=\"post\" class=\"wpcf7-form init wpcf7-acceptance-as-validation\" aria-label=\"Formulario de contacto\" novalidate=\"novalidate\" data-status=\"init\">\n<fieldset class=\"hidden-fields-container\"><input type=\"hidden\" name=\"_wpcf7\" value=\"72762\" \/><input type=\"hidden\" name=\"_wpcf7_version\" value=\"6.1.5\" \/><input type=\"hidden\" name=\"_wpcf7_locale\" value=\"es_ES\" \/><input type=\"hidden\" name=\"_wpcf7_unit_tag\" value=\"wpcf7-f72762-o1\" \/><input type=\"hidden\" name=\"_wpcf7_container_post\" value=\"0\" \/><input type=\"hidden\" name=\"_wpcf7_posted_data_hash\" value=\"\" \/><input type=\"hidden\" name=\"_wpcf7dtx_version\" value=\"5.0.5\" \/><input type=\"hidden\" name=\"_wpcf7_recaptcha_response\" value=\"\" \/>\n<\/fieldset>\n<div class=\"base child\">\n    <div class=\"child\">\n        <div class=\"wrap_input\">\n            <span class=\"wpcf7-form-control-wrap\" data-name=\"your-company\"><input size=\"40\" maxlength=\"400\" class=\"wpcf7-form-control wpcf7-text wpcf7-validates-as-required\" id=\"Company\" aria-required=\"true\" aria-invalid=\"false\" value=\"\" type=\"text\" name=\"your-company\" \/><\/span>\n            <label for=\"Company\">Nombre<\/label>\n        <\/div>\n    <\/div>\n    <div class=\"child\">\n        <div class=\"wrap_input\">\n            <span class=\"wpcf7-form-control-wrap\" data-name=\"your-cif\"><input size=\"40\" maxlength=\"400\" class=\"wpcf7-form-control wpcf7-text wpcf7-validates-as-required\" id=\"Cif\" aria-required=\"true\" aria-invalid=\"false\" value=\"\" type=\"text\" name=\"your-cif\" \/><\/span>\n            <label for=\"Cif\">C.I.F.<\/label>\n        <\/div>\n    <\/div>\n<\/div>\n\n<div class=\"base child\">\n    <div class=\"child\">\n        <div class=\"wrap_input\">\n            <span class=\"wpcf7-form-control-wrap\" data-name=\"your-name\"><input size=\"40\" maxlength=\"400\" class=\"wpcf7-form-control wpcf7-text wpcf7-validates-as-required\" id=\"Name\" aria-required=\"true\" aria-invalid=\"false\" value=\"\" type=\"text\" name=\"your-name\" \/><\/span>\n            <label for=\"Name\">Nombre Persona de contacto<\/label>\n        <\/div>\n    <\/div>\n    <div class=\"child\">\n        <div class=\"wrap_input\">\n            <span class=\"wpcf7-form-control-wrap\" data-name=\"your-surnames\"><input size=\"40\" maxlength=\"400\" class=\"wpcf7-form-control wpcf7-text wpcf7-validates-as-required\" id=\"SurNames\" aria-required=\"true\" aria-invalid=\"false\" value=\"\" type=\"text\" name=\"your-surnames\" \/><\/span>\n            <label for=\"SurNames\">Apellidos Persona de contacto<\/label>\n        <\/div>\n    <\/div>\n<\/div>\n\n<div class=\"base child\">\n    <div class=\"child\">\n        <div class=\"wrap_input\">\n            <span class=\"wpcf7-form-control-wrap\" data-name=\"your-email\"><input size=\"40\" maxlength=\"400\" class=\"wpcf7-form-control wpcf7-email wpcf7-validates-as-required wpcf7-text wpcf7-validates-as-email\" id=\"Email\" aria-required=\"true\" aria-invalid=\"false\" value=\"\" type=\"email\" name=\"your-email\" \/><\/span>            \n            <label>Email contacto<\/label>\n        <\/div>\n    <\/div>\n    <div class=\"child\">\n        <div class=\"wrap_input\">\n            <span class=\"wpcf7-form-control-wrap\" data-name=\"your-phone\"><input class=\"wpcf7-form-control wpcf7-number wpcf7-validates-as-required wpcf7-validates-as-number\" id=\"Phone\" aria-required=\"true\" aria-invalid=\"false\" value=\"\" type=\"number\" name=\"your-phone\" \/><\/span>\n            <label for=\"Phone\">Tel\u00e9fono contacto<\/label>\n        <\/div>\n    <\/div>\n<\/div>\n\n<div class=\"base\">\n    <div class=\"wrap_input\">\n        <span class=\"wpcf7-form-control-wrap\" data-name=\"your-comment\"><textarea cols=\"40\" rows=\"5\" maxlength=\"2000\" class=\"wpcf7-form-control wpcf7-textarea wpcf7-validates-as-required\" id=\"Comment\" aria-required=\"true\" aria-invalid=\"false\" name=\"your-comment\"><\/textarea><\/span>\n        <label for=\"Comment\">Introduzca n\u00famero de empleados, importe de la cantidad de la subvenci\u00f3n destinada al proyecto y cualquier comentario que desee<\/label>\n    <\/div>\n<\/div>\n\n<div class=\"base checkbox\">\n    <div class=\"check\">\n        <span class=\"wpcf7-form-control-wrap\" data-name=\"name-check\"><span class=\"wpcf7-form-control wpcf7-acceptance\"><span class=\"wpcf7-list-item\"><input type=\"checkbox\" name=\"name-check\" value=\"1\" id=\"name-check\" aria-invalid=\"false\" \/><\/span><\/span><\/span><label for=\"name-check\" class=\"check\">He le\u00eddo y acepto la <a href=\"\/es\/politica-de-privacidad\">pol\u00edtica de privacidad<\/a> y el <a href=\"\/es\/aviso-legal\">aviso legal<\/a><\/label>\n    <\/div>\n<\/div>\n\n<div class=\"base checkbox\">\n    <div class=\"check\">\n        <span class=\"wpcf7-form-control-wrap\" data-name=\"newsletter-check\"><span class=\"wpcf7-form-control wpcf7-acceptance optional\"><span class=\"wpcf7-list-item\"><input type=\"checkbox\" name=\"newsletter-check\" value=\"1\" id=\"newsletter-check\" aria-invalid=\"false\" \/><\/span><\/span><\/span><label for=\"newsletter-check\" class=\"check\">Deseo recibir comunicaciones de marketing de acuerdo con la <a href=\"\/es\/politica-de-privacidad\">pol\u00edtica de privacidad<\/a><\/label>\n    <\/div>\n<\/div>\n\n<div class=\"footer_form\">\n    <div class=\"wrap_input\">\n       <input class=\"wpcf7-form-control wpcf7-hidden\" value=\"Formulario WEB\" type=\"hidden\" name=\"your-source\" \/>\n       <input class=\"wpcf7-form-control wpcf7-submit has-spinner btn primary\" id=\"form-submit\" type=\"submit\" value=\"Enviar formulario\" \/>\n    <\/div>\n<\/div>\n\n<div class=\"subfooter\">\n<table>\n<thead>\n<tr>\n<td colspan=\"2\">Informaci\u00f3n b\u00e1sica sobre protecci\u00f3n de datos<\/td>\n<\/tr>\n<\/thead>\n<tbody>\n<tr>\n<td width=\"25%\">Responsable<\/td>\n<td>Codeoscopic S.A.<\/td>\n<\/tr>\n<tr>\n<td>Finalidad<\/td>\n<td>Responder las consultas planteadas por el usuario y enviarle la informaci\u00f3n solicitada.<\/td>\n<\/tr>\n<tr>\n<td>Legitimaci\u00f3n<\/td>\n<td>Consentimiento del usuario.<\/td>\n<\/tr>\n<tr>\n<td>Destinatarios<\/td>\n<td>Solo se realizan cesiones si existe una obligaci\u00f3n legal.<\/td>\n<\/tr>\n<tr>\n<td>Derechos<\/td>\n<td>Acceder, rectificar y suprimir, as\u00ed como otros derechos, como se indica en la informaci\u00f3n adicional.<\/td>\n<\/tr>\n<tr>\n<td>Informaci\u00f3n Adicional<\/td>\n<td>Puede consultar la informaci\u00f3n completa de Protecci\u00f3n de Datos en nuestra <a href=\"\/es\/politica-de-privacidad\">pol\u00edtica de privacidad<\/a>.<\/td>\n<\/tr>\n<\/tbody>\n<\/table>\n<\/div><p style=\"display: none !important;\" class=\"akismet-fields-container\" data-prefix=\"_wpcf7_ak_\"><label>&#916;<textarea name=\"_wpcf7_ak_hp_textarea\" cols=\"45\" rows=\"8\" maxlength=\"100\"><\/textarea><\/label><input type=\"hidden\" id=\"ak_js_1\" name=\"_wpcf7_ak_js\" value=\"247\"\/><script>document.getElementById( \"ak_js_1\" ).setAttribute( \"value\", ( new Date() ).getTime() );<\/script><\/p><div class=\"wpcf7-response-output\" aria-hidden=\"true\"><\/div>\n<\/form>\n<\/div>\n\r\n           <\/div>\r\n        <\/div>\r\n<\/div>\r\n        <img decoding=\"async\" class=\"banner\" src=\"\/wp-content\/uploads\/2022\/02\/Logo-digitalizadores-fondos-next-1024x119.png\" alt=\"\">\r\n    <\/div>\r\n<\/div>","protected":false},"excerpt":{"rendered":"Kit Digital Innova Ib\u00e9rica Rellena este formulario con tus datos y la soluci\u00f3n elegida para tu Kit Digital y env\u00edalo para que podamos gestionar tu solicitud. Nuestro equipo se pondr\u00e1 en contacto contigo para ayudarte con el resto del proceso. Formulario \u00a1Formulario enviado! Tu mensaje ha sido enviado correctamente. En breve, uno de nuestros responsables [&hellip;]","protected":false},"author":1,"featured_media":0,"parent":71509,"menu_order":0,"comment_status":"closed","ping_status":"closed","template":"custom.php","meta":{"_monsterinsights_skip_tracking":false,"_monsterinsights_sitenote_active":false,"_monsterinsights_sitenote_note":"","_monsterinsights_sitenote_category":0,"footnotes":""},"class_list":["post-71884","page","type-page","status-publish","hentry"],"aioseo_notices":[],"_links":{"self":[{"href":"https:\/\/codeoscopic.com\/es\/wp-json\/wp\/v2\/pages\/71884","targetHints":{"allow":["GET"]}}],"collection":[{"href":"https:\/\/codeoscopic.com\/es\/wp-json\/wp\/v2\/pages"}],"about":[{"href":"https:\/\/codeoscopic.com\/es\/wp-json\/wp\/v2\/types\/page"}],"author":[{"embeddable":true,"href":"https:\/\/codeoscopic.com\/es\/wp-json\/wp\/v2\/users\/1"}],"replies":[{"embeddable":true,"href":"https:\/\/codeoscopic.com\/es\/wp-json\/wp\/v2\/comments?post=71884"}],"version-history":[{"count":0,"href":"https:\/\/codeoscopic.com\/es\/wp-json\/wp\/v2\/pages\/71884\/revisions"}],"up":[{"embeddable":true,"href":"https:\/\/codeoscopic.com\/es\/wp-json\/wp\/v2\/pages\/71509"}],"wp:attachment":[{"href":"https:\/\/codeoscopic.com\/es\/wp-json\/wp\/v2\/media?parent=71884"}],"curies":[{"name":"wp","href":"https:\/\/api.w.org\/{rel}","templated":true}]}}