{"id":71509,"date":"2024-04-12T16:30:41","date_gmt":"2024-04-12T14:30:41","guid":{"rendered":"https:\/\/codeoscopic.com\/?page_id=71509"},"modified":"2025-08-20T07:44:58","modified_gmt":"2025-08-20T05:44:58","slug":"fondos-next-generation","status":"publish","type":"page","link":"https:\/\/codeoscopic.com\/es\/fondos-next-generation\/","title":{"rendered":"Fondos Next Generation"},"content":{"rendered":"<div class=\"main_cdscpc_kit_digital\">\r\n\r\n    <!-- Claim -->\r\n    <div class=\"main_claim\" style=\"background: url('\/wp-content\/uploads\/2024\/04\/bg-kit.png')\"><\/div>\r\n\r\n    <!-- Content -->\r\n    <div class=\"main_content\">\r\n\r\n        <!-- Logo RSC -->\r\n        <div class=\"main_logo\">\r\n            <div class=\"wrap_logo\">\r\n                <img decoding=\"async\" src=\"\/wp-content\/uploads\/2024\/04\/logo-kit-digital.png\" alt=\"\">\r\n            <\/div>\r\n        <\/div>\r\n\r\n        <!-- Title -->\r\n        <h2>Fondos Next Generation<\/h2>\r\n\r\n        <h3>Una Europa m\u00e1s sostenible<\/h3>\r\n\r\n        <p>Los Fondos Europeos Next Generation representan el proyecto de inversi\u00f3n m\u00e1s ambicioso que ha afrontado la Uni\u00f3n Europea, para construir una Europa m\u00e1s sostenible, m\u00e1s digital y m\u00e1s resiliente, mejor adaptada a los retos actuales y futuros. Tienen el objetivo de impulsar la recuperaci\u00f3n y el crecimiento econ\u00f3mico del tejido empresarial ayud\u00e1ndoles a implantar soluciones digitales en su proceso de transformaci\u00f3n digital.<\/p>\r\n\r\n        <a href=\"https:\/\/www.youtube.com\/watch?v=fI_Y5W25hPs&#038;ab_channel=Acelerapyme\" target=\"_blank\" class=\"img_video\" rel=\"noopener\">\r\n            <img decoding=\"async\" class=\"btn_play\" src=\"\/wp-content\/uploads\/2024\/04\/btn-play.svg\" alt=\"\">\r\n            <img decoding=\"async\" class=\"bg\" src=\"\/wp-content\/uploads\/2024\/04\/video.png\" alt=\"\">\r\n        <\/a>\r\n\r\n        <p>Est\u00e1n dotados con 750.000 millones de euros a distribuir entre los diferentes estados miembros entre 2021 y 2027. Espa\u00f1a, gracias a su Plan de Recuperaci\u00f3n, Transformaci\u00f3n y Resiliencia, ser\u00e1 el pa\u00eds que mayor dotaci\u00f3n obtendr\u00e1 de estos fondos con cerca de 150.000 millones de euros.<\/p>\r\n\r\n        <h3>Kit Digital<\/h3>\r\n\r\n        <p class=\"pb20\">El Programa <a href=\"https:\/\/www.acelerapyme.gob.es\/sites\/acelerapyme\/files\/2021-12\/GUIA_PYMES_v4_30_12_2021.pdf\" target=\"_blank\" rel=\"noopener\">Kit Digital<\/a> es una iniciativa lanzada por el Gobierno de Espa\u00f1a impulsada por <a href=\"https:\/\/www.acelerapyme.gob.es\/\" target=\"_blank\" rel=\"noopener\">Acelera pyme<\/a>, cuyo principal objetivo es subvencionar y ayudar a aut\u00f3nomos y peque\u00f1as empresas en la implementaci\u00f3n de soluciones digitales para conseguir un avance significativo en el nivel de madurez digital.<\/p>\r\n\r\n        <p class=\"pb30\">Las soluciones digitales que proporciona el Kit Digital est\u00e1n orientadas a las necesidades de las peque\u00f1as empresas, microempresas y trabajadores aut\u00f3nomos, que pertenezcan a cualquier sector o tipolog\u00eda de negocio. La primera convocatoria anunciada por la administraci\u00f3n da luz verde a empresas entre 10 y 49 empleados.<\/p>\r\n\r\n        <img decoding=\"async\" class=\"img_1\" src=\"\/wp-content\/uploads\/2024\/04\/img-1.png\" alt=\"\">\r\n\r\n        <h3>Bono digital<\/h3>\r\n\r\n        <p class=\"pb20\">Cuenta con un presupuesto de 3.000 millones de euros para proporcionar a las empresas ayudas con el objetivo de adoptar un conjunto de herramientas digitales b\u00e1sicas y disponibles en el mercado.<\/p>\r\n        \r\n        <p>El bono permitir\u00e1 a la empresa acceder a las soluciones durante 12 meses y existir\u00e1n tres dotaciones econ\u00f3micas diferentes:<\/p>\r\n        \r\n        <ul>\r\n            <li>Hasta 12.000\u20ac de subvenci\u00f3n por empresa de entre 10-49 empleados.<\/li>\r\n            <li>Hasta 6.000\u20ac de subvenci\u00f3n por empresa de entre 3-9 empleados.<\/li>\r\n            <li>Hasta 3.000\u20ac de subvenci\u00f3n por empresa de 1-2 empleados.<\/li>\r\n        <\/ul>\r\n        \r\n        <p class=\"pb20\">Los aut\u00f3nomos y empresas de hasta 2 trabajadores pueden solicitar la ampliaci\u00f3n de 1.000 \u20ac para la compra de un ordenador* en los casos en que el bono de 2.000\u20ac ya estuviera concedido anteriormente.<\/p>\r\n        <p class=\"pb20\">(*) Desde el 31 de julio de 2025 esta dotaci\u00f3n de 1.000\u20ac puede utilizarse para la compra de otra soluci\u00f3n tecnol\u00f3gica, no s\u00f3lo para un ordenador.<\/p> \r\n        \r\n        \r\n        <h3>Grupo Codeoscopic<\/h3>\r\n\r\n        <p class=\"pb20\">Codeoscopic es Agente Digitalizador del programa desde el pasado 12 de abril de 2022, por lo que figura en el registro oficial del proyecto como empresa capacitada para asesorar a los beneficiarios en la elecci\u00f3n e implementaci\u00f3n de soluciones digitales. Nuestro compromiso es acompa\u00f1ar a los interesados en el proceso de petici\u00f3n de la subvenci\u00f3n y a lo largo la fase de implementaci\u00f3n de las soluciones.<\/p>\r\n\r\n        <p class=\"pb30\">Para acceder a las ayudas es necesario un requisito obligatorio antes de poder formalizar la solicitud de ayuda. Se trata del test de madurez digital (test de autodiagn\u00f3stico), que ya puedes llevar a cabo y cumplimentar accediendo al siguiente enlace: <a href=\"https:\/\/www.acelerapyme.es\/quieres-conocer-el-grado-de-digitalizacion-de-tu-pyme\" target=\"_blank\" rel=\"noopener\">Acceder al test de autodiagnostico<\/a><\/p>\r\n\r\n        <img decoding=\"async\" class=\"img_2\" src=\"\/wp-content\/uploads\/2024\/04\/img-2.png\" alt=\"\">\r\n\r\n        <ul>\r\n            <p>El grupo Codeoscopic ofrece:<\/p>\r\n            <li>Una oferta comercial de soluciones digitales a la ayudas.<\/li>\r\n            <li>La configuraci\u00f3n y puesta en marcha de las soluciones.<\/li>\r\n            <li>Acompa\u00f1amiento completo en la gesti\u00f3n de las ayudas.<\/li>\r\n        <\/ul>\r\n\r\n        <p class=\"pb30\">Si quieres estar informado de la evoluci\u00f3n de las ayudas escr\u00edbenos y te informaremos del proceso de petici\u00f3n de la subvenci\u00f3n y los avances del Bono Digital:\r\n            <a href=\"mailto:comercial@codeoscopic.com\">comercial@codeoscopic.com<\/a> &#8211; Tel.: 910 758 498<\/p>\r\n\r\n        <!-- Grid iconos -->\r\n        <div class=\"main_grid hidden\">\r\n            <ul>\r\n                <li>\r\n                    <div class=\"icon\"><img decoding=\"async\" src=\"\/wp-content\/uploads\/2025\/04\/icon-1.svg\" alt=\"\"><\/div>\r\n                    <span class=\"text\"><b>CodeoConecta:<\/b> dotar de material inform\u00e1tico y mejorar las sus infraestructuras de aquellas entidades que lo soliciten.<\/span>\r\n                <\/li>\r\n                <li>\r\n                    <div class=\"icon\"><img decoding=\"async\" src=\"\/wp-content\/uploads\/2025\/04\/icon-2.svg\" alt=\"\"><\/div>\r\n                    <span class=\"text\"><b>CodeoWoman&#038;Girl:<\/b> apoyar proyectos o programas que impulsen el acceso a las TICs de mujeres y\/o ni\u00f1as de sectores desfavorecidos o en riesgo de exclusi\u00f3n social.<\/span>\r\n                <\/li>\r\n                <li>\r\n                    <div class=\"icon\"><img decoding=\"async\" src=\"\/wp-content\/uploads\/2025\/04\/icon-3.svg\" alt=\"\"><\/div>\r\n                    <span class=\"text\"><b>CodeoCode:<\/b> actividades o programas que impulsen en la infancia y adolescencia una motivaci\u00f3n por el conocimiento y\/o desarrollo tecnol\u00f3gico y la programaci\u00f3n.<\/span>\r\n                <\/li>\r\n            <\/ul>\r\n        <\/div>\r\n\r\n        <!-- Como presentar el proyecto --> \r\n        <div class=\"main_request\">\r\n            <h3>C\u00f3mo presentar el proyecto<\/h3>\r\n            <p>1. Comprueba que como peque\u00f1a empresa, micro-empresa o aut\u00f3nomo, cumples los requisitos del plan Kit Digital.<\/p>\r\n            <p>2. Crea una cuenta en <a href=\"https:\/\/www.acelerapyme.gob.es\/registro-pyme\" target=\"_blank\" rel=\"noopener\">Acelera Pyme<\/a>: registra tu PYME creando la cuenta y aceptando el enlace de verificaci\u00f3n que te llegar\u00e1 al correo electr\u00f3nico.<\/p>\r\n            <p>3. Completa el test de <a href=\"https:\/\/www.acelerapyme.es\/quieres-conocer-el-grado-de-digitalizacion-de-tu-pyme\" target=\"_blank\" rel=\"noopener\">Diagn\u00f3stico Digital<\/a>, en el que dispondr\u00e1s de tres opciones de autoevaluaci\u00f3n. Solo tienes que hacer el de Diagn\u00f3stico Digital, que consta de 13 preguntas cortas. Al finalizar, tu NIF quedar\u00e1 vinculado y cuando solicites la ayuda, ya constar\u00e1 como realizado.<\/p>\r\n            <p>4. Solicita la ayuda en sede.red.gob.es siguiendo los pasos de la <a href=\"https:\/\/sede.red.gob.es\/es\/procedimientos\/convocatoria-de-ayudas-destinadas-la-digitalizacion-de-empresas-del-segmento-iii\" target=\"_blank\" rel=\"noopener\">gu\u00eda<\/a>. Si perteneces al Segmento III (Pymes y aut\u00f3nomos de 0 a 3 empleados) Ya puedes solicitar la subvenci\u00f3n, cumplimentando el tr\u00e1mite. Para rellenarlo necesitar\u00e1s tener un certificado digital instalado o el sistema Cl@ve, presentar la cantidad de ayudas de tipo Minimis que hayas recibido en los \u00faltimos a\u00f1os; y conceder permiso para que ellos recaben la informaci\u00f3n necesaria.<\/p>\r\n            <p>Adem\u00e1s, seg\u00fan tu tipo de proyecto tambi\u00e9n necesitar\u00e1n: Si eres PYME: fecha, protocolo, nombre y dos apellidos del notario que figuran en las escrituras donde se incluye la persona que est\u00e1 actuando como representante. Si eres aut\u00f3nomo: n\u00famero de IAE.<\/p>\r\n            <p>En cuanto tu solicitud sea revisada, te lo confirmar\u00e1n. Este proceso puede durar varias semanas.<\/p>\r\n        <\/div>\r\n\r\n        <h3 class=\"pb30\">Preguntas frecuentes<\/h3>\r\n\r\n        <!-- List -->\r\n        <ul class=\"main_list_faq\">\r\n            <li>\r\n                <span><b>\u00bfHasta cu\u00e1ndo se puede solicitar el Kit digital?<\/b><\/span>\r\n                <span>Para empresa de entre 10-49 empleados. Cerrado plazo solicitudes<\/span>\r\n                <span>Para empresa de entre 3-9 empleados. Cerrado plazo solicitudes<\/span>\r\n                <span>Para aut\u00f3nomos y empresa de 1-2 empleados. Hasta el <strong>31 de octubre de 2025<\/strong><\/span>\r\n            <\/li>\r\n            <li>\r\n                <span><b>\u00bfPuedo contratar varios servicios diferentes?<\/b><\/span>\r\n                <span>S\u00ed. El bono de Kit Digital permite contratar todos los servicios necesarios para tu empresa siempre y cuando las soluciones digitales se encuentren establecidas en el programa y se ajusten a las ayudas definidas para cada segmento.<\/span>\r\n            <\/li>\r\n            <li>\r\n                <span><b>\u00bfPuedo usar las ayudas del Kit Digital para sustituir alguna soluci\u00f3n digitalizadora que mi corredur\u00eda ya tenga?<\/b><\/span>\r\n                <span>S\u00ed, pero deber\u00e1s acreditar que la soluci\u00f3n digital que escojas supondr\u00e1 una mejora funcional respecto a los servicios digitales que ya tenga tu empresa. Es decir, que la soluci\u00f3n digital que se sustituya no puede conllevar el progreso de los servicios o funcionalidades de la soluci\u00f3n digital existente.<\/span>\r\n            <\/li>\r\n        <\/ul>\r\n    <\/div>\r\n\r\n    <!-- \u2013\u2013\u2013\u2013\u2013\u2013\u2013\u2013\u2013\u2013\u2013\u2013\u2013 -->\r\n    <!-- Products list -->\r\n    <!-- \u2013\u2013\u2013\u2013\u2013\u2013\u2013\u2013\u2013\u2013\u2013\u2013\u2013 -->\r\n\r\n    <div class=\"main_list_products\">\r\n        <div class=\"wrap_list\">\r\n\r\n            <h2>Productos<\/h2>\r\n            <p>Elige la soluci\u00f3n de digitalizaci\u00f3n que m\u00e1s se adec\u00faa a tus necesidades<\/p>\r\n\r\n            <!-- Section -->\r\n            <ul>\r\n                <h3>Gesti\u00f3n de clientes<\/h3>\r\n                <li><a href=\"https:\/\/codeoscopic.com\/es\/fondos-next-generation\/kit-digital-codeoscopic\/\">\r\n                        <div class=\"main\">\r\n                            <div class=\"picture\"><img decoding=\"async\" class=\"avant2\" src=\"\/wp-content\/uploads\/2024\/04\/avant2.svg\" alt=\"\"><\/div>\r\n                            <p>Avant2 Sales Manager es un CRM para distribuidores de seguros que realiza todas las funciones de gesti\u00f3n integral de la cartera y presupuesta seguros con su plataforma que conecta con las aseguradoras con conexi\u00f3n a todos los ERPs del mercado.<\/p>\r\n                        <\/div>\r\n                        <div class=\"main_grid\">\r\n                            <div class=\"wrap_grid\">\r\n                                <span>1-3 licencias<\/span>\r\n                                <span>hasta 1.762,20 \u20ac*<\/span>\r\n                            <\/div>\r\n                            <div class=\"wrap_grid\">\r\n                                <span>4-6 licencias<\/span>\r\n                                <span>hasta 2.612,40 \u20ac*<\/span>\r\n                            <\/div>\r\n                            <div class=\"wrap_grid\">\r\n                                <span>7-12 licencias<\/span>\r\n                                <span>hasta 4.240,80 \u20ac*<\/span>\r\n                            <\/div>\r\n                        <\/div>\r\n                    <\/a>\r\n                <\/li>\r\n                <li><a href=\"https:\/\/codeoscopic.com\/es\/fondos-next-generation\/kit-digital-codeoscopic\/\">\r\n                        <div class=\"main\">\r\n                            <div class=\"picture\"><img decoding=\"async\" class=\"avant2\" src=\"\/wp-content\/uploads\/2024\/04\/avant2.svg\" alt=\"\"><span class=\"plus\">+<\/span><img decoding=\"async\" class=\"tesis\" src=\"\/wp-content\/uploads\/2024\/04\/tesis.svg\" alt=\"\"><\/div>\r\n                            <p>Tesis Broker Manager es un ERP especializado para distribuidores de seguros en formato software como servicio (SaaS), totalmente web, responsive, multiusuario y multi-corredur\u00eda con funciones de gesti\u00f3n de clientes, oportunidades, tareas comerciales, reporting y gesti\u00f3n documental.<\/p>\r\n                        <\/div>\r\n                        <div class=\"main_grid\">\r\n                            <div class=\"wrap_grid\">\r\n                                <span>1-3 licencias<\/span>\r\n                                <span>hasta 3.673,20 \u20ac*<\/span>\r\n                            <\/div>\r\n                            <div class=\"wrap_grid\">\r\n                                <span>4-6 licencias<\/span>\r\n                                <span>hasta 6.527,40 \u20ac*<\/span>\r\n                            <\/div>\r\n                            <div class=\"wrap_grid\">\r\n                                <span>7-12 licencias<\/span>\r\n                                <span>hasta 12.091,80 \u20ac*<\/span>\r\n                            <\/div>\r\n                        <\/div>\r\n                    <\/a>\r\n                <\/li>\r\n                <li><a href=\"https:\/\/codeoscopic.com\/es\/fondos-next-generation\/kit-digital-codeoscopic\/\">\r\n                        <div class=\"main\">\r\n                            <div class=\"picture\">Tarificador HTML<\/div>\r\n                            <p>Tarificadores HTML es una aplicaci\u00f3n para incrustar en la web del distribuidor de seguros en la que los usuarios pueden acceder a realizar cotizaciones de precios y guarda contactos, presupuesto con funciones de seguimiento comercial.siniestros, gesti\u00f3n documental, etc, con conexi\u00f3n a todos los ERPs del mercado.<\/p>\r\n                        <\/div>\r\n                        <div class=\"main_grid\">\r\n                            <div class=\"wrap_grid\">\r\n                                <span>1-3 licencias<\/span>\r\n                                <span>hasta 870,00 \u20ac*<\/span>\r\n                            <\/div>\r\n                            <div class=\"wrap_grid\">\r\n                                <span>4-6 licencias<\/span>\r\n                                <span>hasta 1.302,00 \u20ac*<\/span>\r\n                            <\/div>\r\n                            <div class=\"wrap_grid\">\r\n                                <span>7-12 licencias<\/span>\r\n                                    <span>hasta 1.410,00 \u20ac*<\/span>\r\n                            <\/div>\r\n                        <\/div>\r\n                    <\/a>\r\n                <\/li>\r\n            <\/ul>\r\n\r\n            <!-- Section -->\r\n            <ul>\r\n                <h3>Servicios y herramientas de oficina virtual<\/h3>\r\n                <li class=\"split\"><a href=\"https:\/\/codeoscopic.com\/es\/fondos-next-generation\/kit-digital-codeoscopic\/\">\r\n                        <div class=\"main\">\r\n                            <div class=\"picture\">TBM Colaboradores<\/div>\r\n                            <p>TBM Colaboradores es una aplicaci\u00f3n para la interacci\u00f3n entre empresas colaboradoras y distribuidores de seguros (proveedores) con el que comparten gesti\u00f3n de clientes, incidencias, flujos de trabajo, contrataci\u00f3n de seguros, siniestros, gesti\u00f3n documental, etc, con conexi\u00f3n a todos los ERPs del mercado.<\/p>\r\n                        <\/div>\r\n                        <div class=\"main_grid\">\r\n                            <div class=\"wrap_grid\">\r\n                                <span>2 licencias<\/span>\r\n                                <span>hasta 358,80 \u20ac*<\/span>\r\n                            <\/div>\r\n                            <div class=\"wrap_grid\">\r\n                                <span>9 licencias<\/span>\r\n                                <span>hasta 1.614,60 \u20ac*<\/span>\r\n                            <\/div>\r\n                            <div class=\"wrap_grid\">\r\n                                <span>49 licencias<\/span>\r\n                                <span>hasta 8.334,60 \u20ac*<\/span>\r\n                            <\/div>\r\n                        <\/div>\r\n                    <\/a>\r\n                <\/li>\r\n            <\/ul>\r\n\r\n            <!-- Section -->\r\n            <ul>\r\n                <h3>Gesti\u00f3n de Procesos<\/h3>\r\n                <li><a href=\"https:\/\/codeoscopic.com\/es\/fondos-next-generation\/kit-digital-innova-iberica\/\">\r\n                        <div class=\"main\">\r\n                            <div class=\"picture\"><img decoding=\"async\" class=\"avant2\" src=\"\/wp-content\/uploads\/2024\/04\/bcover.svg\" alt=\"\"><\/div>\r\n                            <p>Bcover simplifica y automatiza la gesti\u00f3n de riesgos empresariales mediante una interfaz intuitiva. Identifica y recomienda soluciones aseguradoras personalizadas, junto con medidas de protecci\u00f3n adicionales para evitar riesgos no deseados. Ofrece an\u00e1lisis inteligente y m\u00e1xima conectividad para mejorar la eficiencia y competitividad.<\/p>\r\n                        <\/div>\r\n                        <div class=\"main_grid\">\r\n                            <div class=\"wrap_grid\">\r\n                                <span>Est\u00e1ndar: 5 licencias<\/span>\r\n                                <span>1.856,00 \u20ac*<\/span>\r\n                            <\/div>\r\n                            <div class=\"wrap_grid\">\r\n                                <span>Est\u00e1ndar 9 licencias<\/span>\r\n                                <span>2.183,00 \u20ac*<\/span>\r\n                            <\/div>\r\n                            <div class=\"wrap_grid\">\r\n                                <span>Plus: 1 licencia<\/span>\r\n                                <span>500,00 \u20ac*<\/span>\r\n                            <\/div>\r\n                            <div class=\"wrap_grid\">\r\n                                <span>Plus: 5 licencias<\/span>\r\n                                <span>2.375,00 \u20ac*<\/span>\r\n                            <\/div>\r\n                            <div class=\"wrap_grid\">\r\n                                <span>Plus: 10 licencias<\/span>\r\n                                <span>2.794,00 \u20ac*<\/span>\r\n                            <\/div>\r\n                        <\/div>\r\n                    <\/a>\r\n                <\/li>\r\n                <li><a href=\"https:\/\/codeoscopic.com\/es\/fondos-next-generation\/kit-digital-innova-iberica\/\">\r\n                        <div class=\"main\">\r\n                            <div class=\"picture\">Canal de denuncias<\/div>\r\n                            <p>Canal de denuncia es una aplicaci\u00f3n para la comunicaci\u00f3n, gesti\u00f3n y tratamiento de denuncias de infracciones automatizada de forma confidencial que cumple con todo lo establecido por la LPDGDD en materia de protecci\u00f3n de datos.<\/p>\r\n                        <\/div>\r\n                        <div class=\"main_grid\">\r\n                            <div class=\"wrap_grid\">\r\n                                <span>3 licencias<\/span>\r\n                                <span>hasta 500,00 \u20ac*<\/span>\r\n                            <\/div>\r\n                            <div class=\"wrap_grid\">\r\n                                <span>10 licencias<\/span>\r\n                                <span>hasta 920,00 \u20ac*<\/span>\r\n                            <\/div>\r\n                            <div class=\"wrap_grid\">\r\n                                <span>50 licencias<\/span>\r\n                                <span>hasta 2.400,00 \u20ac*<\/span>\r\n                            <\/div>\r\n                        <\/div>\r\n                    <\/a>\r\n                <\/li>\r\n                <li><a href=\"https:\/\/codeoscopic.com\/es\/fondos-next-generation\/kit-digital-innova-iberica\/\">\r\n                        <div class=\"main\">\r\n                            <div class=\"picture\">Canal de consultas<\/div>\r\n                            <p>Canal consultas es una aplicaci\u00f3n para la comunicaci\u00f3n, gesti\u00f3n y tratamiento de consultas automatizada para empleados, clientes y proveedores de forma confidencial que cumple con todo lo establecido por la LPDGDD en materia de protecci\u00f3n de datos.<\/p>\r\n                        <\/div>\r\n                        <div class=\"main_grid\">\r\n                            <div class=\"wrap_grid\">\r\n                                <span>50 licencias<\/span>\r\n                                <span>hasta 1.800,00 \u20ac*<\/span>\r\n                            <\/div>\r\n                        <\/div>\r\n                    <\/a>\r\n                <\/li>\r\n            <\/ul>\r\n\r\n            <span class=\"end_text\">* Rango de precios de la soluci\u00f3n (Sin IVA)<\/span>\r\n        <\/div>\r\n    <\/div>\r\n\r\n<\/div>","protected":false},"excerpt":{"rendered":"Codeoscopic es Agente Digitalizador del programa desde el pasado 12 de abril de 2022, por lo que figura en el registro oficial del proyecto como empresa capacitada para asesorar a los beneficiarios en la elecci\u00f3n e implementaci\u00f3n de soluciones digitales. Nuestro compromiso es acompa\u00f1ar a los interesados en el proceso de petici\u00f3n de la subvenci\u00f3n y a lo largo la fase de implementaci\u00f3n de las soluciones.","protected":false},"author":7,"featured_media":71535,"parent":0,"menu_order":0,"comment_status":"closed","ping_status":"closed","template":"custom-inverted.php","meta":{"_monsterinsights_skip_tracking":false,"_monsterinsights_sitenote_active":false,"_monsterinsights_sitenote_note":"","_monsterinsights_sitenote_category":0,"footnotes":""},"class_list":["post-71509","page","type-page","status-publish","has-post-thumbnail","hentry"],"aioseo_notices":[],"_links":{"self":[{"href":"https:\/\/codeoscopic.com\/es\/wp-json\/wp\/v2\/pages\/71509","targetHints":{"allow":["GET"]}}],"collection":[{"href":"https:\/\/codeoscopic.com\/es\/wp-json\/wp\/v2\/pages"}],"about":[{"href":"https:\/\/codeoscopic.com\/es\/wp-json\/wp\/v2\/types\/page"}],"author":[{"embeddable":true,"href":"https:\/\/codeoscopic.com\/es\/wp-json\/wp\/v2\/users\/7"}],"replies":[{"embeddable":true,"href":"https:\/\/codeoscopic.com\/es\/wp-json\/wp\/v2\/comments?post=71509"}],"version-history":[{"count":0,"href":"https:\/\/codeoscopic.com\/es\/wp-json\/wp\/v2\/pages\/71509\/revisions"}],"wp:featuredmedia":[{"embeddable":true,"href":"https:\/\/codeoscopic.com\/es\/wp-json\/wp\/v2\/media\/71535"}],"wp:attachment":[{"href":"https:\/\/codeoscopic.com\/es\/wp-json\/wp\/v2\/media?parent=71509"}],"curies":[{"name":"wp","href":"https:\/\/api.w.org\/{rel}","templated":true}]}}