{"id":3558,"date":"2016-03-14T20:03:42","date_gmt":"2016-03-14T19:03:42","guid":{"rendered":"https:\/\/webpre.codeoscopic.com\/?page_id=3558"},"modified":"2022-05-24T11:54:48","modified_gmt":"2022-05-24T09:54:48","slug":"politica-de-cookies","status":"publish","type":"page","link":"https:\/\/codeoscopic.com\/es\/politica-de-cookies\/","title":{"rendered":"Pol\u00edtica de Cookies"},"content":{"rendered":"<h3>1.- ANTECEDENTES<\/h3>\r\n\r\n<p>De conformidad con la normativa espa\u00f1ola que regula el uso de cookies, le informamos sobre las cookies utilizadas en este sitio web.<\/p>\r\n\r\n  <h3>2.- \u00bfQUE SON LAS COOKIES?<\/h3>\r\n\r\n<p>Una cookie es un fichero que se descarga en el ordenador del usuario al acceder a determinadas p\u00e1ginas web. Las cookies permiten, entre otras cosas, almacenar y recuperar informaci\u00f3n sobre los h\u00e1bitos de navegaci\u00f3n del usuario, o personalizar la forma en que se muestra el contenido.<\/p>\r\n\r\n  <h3>3.- TIPOS DE COOKIES<\/h3>\r\n\r\n<p>Las cookies se pueden clasificar de la siguiente forma:<\/p>\r\n\r\n  <h4>Cookies seg\u00fan la entidad que las gestiona:<\/h4>\r\n\r\n<p>1.- Cookies propias: Son aqu\u00e9llas que se env\u00edan al equipo terminal del usuario desde un equipo o dominio gestionado por el propio editor y desde el que se presta el servicio solicitado por el usuario.<\/p>\r\n\r\n<p>2.- Cookies de terceros: Son aqu\u00e9llas que se env\u00edan al equipo terminal del usuario desde un equipo o dominio que no es gestionado por el editor, sino por otra entidad que trata los datos obtenidos trav\u00e9s de las cookies.<\/p>\r\n\r\n\r\n  <h4>Cookies seg\u00fan la finalidad:<\/h4>\r\n\r\n<p>1.- Cookies necesarias: Las cookies necesarias son absolutamente esenciales para que el sitio web funcione correctamente. Esta categor\u00eda s\u00f3lo incluye cookies que garantizan funcionalidades b\u00e1sicas y caracter\u00edsticas de seguridad del sitio web. Estas cookies no almacenan ninguna informaci\u00f3n personal.<\/p>\r\n\r\n<p>2.- Cookies funcionales: Las cookies funcionales ayudan a realizar ciertas funcionalidades, como compartir el contenido del sitio web en plataformas de redes sociales, recopilar comentarios y otras funciones de terceros.<\/p>\r\n\r\n<p>3.- Cookies de rendimiento: Las cookies de rendimiento se utilizan para comprender y analizar los \u00edndices clave de rendimiento del sitio web, lo que ayuda a brindar una mejor experiencia de usuario a los visitantes.<\/p>\r\n\r\n<p>4.- Cookies de an\u00e1lisis: Las cookies anal\u00edticas se utilizan para comprender c\u00f3mo interact\u00faan los visitantes con el sitio web. Estas cookies ayudan a proporcionar informaci\u00f3n sobre m\u00e9tricas, el n\u00famero de visitantes, la tasa de rebote, la fuente de tr\u00e1fico, etc.<\/p>\r\n\r\n<p>5.- Cookies de publicidad: Las cookies publicitarias se utilizan para proporcionar a los visitantes anuncios y campa\u00f1as de marketing relevantes. Estas cookies rastrean a los visitantes en los sitios web y recopilan informaci\u00f3n para proporcionar anuncios personalizados.<\/p>\r\n\r\n  <h4>Cookies seg\u00fan el plazo de tiempo que permanecen activadas:<\/h4>\r\n\r\n<p>1.- Cookies de sesi\u00f3n: son aquellas dise\u00f1adas para recabar y almacenar datos mientras el usuario accede a una p\u00e1gina web. Se emplean para almacenar informaci\u00f3n que solo interesa conservar para la prestaci\u00f3n del servicio solicitado por el usuario en una sola ocasi\u00f3n y desaparecen al terminar la sesi\u00f3n.<\/p>\r\n\r\n<p>2.- Cookies persistentes: son aquellas en las que los datos siguen almacenados en el terminal y pueden ser accedidos y tratados durante un periodo definido, y que puede ir de unos minutos a varios a\u00f1os.<\/p>\r\n\r\n\r\n    <h3>4. TIPOS DE COOKIES UTILIZADAS POR ESTE SITIO WEB<\/h3>\r\n                <p>Nuestra p\u00e1gina web utiliza las siguientes cookies:<\/p>\r\n\r\n<h4>Anal\u00edticas<\/h4>\r\n<table class=\"cookielawinfo-row-cat-table cookielawinfo-winter\"><thead><tr><th class=\"cookielawinfo-column-1\">Cookie<\/th><th class=\"cookielawinfo-column-3\">Duraci\u00f3n<\/th><th class=\"cookielawinfo-column-4\">Descripci\u00f3n<\/th><\/tr><\/thead><tbody><tr class=\"cookielawinfo-row\"><td class=\"cookielawinfo-column-1\">_ga<\/td><td class=\"cookielawinfo-column-3\">2 a\u00f1os<\/td><td class=\"cookielawinfo-column-4\">La cookie _ga, instalada por Google Analytics, calcula los datos de visitantes, sesiones y campa\u00f1as y tambi\u00e9n realiza un seguimiento del uso del sitio para el informe anal\u00edtico del sitio. La cookie almacena informaci\u00f3n de forma an\u00f3nima y asigna un n\u00famero generado aleatoriamente para reconocer a visitantes \u00fanicos.<\/td><\/tr><tr class=\"cookielawinfo-row\"><td class=\"cookielawinfo-column-1\">_gat_gtag_UA_22094538_1<\/td><td class=\"cookielawinfo-column-3\">1 minuto<\/td><td class=\"cookielawinfo-column-4\">Establecido por Google para distinguir a los usuarios.<\/td><\/tr><tr class=\"cookielawinfo-row\"><td class=\"cookielawinfo-column-1\">_gid<\/td><td class=\"cookielawinfo-column-3\">1 d\u00eda<\/td><td class=\"cookielawinfo-column-4\">Instalada por Google Analytics, la cookie _gid almacena informaci\u00f3n sobre c\u00f3mo los visitantes usan un sitio web, al mismo tiempo que crea un informe anal\u00edtico del rendimiento del sitio web. Algunos de los datos que se recopilan incluyen el n\u00famero de visitantes, su fuente y las p\u00e1ginas que visitan de forma an\u00f3nima.<\/td><\/tr><tr class=\"cookielawinfo-row\"><td class=\"cookielawinfo-column-1\">CONSENT<\/td><td class=\"cookielawinfo-column-3\">2 a\u00f1os<\/td><td class=\"cookielawinfo-column-4\">YouTube establece esta cookie a trav\u00e9s de videos de YouTube incrustados y registra datos estad\u00edsticos an\u00f3nimos.<\/td><\/tr><\/tbody><\/table>\r\n<h4>Funcionales<\/h4>\r\n<table class=\"cookielawinfo-row-cat-table cookielawinfo-winter\"><thead><tr><th class=\"cookielawinfo-column-1\">Cookie<\/th><th class=\"cookielawinfo-column-3\">Duraci\u00f3n<\/th><th class=\"cookielawinfo-column-4\">Descripci\u00f3n<\/th><\/tr><\/thead><tbody><tr class=\"cookielawinfo-row\"><td class=\"cookielawinfo-column-1\">_icl_visitor_lang_js<\/td><td class=\"cookielawinfo-column-3\">1 d\u00eda<\/td><td class=\"cookielawinfo-column-4\">Esta cookie es almacenada por el complemento WPML WordPress. El prop\u00f3sito de la cookie es almacenar el idioma redirigido.<\/td><\/tr><tr class=\"cookielawinfo-row\"><td class=\"cookielawinfo-column-1\">wpml_browser_redirect_test<\/td><td class=\"cookielawinfo-column-3\">sesi\u00f3n<\/td><td class=\"cookielawinfo-column-4\">Esta cookie est\u00e1 configurada por el complemento WPML WordPress y se usa para probar si las cookies est\u00e1n habilitadas en el navegador.<\/td><\/tr><\/tbody><\/table>\r\n<h4>Necesarias<\/h4>\r\n<table class=\"cookielawinfo-row-cat-table cookielawinfo-winter\"><thead><tr><th class=\"cookielawinfo-column-1\">Cookie<\/th><th class=\"cookielawinfo-column-3\">Duraci\u00f3n<\/th><th class=\"cookielawinfo-column-4\">Descripci\u00f3n<\/th><\/tr><\/thead><tbody><tr class=\"cookielawinfo-row\"><td class=\"cookielawinfo-column-1\">cookielawinfo-checkbox-analitica<\/td><td class=\"cookielawinfo-column-3\">1 a\u00f1o<\/td><td class=\"cookielawinfo-column-4\">La cookie est\u00e1 configurada por el complemento de consentimiento de cookies de GDPR para registrar el consentimiento del usuario para las cookies en la categor\u00eda \"An\u00e1lisis\".<\/td><\/tr><tr class=\"cookielawinfo-row\"><td class=\"cookielawinfo-column-1\">cookielawinfo-checkbox-funcional<\/td><td class=\"cookielawinfo-column-3\">1 a\u00f1o<\/td><td class=\"cookielawinfo-column-4\">Establecido por el complemento de consentimiento de cookies de GDPR para almacenar el consentimiento del usuario para las cookies en la categor\u00eda \"Funcional\".<\/td><\/tr><tr class=\"cookielawinfo-row\"><td class=\"cookielawinfo-column-1\">cookielawinfo-checkbox-necesaria<\/td><td class=\"cookielawinfo-column-3\">1 a\u00f1o<\/td><td class=\"cookielawinfo-column-4\">Establecido por el complemento de consentimiento de cookies de GDPR para almacenar el consentimiento del usuario para las cookies en la categor\u00eda \"Necesario\".<\/td><\/tr><tr class=\"cookielawinfo-row\"><td class=\"cookielawinfo-column-1\">cookielawinfo-checkbox-publicidad<\/td><td class=\"cookielawinfo-column-3\">1 a\u00f1o<\/td><td class=\"cookielawinfo-column-4\">Establecido por el complemento de consentimiento de cookies de GDPR para almacenar el consentimiento del usuario para las cookies en la categor\u00eda \"Publicidad\".<\/td><\/tr><tr class=\"cookielawinfo-row\"><td class=\"cookielawinfo-column-1\">cookielawinfo-checkbox-rendimiento<\/td><td class=\"cookielawinfo-column-3\">1 a\u00f1o<\/td><td class=\"cookielawinfo-column-4\">Establecido por el complemento de consentimiento de cookies de GDPR para registrar el consentimiento del usuario para las cookies en la categor\u00eda \"Rendimiento\".<\/td><\/tr><tr class=\"cookielawinfo-row\"><td class=\"cookielawinfo-column-1\">CookieLawInfoConsent<\/td><td class=\"cookielawinfo-column-3\">1 a\u00f1o<\/td><td class=\"cookielawinfo-column-4\">Registra el estado del bot\u00f3n predeterminado de la categor\u00eda correspondiente &amp; el estado de CCPA. Funciona solo en coordinaci\u00f3n con la cookie principal.<\/td><\/tr><\/tbody><\/table>\r\n<h4>Publicidad<\/h4>\r\n<table class=\"cookielawinfo-row-cat-table cookielawinfo-winter\"><thead><tr><th class=\"cookielawinfo-column-1\">Cookie<\/th><th class=\"cookielawinfo-column-3\">Duraci\u00f3n<\/th><th class=\"cookielawinfo-column-4\">Descripci\u00f3n<\/th><\/tr><\/thead><tbody><tr class=\"cookielawinfo-row\"><td class=\"cookielawinfo-column-1\">VISITOR_INFO1_LIVE<\/td><td class=\"cookielawinfo-column-3\">5 meses 27 d\u00edas<\/td><td class=\"cookielawinfo-column-4\">Una cookie configurada por YouTube para medir el ancho de banda que determina si el usuario obtiene la interfaz de reproductor nueva o antigua.<\/td><\/tr><tr class=\"cookielawinfo-row\"><td class=\"cookielawinfo-column-1\">YSC<\/td><td class=\"cookielawinfo-column-3\">sesi\u00f3n<\/td><td class=\"cookielawinfo-column-4\">Youtube configura la cookie YSC y se utiliza para rastrear las vistas de videos incrustados en las p\u00e1ginas de Youtube.<\/td><\/tr><tr class=\"cookielawinfo-row\"><td class=\"cookielawinfo-column-1\">yt-remote-connected-devices<\/td><td class=\"cookielawinfo-column-3\">nunca<\/td><td class=\"cookielawinfo-column-4\">YouTube configura esta cookie para almacenar las preferencias de video del usuario que utiliza videos de YouTube incrustados.<\/td><\/tr><tr class=\"cookielawinfo-row\"><td class=\"cookielawinfo-column-1\">yt-remote-device-id<\/td><td class=\"cookielawinfo-column-3\">nunca<\/td><td class=\"cookielawinfo-column-4\">YouTube configura esta cookie para almacenar las preferencias de video del usuario que utiliza videos de YouTube incrustados.<\/td><\/tr><tr class=\"cookielawinfo-row\"><td class=\"cookielawinfo-column-1\">yt.innertube::nextId<\/td><td class=\"cookielawinfo-column-3\">nunca<\/td><td class=\"cookielawinfo-column-4\">Esta cookie, configurada por YouTube, registra una identificaci\u00f3n \u00fanica para almacenar datos sobre qu\u00e9 videos de YouTube ha visto el usuario.<\/td><\/tr><tr class=\"cookielawinfo-row\"><td class=\"cookielawinfo-column-1\">yt.innertube::requests<\/td><td class=\"cookielawinfo-column-3\">nunca<\/td><td class=\"cookielawinfo-column-4\">Esta cookie, configurada por YouTube, registra una identificaci\u00f3n \u00fanica para almacenar datos sobre qu\u00e9 videos de YouTube ha visto el usuario.<\/td><\/tr><\/tbody><\/table>\r\n<h4>Rendimiento<\/h4>\r\n<table class=\"cookielawinfo-row-cat-table cookielawinfo-winter\"><thead><tr><th class=\"cookielawinfo-column-1\">Cookie<\/th><th class=\"cookielawinfo-column-3\">Duraci\u00f3n<\/th><th class=\"cookielawinfo-column-4\">Descripci\u00f3n<\/th><\/tr><\/thead><tbody><tr class=\"cookielawinfo-row\"><td colspan=\"4\" class=\"cookielawinfo-column-empty\">No hay cookies en esta categor\u00eda<\/td><\/tr><\/tbody><\/table>\r\n<h4>Otras<\/h4>\r\n<table class=\"cookielawinfo-row-cat-table cookielawinfo-winter\"><thead><tr><th class=\"cookielawinfo-column-1\">Cookie<\/th><th class=\"cookielawinfo-column-3\">Duraci\u00f3n<\/th><th class=\"cookielawinfo-column-4\">Descripci\u00f3n<\/th><\/tr><\/thead><tbody><tr class=\"cookielawinfo-row\"><td class=\"cookielawinfo-column-1\">cookielawinfo-checkbox-otras<\/td><td class=\"cookielawinfo-column-3\">1 a\u00f1o<\/td><td class=\"cookielawinfo-column-4\">Sin descripci\u00f3n<\/td><\/tr><\/tbody><\/table>\r\n\r\n  <h3>5.- REVOCACI\u00d3N Y ELIMINACI\u00d3N DE COOKIES<\/h3>\r\n\r\n<p>Cuando acceda por primera vez a nuestra web podr\u00e1 aceptar o rechazar el uso de todas nuestras cookies o si lo prefiere, podr\u00e1 acceder a la configuraci\u00f3n y aceptar las cookies atendiendo al tipo de las mismas, exceptuando las cookies t\u00e9cnicas, las cuales est\u00e1n exceptuadas de necesitar consentimiento del usuario. Podr\u00e1 cambiar sus preferencias en cualquier momento accediendo a nuestro panel de configuraci\u00f3n.<\/p>\r\n\r\n<p>Adem\u00e1s, puede acceder a la configuraci\u00f3n de su navegador para restringir, bloquear o borrar las cookies, siguiendo uno de los siguientes procedimientos, que depende del navegador que utilice:<\/p>\r\n<ul>\r\n<li><strong>Google Chrome: <\/strong> <a href=\"https:\/\/support.google.com\/chrome\/answer\/95647?hl=es\" target=\"_blank\" rel=\"noopener\">https:\/\/support.google.com\/chrome\/answer\/95647?hl=es<\/a><\/li>\r\n\r\n<li><strong>Microsoft Internet Explorer: <\/strong> <a href=\"http:\/\/windows.microsoft.com\/es-es\/internet-explorer\/delete-manage-cookies#ie=ie-9\" target=\"_blank\" rel=\"noopener\">http:\/\/windows.microsoft.com\/es-es\/internet-explorer\/delete-manage-cookies#ie=ie-9<\/a><\/li>\r\n\r\n<li><strong>Firefox: <\/strong> <a href=\"http:\/\/support.mozilla.org\/es\/kb\/habilitar-y-deshabilitar-cookies-que-los-sitios-we\" target=\"_blank\" rel=\"noopener\">http:\/\/support.mozilla.org\/es\/kb\/habilitar-y-deshabilitar-cookies-que-los-sitios-we<\/a><\/li>\r\n\r\n<li><strong>Safari, iPad e iPhone: <\/strong> <a href=\"http:\/\/www.apple.com\/es\/privacy\/use-of-cookies\/\" target=\"_blank\" rel=\"noopener\">http:\/\/www.apple.com\/es\/privacy\/use-of-cookies\/<\/a><\/li>\r\n\r\n<li><strong>Opera: <\/strong> <a href=\"http:\/\/help.opera.com\/Linux\/10.60\/es-ES\/cookies.html\" target=\"_blank\" rel=\"noopener\">http:\/\/help.opera.com\/Linux\/10.60\/es-ES\/cookies.html<\/a><\/li>\r\n<\/ul>\r\n\r\n\r\n\r\n  <h3>6.- TERCEROS PRESTADORES DE SERVICIOS<\/h3>\r\n\r\n<table class=\"cookielawinfo-row-cat-table cookielawinfo-winter\">\r\n    <thead>\r\n        <tr>\r\n            <th class=\"cookielawinfo-column-1\">Proveedor<\/th>\r\n            <th class=\"cookielawinfo-column-4\">Informaci\u00f3n del Proveedor<\/th>\r\n        <\/tr>\r\n    <\/thead>\r\n    <tbody>\r\n        <tr>\r\n            <td class=\"cookielawinfo-column-1\">Google<\/td>\r\n            <td class=\"cookielawinfo-column-4\"><a href=\"https:\/\/policies.google.com\/privacy\" target=\"_blank\" rel=\"noopener\">https:\/\/policies.google.com\/privacy<\/a><\/td>\r\n        <\/tr>\r\n    <\/tbody>\r\n<\/table>\r\n<hr>\r\n                <h3>Actualizaciones y cambios<\/h3>\r\n                <p>El Titular puede modificar esta Pol\u00edtica de Cookies en funci\u00f3n de exigencias legislativas, reglamentarias, o con la finalidad de adaptar dicha pol\u00edtica a las instrucciones dictadas por la Agencia Espa\u00f1ola de Protecci\u00f3n de Datos, por ello se aconseja a los usuarios que la visiten peri\u00f3dicamente.<\/p>","protected":false},"excerpt":{"rendered":"1.- ANTECEDENTES De conformidad con la normativa espa\u00f1ola que regula el uso de cookies, le informamos sobre las cookies utilizadas en este sitio web. 2.- \u00bfQUE SON LAS COOKIES? Una cookie es un fichero que se descarga en el ordenador del usuario al acceder a determinadas p\u00e1ginas web. Las cookies permiten, entre otras cosas, almacenar [&hellip;]","protected":false},"author":7,"featured_media":0,"parent":0,"menu_order":0,"comment_status":"closed","ping_status":"closed","template":"","meta":{"_monsterinsights_skip_tracking":false,"_monsterinsights_sitenote_active":false,"_monsterinsights_sitenote_note":"","_monsterinsights_sitenote_category":0,"footnotes":""},"class_list":["post-3558","page","type-page","status-publish","hentry"],"aioseo_notices":[],"_links":{"self":[{"href":"https:\/\/codeoscopic.com\/es\/wp-json\/wp\/v2\/pages\/3558","targetHints":{"allow":["GET"]}}],"collection":[{"href":"https:\/\/codeoscopic.com\/es\/wp-json\/wp\/v2\/pages"}],"about":[{"href":"https:\/\/codeoscopic.com\/es\/wp-json\/wp\/v2\/types\/page"}],"author":[{"embeddable":true,"href":"https:\/\/codeoscopic.com\/es\/wp-json\/wp\/v2\/users\/7"}],"replies":[{"embeddable":true,"href":"https:\/\/codeoscopic.com\/es\/wp-json\/wp\/v2\/comments?post=3558"}],"version-history":[{"count":0,"href":"https:\/\/codeoscopic.com\/es\/wp-json\/wp\/v2\/pages\/3558\/revisions"}],"wp:attachment":[{"href":"https:\/\/codeoscopic.com\/es\/wp-json\/wp\/v2\/media?parent=3558"}],"curies":[{"name":"wp","href":"https:\/\/api.w.org\/{rel}","templated":true}]}}