{"id":29749,"date":"2024-02-16T19:14:03","date_gmt":"2024-02-16T18:14:03","guid":{"rendered":"https:\/\/codeoscopic.com\/?page_id=29749"},"modified":"2025-09-11T09:25:54","modified_gmt":"2025-09-11T07:25:54","slug":"soporte","status":"publish","type":"page","link":"https:\/\/codeoscopic.com\/es\/soporte\/","title":{"rendered":"Soporte"},"content":{"rendered":"<div class=\"main_cdscpc_support\">\r\n\r\n    <!-- Claim -->\r\n    <div class=\"main_claim\" style=\"background: url('\/wp-content\/uploads\/2024\/02\/bg-claim.png') #111111 center; background-size: cover; padding: 200px 50px 150px 50px;\">\r\n        <div class=\"wrap_claim\">\r\n            <h1>Todo el soporte de Codeoscopic Workspace unificado para aumentar tu producci\u00f3n<\/h1>\r\n\r\n            <div class=\"main_logos\">\r\n                <img decoding=\"async\" src=\"\/wp-content\/uploads\/2024\/04\/avant-soporte-head.svg\" alt=\"Avant2 Sales Manager\">\r\n                <img decoding=\"async\" src=\"\/wp-content\/uploads\/2024\/04\/tesis-soporte-head.svg\" alt=\"Tesis Broker Manager\">\r\n                <img decoding=\"async\" src=\"\/wp-content\/uploads\/2024\/04\/versus-soporte-head.svg\" alt=\"Versus\">\r\n                <img decoding=\"async\" src=\"\/wp-content\/uploads\/2024\/04\/bcover-soporte-head.svg\" alt=\"Bcover\">\r\n                <img decoding=\"async\" src=\"\/wp-content\/uploads\/2024\/04\/integra-soporte-head.svg\" alt=\"Integra\">\r\n                <img decoding=\"async\" src=\"\/wp-content\/uploads\/2025\/09\/coverize-soporte-head.png\" alt=\"Coverize\">\r\n            <\/div>\r\n\r\n            <!-- Button zone -->\r\n            <div class=\"main_box\">\r\n                <a href=\"https:\/\/soporte.codeoscopic.com\/portal\/es\/home\" class=\"btn primary light\">\u00a1Cu\u00e9ntanos c\u00f3mo podemos ayudarte! <img decoding=\"async\" class=\"icon right\" src=\"\/wp-content\/uploads\/2024\/03\/20-diagonal-arrow.svg\" alt=\"\"><\/a>\r\n            <\/div>\r\n        <\/div>\r\n    <\/div>\r\n\r\n    <!-- Section GRID -->\r\n    <div class=\"main_grid\">\r\n\r\n        <!-- Academy -->\r\n        <div class=\"wrap_grid\">\r\n            <div class=\"header\">\r\n                <div class=\"title\"><span class=\"icon_30 support academy\"><\/span><span>Academy<\/span><\/div>\r\n                <a href=\"https:\/\/codeoscopic.com\/es\/soporte\/academy\/\">Todos los cursos \u203a<\/a>\r\n            <\/div>\r\n\r\n           <ul>\r\n\r\n             <li>\r\n                    <a class=\"main_content\" href=\"https:\/\/codeoscopic.com\/es\/soporte\/academy\/avant2-sales-manager-first-version-2024\/\">\r\n                        <div class=\"left_content\" style=\"background-image: url('https:\/\/codeoscopic.com\/wp-content\/uploads\/2024\/01\/avant2-first-version2024-bg-300x300.png')\"><\/div>\r\n                        <div class=\"right_content\">\r\n                            <p>Avant2 Sales Manager First 2024<\/p>\r\n                            <div class=\"list\">\n<div><span class=\"text\">Certificado de reconocimiento<\/span><\/div>\n<div><span class=\"text\">15 v&iacute;deotutoriales<\/span><\/div>\n<div><span class=\"text\">10 horas de formaci&oacute;n<\/span><\/div>\n<\/div>\n\r\n                            <div class=\"price\">\r\n                                <div class=\"number\">\r\n\t\t\t\t\t\t\t\t\t\r\n\t\t\t\t\t\t\t\t\t\t\r\n\t\t\t\t\t\t\t\t\t       \r\n                                    <span class=\"num\">99,00\u20ac<\/span>\r\n                                    <span class=\"num gift\">129,90\u20ac<\/span>\r\n\t\t\t\t\t\t\t\t\t\t   \r\n\t\t\t\t\t\t\t\t\t\t\r\n\t\t\t\t\t\t\t\t\t\r\n                                <\/div>\r\n                                <span class=\"more_info\">\r\n                                    <span>M\u00e1s detalles<\/span>\r\n                                    <svg width=\"16px\" height=\"24px\" viewBox=\"0 0 16 24\">\r\n                                        <g stroke=\"none\" stroke-width=\"1\" fill=\"none\" fill-rule=\"evenodd\">\r\n                                            <g transform=\"translate(-623.000000, -1004.000000)\">\r\n                                                <g id=\"arrow\" transform=\"translate(623.000000, 1004.000000)\">\r\n                                                    <path d=\"M1.80271501,23.965987 L14.8196642,21.3282623 C15.5079951,21.1761003 16,20.5460427 16,19.8167334 L16,4.18358499 C16,3.45427569 15.5079951,2.82421811 14.8196642,2.67205613 L1.80271501,0.0343313839 C0.997096593,-0.143758074 0.204689506,0.388606414 0.032824244,1.22340075 C0.0110019455,1.32939733 -2.66453526e-14,1.43747848 -2.66453526e-14,1.54586024 L-2.66453526e-14,22.4544582 C-2.66453526e-14,23.3080373 0.667778678,24 1.49152542,24 C1.59611926,24 1.70042298,23.9885996 1.80271501,23.965987 Z\" id=\"Rectangle\" fill=\"#0A1923\"><\/path>\r\n                                                    <polyline id=\"Path\" stroke=\"#FFFFFF\" stroke-width=\"2\" stroke-linecap=\"round\" stroke-linejoin=\"round\" points=\"7.5 10 9.5 12 7.5 14\"><\/polyline>\r\n                                                <\/g>\r\n                                            <\/g>\r\n                                        <\/g>\r\n                                    <\/svg>\r\n                                <\/span>\r\n                            <\/div>\r\n                        <\/div>\r\n                    <\/a>\r\n                <\/li><li>\r\n                    <a class=\"main_content\" href=\"https:\/\/codeoscopic.com\/es\/soporte\/academy\/liderazgo-practico\/\">\r\n                        <div class=\"left_content\" style=\"background-image: url('https:\/\/codeoscopic.com\/wp-content\/uploads\/2024\/03\/skills-liderazgo-practico-bg-300x300.png')\"><\/div>\r\n                        <div class=\"right_content\">\r\n                            <p>Liderazgo pr\u00e1ctico.<\/p>\r\n                            <div class=\"list\">\n<div><span class=\"text\">Certificado de reconocimiento<\/span><\/div>\n<div><span class=\"text\">27 videotutoriales<\/span><\/div>\n<div><span class=\"text\">10 horas de formaci&oacute;n<\/span><\/div>\n<\/div>\n\r\n                            <div class=\"price\">\r\n                                <div class=\"number\">\r\n\t\t\t\t\t\t\t\t\t\r\n\t\t\t\t\t\t\t\t\t\t\r\n\t\t\t\t\t\t\t\t\t       \r\n                                    <span class=\"num\">99,00\u20ac<\/span>\r\n                                    <span class=\"num gift\">129,90\u20ac<\/span>\r\n\t\t\t\t\t\t\t\t\t\t   \r\n\t\t\t\t\t\t\t\t\t\t\r\n\t\t\t\t\t\t\t\t\t\r\n                                <\/div>\r\n                                <span class=\"more_info\">\r\n                                    <span>M\u00e1s detalles<\/span>\r\n                                    <svg width=\"16px\" height=\"24px\" viewBox=\"0 0 16 24\">\r\n                                        <g stroke=\"none\" stroke-width=\"1\" fill=\"none\" fill-rule=\"evenodd\">\r\n                                            <g transform=\"translate(-623.000000, -1004.000000)\">\r\n                                                <g id=\"arrow\" transform=\"translate(623.000000, 1004.000000)\">\r\n                                                    <path d=\"M1.80271501,23.965987 L14.8196642,21.3282623 C15.5079951,21.1761003 16,20.5460427 16,19.8167334 L16,4.18358499 C16,3.45427569 15.5079951,2.82421811 14.8196642,2.67205613 L1.80271501,0.0343313839 C0.997096593,-0.143758074 0.204689506,0.388606414 0.032824244,1.22340075 C0.0110019455,1.32939733 -2.66453526e-14,1.43747848 -2.66453526e-14,1.54586024 L-2.66453526e-14,22.4544582 C-2.66453526e-14,23.3080373 0.667778678,24 1.49152542,24 C1.59611926,24 1.70042298,23.9885996 1.80271501,23.965987 Z\" id=\"Rectangle\" fill=\"#0A1923\"><\/path>\r\n                                                    <polyline id=\"Path\" stroke=\"#FFFFFF\" stroke-width=\"2\" stroke-linecap=\"round\" stroke-linejoin=\"round\" points=\"7.5 10 9.5 12 7.5 14\"><\/polyline>\r\n                                                <\/g>\r\n                                            <\/g>\r\n                                        <\/g>\r\n                                    <\/svg>\r\n                                <\/span>\r\n                            <\/div>\r\n                        <\/div>\r\n                    <\/a>\r\n                <\/li>\r\n\r\n           <\/ul>\r\n        <\/div>\r\n\r\n        <!-- Webinars -->\r\n        <div class=\"wrap_grid\">\r\n            <div class=\"header\">\r\n                <div class=\"title\"><span class=\"icon_30 support webinars\"><\/span><span>Webinars<\/span><\/div>\r\n                <a href=\"https:\/\/codeoscopic.com\/es\/eventos\/\">Todos los webinars \u203a<\/a>\r\n            <\/div>\r\n\r\n            <ul><li>\r\n\t<a class=\"main_content\" href=\"https:\/\/codeoscopic.com\/es\/eventos\/webinar-realiza-la-dec-de-2025-con-tesis-broker-manager\/\">\r\n\t\t<div class=\"left_content\" style=\"background-image: url('https:\/\/codeoscopic.com\/wp-content\/uploads\/2026\/03\/Evento-webinar-DEC2025.jpg')\"><\/div>\r\n\t\t<div class=\"right_content\">\r\n\t\t\t<p>Webinar | Realiza la DEC de 2025 con Tesis Broker Manager<\/p>\r\n\t\t\t<div class=\"list\">\r\n\t\t\t\t<div><span class=\"icon_20 mini calendar\"><\/span><span class=\"text\">9 abril, 2026<\/span><\/div>\r\n\t\t\t\t<div><span class=\"icon_20 mini clock\"><\/span><span class=\"text\">A las 12:00<\/span><\/div>\r\n\t\t\t\t<div><span class=\"icon_20 mini map\"><\/span><span class=\"text\">Webinar \u00b7 Online<\/span><\/div>\r\n\t\t\t<\/div>\r\n\t\t\t<div class=\"price\">\r\n\t\t\t\t<div class=\"number\">\r\n\t\t\t\t\t<span class=\"num\">\u00a0<\/span>\r\n\t\t\t\t<\/div>\r\n\r\n\t\t\t\t<span class=\"more_info\">\r\n\t\t\t\t\t<span class=\"text\">M\u00e1s detalles<\/span>\r\n\t\t\t\t\t<span class=\"opt\"><span class=\"icon_10 arrow white\"><\/span><\/span>\r\n\t\t\t\t<\/span>\r\n\t\t\t<\/div>\r\n\t\t<\/div>\r\n\t<\/a>\r\n<\/li><li>\r\n\t<a class=\"main_content\" href=\"https:\/\/codeoscopic.com\/es\/eventos\/webinar-santalucia-vida\/\">\r\n\t\t<div class=\"left_content\" style=\"background-image: url('https:\/\/codeoscopic.com\/wp-content\/uploads\/2026\/04\/Evento-webinar-Santalucia-Vida.jpg')\"><\/div>\r\n\t\t<div class=\"right_content\">\r\n\t\t\t<p>Webinar | Santalucia Vida<\/p>\r\n\t\t\t<div class=\"list\">\r\n\t\t\t\t<div><span class=\"icon_20 mini calendar\"><\/span><span class=\"text\">16 abril, 2026<\/span><\/div>\r\n\t\t\t\t<div><span class=\"icon_20 mini clock\"><\/span><span class=\"text\">A las 12:00<\/span><\/div>\r\n\t\t\t\t<div><span class=\"icon_20 mini map\"><\/span><span class=\"text\">Webinar \u00b7 Online<\/span><\/div>\r\n\t\t\t<\/div>\r\n\t\t\t<div class=\"price\">\r\n\t\t\t\t<div class=\"number\">\r\n\t\t\t\t\t<span class=\"num\">\u00a0<\/span>\r\n\t\t\t\t<\/div>\r\n\r\n\t\t\t\t<span class=\"more_info\">\r\n\t\t\t\t\t<span class=\"text\">M\u00e1s detalles<\/span>\r\n\t\t\t\t\t<span class=\"opt\"><span class=\"icon_10 arrow white\"><\/span><\/span>\r\n\t\t\t\t<\/span>\r\n\t\t\t<\/div>\r\n\t\t<\/div>\r\n\t<\/a>\r\n<\/li><\/ul>\r\n\r\n        <\/div>\r\n    <\/div>\r\n\r\n    <!-- \u2013\u2013\u2013\u2013\u2013\u2013\u2013\u2013\u2013\u2013\u2013\u2013\u2013\u2013\u2013\u2013 -->\r\n    <!-- Section box Info -->\r\n\r\n    <div class=\"main_grid_info\">\r\n        <ul class=\"wrap_grid_info\">\r\n            <!--Download doc-->\r\n            <!-- <li>\r\n                <div class=\"main_content\">\r\n                    <span class=\"icon_50 support doc\"><\/span>\r\n                    <p>Documentaci\u00f3n<\/p>\r\n                    <span class=\"description\">Desde la navegaci\u00f3n por la interfaz hasta el conocimiento de las nuevas funciones, todo lo que necesitas saber sobre Avant2 Sales Manager.<\/span>\r\n                    <a class=\"more_info\" href=\"https:\/\/soporte.codeoscopic.com\/portal\/es\/kb\"><img decoding=\"async\" src=\"\/wp-content\/uploads\/2024\/03\/20-download-dark.svg\" alt=\"\"><span>Descargar<\/span><\/a>\r\n                <\/div>\r\n            <\/li>-->\r\n\r\n            <!--FAQ-->\r\n            <li>\r\n                <div class=\"main_content\">\r\n                    <!--<span class=\"icon_50 support faq\"><\/span>\r\n                    <p>Preguntas frecuentes<\/p>\r\n                    <span class=\"description\">En nuestro apartado de Preguntas Frecuentes encontrar\u00e1s respuesta a algunas dudas habituales que nos plantean los usuarios.<\/span>-->\r\n                    \r\n                    <span class=\"icon_50 support doc\"><\/span>\r\n                    <p>Documentaci\u00f3n<\/p>\r\n                    <span class=\"description\">Te invitamos a explorar nuestra <strong>Base de Conocimiento<\/strong> con su colecci\u00f3n de art\u00edculos, gu\u00edas de usuario y preguntas frecuentes para obtener m\u00e1s informaci\u00f3n.<\/span>\r\n\r\n                    <a class=\"more_info\" href=\"https:\/\/soporte.codeoscopic.com\/portal\/es\/kb\">\r\n                        <span class=\"text\">Acceder a la plataforma<\/span>\r\n                        <span class=\"opt\"><span class=\"icon_10 arrow white\"><\/span><\/span>\r\n                    <\/a>\r\n                <\/div>\r\n            <\/li>\r\n        <\/ul>\r\n    <\/div>\r\n<\/div>","protected":false},"excerpt":{"rendered":"Todo el soporte de Codeoscopic Workspace unificado para aumentar tu producci\u00f3n \u00a1Cu\u00e9ntanos c\u00f3mo podemos ayudarte! Academy Todos los cursos \u203a Webinars Todos los webinars \u203a Documentaci\u00f3n Te invitamos a explorar nuestra Base de Conocimiento con su colecci\u00f3n de art\u00edculos, gu\u00edas de usuario y preguntas frecuentes para obtener m\u00e1s informaci\u00f3n. Acceder a la plataforma","protected":false},"author":1,"featured_media":80059,"parent":0,"menu_order":0,"comment_status":"closed","ping_status":"closed","template":"custom-inverted.php","meta":{"_monsterinsights_skip_tracking":false,"_monsterinsights_sitenote_active":false,"_monsterinsights_sitenote_note":"","_monsterinsights_sitenote_category":0,"footnotes":""},"class_list":["post-29749","page","type-page","status-publish","has-post-thumbnail","hentry"],"aioseo_notices":[],"_links":{"self":[{"href":"https:\/\/codeoscopic.com\/es\/wp-json\/wp\/v2\/pages\/29749","targetHints":{"allow":["GET"]}}],"collection":[{"href":"https:\/\/codeoscopic.com\/es\/wp-json\/wp\/v2\/pages"}],"about":[{"href":"https:\/\/codeoscopic.com\/es\/wp-json\/wp\/v2\/types\/page"}],"author":[{"embeddable":true,"href":"https:\/\/codeoscopic.com\/es\/wp-json\/wp\/v2\/users\/1"}],"replies":[{"embeddable":true,"href":"https:\/\/codeoscopic.com\/es\/wp-json\/wp\/v2\/comments?post=29749"}],"version-history":[{"count":0,"href":"https:\/\/codeoscopic.com\/es\/wp-json\/wp\/v2\/pages\/29749\/revisions"}],"wp:featuredmedia":[{"embeddable":true,"href":"https:\/\/codeoscopic.com\/es\/wp-json\/wp\/v2\/media\/80059"}],"wp:attachment":[{"href":"https:\/\/codeoscopic.com\/es\/wp-json\/wp\/v2\/media?parent=29749"}],"curies":[{"name":"wp","href":"https:\/\/api.w.org\/{rel}","templated":true}]}}