{"id":27385,"date":"2023-10-20T18:08:11","date_gmt":"2023-10-20T16:08:11","guid":{"rendered":"https:\/\/codeoscopic.com\/?page_id=27385"},"modified":"2025-05-08T13:01:48","modified_gmt":"2025-05-08T11:01:48","slug":"integra","status":"publish","type":"page","link":"https:\/\/codeoscopic.com\/es\/workspace\/integra\/","title":{"rendered":"Integra"},"content":{"rendered":"<div class=\"main_cdscpc_integra_home\">\r\n\r\n<div class=\"main_intro\">\r\n\r\n        <!-- Logos -->\r\n        <div class=\"main_logos pc\">\r\n            <img decoding=\"async\" class=\"logo_wrkspc\" src=\"\/wp-content\/uploads\/kit-prensa\/workspace\/svg\/logo-wrkspc-white.svg\" alt=\"\">\r\n            <span class=\"separator\"><\/span>\r\n            <img decoding=\"async\" class=\"logo_products\" src=\"\/wp-content\/uploads\/2024\/10\/integra-white.svg\">\r\n        <\/div>\r\n\r\n        <div class=\"main_logos mov\">\r\n            <img decoding=\"async\" class=\"logo_wrkspc\" src=\"\/wp-content\/uploads\/kit-prensa\/wrkspc.svg\" alt=\"\">\r\n            <span class=\"separator\"><\/span>\r\n            <img decoding=\"async\" src=\"\/wp-content\/uploads\/kit-prensa\/intgr.svg\" alt=\"\">\r\n        <\/div>\r\n\r\n        <!-- Tabs -->\r\n        <div class=\"main_tabs\"><div class=\"wrap_tabs\"><a href=\"https:\/\/codeoscopic.com\/es\/workspace\/integra\/\" class=\"select\">Integra<\/a><a href=\"https:\/\/codeoscopic.com\/es\/workspace\/integra\/integra-companias-disponibles\/\" >Compa\u00f1\u00edas Disponibles<\/a><\/div><\/div>\r\n    <\/div>\r\n\r\n    <div class=\"main_content_sections\">\r\n\r\n        <!-- Claim -->\r\n        <div class=\"main_claim\">\r\n            <h1>API Rest, conectividad de corredores y aseguradoras con los productos Codeoscopic Workspace<\/h1>\r\n        <\/div>\r\n\r\n        <!-- Picture -->\r\n        <div class=\"picture\">\r\n            <img decoding=\"async\" src=\"\/wp-content\/uploads\/2023\/11\/integra-schema-es.svg\" alt=\"\">\r\n        <\/div>\r\n\r\n        <!-- Text -->\r\n        <div class=\"main_description\">\r\n            <h2>Integra API Rest  es una plataforma de conectividad innovadora que permite conectar de forma eficiente y segura los productos de Codeoscopic Workspace, las aseguradoras y los corredores de seguros.<\/h2>\r\n        <p>Una pasarela de servicios que simplifica y mejora la experiencia de conexi\u00f3n. Permite a nuestros clientes vender seguros desde su soluci\u00f3n digital, usando nuestro nuevo API REST conectado a <strong><a href=\"https:\/\/codeoscopic.com\/es\/workspace\/avant2\/\" target=\"_blank\">Avant2 Sales Manager<\/a><\/strong>.<\/p>\r\n        <img decoding=\"async\" class=\"image\" src=\"\/wp-content\/uploads\/2023\/10\/screen.png\" alt=\"\">\r\n        <p>Su mantenimiento es sencillo; los cambios en las afinaciones de las aseguradoras no requieren cambios en el c\u00f3digo del integrador y los nuevos productos aseguradores est\u00e1n disponibles autom\u00e1ticamente. Asimismo, es escalable sin l\u00edmites. Basado en la infraestructura AWS Cloud que permite dar servicio ilimitado a todo tipo de clientes, independientemente de su tama\u00f1o, volumen y necesidades.<br><br>\r\nDispone adem\u00e1s de un API Portal de \u00faltima generaci\u00f3n, un repositorio documental de los procesos que le permite a nuestros clientes aprovechar al m\u00e1ximo todas las posibilidades que ofrece <strong>Integra API Rest<\/strong>.<br><br>\r\nSi tienes una idea de negocio innovadora, <strong>Integra API Rest<\/strong> es tu plataforma para hacerla realidad.<\/p>\r\n        <\/div>\r\n\r\n        <!-- End Claim -->\r\n        <div class=\"main_end_claim\">\r\n            <div class=\"wrap_end_claim\">\r\n                <img decoding=\"async\" class=\"screen\" src=\"\/wp-content\/uploads\/2023\/10\/screen-integra.png\" alt=\"\">\r\n                <span>Te gustar\u00eda ver una demostraci\u00f3n?<\/span>\r\n                <a href=\"https:\/\/codeoscopic.com\/es\/contactanos\/\" class=\"btn primary\">Contactanos para una demo!<\/a>\r\n            <\/div>\r\n        <\/div>\r\n    <\/div>\r\n  <\/div>\r\n<\/div>\r\n\r\n\n    <div class=\"main_direct_footer_access\" style=\"background: url(\/wp-content\/uploads\/2025\/04\/bg.png) top center no-repeat #0e162a;\">\n        <div class=\"wrap_direct_footer_access\">\n            <p>Continua explorando soluciones que dan respuesta a las necesidades del sector asegurador<\/p>\n            <ul class=\"main_grid_cards\">\n                <li class=\"\">\n                    <a href=\"\/es?page_id=74692\" class=\"main_content avant2\">\n                        <div class=\"logo\"><img decoding=\"async\" src=\"\/wp-content\/uploads\/2024\/04\/avant2.svg\" alt=\"\"><\/div>\n                        <span class=\"text\">CRM + Multitarificador: la aplicaci\u00f3n lider para la venta de seguros<\/span>\n                        <img decoding=\"async\" class=\"screen\" src=\"\/wp-content\/uploads\/2024\/07\/screen-avant2.png\" alt=\"\">\n                    <\/a>\n                <\/li>\n                <li class=\"\">\n                    <a href=\"\/es?page_id=16602\" class=\"main_content versus\">\n                        <div class=\"logo\"><img decoding=\"async\" src=\"\/wp-content\/uploads\/2024\/04\/versus.svg\" alt=\"\"><\/div>\n                        <span class=\"text\">An\u00e1lisis segmentados del mercado, monitorizaci\u00f3n y comparaci\u00f3n de datos<\/span>\n                        <img decoding=\"async\" class=\"screen\" src=\"\/wp-content\/uploads\/2024\/07\/screen-versus.png\" alt=\"\">\n                    <\/a>\n                <\/li>\n                <li class=\"\">\n                    <a href=\"\/es?page_id=75002\" class=\"main_content bcover\">\n                        <div class=\"logo\"><img decoding=\"async\" src=\"\/wp-content\/uploads\/2024\/04\/bcover.svg\" alt=\"\"><\/div>\n                        <span class=\"text\">Simplifica y automatiza el an\u00e1lisis y gesti\u00f3n de riesgos de tus clientes empresa<\/span>\n                        <img decoding=\"async\" class=\"screen\" src=\"\/wp-content\/uploads\/2024\/07\/screen-bcover.png\" alt=\"\">\n                    <\/a>\n                <\/li>\n                <li class=\"\">\n                    <a href=\"\/es?page_id=74944\" class=\"main_content tesis\">\n                        <div class=\"logo\"><img decoding=\"async\" src=\"\/wp-content\/uploads\/2024\/04\/tesis.svg\" alt=\"\"><\/div>\n                        <span class=\"text\">El ERP creado por corredores de seguros, desarrollado para los corredores de seguros<\/span>\n                        <img decoding=\"async\" class=\"screen\" src=\"\/wp-content\/uploads\/2024\/07\/screen-tesis.png\" alt=\"\">\n                    <\/a>\n                <\/li>\n                <li class=\"hidden\">\n                    <a href=\"\/es?page_id=27385\" class=\"main_content integra\">\n                        <div class=\"logo\"><img decoding=\"async\" src=\"\/wp-content\/uploads\/2024\/04\/integra.svg\" alt=\"\"><\/div>\n                        <span class=\"text\">Te damos la bienvenida a la Conectividad con los productos Workspace<\/span>\n                        <img decoding=\"async\" class=\"screen\" src=\"\/wp-content\/uploads\/2024\/07\/screen-integra.png\" alt=\"\">\n                    <\/a>\n                <\/li>\n            <\/ul>\n        <\/div>\n    <\/div>","protected":false},"excerpt":{"rendered":"Integra API Rest, plataforma de conectividad que une de forma eficiente los productos de Codeoscopic Workspace, las aseguradoras y los corredores de seguros.","protected":false},"author":1,"featured_media":80460,"parent":16420,"menu_order":0,"comment_status":"closed","ping_status":"closed","template":"custom-inverted.php","meta":{"_monsterinsights_skip_tracking":false,"_monsterinsights_sitenote_active":false,"_monsterinsights_sitenote_note":"","_monsterinsights_sitenote_category":0,"footnotes":""},"class_list":["post-27385","page","type-page","status-publish","has-post-thumbnail","hentry"],"aioseo_notices":[],"_links":{"self":[{"href":"https:\/\/codeoscopic.com\/es\/wp-json\/wp\/v2\/pages\/27385","targetHints":{"allow":["GET"]}}],"collection":[{"href":"https:\/\/codeoscopic.com\/es\/wp-json\/wp\/v2\/pages"}],"about":[{"href":"https:\/\/codeoscopic.com\/es\/wp-json\/wp\/v2\/types\/page"}],"author":[{"embeddable":true,"href":"https:\/\/codeoscopic.com\/es\/wp-json\/wp\/v2\/users\/1"}],"replies":[{"embeddable":true,"href":"https:\/\/codeoscopic.com\/es\/wp-json\/wp\/v2\/comments?post=27385"}],"version-history":[{"count":0,"href":"https:\/\/codeoscopic.com\/es\/wp-json\/wp\/v2\/pages\/27385\/revisions"}],"up":[{"embeddable":true,"href":"https:\/\/codeoscopic.com\/es\/wp-json\/wp\/v2\/pages\/16420"}],"wp:featuredmedia":[{"embeddable":true,"href":"https:\/\/codeoscopic.com\/es\/wp-json\/wp\/v2\/media\/80460"}],"wp:attachment":[{"href":"https:\/\/codeoscopic.com\/es\/wp-json\/wp\/v2\/media?parent=27385"}],"curies":[{"name":"wp","href":"https:\/\/api.w.org\/{rel}","templated":true}]}}