{"id":26924,"date":"2023-09-12T11:33:51","date_gmt":"2023-09-12T09:33:51","guid":{"rendered":"https:\/\/codeoscopic.com\/?page_id=26924"},"modified":"2025-01-13T09:32:51","modified_gmt":"2025-01-13T08:32:51","slug":"canal-de-denuncias","status":"publish","type":"page","link":"https:\/\/codeoscopic.com\/es\/canal-de-denuncias\/","title":{"rendered":"Canal de denuncias"},"content":{"rendered":"<!-- Content \u00b7 src\/sass\/landing\/rsc.scss -->\r\n<div class=\"main_cdscpc_canal_denuncias\">\r\n\r\n    <!-- Intro -->\r\n    <div class=\"main_intro\" style=\"background: url('\/wp-content\/uploads\/2024\/04\/bg.png')\"><\/div>\r\n\r\n    <!-- Claim -->\r\n    <div class=\"main_claim\">\r\n        <div class=\"wrap_claim\">\r\n            <span class=\"text_intro\">Canal de Denuncias<\/span>\r\n            <h1>La integridad personal y profesional comienza en cada uno de nosotros<\/h1>\r\n            <a href=\"https:\/\/codeoscopic.edenuncias.com\/\" target=\"_blank\" class=\"btn primary\" rel=\"noopener\">Accede al Canal de Denuncias<\/a>\r\n        <\/div>\r\n    <\/div>\r\n\r\n    <!-- Content -->\r\n    <div class=\"main_content\">\r\n\r\n        <h3>Introducci\u00f3n<\/h3>\r\n\r\n        <a href=\"https:\/\/www.youtube.com\/watch?v=AFIkixTaGHE&#038;ab_channel=Codeoscopic\" target=\"_blank\" class=\"img_video\" rel=\"noopener\">\r\n            <span class=\"btn_play\"><img decoding=\"async\" src=\"\/wp-content\/themes\/codeoscopic2021\/public\/images\/icons\/play.svg\" alt=\"\"><\/span>\r\n            <img decoding=\"async\" class=\"bg\" src=\"\/wp-content\/uploads\/2024\/04\/img-video.png\" alt=\"\">\r\n        <\/a>\r\n\r\n        <p class=\"spc\"><b>Una cultura empresarial real y verdadera requiere que se cumplan las normas sociales y legales.<\/b> A trav\u00e9s de este canal \u00e9tico, podr\u00e1 informar de cualquier conducta indebida, sobre todo, infracciones de la legislaci\u00f3n aplicable as\u00ed como de incumplimientos de pol\u00edticas y procedimientos internos. El uso del canal garantiza la sostenibilidad de la organizaci\u00f3n y la continuidad futura de los trabajadores que pertenecen a ella.<\/p>\r\n        <p class=\"spc\">A trav\u00e9s de este apartado pretendemos comunicar a los miembros de nuestros grupos de inter\u00e9s nuestro s\u00f3lido compromiso con la <b>\u00e9tica<\/b>, el <b>buen gobierno<\/b>, el <b>compliance<\/b> y la diligencia debida, as\u00ed como nuestro planteamiento estrat\u00e9gico de situar a <b>GRUPO CODEOSCOPIC<\/b> en los m\u00e1s altos est\u00e1ndares en materia de \u00e9tica de los negocios y mantener un alto nivel de integridad y profesionalidad en el desempe\u00f1o de nuestra actividad empresarial.<\/p>\r\n        <p class=\"spc\">GRUPO CODEOSCOPIC cuenta con su propio <b>C\u00f3digo \u00c9tico<\/b>, el cual es parte esencial de nuestra cultura de cumplimiento corporativa y fiel reflejo de nuestro compromiso constante con la autorregulaci\u00f3n, la \u00e9tica, la integridad y la transparencia. Asimismo, la Direcci\u00f3n de GRUPO CODEOSCOPIC, comprometida con la sociedad y con la m\u00e1xima exigencia en el cumplimiento de las regulaciones que nos afectan, ha implementado su propio <b>Modelo de Prevenci\u00f3n, Detecci\u00f3n y Gesti\u00f3n de Riesgos Penales,<\/b> adapt\u00e1ndose as\u00ed al r\u00e9gimen de responsabilidad penal de las personas jur\u00eddicas establecido en el C\u00f3digo Penal espa\u00f1ol, as\u00ed como su propio <b>Plan de Prevenci\u00f3n del Fraude, la Corrupci\u00f3n y los Conflictos de Inter\u00e9s y Pol\u00edtica Anticorrupci\u00f3n.<\/b><\/p>\r\n        <p class=\"spc\">Adem\u00e1s, ponemos a disposici\u00f3n de todos los miembros de nuestros grupos de inter\u00e9s nuestro <b>Canal \u00c9tico<\/b> a trav\u00e9s del cual pueden comunicar, de forma estrictamente confidencial e incluso an\u00f3nima, posibles irregularidades, dudas, consultas, etc.: <a href=\"https:\/\/codeoscopic.edenuncias.com\/InfoDenuncia.aspx\" target=\"_blank\" rel=\"noopener\">https:\/\/codeoscopic.edenuncias.com\/InfoDenuncia.aspx<\/a><\/p>\r\n        <p class=\"spc\">Dicho canal es gestionado por el Comit\u00e9 de Cumplimiento de GRUPO CODEOSCOPIC, cuyos miembros mantienen los m\u00e1s altos est\u00e1ndares de confidencialidad, imparcialidad y minimizaci\u00f3n de conflictos de inter\u00e9s. En el mismo podr\u00e9is acceder a nuestra <b>Pol\u00edtica sobre Principios de Actuaci\u00f3n y Protocolo de Gesti\u00f3n del Canal \u00c9tico.<\/b><\/p>\r\n        <p class=\"spc\">Asimismo, todos los miembros de nuestros grupos de inter\u00e9s tienen a su disposici\u00f3n a nuestro Comit\u00e9 de Cumplimiento, el cual cuenta con asesoramiento permanente de una empresa externa especializada.<\/p>\r\n        <p class=\"spc\">En definitiva, <b>GRUPO CODEOSCOPIC<\/b> trabaja de manera constante por situarse a la vanguardia del cumplimiento normativo y la \u00e9tica considerando intolerable y expresando formalmente nuestra condena a cualquier ilegalidad o comportamiento que pueda ser tachado de no ser socialmente responsable o poco \u00e9tico.<\/p>\r\n        <span class=\"space h60\"><\/span>\r\n\r\n        <!-- Como presentar el proyecto -->\r\n        <div class=\"main_box\">\r\n            <h3>\u00a1Esto es lo que tienes que saber!<\/h3>\r\n            <p><b>1. Qu\u00e9 es un canal de denuncias?<\/b> Herramienta que permite a los empleados alertar confidencial o an\u00f3nimamente, a la organizaci\u00f3n sobre sospechas de mala conducta o irregularidades.<\/p>\r\n            <p><b>2. Que empresas est\u00e1n obligadas a tener un Canal de Denuncias?<\/b> Adem\u00e1s de las empresas p\u00fablicas, empresas privadas que tengan contratados m\u00e1s de 250 trabajadores. Empresas privadas que tengan 50 o m\u00e1s trabajadores.<\/p>\r\n            <ul>\r\n                <li><b>3. Requisitos m\u00ednimos del Canal de Denuncias:<\/b><\/li>\r\n                <ul>\r\n                    <li><b>a. An\u00f3nimo confidencial:<\/b> asegurar el anonimato y garantizar la confidencialidad de sus datos.<\/li>\r\n                    <li><b>b. Gesti\u00f3n del canal:<\/b> contar con una persona responsable de la gesti\u00f3n del mismo.<\/li>\r\n                    <li><b>c. Acuse de recibo:<\/b> Acuse de recibo al informante en un plazo m\u00e1ximo de 7 d\u00edas naturales desde la denuncia.<\/li>\r\n                    <li><b>d. Dar respuesta:<\/b> Responder a la denuncia en un plazo m\u00e1ximo de 3 meses a partir del acuse de recibo.<\/li>\r\n                    <li><b>e. Acceso extremo:<\/b> debe ofrecer la posibilidad de ser utilizado por cualquier contraparte interesada de la empresa.<\/li>\r\n                <\/ul>\r\n            <\/ul>\r\n            <p><b>4. Qui\u00e9n puede utilizar el Canal de Denuncias?<\/b> Cualquier empleado del Grupo. Cualquier tercero que tenga relaci\u00f3n con el Grupo (Proveedores, Administradores, Socios o Trabajadores aut\u00f3nomos con los que colabore.<\/p>\r\n        <\/div>\r\n\r\n        <!-- Documentaci\u00f3n de Grupo Codeoscopic -->\r\n        <h3>Documentaci\u00f3n de Grupo Codeoscopic<\/h3>\r\n\r\n        <div class=\"main_list\">\r\n            <a href=\"\/wp-content\/uploads\/2023\/12\/30-06-2023-Codigo-etico-Grupo-Codeoscopic.pdf\" target=\"_blank\" rel=\"noopener\">\r\n                <svg width=\"20\" height=\"20\" viewBox=\"0 0 20 20\" fill=\"none\" xmlns=\"http:\/\/www.w3.org\/2000\/svg\">\r\n                    <rect x=\"4\" y=\"3\" width=\"12\" height=\"14\" stroke=\"#EAC649\" stroke-width=\"2\"\/>\r\n                    <path d=\"M12 7V5.41421L13.5858 7H12Z\" stroke=\"#EAC649\" stroke-width=\"2\"\/>\r\n                <\/svg>\r\n                C\u00f3digo \u00e9tico de Codeoscopic\r\n            <\/a>\r\n            <a href=\"\/wp-content\/uploads\/2023\/12\/ANEXO-IX_Principios-de-actuacion-y-protocolo-de-gestion-Codeoscopic.pdf\" target=\"_blank\" rel=\"noopener\">\r\n                <svg width=\"20\" height=\"20\" viewBox=\"0 0 20 20\" fill=\"none\" xmlns=\"http:\/\/www.w3.org\/2000\/svg\">\r\n                    <rect x=\"4\" y=\"3\" width=\"12\" height=\"14\" stroke=\"#EAC649\" stroke-width=\"2\"\/>\r\n                    <path d=\"M12 7V5.41421L13.5858 7H12Z\" stroke=\"#EAC649\" stroke-width=\"2\"\/>\r\n                <\/svg>\r\n                Principios de actuaci\u00f3n y protocolo de gesti\u00f3n\r\n            <\/a>\r\n            <a href=\"\/wp-content\/uploads\/2025\/01\/2025-Doc.-Politica-Empresa-Grupo-Codeoscopic.pdf\" target=\"_blank\" rel=\"noopener\">\r\n                <svg width=\"20\" height=\"20\" viewBox=\"0 0 20 20\" fill=\"none\" xmlns=\"http:\/\/www.w3.org\/2000\/svg\">\r\n                    <rect x=\"4\" y=\"3\" width=\"12\" height=\"14\" stroke=\"#EAC649\" stroke-width=\"2\"\/>\r\n                    <path d=\"M12 7V5.41421L13.5858 7H12Z\" stroke=\"#EAC649\" stroke-width=\"2\"\/>\r\n                <\/svg>\r\n                Pol\u00edtica de empresa Grupo Codeoscopic\r\n            <\/a>\r\n        <\/div>\r\n    <\/div>\r\n<\/div>\r\n\r\n\r\n","protected":false},"excerpt":{"rendered":"Canal de Denuncias La integridad personal y profesional comienza en cada uno de nosotros Accede al Canal de Denuncias Introducci\u00f3n Una cultura empresarial real y verdadera requiere que se cumplan las normas sociales y legales. A trav\u00e9s de este canal \u00e9tico, podr\u00e1 informar de cualquier conducta indebida, sobre todo, infracciones de la legislaci\u00f3n aplicable as\u00ed [&hellip;]","protected":false},"author":13,"featured_media":71703,"parent":0,"menu_order":0,"comment_status":"closed","ping_status":"closed","template":"custom-inverted.php","meta":{"_monsterinsights_skip_tracking":false,"_monsterinsights_sitenote_active":false,"_monsterinsights_sitenote_note":"","_monsterinsights_sitenote_category":0,"footnotes":""},"class_list":["post-26924","page","type-page","status-publish","has-post-thumbnail","hentry"],"aioseo_notices":[],"_links":{"self":[{"href":"https:\/\/codeoscopic.com\/es\/wp-json\/wp\/v2\/pages\/26924","targetHints":{"allow":["GET"]}}],"collection":[{"href":"https:\/\/codeoscopic.com\/es\/wp-json\/wp\/v2\/pages"}],"about":[{"href":"https:\/\/codeoscopic.com\/es\/wp-json\/wp\/v2\/types\/page"}],"author":[{"embeddable":true,"href":"https:\/\/codeoscopic.com\/es\/wp-json\/wp\/v2\/users\/13"}],"replies":[{"embeddable":true,"href":"https:\/\/codeoscopic.com\/es\/wp-json\/wp\/v2\/comments?post=26924"}],"version-history":[{"count":0,"href":"https:\/\/codeoscopic.com\/es\/wp-json\/wp\/v2\/pages\/26924\/revisions"}],"wp:featuredmedia":[{"embeddable":true,"href":"https:\/\/codeoscopic.com\/es\/wp-json\/wp\/v2\/media\/71703"}],"wp:attachment":[{"href":"https:\/\/codeoscopic.com\/es\/wp-json\/wp\/v2\/media?parent=26924"}],"curies":[{"name":"wp","href":"https:\/\/api.w.org\/{rel}","templated":true}]}}