{"id":25451,"date":"2023-05-15T12:07:13","date_gmt":"2023-05-15T10:07:13","guid":{"rendered":"https:\/\/codeoscopic.com\/?page_id=25451"},"modified":"2024-04-22T16:24:25","modified_gmt":"2024-04-22T14:24:25","slug":"inteligencia-artificial","status":"publish","type":"page","link":"https:\/\/codeoscopic.com\/es\/inteligencia-artificial\/","title":{"rendered":"Inteligencia artificial"},"content":{"rendered":"<div class=\"main_cdscpc_ia\">\r\n\r\n            <!-- Claim -->\r\n            <div class=\"main_claim\" style=\"background: url('\/wp-content\/uploads\/2023\/05\/InteligenciaArtificial2.jpg')\" alt=\"Inteligencia Artificial\"><\/div>\r\n\r\n            <!-- Content -->\r\n            <div class=\"main_content\">\r\n\r\n                <!-- Title -->\r\n                <h2>Codeoscopic desarrolla la Inteligencia Artificial gracias a las ayudas para proyectos de investigaci\u00f3n y desarrollo en Inteligencia Artificial (IA) y otras tecnolog\u00edas digitales.<\/h2>\r\n\r\n                <p class=\"quote\"><img decoding=\"async\" class=\"figure\" src=\"\/wp-content\/uploads\/2020\/11\/quotes.svg\">El Proyecto de Codeoscopic ABMS 3.0 desarrolla la inteligencia artificial para incluir en sus soluciones elementos predictivos que agilicen las operaciones.<\/p>\r\n\r\n                <h3>Dentro del Plan Espa\u00f1a Digital 2025<\/h3>\r\n\r\n                <p>Codeoscopic es part\u00edcipe de las ayudas destinadas a proyectos de investigaci\u00f3n y desarrollo en inteligencia artificial y otras tecnolog\u00edas digitales y su integraci\u00f3n en las cadenas de valor C005\/21-ED.<\/p>\r\n                <span class=\"space\"><\/span>\r\n                <p>Este proyecto se engloba dentro del Plan Espa\u00f1a Digital 2025, que impulsa la Transformaci\u00f3n Digital de Espa\u00f1a como una de las palancas fundamentales para relanzar el crecimiento econ\u00f3mico, la reducci\u00f3n de la desigualdad, el aumento de la productividad, y el aprovechamiento de todas las oportunidades que brindan estas nuevas tecnolog\u00edas.<\/p>\r\n                <span class=\"space\"><\/span>\r\n                <p>El programa se desarrolla con el Plan de Recuperaci\u00f3n, Transformaci\u00f3n y Resiliencia de la econom\u00eda espa\u00f1ola, instrumento fundamental para el desarrollo de los fondos europeos de recuperaci\u00f3n \u201cNext Generation EU\u201d.<\/p>\r\n                <span class=\"space\"><\/span>\r\n                <p>En este marco, Codeoscopic opt\u00f3 al acceso de ayudas por medio de la convocatoria de Red.es destinadas a proyectos de investigaci\u00f3n y desarrollo en Inteligencia Artificial y otras tecnolog\u00edas digitales y su integraci\u00f3n en las cadenas de valor.<\/p>\r\n                <span class=\"space\"><\/span>\r\n                <p>La iniciativa de Codeoscopic tiene el nombre de ABMS 3.0 y desarrolla la inteligencia artificial para incluir en sus soluciones elementos predictivos que agilicen las operaciones y personalizaci\u00f3n de los servicios en las herramientas que dispone el mediador de seguros.<\/p>\r\n                <span class=\"space\"><\/span>\r\n                <p>Parte de la investigaci\u00f3n y desarrollo se realiza con el Instituto Universitario de Investigaci\u00f3n de Biocomputaci\u00f3n y F\u00edsica de Sistemas Complejos (BIFI) de la Universidad de Zaragoza dentro de un acuerdo de colaboraci\u00f3n.<\/p>\r\n                <span class=\"space\"><\/span>\r\n                <p>El proyecto se prev\u00e9 que finalice en marzo de 2024 con el resultado de diferentes modelos predictivos que ayudar\u00e1n a los mediadores de seguros en mejorar la gesti\u00f3n de clientes, productos y estrategias de negocio.<\/p>\r\n\r\n                <h3>Enlaces<\/h3>\r\n                <div class=\"main_list\">\r\n                    <a href=\"\/wp-content\/uploads\/2024\/01\/Analisis-del-desarrollo-de-modelos-de-Machine-Learning-ABMS.pdf\" target=\"_blank\" rel=\"noopener\">\r\n                        <svg width=\"20\" height=\"20\" viewBox=\"0 0 20 20\" fill=\"none\" xmlns=\"http:\/\/www.w3.org\/2000\/svg\">\r\n                            <rect x=\"4\" y=\"3\" width=\"12\" height=\"14\" stroke=\"#EAC649\" stroke-width=\"2\"\/>\r\n                            <path d=\"M12 7V5.41421L13.5858 7H12Z\" stroke=\"#EAC649\" stroke-width=\"2\"\/>\r\n                        <\/svg>\r\n                        Descarga el informe del Proyecto ABMS 3.0\r\n                    <\/a>\r\n                <\/div>\r\n\r\n                <img decoding=\"async\" class=\"banner\" src=\"\/wp-content\/uploads\/2023\/05\/Logo-fondos-UE.png\" alt=\"\">\r\n            <\/div>\r\n        <\/div>","protected":false},"excerpt":{"rendered":"Codeoscopic desarrolla la Inteligencia Artificial gracias a las ayudas para proyectos de investigaci\u00f3n y desarrollo en Inteligencia Artificial (IA) y otras tecnolog\u00edas digitales. El Proyecto de Codeoscopic ABMS 3.0 desarrolla la inteligencia artificial para incluir en sus soluciones elementos predictivos que agilicen las operaciones.","protected":false},"author":7,"featured_media":25461,"parent":0,"menu_order":0,"comment_status":"closed","ping_status":"closed","template":"custom-inverted.php","meta":{"_monsterinsights_skip_tracking":false,"_monsterinsights_sitenote_active":false,"_monsterinsights_sitenote_note":"","_monsterinsights_sitenote_category":0,"footnotes":""},"class_list":["post-25451","page","type-page","status-publish","has-post-thumbnail","hentry"],"aioseo_notices":[],"_links":{"self":[{"href":"https:\/\/codeoscopic.com\/es\/wp-json\/wp\/v2\/pages\/25451","targetHints":{"allow":["GET"]}}],"collection":[{"href":"https:\/\/codeoscopic.com\/es\/wp-json\/wp\/v2\/pages"}],"about":[{"href":"https:\/\/codeoscopic.com\/es\/wp-json\/wp\/v2\/types\/page"}],"author":[{"embeddable":true,"href":"https:\/\/codeoscopic.com\/es\/wp-json\/wp\/v2\/users\/7"}],"replies":[{"embeddable":true,"href":"https:\/\/codeoscopic.com\/es\/wp-json\/wp\/v2\/comments?post=25451"}],"version-history":[{"count":0,"href":"https:\/\/codeoscopic.com\/es\/wp-json\/wp\/v2\/pages\/25451\/revisions"}],"wp:featuredmedia":[{"embeddable":true,"href":"https:\/\/codeoscopic.com\/es\/wp-json\/wp\/v2\/media\/25461"}],"wp:attachment":[{"href":"https:\/\/codeoscopic.com\/es\/wp-json\/wp\/v2\/media?parent=25451"}],"curies":[{"name":"wp","href":"https:\/\/api.w.org\/{rel}","templated":true}]}}