{"id":16602,"date":"2022-03-31T20:41:23","date_gmt":"2022-03-31T18:41:23","guid":{"rendered":"https:\/\/codeoscopic.com\/?page_id=16602"},"modified":"2024-10-17T16:22:13","modified_gmt":"2024-10-17T14:22:13","slug":"versus","status":"publish","type":"page","link":"https:\/\/codeoscopic.com\/es\/workspace\/versus\/","title":{"rendered":"Versus"},"content":{"rendered":"<div class=\"main_cdscpc_versus_home\">\r\n\r\n    <div class=\"main_intro\">\r\n\r\n        <!-- Logos -->\r\n        <div class=\"main_logos pc\">\r\n            <img decoding=\"async\" class=\"logo_wrkspc\" src=\"\/wp-content\/uploads\/kit-prensa\/workspace\/svg\/logo-wrkspc-white.svg\" alt=\"\">\r\n            <span class=\"separator\"><\/span>\r\n            <img decoding=\"async\" src=\"\/wp-content\/uploads\/kit-prensa\/versus\/svg\/logo-versus-white.svg\" alt=\"\">\r\n        <\/div>\r\n\r\n        <div class=\"main_logos mov\">\r\n            <img decoding=\"async\" class=\"logo_wrkspc\" src=\"\/wp-content\/uploads\/kit-prensa\/wrkspc.svg\" alt=\"\">\r\n            <span class=\"separator\"><\/span>\r\n            <img decoding=\"async\" src=\"\/wp-content\/uploads\/kit-prensa\/vrss.svg\" alt=\"\">\r\n        <\/div>\r\n\r\n        <!-- Tabs -->\r\n\r\n    <\/div>\r\n\r\n    <div class=\"main_content_sections\">\r\n\r\n        <!-- Claim -->\r\n        <div class=\"main_claim\">\r\n            <h1>&#8216;Big data&#8217; y an\u00e1lisis sobre <br>la evoluci\u00f3n del sector asegurador, al segundo<\/h1>\r\n        <\/div>\r\n\r\n        <!-- Video -->\r\n        <div class=\"main_video\">\r\n            <iframe loading=\"lazy\" width=\"790\" height=\"440\" src=\"https:\/\/www.youtube.com\/embed\/2ba7UhbyDuI?controls=0\" title=\"Versus Data Analytics\" frameborder=\"0\" allow=\"accelerometer; autoplay; clipboard-write; encrypted-media; gyroscope; picture-in-picture\" allowfullscreen><\/iframe>\r\n        <\/div>\r\n\r\n        <!-- Numbers -->\r\n        <div class=\"main_numbers\">\r\n            <div class=\"main_item\">\r\n                <span>50<b>MM<\/b><\/span>\r\n                <span>de registros de datos<\/span>\r\n            <\/div>\r\n            <span class=\"additional\">en s\u00f3lo<\/span>\r\n            <div class=\"main_item\">\r\n                <span>10<b>s<\/b><\/span>\r\n                <span>de consulta<\/span>\r\n            <\/div>\r\n            <span class=\"additional\">en m\u00e1s de<\/span>\r\n            <div class=\"main_item\">\r\n                <span>260<b>MM<\/b><\/span>\r\n                <span>de precios en tiempo real<\/span>\r\n            <\/div>\r\n        <\/div>\r\n\r\n        <!-- Text -->\r\n        <div class=\"main_description\">\r\n            <h2>Versus Analytics registra y clasifica millones de operaciones diarias en el mercado asegurador, para generar estudios segmentados, monitorizaci\u00f3n y comparativas de datos.<\/h2>\r\n        <p>Con <strong>Versus Analytics<\/strong> ponemos a disposici\u00f3n del profesional una herramienta que monitoriza y analiza de forma instant\u00e1nea la producci\u00f3n del mercado asegurador en Espa\u00f1a, a partir de los datos generados por el <strong>Avant2 Sales Manager<\/strong>: Versus ordena esa informaci\u00f3n y permite, a trav\u00e9s de un potente cat\u00e1logo de filtros y visiones, estudiar el mercado desde todas las perspectivas: proveedores, distribuidores, volumen, ratios, precios medios, segmentaci\u00f3n&#8230; Y todo, con la m\u00e1xima fiabilidad y rapidez.\r\n<br><br>Una herramienta de <em>big data<\/em> que ofrece an\u00e1lisis segmentados del mercado, seguimiento, extracci\u00f3n y comparaci\u00f3n de datos a partir de un amplio rango de filtros, m\u00e9tricas e indicadores. <strong>Versus Analytics<\/strong> es un aliado estrat\u00e9gico natural para las aseguradoras, que pueden acceder a las cifras y comparativas de producci\u00f3n, para tomar decisiones estrat\u00e9gicas con la mayor precisi\u00f3n.\r\n            <br><br>\u00bfQuieres llegar al siguiente nivel? Descubre la aplicaci\u00f3n y acceder\u00e1s a todas las m\u00e9tricas de primas, emisiones y pre-emisiones: podr\u00e1s definir la mejor estrategia seg\u00fan tu perfil de riesgo.\r\n        <\/div>\r\n\r\n        <!-- End Claim -->\r\n        <div class=\"main_end_claim\">\r\n            <div class=\"wrap_end_claim\">\r\n                <img decoding=\"async\" class=\"screen\" src=\"\/wp-content\/uploads\/2022\/03\/screen-versus-1.png\" alt=\"\">\r\n                <span><strong>Millones de datos<\/strong>, analizados al segundo<\/span>\r\n                <a href=\"https:\/\/versusdata.com\" target=\"_blank\" class=\"btn primary\" rel=\"noopener\">Visita la web de Versus Data<\/a>\r\n            <\/div>\r\n        <\/div>\r\n    <\/div>\r\n\r\n<\/div>\r\n\r\n\n    <div class=\"main_direct_footer_access\" style=\"background: url(\/wp-content\/uploads\/2025\/04\/bg.png) top center no-repeat #0e162a;\">\n        <div class=\"wrap_direct_footer_access\">\n            <p>Continua explorando soluciones que dan respuesta a las necesidades del sector asegurador<\/p>\n            <ul class=\"main_grid_cards\">\n                <li class=\"\">\n                    <a href=\"\/es?page_id=74692\" class=\"main_content avant2\">\n                        <div class=\"logo\"><img decoding=\"async\" src=\"\/wp-content\/uploads\/2024\/04\/avant2.svg\" alt=\"\"><\/div>\n                        <span class=\"text\">CRM + Multitarificador: la aplicaci\u00f3n lider para la venta de seguros<\/span>\n                        <img decoding=\"async\" class=\"screen\" src=\"\/wp-content\/uploads\/2024\/07\/screen-avant2.png\" alt=\"\">\n                    <\/a>\n                <\/li>\n                <li class=\"hidden\">\n                    <a href=\"\/es?page_id=16602\" class=\"main_content versus\">\n                        <div class=\"logo\"><img decoding=\"async\" src=\"\/wp-content\/uploads\/2024\/04\/versus.svg\" alt=\"\"><\/div>\n                        <span class=\"text\">An\u00e1lisis segmentados del mercado, monitorizaci\u00f3n y comparaci\u00f3n de datos<\/span>\n                        <img decoding=\"async\" class=\"screen\" src=\"\/wp-content\/uploads\/2024\/07\/screen-versus.png\" alt=\"\">\n                    <\/a>\n                <\/li>\n                <li class=\"\">\n                    <a href=\"\/es?page_id=75002\" class=\"main_content bcover\">\n                        <div class=\"logo\"><img decoding=\"async\" src=\"\/wp-content\/uploads\/2024\/04\/bcover.svg\" alt=\"\"><\/div>\n                        <span class=\"text\">Simplifica y automatiza el an\u00e1lisis y gesti\u00f3n de riesgos de tus clientes empresa<\/span>\n                        <img decoding=\"async\" class=\"screen\" src=\"\/wp-content\/uploads\/2024\/07\/screen-bcover.png\" alt=\"\">\n                    <\/a>\n                <\/li>\n                <li class=\"\">\n                    <a href=\"\/es?page_id=74944\" class=\"main_content tesis\">\n                        <div class=\"logo\"><img decoding=\"async\" src=\"\/wp-content\/uploads\/2024\/04\/tesis.svg\" alt=\"\"><\/div>\n                        <span class=\"text\">El ERP creado por corredores de seguros, desarrollado para los corredores de seguros<\/span>\n                        <img decoding=\"async\" class=\"screen\" src=\"\/wp-content\/uploads\/2024\/07\/screen-tesis.png\" alt=\"\">\n                    <\/a>\n                <\/li>\n                <li class=\"\">\n                    <a href=\"\/es?page_id=27385\" class=\"main_content integra\">\n                        <div class=\"logo\"><img decoding=\"async\" src=\"\/wp-content\/uploads\/2024\/04\/integra.svg\" alt=\"\"><\/div>\n                        <span class=\"text\">Te damos la bienvenida a la Conectividad con los productos Workspace<\/span>\n                        <img decoding=\"async\" class=\"screen\" src=\"\/wp-content\/uploads\/2024\/07\/screen-integra.png\" alt=\"\">\n                    <\/a>\n                <\/li>\n            <\/ul>\n        <\/div>\n    <\/div>","protected":false},"excerpt":{"rendered":"Un sistema de referencia en el seguimiento de la evoluci\u00f3n del sector asegurador. Versus es una plataforma de big data que monitoriza la evoluci\u00f3n del mercado en tiempo real, a partir de los millones de datos de producci\u00f3n que genera el multitarificador Avant2.","protected":false},"author":1,"featured_media":80461,"parent":16420,"menu_order":0,"comment_status":"closed","ping_status":"closed","template":"custom-inverted.php","meta":{"_monsterinsights_skip_tracking":false,"_monsterinsights_sitenote_active":false,"_monsterinsights_sitenote_note":"","_monsterinsights_sitenote_category":0,"footnotes":""},"class_list":["post-16602","page","type-page","status-publish","has-post-thumbnail","hentry"],"aioseo_notices":[],"_links":{"self":[{"href":"https:\/\/codeoscopic.com\/es\/wp-json\/wp\/v2\/pages\/16602","targetHints":{"allow":["GET"]}}],"collection":[{"href":"https:\/\/codeoscopic.com\/es\/wp-json\/wp\/v2\/pages"}],"about":[{"href":"https:\/\/codeoscopic.com\/es\/wp-json\/wp\/v2\/types\/page"}],"author":[{"embeddable":true,"href":"https:\/\/codeoscopic.com\/es\/wp-json\/wp\/v2\/users\/1"}],"replies":[{"embeddable":true,"href":"https:\/\/codeoscopic.com\/es\/wp-json\/wp\/v2\/comments?post=16602"}],"version-history":[{"count":0,"href":"https:\/\/codeoscopic.com\/es\/wp-json\/wp\/v2\/pages\/16602\/revisions"}],"up":[{"embeddable":true,"href":"https:\/\/codeoscopic.com\/es\/wp-json\/wp\/v2\/pages\/16420"}],"wp:featuredmedia":[{"embeddable":true,"href":"https:\/\/codeoscopic.com\/es\/wp-json\/wp\/v2\/media\/80461"}],"wp:attachment":[{"href":"https:\/\/codeoscopic.com\/es\/wp-json\/wp\/v2\/media?parent=16602"}],"curies":[{"name":"wp","href":"https:\/\/api.w.org\/{rel}","templated":true}]}}