{"id":16420,"date":"2022-03-23T19:05:32","date_gmt":"2022-03-23T18:05:32","guid":{"rendered":"https:\/\/codeoscopic.com\/?page_id=16420"},"modified":"2025-09-19T12:11:24","modified_gmt":"2025-09-19T10:11:24","slug":"workspace","status":"publish","type":"page","link":"https:\/\/codeoscopic.com\/es\/workspace\/","title":{"rendered":"Workspace"},"content":{"rendered":"<div class=\"main_cdscpc_wrkspce\">\r\n            <div class=\"wrap_cdscpc_wrkspce\">\r\n\r\n                <!-- Claim -->\r\n                <div class=\"main_claim\">\r\n                    <div class=\"logo\">\r\n                        <img decoding=\"async\" class=\"ball\" src=\"\/wp-content\/uploads\/2022\/03\/ball-blur.svg\" alt=\"\">\r\n                        <img decoding=\"async\" class=\"logo_workspace\" src=\"\/wp-content\/uploads\/2022\/03\/workspace-logo.svg\" alt=\"\"><\/div>\r\n                    <h1>La &#8216;suite&#8217; de aplicaciones tecnol\u00f3gicas que trabajan interconectadas<\/h1>\r\n                <\/div>\r\n\r\n                <!-- Grid -->\r\n                <ul class=\"main_grid\">\r\n\r\n                    <!-- Text intro -->\r\n                    <li class=\"main_item text-intro\">\r\n                        <div class=\"main_content\">\r\n                            <div class=\"text_intro\">\r\n                                <p class=\"text\"><b>Codeoscopic Workspace<\/b> es un espacio de integraci\u00f3n total de todas las soluciones que ofrece Codeoscopic. Multitarificaci\u00f3n, gesti\u00f3n de cartera, administraci\u00f3n del negocio, gerencia de riesgos, tramitaci\u00f3n de siniestros\u2026 Todo en la nube, con un acceso \u00fanico, configurable y adaptable a las necesidades de cada organizaci\u00f3n.<\/p>\r\n                                <a href=\"https:\/\/codeoscopic.com\/wp-content\/uploads\/2023\/07\/Dosier-Codeoscopic-Workspace-2023.pdf\" target=\"_blank\" class=\"btn workspace\" rel=\"noopener\">Descargar Dossier \u203a<\/a>\r\n                            <\/div>\r\n                        <\/div>\r\n                    <\/li>\r\n\r\n                    <!-- Avant2 -->\r\n                    <li class=\"main_item avant\">\r\n                        <div class=\"main_content\">\r\n                            <a href=\"https:\/\/codeoscopic.com\/es\/workspace\/avant2\/\"><img decoding=\"async\" class=\"logo\" src=\"\/wp-content\/uploads\/2022\/03\/logo-avant2.svg\" alt=\"\"><\/a>\r\n                            <h2>El futuro de la venta de seguros<\/h2>\r\n                            <p>Dotado de un potente CRM que se suma al multitarificador, Avant2 Sales Manager es la evoluci\u00f3n del multitarificador hacia una herramienta orientada a la gesti\u00f3n integral de cartera y la venta. Avant2 Sales Manager cualifica clientes, detecta oportunidades de venta y enfoca al mediador a la m\u00e1xima rentabilidad de su negocio.<\/p>\r\n                            <div class=\"buttons\">\r\n                                <a href=\"https:\/\/codeoscopic.com\/es\/workspace\/avant2\/\" class=\"btn primary avant2\">Saber m\u00e1s \u203a<\/a>\r\n                                <!--<a href=\"https:\/\/avant2.es\" class=\"secondary\">avant2.es<\/a>-->\r\n                            <\/div>\r\n                            <img decoding=\"async\" class=\"screen\" src=\"\/wp-content\/uploads\/2022\/03\/screen-avant.png\" alt=\"\">\r\n                        <\/div>\r\n                    <\/li>\r\n\r\n                    <!-- Versus -->\r\n                    <li class=\"main_item versus\">\r\n                        <div class=\"main_content\">\r\n                            <a href=\"https:\/\/codeoscopic.com\/es\/workspace\/versus\/\"><img decoding=\"async\" class=\"logo\" src=\"\/wp-content\/uploads\/2022\/03\/logo-versus.svg\" alt=\"\"><\/a>\r\n                            <h2>Datos del sector asegurador al segundo<\/h2>\r\n                            <p>Versus Analytics es ya un sistema de referencia en el seguimiento de la evoluci\u00f3n del sector. Plataforma de <em>big data<\/em> que monitoriza la evoluci\u00f3n del mercado en tiempo real, a partir de los millones de datos de producci\u00f3n que genera el multitarificador Avant2 Sales Manager.<\/p>\r\n                            <div class=\"buttons\">\r\n                                <a href=\"https:\/\/codeoscopic.com\/es\/workspace\/versus\/\" class=\"btn primary versus\">Saber m\u00e1s \u203a<\/a>\r\n                                <a href=\"https:\/\/versusdata.com\" class=\"secondary\">versusdata.com<\/a>\r\n                            <\/div>\r\n                            <img decoding=\"async\" class=\"screen\" src=\"\/wp-content\/uploads\/2022\/03\/screen-versus.png\" alt=\"\">\r\n                        <\/div>\r\n                    <\/li>\r\n\r\n                    <!-- bcover -->\r\n                    <li class=\"main_item bcover\">\r\n                        <div class=\"main_content\">\r\n                            <a href=\"https:\/\/codeoscopic.com\/es\/workspace\/bcover\/\"><img decoding=\"async\" class=\"logo\" src=\"\/wp-content\/uploads\/2022\/03\/logo-bcover.svg\" alt=\"\"><\/a>\r\n                            <h2>Gesti\u00f3n de riesgos y seguros<\/h2>\r\n                            <p>Bcover ofrece al corredor la posibilidad de analizar y evaluar los riesgos a los que est\u00e1n expuestas las empresas y comercios. Y a su vez proponer soluciones aseguradoras y medidas de protecci\u00f3n. Una plataforma que permite al corredor posicionarse como gerente de riesgos de las empresas con las que colabora.<\/p>\r\n                            <div class=\"buttons\">\r\n                                <a href=\"https:\/\/codeoscopic.com\/es\/workspace\/bcover\/\" class=\"btn primary bcover\">Saber m\u00e1s \u203a<\/a>\r\n                                <!--<a href=\"https:\/\/bcover.io\" class=\"secondary\">bcover.io<\/a>-->\r\n                            <\/div>\r\n                            <img decoding=\"async\" class=\"screen\" src=\"\/wp-content\/uploads\/2022\/03\/screen-bcover.png\" alt=\"\">\r\n                        <\/div>\r\n                    <\/li>\r\n\r\n                    <!-- Tesis -->\r\n                    <li class=\"main_item tesis\">\r\n                        <div class=\"main_content\">\r\n                            <a href=\"https:\/\/codeoscopic.com\/es\/workspace\/tesis\/\"><img decoding=\"async\" class=\"logo\" src=\"\/wp-content\/uploads\/2022\/03\/logo-tesis.svg\" alt=\"\"><\/a>\r\n                            <h2><i>Software<\/i> para mediadores<\/h2>\r\n                            <p>Un paquete integrado de gesti\u00f3n para corredur\u00edas, mediadores y agentes de seguros que proporciona una cobertura eficaz y flexible a la mayor\u00eda de necesidades de tratamiento de datos a las que se enfrentan a diario los profesionales de la mediaci\u00f3n. Trabaja totalmente conectado con Avant2 Sales Manager.<\/p>\r\n                            <div class=\"buttons\">\r\n                                <a href=\"https:\/\/codeoscopic.com\/es\/workspace\/tesis\/\" class=\"btn primary tesis\">Saber m\u00e1s \u203a<\/a>\r\n                                <!--<a href=\"https:\/\/tesis.io\" class=\"secondary\">tesis.io<\/a>-->\r\n                            <\/div>\r\n                            <img decoding=\"async\" class=\"screen\" src=\"\/wp-content\/uploads\/2022\/03\/screen-tesis.png\" alt=\"\">\r\n                        <\/div>\r\n                    <\/li>\r\n\r\n                    <!-- Integra -->\r\n                    <li class=\"main_item integra\">\r\n                        <div class=\"main_content\">\r\n                            <a href=\"https:\/\/codeoscopic.com\/es\/workspace\/integra\/\"><img decoding=\"async\" class=\"logo\" src=\"\/wp-content\/uploads\/2023\/10\/logo-integra.svg\" alt=\"\"><\/a>\r\n                            <h2>Plataforma de conectividad<\/h2>\r\n                            <p>Integra API Rest es una pasarela de servicios que simplifica y mejora la experiencia de conexi\u00f3n permitiendo a nuestros clientes vender seguros desde su soluci\u00f3n digital. Conecta de manera eficiente Codeoscopic Workspace con aseguradoras y otros servicios, es de f\u00e1cil mantenimiento y totalmente escalable.<\/p>\r\n                            <div class=\"buttons\">\r\n                                <a href=\"https:\/\/codeoscopic.com\/es\/workspace\/integra\/\" class=\"btn primary integra\">Saber m\u00e1s \u203a<\/a>\r\n                            <\/div>\r\n                            <img decoding=\"async\" class=\"screen\" src=\"\/wp-content\/uploads\/2023\/10\/screen.png\" alt=\"\">\r\n                        <\/div>\r\n                    <\/li>\r\n\r\n                    <!-- Coverize -->\r\n                    <li class=\"main_item coverize\">\r\n                        <div class=\"main_content\">\r\n                            <a href=\"https:\/\/codeoscopic.com\/es\/workspace\/coverize\/\"><img decoding=\"async\" class=\"logo\" src=\"\/wp-content\/uploads\/2025\/04\/logo-coverize.svg\" alt=\"\"><\/a>\r\n                            <h2>Comparaci\u00f3n de Proyectos de Seguros<\/h2>\r\n                            <p>En un paso m\u00e1s hacia la digitalizaci\u00f3n y mejora de los servicios de asesoramiento en seguros, Coverize compara de forma precisa y objetiva proyectos de diferentes aseguradoras en relaci\u00f3n a un riesgo, sin importar el tipo de p\u00f3liza.<\/p>\r\n                            <div class=\"buttons\">\r\n                                <a href=\"https:\/\/codeoscopic.com\/es\/workspace\/coverize\/\" class=\"btn primary coverize\">Saber m\u00e1s \u203a<\/a>\r\n                            <\/div>\r\n                            <img decoding=\"async\" class=\"screen\" src=\"\/wp-content\/uploads\/2025\/04\/screen.png\" alt=\"\">\r\n                        <\/div>\r\n                    <\/li>\r\n\r\n                    <!-- End claim -->\r\n                    <li class=\"main_item text-end\">\r\n                        <div class=\"main_content\">\r\n                            <h2>\u00bfHablamos?<\/h2>\r\n                            <p>Seas una aseguradora o un corredor, queremos mostrarte c\u00f3mo podemos hacer crecer tu negocio.<\/p>\r\n                            <a href=\"https:\/\/codeoscopic.com\/es\/contactanos\/\" class=\"btn invert\">Cont\u00e1ctanos<\/a>\r\n                        <\/div>\r\n                    <\/li>\r\n                <\/ul>\r\n\r\n                <!-- Academy -->\r\n                <div class=\"academy\">\r\n                    <img decoding=\"async\" src=\"\/wp-content\/uploads\/2022\/03\/logo-academy.svg\" alt=\"\">\r\n                    <p>Actual\u00edzate y accede a una formaci\u00f3n integral para sacarle todo el partido a la <em>suite <\/em>de Codeoscopic Workspace<\/p>\r\n                    <a href=\"https:\/\/codeoscopic.com\/es\/soporte\/academy\/\" class=\"btn invert\">Saber m\u00e1s \u203a<\/a>\r\n                <\/div>\r\n\r\n\r\n                <div class=\"privacy\">\r\n                    <a href=\"https:\/\/codeoscopic.com\/es\/workspace\/politica-de-privacidad\/\">Pol\u00edtica de Privacidad<\/a>\r\n                    <span>\u00b7<\/span>\r\n                    <a href=\"https:\/\/codeoscopic.com\/es\/workspace\/terminos-y-condiciones-generales\/\">T\u00e9rminos y Condiciones<\/a>\r\n                <\/div>\r\n       <\/div>\r\n <\/div>","protected":false},"excerpt":{"rendered":"Codeoscopic Workspace nace con el objetivo de agrupar sinergias entre todas las soluciones que ofrece. Siempre un paso por delante aportando grandes beneficios al sector asegurador. Usa conjuntamente Avant2 &#8211; Versus &#8211; BCover &#8211; Tesis!. Creamos soluciones que dan respuesta a las necesidades del sector asegurador","protected":false},"author":1,"featured_media":80103,"parent":0,"menu_order":0,"comment_status":"closed","ping_status":"closed","template":"custom-inverted.php","meta":{"_monsterinsights_skip_tracking":false,"_monsterinsights_sitenote_active":false,"_monsterinsights_sitenote_note":"","_monsterinsights_sitenote_category":0,"footnotes":""},"class_list":["post-16420","page","type-page","status-publish","has-post-thumbnail","hentry"],"aioseo_notices":[],"_links":{"self":[{"href":"https:\/\/codeoscopic.com\/es\/wp-json\/wp\/v2\/pages\/16420","targetHints":{"allow":["GET"]}}],"collection":[{"href":"https:\/\/codeoscopic.com\/es\/wp-json\/wp\/v2\/pages"}],"about":[{"href":"https:\/\/codeoscopic.com\/es\/wp-json\/wp\/v2\/types\/page"}],"author":[{"embeddable":true,"href":"https:\/\/codeoscopic.com\/es\/wp-json\/wp\/v2\/users\/1"}],"replies":[{"embeddable":true,"href":"https:\/\/codeoscopic.com\/es\/wp-json\/wp\/v2\/comments?post=16420"}],"version-history":[{"count":0,"href":"https:\/\/codeoscopic.com\/es\/wp-json\/wp\/v2\/pages\/16420\/revisions"}],"wp:featuredmedia":[{"embeddable":true,"href":"https:\/\/codeoscopic.com\/es\/wp-json\/wp\/v2\/media\/80103"}],"wp:attachment":[{"href":"https:\/\/codeoscopic.com\/es\/wp-json\/wp\/v2\/media?parent=16420"}],"curies":[{"name":"wp","href":"https:\/\/api.w.org\/{rel}","templated":true}]}}