{"id":15913,"date":"2022-03-04T18:31:46","date_gmt":"2022-03-04T17:31:46","guid":{"rendered":"https:\/\/codeoscopic.com\/?page_id=15913"},"modified":"2025-06-25T08:59:54","modified_gmt":"2025-06-25T06:59:54","slug":"responsabilidad-social-corporativa","status":"publish","type":"page","link":"https:\/\/codeoscopic.com\/es\/responsabilidad-social-corporativa\/","title":{"rendered":"Responsabilidad Social Corporativa"},"content":{"rendered":"<!-- Content \u00b7 src\/sass\/landing\/rsc.scss -->\r\n<div class=\"main_cdscpc_rsc\">\r\n\r\n            <!-- Claim -->\r\n            <div class=\"main_claim\" style=\"background: url('\/wp-content\/uploads\/2022\/03\/photo-rsc-header-scaled-1.jpg')\"><\/div>\r\n\r\n            <!-- Content -->\r\n            <div class=\"main_content\">\r\n\r\n                <!-- Logo RSC -->\r\n                <div class=\"main_logo actual\">\r\n                    <a class=\"back secondary\">\u2039 Volver a la p\u00e1gina principal de RSC<\/a>\r\n                    <div class=\"wrap_logo\">\r\n                        <img decoding=\"async\" src=\"\/wp-content\/uploads\/2022\/03\/logo-rsc-es.svg\" alt=\"\">\r\n                    <\/div>\r\n                <\/div>\r\n\r\n                <!-- Title -->\r\n                <h2>Codeoscopic se compromete en la gesti\u00f3n de los impactos que nuestra actividad genera sobre clientes, empleados, accionistas, comunidades, medioambiente y la sociedad en general.<\/h2>\r\n\r\n                <!-- Quote -->\r\n                <div class=\"quote\"><img decoding=\"async\" class=\"figure\" src=\"\/wp-content\/uploads\/2020\/11\/quotes.svg\">La Responsabilidad Social es la contribuci\u00f3n de una organizaci\u00f3n al desarrollo sostenible y el conocimiento del efecto de su impacto sobre la sociedad y el medioambiente.<\/div>\r\n\r\n                <h3>Tecnolog\u00eda para un futuro m\u00e1s justo<\/h3>\r\n\r\n                <p>Las empresas que conforman el grupo CODEOSCOPIC est\u00e1n comprometidas en la mejora y el desarrollo de la sociedad, facilitando la construcci\u00f3n de un futuro m\u00e1s justo para los sectores m\u00e1s desfavorecidos de la sociedad. A trav\u00e9s de este programa de RSC, nos implicamos de forma activa en proyectos que pretenden fomentar el desarrollo del conocimiento y de las TICs en aquellas capas sociales que ven m\u00e1s comprometido su acceso a este tipo de herramientas.<\/p>\r\n\r\n                <span class=\"line\"><\/span>\r\n\r\n                <h3>Proyecto 2025<\/h3>\r\n\r\n                <p>El comit\u00e9 de Responsabilidad Social Corporativa de Codeoscopic ha decidido el proyecto al que destinar la donaci\u00f3n de material tecnol\u00f3gico en esta cuarta edici\u00f3n del proyecto solidario de la compa\u00f1\u00eda. Los colectivos valorados abarcan un amplio abanico de compromiso social, y dedican su atenci\u00f3n solidaria desde el apoyo a ni\u00f1os enfermos, hasta los problemas de personas con adicciones o en el apoyo a mujeres v\u00edctimas de trata y extorsi\u00f3n.<\/p>\r\n\r\n                <!-- Premiados -->\r\n                <div class=\"winner\">\r\n                  <h4>Esta es la asociaci\u00f3n que ha recibido la ayuda del programa:<\/h4>   \r\n                    <ul>\r\n                        <li>\r\n                            <span class=\"text\"><b>Fundaci\u00f3n Amaranta:<\/b> su iniciativa con las mujeres v\u00edctimas de la trata de seres humanos contribuye a la acogida y recuperaci\u00f3n de estas personas, y la tecnolog\u00eda es importante para ayudarlas a su integraci\u00f3n y el acceso a derechos fundamentales.<\/span>\r\n                        <\/li>\r\n                    <\/ul>\r\n<!-- <div class=\"buttons\">\r\n   <a href=\"https:\/\/codeoscopic.com\/es\/codeoscopic-elige-cuatro-entidades-beneficiarias-para-su-proyecto-solidario-a-traves-de-la-tecnologia\/\" class=\"btn primary\">M\u00e1s info \u203a<\/a>\r\n<\/div> -->\r\n\r\n                <\/div>\r\n\r\n                <h3>Calendario de la convocatoria<\/h3>\r\n\r\n                <!-- List -->\r\n                <ul class=\"main_list\">\r\n                    <li>\r\n                        <span>Pr\u00f3xima convocatoria<\/span>\r\n                        <span><b>2026<\/b><\/span>\r\n                    <\/li>\r\n                <\/ul>\r\n            <\/div>\r\n\r\n            <!-- Previous events -->\r\n            <div class=\"main_previous\">\r\n                <div class=\"wrap_previuos\">\r\n\r\n                    <h3>Proyectos anteriores<\/h3>\r\n\r\n                    <!-- Card -->\r\n                    <a href=\"https:\/\/codeoscopic.com\/es\/proyecto-rsc\/fundacion-amaranta\/\" class=\"main_card\">\r\n <div class=\"picture\" style=\"background: url('https:\/\/codeoscopic.com\/wp-content\/uploads\/2025\/06\/RSC2025-Fundacion-Amaranta-780x500.jpg')\"><\/div>\r\n <div class=\"content\">\r\n   <span class=\"tag\">Fundaci\u00f3n Amaranta<\/span>\r\n   <span class=\"title\">La asociaci\u00f3n Fundaci\u00f3n Amaranta ofrece atenci\u00f3n integral a mujeres, ni\u00f1as y ni\u00f1os v\u00edctimas de trafico de personas.<\/span>\r\n   <span class=\"year\">2025<\/span>\r\n <\/div>\r\n <img decoding=\"async\" class=\"arrow\" src=\"\/wp-content\/uploads\/2022\/03\/arrow.svg\" alt=\"Fundaci\u00f3n Amaranta\">\r\n<\/a><a href=\"https:\/\/codeoscopic.com\/es\/proyecto-rsc\/sicar-2024\/\" class=\"main_card\">\r\n <div class=\"picture\" style=\"background: url('https:\/\/codeoscopic.com\/wp-content\/uploads\/2024\/07\/RSC-Sicar-2024-780x500.jpg')\"><\/div>\r\n <div class=\"content\">\r\n   <span class=\"tag\">Sicar-Amaranta<\/span>\r\n   <span class=\"title\">La asociaci\u00f3n Sicar-Amaranta ofrece atenci\u00f3n integral a mujeres, ni\u00f1as y ni\u00f1os v\u00edctimas de trafico de personas.<\/span>\r\n   <span class=\"year\">2024<\/span>\r\n <\/div>\r\n <img decoding=\"async\" class=\"arrow\" src=\"\/wp-content\/uploads\/2022\/03\/arrow.svg\" alt=\"Sicar-Amaranta\">\r\n<\/a><a href=\"https:\/\/codeoscopic.com\/es\/proyecto-rsc\/arapaz\/\" class=\"main_card\">\r\n <div class=\"picture\" style=\"background: url('https:\/\/codeoscopic.com\/wp-content\/uploads\/2023\/08\/RSC-2023-Arapaz-01-2-780x500.png')\"><\/div>\r\n <div class=\"content\">\r\n   <span class=\"tag\">Arapaz<\/span>\r\n   <span class=\"title\">La Asociaci\u00f3n de Amigos Contra la Droga ofrece tratamiento y asesoramiento en adicciones.<\/span>\r\n   <span class=\"year\">2023<\/span>\r\n <\/div>\r\n <img decoding=\"async\" class=\"arrow\" src=\"\/wp-content\/uploads\/2022\/03\/arrow.svg\" alt=\"Arapaz\">\r\n<\/a><a href=\"https:\/\/codeoscopic.com\/es\/proyecto-rsc\/taller-de-alfabetizacion-digital\/\" class=\"main_card\">\r\n <div class=\"picture\" style=\"background: url('https:\/\/codeoscopic.com\/wp-content\/uploads\/2023\/08\/RSC-2023-Amigos-contra-droga-01-2-780x500.png')\"><\/div>\r\n <div class=\"content\">\r\n   <span class=\"tag\">Taller de alfabetizaci\u00f3n digital<\/span>\r\n   <span class=\"title\">La Asociaci\u00f3n de Amigos Contra la Droga ofrece tratamiento y asesoramiento en adicciones.<\/span>\r\n   <span class=\"year\">2023<\/span>\r\n <\/div>\r\n <img decoding=\"async\" class=\"arrow\" src=\"\/wp-content\/uploads\/2022\/03\/arrow.svg\" alt=\"Taller de alfabetizaci\u00f3n digital\">\r\n<\/a><a href=\"https:\/\/codeoscopic.com\/es\/proyecto-rsc\/sicar-2023\/\" class=\"main_card\">\r\n <div class=\"picture\" style=\"background: url('https:\/\/codeoscopic.com\/wp-content\/uploads\/2023\/08\/RSC-Sicar-2023-780x500.png')\"><\/div>\r\n <div class=\"content\">\r\n   <span class=\"tag\">Sicar 2023<\/span>\r\n   <span class=\"title\">La asociaci\u00f3n SICAR ofrece atenci\u00f3n integral a mujeres, ni\u00f1as y ni\u00f1os v\u00edctimas de trafico de personas.<\/span>\r\n   <span class=\"year\">2023<\/span>\r\n <\/div>\r\n <img decoding=\"async\" class=\"arrow\" src=\"\/wp-content\/uploads\/2022\/03\/arrow.svg\" alt=\"Sicar 2023\">\r\n<\/a>\r\n                <\/div>\r\n            <\/div>\r\n\r\n        <\/div>","protected":false},"excerpt":{"rendered":"El Grupo Codeoscopic a trav\u00e9s de su Responsabilidad Social Corporativa trata de devolver a la comunidad y de este modo contribuir a su desarrollo. En esta relaci\u00f3n ofrecemos una participaci\u00f3n activa en proyectos que pretenden fomentar el desarrollo del conocimiento y de las TICS para participar en un futuro m\u00e1s justo.","protected":false},"author":1,"featured_media":16217,"parent":0,"menu_order":0,"comment_status":"closed","ping_status":"closed","template":"custom-inverted.php","meta":{"_monsterinsights_skip_tracking":false,"_monsterinsights_sitenote_active":false,"_monsterinsights_sitenote_note":"","_monsterinsights_sitenote_category":0,"footnotes":""},"class_list":["post-15913","page","type-page","status-publish","has-post-thumbnail","hentry"],"aioseo_notices":[],"_links":{"self":[{"href":"https:\/\/codeoscopic.com\/es\/wp-json\/wp\/v2\/pages\/15913","targetHints":{"allow":["GET"]}}],"collection":[{"href":"https:\/\/codeoscopic.com\/es\/wp-json\/wp\/v2\/pages"}],"about":[{"href":"https:\/\/codeoscopic.com\/es\/wp-json\/wp\/v2\/types\/page"}],"author":[{"embeddable":true,"href":"https:\/\/codeoscopic.com\/es\/wp-json\/wp\/v2\/users\/1"}],"replies":[{"embeddable":true,"href":"https:\/\/codeoscopic.com\/es\/wp-json\/wp\/v2\/comments?post=15913"}],"version-history":[{"count":0,"href":"https:\/\/codeoscopic.com\/es\/wp-json\/wp\/v2\/pages\/15913\/revisions"}],"wp:featuredmedia":[{"embeddable":true,"href":"https:\/\/codeoscopic.com\/es\/wp-json\/wp\/v2\/media\/16217"}],"wp:attachment":[{"href":"https:\/\/codeoscopic.com\/es\/wp-json\/wp\/v2\/media?parent=15913"}],"curies":[{"name":"wp","href":"https:\/\/api.w.org\/{rel}","templated":true}]}}