{"id":9337,"date":"2020-10-19T17:58:32","date_gmt":"2020-10-19T15:58:32","guid":{"rendered":"https:\/\/webpre.codeoscopic.com\/group\/"},"modified":"2025-09-03T13:27:12","modified_gmt":"2025-09-03T11:27:12","slug":"group","status":"publish","type":"page","link":"https:\/\/codeoscopic.com\/en\/group\/","title":{"rendered":"Group"},"content":{"rendered":"<!-- Content \u00b7 src\/sass\/landing\/group.scss -->\r\n    <div class=\"main_cdscpc_group\">\r\n\r\n        <!-- \u2013\u2013\u2013\u2013\u2013 -->\r\n        <!-- Claim -->\r\n\r\n        <div class=\"main_claim\">\r\n            <span class=\"intro\">Constantly evolving<\/span>\r\n            <h1>Our mission?<br><b>Revolutionizing digital insurance.<\/b><\/h1>\r\n            <p>We have changed the way digital insurance is perceived! Leading the market in connectivity solutions, our platforms are built to enhance sales, management and productivity for brokers and companies.<\/p>\r\n        <\/div>\r\n\r\n        <!-- \u2013\u2013\u2013\u2013\u2013\u2013\u2013\u2013\u2013 -->\r\n        <!-- Section 1 -->\r\n\r\n        <div class=\"main_section_1\">\r\n\r\n            <!-- Content -->\r\n            <div class=\"main_content\">\r\n                <div class=\"wrap_content\">\r\n                    <span class=\"quote\">&#8220;At Codeoscopic, we promote a culture of innovation and collaboration in the technological environment, fostering strategic and commercial alliances that reinforce our value proposition to the intermediary channel.&#8221;<\/span>\r\n                    \r\n                    <div class=\"profile\">\r\n\t\t\t<span class=\"user\" style=\"background-image: url('https:\/\/codeoscopic.com\/wp-content\/uploads\/2023\/11\/angel-blesa.webp')\"><\/span>\r\n                        <div class=\"info\">\r\n                            <span class=\"name\">\u00c1ngel Blesa<\/span>\r\n                            <span class=\"role\">CEO Codeoscopic Group<\/span>\r\n                        <\/div>\r\n                    <\/div>\r\n\r\n                    <span class=\"description\">We are a group of technological companies with a large expertise in the insurance industry. We put in our customers hands the platforms that will lead them to a significant improvement in their productivity.<\/span>\r\n                <\/div>\r\n            <\/div>\r\n            \r\n            <!-- Track -->\r\n            <div class=\"track bg_1\"><\/div>\r\n            <div class=\"track bg_2\"><\/div>\r\n            <div class=\"track bg_3\"><\/div>\r\n        <\/div>\r\n\r\n        <!-- \u2013\u2013\u2013\u2013\u2013\u2013\u2013\u2013\u2013 -->\r\n        <!-- Section 2 -->\r\n\r\n        <div class=\"main_section_2\">\r\n            <div class=\"wrap_section_2\">\r\n                <!-- Left -->\r\n                <div class=\"left_content\">\r\n                    <h2>Companies<\/h2>\r\n                    <p>The group&#8217;s companies complement each other to achieve a common goal: to be a comprehensive provider of insurance solutions!<\/p>\r\n\r\n                    <div class=\"main_list\">\r\n                        <div class=\"item_list\">\r\n                            <div class=\"logo\">\r\n                                <img decoding=\"async\" class=\"codeoscopic\" src=\"\/wp-content\/uploads\/2023\/05\/Logo-Innova-Iberica-grupo-white.svg\">\r\n                            <\/div>\r\n                            <span class=\"text\">Software and consulting solutions for companies.<\/span>\r\n                        <\/div>  \r\n                    <\/div>\r\n\r\n                    <div class=\"buttons\">\r\n                        <a href=\"https:\/\/codeoscopic.com\/en\/clients\/\" class=\"btn primary\">Our customers<\/a>\r\n\t\t\t<a href=\"https:\/\/codeoscopic.com\/en\/workspace\/\" class=\"secondary invert\">Solutions \u203a<\/a>\r\n                    <\/div>\r\n                <\/div>\r\n                \r\n                <!-- Right -->\r\n                <div class=\"right_content\">\r\n                    <div class=\"main_list\">\r\n                        <div class=\"item_list\">\r\n                            <span class=\"num\">+1,404M<\/span>\r\n                            <span class=\"title\">Intermediate Premiums<\/span>\r\n                            <span class=\"description\">More than 1,404,000,000 euros in intermediated premiums throughout the sector.<\/span>\r\n                        <\/div>\r\n                        <div class=\"item_list\">\r\n                            <span class=\"num\">+1,700<\/span>\r\n                            <span class=\"title\">Brokers<\/span>\r\n                            <span class=\"description\">Over 1,700 brokers producing daily on our platform.<\/span>\r\n                        <\/div>\r\n                        <div class=\"item_list\">\r\n                            <span class=\"num\">+90<\/span>\r\n                            <span class=\"title\">Best people<\/span>\r\n                            <span class=\"description\">Our team is our main asset, the cornerstone for success.<\/span>\r\n                        <\/div>\r\n                        <div class=\"item_list\">\r\n                            <span class=\"num\">+120<\/span>\r\n                            <span class=\"title\">Insurance products<\/span>\r\n                            <span class=\"description\">Largest marketplace portfolio ever available on an online system.<\/span>\r\n                        <\/div>\r\n                        <div class=\"item_list\">\r\n                            <span class=\"num\">+50<\/span>\r\n                            <span class=\"title\">Insurance companies<\/span>\r\n                            <span class=\"description\">The best insurance companies put their trust upon our technology.<\/span>\r\n                        <\/div>\r\n                        <div class=\"item_list\">\r\n                            <span class=\"num\">+55K<\/span>\r\n                            <span class=\"title\">Issuances\/ month<\/span>\r\n                            <span class=\"description\">Generating the largest online mediated sales system in the industry.<\/span>\r\n                        <\/div>\r\n                    <\/div>\r\n                <\/div>\r\n            <\/div>\r\n        <\/div>\r\n\r\n        <!-- \u2013\u2013\u2013\u2013\u2013\u2013\u2013\u2013\u2013 -->\r\n        <!-- Section 3 -->\r\n\r\n        <div class=\"main_section_3\">\r\n            <div class=\"wrap_section_3\">\r\n                \r\n                <!-- Content -->\r\n                <object data=\"\/wp-content\/uploads\/2020\/11\/map.svg\" type=\"\" class=\"map\"><\/object>\r\n\r\n                <!-- Content -->\r\n                <div class=\"main_content\">\r\n                    <h2>Distributed team<\/h2>\r\n                    <p>We are pioneers in remote work since 2014. Our team members are located around Spain, aiming to boost customers business all throughout the country.<\/p>\r\n                    <div class=\"buttons\">\r\n                        <a href=\"https:\/\/codeoscopic.com\/en\/join-the-team\/\" class=\"btn primary\">Work with us<\/a>\r\n\t\t\t<a href=\"https:\/\/codeoscopic.com\/en\/contact-us\/\" class=\"secondary\">Contact Us ?<\/a>\r\n                    <\/div>\r\n                <\/div>\r\n            <\/div>\r\n        <\/div>\r\n\r\n        <!-- \u2013\u2013\u2013\u2013\u2013\u2013\u2013\u2013\u2013 -->\r\n        <!-- Section 4 -->\r\n\r\n        <div class=\"main_section_4\">\r\n            <div class=\"wrap_section_4\">\r\n                <h2>Management team<\/h2>\r\n\r\n                <ul class=\"main_grid\">\r\n                <li>\r\n   <a href=\"https:\/\/www.linkedin.com\/in\/angelblesa\/\" target=\"_blank\" class=\"main_content\" rel=\"noopener noreferrer\">\r\n      <span class=\"user\" style=\"background-image: url('https:\/\/codeoscopic.com\/wp-content\/uploads\/2020\/11\/angel_blesa_cod.jpg');\"><\/span>\r\n      <span class=\"name\">\u00c1ngel Blesa<\/span>\r\n      <span class=\"role\">Group CEO<\/span>\r\n   <\/a>\r\n<\/li><li>\r\n   <a href=\"https:\/\/www.linkedin.com\/in\/sergio-gomez\/\" target=\"_blank\" class=\"main_content\" rel=\"noopener noreferrer\">\r\n      <span class=\"user\" style=\"background-image: url('https:\/\/codeoscopic.com\/wp-content\/uploads\/2021\/01\/sergio_gomez_innova.jpg');\"><\/span>\r\n      <span class=\"name\">Sergio G\u00f3mez<\/span>\r\n      <span class=\"role\">Innova Ib\u00e9rica CEO<\/span>\r\n   <\/a>\r\n<\/li><li>\r\n   <a href=\"https:\/\/www.linkedin.com\/in\/pascumartin\/\" target=\"_blank\" class=\"main_content\" rel=\"noopener noreferrer\">\r\n      <span class=\"user\" style=\"background-image: url('https:\/\/codeoscopic.com\/wp-content\/uploads\/2020\/10\/pascual-martin-cod.png');\"><\/span>\r\n      <span class=\"name\">Pascual Mart\u00edn<\/span>\r\n      <span class=\"role\">CFO<\/span>\r\n   <\/a>\r\n<\/li><li>\r\n   <a href=\"https:\/\/www.linkedin.com\/in\/carlosredoncatalan\/\" target=\"_blank\" class=\"main_content\" rel=\"noopener noreferrer\">\r\n      <span class=\"user\" style=\"background-image: url('https:\/\/codeoscopic.com\/wp-content\/uploads\/2020\/11\/carlos_redon_cod.jpg');\"><\/span>\r\n      <span class=\"name\">Carlos Red\u00f3n<\/span>\r\n      <span class=\"role\">CTO<\/span>\r\n   <\/a>\r\n<\/li>\r\n                <\/ul>\r\n\r\n                <p>No achievement would have been possible without <b>the more than 90 people<\/b> who have made part of our team through the years. They&#8217;re all essential for the whole gear to work properly. A big thank you to all of them!<\/p>\r\n\r\n                <!-- Grid mini -->\r\n                <ul class=\"main_grid_mini\">\r\n                <li>\r\n   <div class=\"main_content\">\r\n      <div class=\"tooltip_user\">\r\n          <span class=\"name\">Aitor Chicharro<\/span>\r\n          <span class=\"role\">Programming<\/span>\r\n      <\/div>\r\n      <span class=\"user\" style=\"background-image: url('https:\/\/codeoscopic.com\/wp-content\/uploads\/2020\/11\/aitor_chicharro_cod.jpg')\"><\/span>\r\n   <\/div>\r\n<\/li><li>\r\n   <div class=\"main_content\">\r\n      <div class=\"tooltip_user\">\r\n          <span class=\"name\">Alba Ascaso<\/span>\r\n          <span class=\"role\">Programming<\/span>\r\n      <\/div>\r\n      <span class=\"user\" style=\"background-image: url('https:\/\/codeoscopic.com\/wp-content\/uploads\/2020\/11\/blanca_ascaso_cod.jpg')\"><\/span>\r\n   <\/div>\r\n<\/li><li>\r\n   <div class=\"main_content\">\r\n      <div class=\"tooltip_user\">\r\n          <span class=\"name\">Albert Roca<\/span>\r\n          <span class=\"role\">Programming<\/span>\r\n      <\/div>\r\n      <span class=\"user\" style=\"background-image: url('https:\/\/codeoscopic.com\/wp-content\/uploads\/2020\/11\/albert_roca_tesis.jpg')\"><\/span>\r\n   <\/div>\r\n<\/li><li>\r\n   <div class=\"main_content\">\r\n      <div class=\"tooltip_user\">\r\n          <span class=\"name\">Alex Albericio<\/span>\r\n          <span class=\"role\">Programming<\/span>\r\n      <\/div>\r\n      <span class=\"user\" style=\"background-image: url('https:\/\/codeoscopic.com\/wp-content\/uploads\/2020\/11\/alex_albericio_cod.jpg')\"><\/span>\r\n   <\/div>\r\n<\/li><li>\r\n   <div class=\"main_content\">\r\n      <div class=\"tooltip_user\">\r\n          <span class=\"name\">Anabel Fern\u00e1ndez<\/span>\r\n          <span class=\"role\">Insurance Sales Director<\/span>\r\n      <\/div>\r\n      <span class=\"user\" style=\"background-image: url('https:\/\/codeoscopic.com\/wp-content\/uploads\/2020\/11\/anabel_fernandez_cod.jpg')\"><\/span>\r\n   <\/div>\r\n<\/li><li>\r\n   <div class=\"main_content\">\r\n      <div class=\"tooltip_user\">\r\n          <span class=\"name\">\u00c1ngel Parra<\/span>\r\n          <span class=\"role\">Director of Connectivity<\/span>\r\n      <\/div>\r\n      <span class=\"user\" style=\"background-image: url('https:\/\/codeoscopic.com\/wp-content\/uploads\/2020\/11\/angel_parra_cod.jpg')\"><\/span>\r\n   <\/div>\r\n<\/li><li>\r\n   <div class=\"main_content\">\r\n      <div class=\"tooltip_user\">\r\n          <span class=\"name\">Borja Garc\u00eda<\/span>\r\n          <span class=\"role\">Customer Support<\/span>\r\n      <\/div>\r\n      <span class=\"user\" style=\"background-image: url('https:\/\/codeoscopic.com\/wp-content\/uploads\/2025\/05\/borja-garcia-cod.jpg')\"><\/span>\r\n   <\/div>\r\n<\/li><li>\r\n   <div class=\"main_content\">\r\n      <div class=\"tooltip_user\">\r\n          <span class=\"name\">Carmen Mart\u00edn<\/span>\r\n          <span class=\"role\">Administration and Accounting<\/span>\r\n      <\/div>\r\n      <span class=\"user\" style=\"background-image: url('https:\/\/codeoscopic.com\/wp-content\/uploads\/2020\/11\/carmen_martin_cod.jpg')\"><\/span>\r\n   <\/div>\r\n<\/li><li>\r\n   <div class=\"main_content\">\r\n      <div class=\"tooltip_user\">\r\n          <span class=\"name\">Carmen Santos<\/span>\r\n          <span class=\"role\">Programming<\/span>\r\n      <\/div>\r\n      <span class=\"user\" style=\"background-image: url('https:\/\/codeoscopic.com\/wp-content\/uploads\/2020\/11\/carmen_santos_cod.jpg')\"><\/span>\r\n   <\/div>\r\n<\/li><li>\r\n   <div class=\"main_content\">\r\n      <div class=\"tooltip_user\">\r\n          <span class=\"name\">Cristina Ferreiro<\/span>\r\n          <span class=\"role\">Commercial Brokerages<\/span>\r\n      <\/div>\r\n      <span class=\"user\" style=\"background-image: url('https:\/\/codeoscopic.com\/wp-content\/uploads\/2025\/02\/cristina_ferreiro_cod.png')\"><\/span>\r\n   <\/div>\r\n<\/li><li>\r\n   <div class=\"main_content\">\r\n      <div class=\"tooltip_user\">\r\n          <span class=\"name\">Eduard Mart\u00ednez<\/span>\r\n          <span class=\"role\">Programming<\/span>\r\n      <\/div>\r\n      <span class=\"user\" style=\"background-image: url('https:\/\/codeoscopic.com\/wp-content\/uploads\/2020\/11\/eduard_martinez_tesis.jpg')\"><\/span>\r\n   <\/div>\r\n<\/li><li>\r\n   <div class=\"main_content\">\r\n      <div class=\"tooltip_user\">\r\n          <span class=\"name\">Esther Maya<\/span>\r\n          <span class=\"role\">Commercial Brokerages<\/span>\r\n      <\/div>\r\n      <span class=\"user\" style=\"background-image: url('https:\/\/codeoscopic.com\/wp-content\/uploads\/2020\/11\/esther_maya_tesis.jpg')\"><\/span>\r\n   <\/div>\r\n<\/li><li>\r\n   <div class=\"main_content\">\r\n      <div class=\"tooltip_user\">\r\n          <span class=\"name\">Gloria Borobio<\/span>\r\n          <span class=\"role\">Communication and Marketing Manager<\/span>\r\n      <\/div>\r\n      <span class=\"user\" style=\"background-image: url('https:\/\/codeoscopic.com\/wp-content\/uploads\/2020\/11\/gloria_borobio_cod.jpg')\"><\/span>\r\n   <\/div>\r\n<\/li><li>\r\n   <div class=\"main_content\">\r\n      <div class=\"tooltip_user\">\r\n          <span class=\"name\">Isabel Ramos<\/span>\r\n          <span class=\"role\">Product Manager Avant2 Sales Manager<\/span>\r\n      <\/div>\r\n      <span class=\"user\" style=\"background-image: url('https:\/\/codeoscopic.com\/wp-content\/uploads\/2020\/11\/isabel_ramos_cod.jpg')\"><\/span>\r\n   <\/div>\r\n<\/li><li>\r\n   <div class=\"main_content\">\r\n      <div class=\"tooltip_user\">\r\n          <span class=\"name\">Jasmina G\u00f3mez<\/span>\r\n          <span class=\"role\">Administrative<\/span>\r\n      <\/div>\r\n      <span class=\"user\" style=\"background-image: url('https:\/\/codeoscopic.com\/wp-content\/uploads\/2020\/11\/jasmina_gomez_tesis.jpg')\"><\/span>\r\n   <\/div>\r\n<\/li><li>\r\n   <div class=\"main_content\">\r\n      <div class=\"tooltip_user\">\r\n          <span class=\"name\">Javier Barrachina<\/span>\r\n          <span class=\"role\">CISO<\/span>\r\n      <\/div>\r\n      <span class=\"user\" style=\"background-image: url('https:\/\/codeoscopic.com\/wp-content\/uploads\/2020\/10\/Javier_Barrachina.png')\"><\/span>\r\n   <\/div>\r\n<\/li><li>\r\n   <div class=\"main_content\">\r\n      <div class=\"tooltip_user\">\r\n          <span class=\"name\">Jes\u00fas Sang\u00fcesa<\/span>\r\n          <span class=\"role\">Insurance Project Manager<\/span>\r\n      <\/div>\r\n      <span class=\"user\" style=\"background-image: url('https:\/\/codeoscopic.com\/wp-content\/uploads\/2020\/11\/jesus-sanguesa.png')\"><\/span>\r\n   <\/div>\r\n<\/li><li>\r\n   <div class=\"main_content\">\r\n      <div class=\"tooltip_user\">\r\n          <span class=\"name\">Juan Carlos Blesa<\/span>\r\n          <span class=\"role\">Customer Support<\/span>\r\n      <\/div>\r\n      <span class=\"user\" style=\"background-image: url('https:\/\/codeoscopic.com\/wp-content\/uploads\/2020\/10\/juancarlos_blesa02_cod.png')\"><\/span>\r\n   <\/div>\r\n<\/li><li>\r\n   <div class=\"main_content\">\r\n      <div class=\"tooltip_user\">\r\n          <span class=\"name\">Juan Manuel Fern\u00e1ndez<\/span>\r\n          <span class=\"role\">Product Manager API<\/span>\r\n      <\/div>\r\n      <span class=\"user\" style=\"background-image: url('https:\/\/codeoscopic.com\/wp-content\/uploads\/2020\/11\/juanmanuel_fernandez_cod.jpg')\"><\/span>\r\n   <\/div>\r\n<\/li><li>\r\n   <div class=\"main_content\">\r\n      <div class=\"tooltip_user\">\r\n          <span class=\"name\">Leti Calvo<\/span>\r\n          <span class=\"role\">Customer Support<\/span>\r\n      <\/div>\r\n      <span class=\"user\" style=\"background-image: url('https:\/\/codeoscopic.com\/wp-content\/uploads\/2025\/02\/leti_calvo_cod.png')\"><\/span>\r\n   <\/div>\r\n<\/li><li>\r\n   <div class=\"main_content\">\r\n      <div class=\"tooltip_user\">\r\n          <span class=\"name\">Luis Miguel Ferrer<\/span>\r\n          <span class=\"role\">Graphic Design<\/span>\r\n      <\/div>\r\n      <span class=\"user\" style=\"background-image: url('https:\/\/codeoscopic.com\/wp-content\/uploads\/2023\/03\/ok_05_luis_miguel_ferrer_low.jpg')\"><\/span>\r\n   <\/div>\r\n<\/li><li>\r\n   <div class=\"main_content\">\r\n      <div class=\"tooltip_user\">\r\n          <span class=\"name\">Manuel Lechuga<\/span>\r\n          <span class=\"role\">Customer Support<\/span>\r\n      <\/div>\r\n      <span class=\"user\" style=\"background-image: url('https:\/\/codeoscopic.com\/wp-content\/uploads\/2020\/11\/manuel_lechuga_cod.jpg')\"><\/span>\r\n   <\/div>\r\n<\/li><li>\r\n   <div class=\"main_content\">\r\n      <div class=\"tooltip_user\">\r\n          <span class=\"name\">Mar Mart\u00ednez<\/span>\r\n          <span class=\"role\">Customer Service and Productivity Manager<\/span>\r\n      <\/div>\r\n      <span class=\"user\" style=\"background-image: url('https:\/\/codeoscopic.com\/wp-content\/uploads\/2025\/07\/mar_martinez_cod.jpg')\"><\/span>\r\n   <\/div>\r\n<\/li><li>\r\n   <div class=\"main_content\">\r\n      <div class=\"tooltip_user\">\r\n          <span class=\"name\">Masaki Sakamoto<\/span>\r\n          <span class=\"role\">Operations department manager<\/span>\r\n      <\/div>\r\n      <span class=\"user\" style=\"background-image: url('https:\/\/codeoscopic.com\/wp-content\/uploads\/2023\/03\/masaki_sakamoto_cod.jpg')\"><\/span>\r\n   <\/div>\r\n<\/li><li>\r\n   <div class=\"main_content\">\r\n      <div class=\"tooltip_user\">\r\n          <span class=\"name\">Nuria Olaria<\/span>\r\n          <span class=\"role\">Administration and Accounting<\/span>\r\n      <\/div>\r\n      <span class=\"user\" style=\"background-image: url('https:\/\/codeoscopic.com\/wp-content\/uploads\/2020\/11\/nuria_olaria_cod.jpg')\"><\/span>\r\n   <\/div>\r\n<\/li><li>\r\n   <div class=\"main_content\">\r\n      <div class=\"tooltip_user\">\r\n          <span class=\"name\">Omayra Gonz\u00e1lez<\/span>\r\n          <span class=\"role\">Customer Support<\/span>\r\n      <\/div>\r\n      <span class=\"user\" style=\"background-image: url('https:\/\/codeoscopic.com\/wp-content\/uploads\/2023\/03\/omayra_gonzalez.jpg')\"><\/span>\r\n   <\/div>\r\n<\/li><li>\r\n   <div class=\"main_content\">\r\n      <div class=\"tooltip_user\">\r\n          <span class=\"name\">Pau Maya<\/span>\r\n          <span class=\"role\">Product Owner Tesis Broker Manager<\/span>\r\n      <\/div>\r\n      <span class=\"user\" style=\"background-image: url('https:\/\/codeoscopic.com\/wp-content\/uploads\/2020\/11\/pau-maya.png')\"><\/span>\r\n   <\/div>\r\n<\/li><li>\r\n   <div class=\"main_content\">\r\n      <div class=\"tooltip_user\">\r\n          <span class=\"name\">Ra\u00fal Franco<\/span>\r\n          <span class=\"role\">Product Manager Versus<\/span>\r\n      <\/div>\r\n      <span class=\"user\" style=\"background-image: url('https:\/\/codeoscopic.com\/wp-content\/uploads\/2023\/03\/raul_franco.jpg')\"><\/span>\r\n   <\/div>\r\n<\/li><li>\r\n   <div class=\"main_content\">\r\n      <div class=\"tooltip_user\">\r\n          <span class=\"name\">Ra\u00fal N\u00fa\u00f1ez<\/span>\r\n          <span class=\"role\">Programming<\/span>\r\n      <\/div>\r\n      <span class=\"user\" style=\"background-image: url('https:\/\/codeoscopic.com\/wp-content\/uploads\/2025\/09\/raul_nunez_cod.jpg')\"><\/span>\r\n   <\/div>\r\n<\/li><li>\r\n   <div class=\"main_content\">\r\n      <div class=\"tooltip_user\">\r\n          <span class=\"name\">Roc\u00edo Aguilocho<\/span>\r\n          <span class=\"role\">Integration Coordinator<\/span>\r\n      <\/div>\r\n      <span class=\"user\" style=\"background-image: url('https:\/\/codeoscopic.com\/wp-content\/uploads\/2020\/11\/rocio_aguilocho_cod.jpg')\"><\/span>\r\n   <\/div>\r\n<\/li><li>\r\n   <div class=\"main_content\">\r\n      <div class=\"tooltip_user\">\r\n          <span class=\"name\">Sandra Jord\u00e1<\/span>\r\n          <span class=\"role\">Risk Consulting Analyst<\/span>\r\n      <\/div>\r\n      <span class=\"user\" style=\"background-image: url('https:\/\/codeoscopic.com\/wp-content\/uploads\/2021\/06\/sandra_jorda_innova.png')\"><\/span>\r\n   <\/div>\r\n<\/li><li>\r\n   <div class=\"main_content\">\r\n      <div class=\"tooltip_user\">\r\n          <span class=\"name\">Sandra T\u00e9llez<\/span>\r\n          <span class=\"role\">Office manager<\/span>\r\n      <\/div>\r\n      <span class=\"user\" style=\"background-image: url('https:\/\/codeoscopic.com\/wp-content\/uploads\/2020\/12\/sandra_tellez_cod.jpg')\"><\/span>\r\n   <\/div>\r\n<\/li><li>\r\n   <div class=\"main_content\">\r\n      <div class=\"tooltip_user\">\r\n          <span class=\"name\">Santiago Abad\u00eda<\/span>\r\n          <span class=\"role\">Product Manager Tesis Broker Manager<\/span>\r\n      <\/div>\r\n      <span class=\"user\" style=\"background-image: url('https:\/\/codeoscopic.com\/wp-content\/uploads\/2020\/11\/santiago_abadia_cod.jpg')\"><\/span>\r\n   <\/div>\r\n<\/li><li>\r\n   <div class=\"main_content\">\r\n      <div class=\"tooltip_user\">\r\n          <span class=\"name\">Santiago Peris<\/span>\r\n          <span class=\"role\">Programming<\/span>\r\n      <\/div>\r\n      <span class=\"user\" style=\"background-image: url('https:\/\/codeoscopic.com\/wp-content\/uploads\/2020\/11\/santiago_peris_cod.jpg')\"><\/span>\r\n   <\/div>\r\n<\/li><li>\r\n   <div class=\"main_content\">\r\n      <div class=\"tooltip_user\">\r\n          <span class=\"name\">Sergio Delgado<\/span>\r\n          <span class=\"role\">Operations Manager<\/span>\r\n      <\/div>\r\n      <span class=\"user\" style=\"background-image: url('https:\/\/codeoscopic.com\/wp-content\/uploads\/2022\/06\/sergio-delgado-cod-02.png')\"><\/span>\r\n   <\/div>\r\n<\/li><li>\r\n   <div class=\"main_content\">\r\n      <div class=\"tooltip_user\">\r\n          <span class=\"name\">Silvia Carrasco<\/span>\r\n          <span class=\"role\">Programming<\/span>\r\n      <\/div>\r\n      <span class=\"user\" style=\"background-image: url('https:\/\/codeoscopic.com\/wp-content\/uploads\/2020\/11\/silvia_carrasco_cod.jpg')\"><\/span>\r\n   <\/div>\r\n<\/li><li>\r\n   <div class=\"main_content\">\r\n      <div class=\"tooltip_user\">\r\n          <span class=\"name\">Silvia Mur<\/span>\r\n          <span class=\"role\">Administration and Accounting<\/span>\r\n      <\/div>\r\n      <span class=\"user\" style=\"background-image: url('https:\/\/codeoscopic.com\/wp-content\/uploads\/2025\/05\/silvia_mur_cod.jpg')\"><\/span>\r\n   <\/div>\r\n<\/li><li>\r\n   <div class=\"main_content\">\r\n      <div class=\"tooltip_user\">\r\n          <span class=\"name\">Stela Vicente<\/span>\r\n          <span class=\"role\">Integration Coordinator<\/span>\r\n      <\/div>\r\n      <span class=\"user\" style=\"background-image: url('https:\/\/codeoscopic.com\/wp-content\/uploads\/2020\/11\/stela_vicente_cod.jpg')\"><\/span>\r\n   <\/div>\r\n<\/li><li>\r\n   <div class=\"main_content\">\r\n      <div class=\"tooltip_user\">\r\n          <span class=\"name\">Susana Monterde<\/span>\r\n          <span class=\"role\">Customer Support<\/span>\r\n      <\/div>\r\n      <span class=\"user\" style=\"background-image: url('https:\/\/codeoscopic.com\/wp-content\/uploads\/2020\/11\/susana_monterde_cod.jpg')\"><\/span>\r\n   <\/div>\r\n<\/li><li>\r\n   <div class=\"main_content\">\r\n      <div class=\"tooltip_user\">\r\n          <span class=\"name\">V\u00edctor Rodr\u00edguez<\/span>\r\n          <span class=\"role\">Programming<\/span>\r\n      <\/div>\r\n      <span class=\"user\" style=\"background-image: url('https:\/\/codeoscopic.com\/wp-content\/uploads\/2020\/11\/victor_rodriguez_cod.jpg')\"><\/span>\r\n   <\/div>\r\n<\/li>\r\n                <\/ul>\r\n            <\/div>\r\n        <\/div>\r\n\r\n        <!-- \u2013\u2013\u2013\u2013\u2013\u2013\u2013\u2013\u2013 -->\r\n        <!-- Section 5 -->\r\n\r\n        <div class=\"main_section_5\">\r\n            <div class=\"picture\"><\/div>\r\n            <div class=\"main_content\">\r\n                <p><b>Would you like to join us? Eager to show us your talent? <\/b> Let us meet you! We are looking forward to have you on board.<\/p>\r\n                <a href=\"https:\/\/codeoscopic.com\/en\/join-the-team\/\" class=\"btn primary\">Work with us<\/a>\r\n            <\/div>\r\n        <\/div>\r\n\r\n    <\/div>","protected":false},"excerpt":{"rendered":"Our mission? Revolutionizing digital insurance. We are a group of companies that have changed the way digital insurance is perceived! At Codeoscopic we are leading the market in connectivity solutions, our platforms are built to enhance sales, management and productivity for brokers and companies.","protected":false},"author":7,"featured_media":11275,"parent":0,"menu_order":0,"comment_status":"closed","ping_status":"closed","template":"custom.php","meta":{"_monsterinsights_skip_tracking":false,"_monsterinsights_sitenote_active":false,"_monsterinsights_sitenote_note":"","_monsterinsights_sitenote_category":0,"footnotes":""},"class_list":["post-9337","page","type-page","status-publish","has-post-thumbnail","hentry"],"aioseo_notices":[],"_links":{"self":[{"href":"https:\/\/codeoscopic.com\/en\/wp-json\/wp\/v2\/pages\/9337","targetHints":{"allow":["GET"]}}],"collection":[{"href":"https:\/\/codeoscopic.com\/en\/wp-json\/wp\/v2\/pages"}],"about":[{"href":"https:\/\/codeoscopic.com\/en\/wp-json\/wp\/v2\/types\/page"}],"author":[{"embeddable":true,"href":"https:\/\/codeoscopic.com\/en\/wp-json\/wp\/v2\/users\/7"}],"replies":[{"embeddable":true,"href":"https:\/\/codeoscopic.com\/en\/wp-json\/wp\/v2\/comments?post=9337"}],"version-history":[{"count":0,"href":"https:\/\/codeoscopic.com\/en\/wp-json\/wp\/v2\/pages\/9337\/revisions"}],"wp:featuredmedia":[{"embeddable":true,"href":"https:\/\/codeoscopic.com\/en\/wp-json\/wp\/v2\/media\/11275"}],"wp:attachment":[{"href":"https:\/\/codeoscopic.com\/en\/wp-json\/wp\/v2\/media?parent=9337"}],"curies":[{"name":"wp","href":"https:\/\/api.w.org\/{rel}","templated":true}]}}