{"id":80068,"date":"2024-10-09T13:40:00","date_gmt":"2024-10-09T11:40:00","guid":{"rendered":"https:\/\/codeoscopic.com\/?page_id=80068"},"modified":"2024-10-09T13:48:25","modified_gmt":"2024-10-09T11:48:25","slug":"academy","status":"publish","type":"page","link":"https:\/\/codeoscopic.com\/en\/support\/academy\/","title":{"rendered":"Academy"},"content":{"rendered":"    <!-- \u2013\u2013\u2013\u2013\u2013 -->\r\n    <!-- Claim -->\r\n\r\n    <div class=\"main_claim\">\r\n        <img decoding=\"async\" src=\"\/wp-content\/uploads\/2024\/02\/academy.svg\" alt=\"Academy Logo\">\r\n        <h1>Upgrade and access comprehensive training to get the most out of the Codeoscopic Workspace ecosystem.<\/h1>\r\n        <p>Flexible and customised training courses, designed for you to learn at your own pace: develop your career and strengthen your business.<\/p>\r\n    <\/div>\r\n\r\n    <!-- \u2013\u2013\u2013\u2013\u2013\u2013\u2013\u2013\u2013\u2013 -->\r\n    <!-- Grid icons -->\r\n\r\n    <ul class=\"main_grid\">\r\n        <li>\r\n            <span class=\"icon_60 academy icon_1\"><\/span>\r\n            <span class=\"description\"><b>Select your course.<\/b> Revisa nuestra oferta y selecciona el que mejor se adapta a tu capacitaci\u00f3n profesional.<\/span>\r\n        <\/li>\r\n        <li>\r\n            <span class=\"icon_60 academy icon_2\"><\/span>\r\n            <span class=\"description\"><b>Aprende a tu ritmo.<\/b>F\u00f3rmate en cualquier momento y lugar, a trav\u00e9s de tu dispositivo m\u00f3vil. El ritmo lo marcas t\u00fa.<\/span>\r\n        <\/li>\r\n        <li>\r\n            <span class=\"icon_60 academy icon_3\"><\/span>\r\n            <span class=\"description\"><b>Obt\u00e9n tu certificaci\u00f3n.<\/b>Consigue una certificaci\u00f3n reconocida para la formaci\u00f3n obligatoria. Acreditar el desarrollo de tus competencias.<\/span>\r\n        <\/li>\r\n    <\/ul>\r\n\r\n    <!-- \u2013\u2013\u2013\u2013\u2013\u2013\u2013\u2013\u2013\u2013\u2013\u2013 -->\r\n    <!-- Grid Courses -->\r\n\r\n    <div class=\"main_grid_courses\">\r\n\r\n        <!-- Academy -->\r\n        <div class=\"wrap_grid\">\r\n            <div class=\"header\">\r\n                <div class=\"title\"><span class=\"icon_30 support academy\"><\/span><span>Courses available<\/span><\/div>\r\n            <\/div>\r\n\r\n            <!-- PREVIO Curso Especialista Codeoscopic Workspace \r\n            <div style=\"margin-top:20px;\">\r\n                <a title=\"Curso Especialista Codeoscopic Workspace\" href=\"\/es?page_id=19002\"><img decoding=\"async\" src=\"\/wp-content\/uploads\/2022\/08\/web-especialista-workspace.png\" alt=\"Especialista Codeoscopic Workspace\" \/><\/a>\r\n            <\/div>\r\n    FIN PREVIO Curso Especialista Codeoscopic Workspace -->\r\n\r\n            <ul>\r\n                <li>\r\n                    <a class=\"main_content\" href=\"https:\/\/codeoscopic.com\/en\/soporte\/academy\/avant2-sales-manager-first-version-2024\/\">\r\n                        <div class=\"left_content\" style=\"background-image: url('https:\/\/codeoscopic.com\/wp-content\/uploads\/2024\/01\/avant2-first-version2024-bg-300x300.png')\"><\/div>\r\n                        <div class=\"right_content\">\r\n                            <p>Avant2 Sales Manager First 2024<\/p>\r\n                            <div class=\"list\">\n<div><span class=\"text\">Certificado de reconocimiento<\/span><\/div>\n<div><span class=\"text\">15 v&iacute;deotutoriales<\/span><\/div>\n<div><span class=\"text\">10 horas de formaci&oacute;n<\/span><\/div>\n<\/div>\n\r\n                            <div class=\"price\">\r\n                                <div class=\"number\">\r\n\t\t\t\t\t\t\t\t\t\r\n\t\t\t\t\t\t\t\t\t\t\r\n\t\t\t\t\t\t\t\t\t       \r\n                                    <span class=\"num\">99,00\u20ac<\/span>\r\n                                    <span class=\"num gift\">129,90\u20ac<\/span>\r\n\t\t\t\t\t\t\t\t\t\t   \r\n\t\t\t\t\t\t\t\t\t\t\r\n\t\t\t\t\t\t\t\t\t\r\n                                <\/div>\r\n                                <span class=\"more_info\">\r\n                                    <span>M\u00e1s detalles<\/span>\r\n                                    <svg width=\"16px\" height=\"24px\" viewBox=\"0 0 16 24\">\r\n                                        <g stroke=\"none\" stroke-width=\"1\" fill=\"none\" fill-rule=\"evenodd\">\r\n                                            <g transform=\"translate(-623.000000, -1004.000000)\">\r\n                                                <g id=\"arrow\" transform=\"translate(623.000000, 1004.000000)\">\r\n                                                    <path d=\"M1.80271501,23.965987 L14.8196642,21.3282623 C15.5079951,21.1761003 16,20.5460427 16,19.8167334 L16,4.18358499 C16,3.45427569 15.5079951,2.82421811 14.8196642,2.67205613 L1.80271501,0.0343313839 C0.997096593,-0.143758074 0.204689506,0.388606414 0.032824244,1.22340075 C0.0110019455,1.32939733 -2.66453526e-14,1.43747848 -2.66453526e-14,1.54586024 L-2.66453526e-14,22.4544582 C-2.66453526e-14,23.3080373 0.667778678,24 1.49152542,24 C1.59611926,24 1.70042298,23.9885996 1.80271501,23.965987 Z\" id=\"Rectangle\" fill=\"#0A1923\"><\/path>\r\n                                                    <polyline id=\"Path\" stroke=\"#FFFFFF\" stroke-width=\"2\" stroke-linecap=\"round\" stroke-linejoin=\"round\" points=\"7.5 10 9.5 12 7.5 14\"><\/polyline>\r\n                                                <\/g>\r\n                                            <\/g>\r\n                                        <\/g>\r\n                                    <\/svg>\r\n                                <\/span>\r\n                            <\/div>\r\n                        <\/div>\r\n                    <\/a>\r\n                <\/li><li>\r\n                    <a class=\"main_content\" href=\"https:\/\/codeoscopic.com\/en\/soporte\/academy\/como-convencer-e-influir-con-exito\/\">\r\n                        <div class=\"left_content\" style=\"background-image: url('https:\/\/codeoscopic.com\/wp-content\/uploads\/2024\/03\/skills-convencer-con-exito-bg-300x300.png')\"><\/div>\r\n                        <div class=\"right_content\">\r\n                            <p>C\u00f3mo convencer e influir con \u00e9xito<\/p>\r\n                            <div class=\"list\">\n<div><span class=\"text\">Certificado de reconocimiento<\/span><\/div>\n<div><span class=\"text\">26 videotutoriales<\/span><\/div>\n<div><span class=\"text\">10 horas de formaci&oacute;n<\/span><\/div>\n<\/div>\n\r\n                            <div class=\"price\">\r\n                                <div class=\"number\">\r\n\t\t\t\t\t\t\t\t\t\r\n\t\t\t\t\t\t\t\t\t\t\r\n\t\t\t\t\t\t\t\t\t       \r\n                                    <span class=\"num\">99,00\u20ac<\/span>\r\n                                    <span class=\"num gift\">129,90\u20ac<\/span>\r\n\t\t\t\t\t\t\t\t\t\t   \r\n\t\t\t\t\t\t\t\t\t\t\r\n\t\t\t\t\t\t\t\t\t\r\n                                <\/div>\r\n                                <span class=\"more_info\">\r\n                                    <span>M\u00e1s detalles<\/span>\r\n                                    <svg width=\"16px\" height=\"24px\" viewBox=\"0 0 16 24\">\r\n                                        <g stroke=\"none\" stroke-width=\"1\" fill=\"none\" fill-rule=\"evenodd\">\r\n                                            <g transform=\"translate(-623.000000, -1004.000000)\">\r\n                                                <g id=\"arrow\" transform=\"translate(623.000000, 1004.000000)\">\r\n                                                    <path d=\"M1.80271501,23.965987 L14.8196642,21.3282623 C15.5079951,21.1761003 16,20.5460427 16,19.8167334 L16,4.18358499 C16,3.45427569 15.5079951,2.82421811 14.8196642,2.67205613 L1.80271501,0.0343313839 C0.997096593,-0.143758074 0.204689506,0.388606414 0.032824244,1.22340075 C0.0110019455,1.32939733 -2.66453526e-14,1.43747848 -2.66453526e-14,1.54586024 L-2.66453526e-14,22.4544582 C-2.66453526e-14,23.3080373 0.667778678,24 1.49152542,24 C1.59611926,24 1.70042298,23.9885996 1.80271501,23.965987 Z\" id=\"Rectangle\" fill=\"#0A1923\"><\/path>\r\n                                                    <polyline id=\"Path\" stroke=\"#FFFFFF\" stroke-width=\"2\" stroke-linecap=\"round\" stroke-linejoin=\"round\" points=\"7.5 10 9.5 12 7.5 14\"><\/polyline>\r\n                                                <\/g>\r\n                                            <\/g>\r\n                                        <\/g>\r\n                                    <\/svg>\r\n                                <\/span>\r\n                            <\/div>\r\n                        <\/div>\r\n                    <\/a>\r\n                <\/li><li>\r\n                    <a class=\"main_content\" href=\"https:\/\/codeoscopic.com\/en\/soporte\/academy\/el-arte-de-trabajar-en-equipo\/\">\r\n                        <div class=\"left_content\" style=\"background-image: url('https:\/\/codeoscopic.com\/wp-content\/uploads\/2024\/03\/skills-arte-trabajar-en-equipo-bg-300x300.png')\"><\/div>\r\n                        <div class=\"right_content\">\r\n                            <p>El arte de trabajar en equipo<\/p>\r\n                            <div class=\"list\">\n<div><span class=\"text\">Certificado de reconocimiento<\/span><\/div>\n<div><span class=\"text\">29 v&iacute;deotutoriales<\/span><\/div>\n<div><span class=\"text\">10 horas de formaci&oacute;n<\/span><\/div>\n<\/div>\n\r\n                            <div class=\"price\">\r\n                                <div class=\"number\">\r\n\t\t\t\t\t\t\t\t\t\r\n\t\t\t\t\t\t\t\t\t\t\r\n\t\t\t\t\t\t\t\t\t       \r\n                                    <span class=\"num\">99,00\u20ac<\/span>\r\n                                    <span class=\"num gift\">129,90\u20ac<\/span>\r\n\t\t\t\t\t\t\t\t\t\t   \r\n\t\t\t\t\t\t\t\t\t\t\r\n\t\t\t\t\t\t\t\t\t\r\n                                <\/div>\r\n                                <span class=\"more_info\">\r\n                                    <span>M\u00e1s detalles<\/span>\r\n                                    <svg width=\"16px\" height=\"24px\" viewBox=\"0 0 16 24\">\r\n                                        <g stroke=\"none\" stroke-width=\"1\" fill=\"none\" fill-rule=\"evenodd\">\r\n                                            <g transform=\"translate(-623.000000, -1004.000000)\">\r\n                                                <g id=\"arrow\" transform=\"translate(623.000000, 1004.000000)\">\r\n                                                    <path d=\"M1.80271501,23.965987 L14.8196642,21.3282623 C15.5079951,21.1761003 16,20.5460427 16,19.8167334 L16,4.18358499 C16,3.45427569 15.5079951,2.82421811 14.8196642,2.67205613 L1.80271501,0.0343313839 C0.997096593,-0.143758074 0.204689506,0.388606414 0.032824244,1.22340075 C0.0110019455,1.32939733 -2.66453526e-14,1.43747848 -2.66453526e-14,1.54586024 L-2.66453526e-14,22.4544582 C-2.66453526e-14,23.3080373 0.667778678,24 1.49152542,24 C1.59611926,24 1.70042298,23.9885996 1.80271501,23.965987 Z\" id=\"Rectangle\" fill=\"#0A1923\"><\/path>\r\n                                                    <polyline id=\"Path\" stroke=\"#FFFFFF\" stroke-width=\"2\" stroke-linecap=\"round\" stroke-linejoin=\"round\" points=\"7.5 10 9.5 12 7.5 14\"><\/polyline>\r\n                                                <\/g>\r\n                                            <\/g>\r\n                                        <\/g>\r\n                                    <\/svg>\r\n                                <\/span>\r\n                            <\/div>\r\n                        <\/div>\r\n                    <\/a>\r\n                <\/li><li>\r\n                    <a class=\"main_content\" href=\"https:\/\/codeoscopic.com\/en\/soporte\/academy\/experto-en-venta-de-seguros\/\">\r\n                        <div class=\"left_content\" style=\"background-image: url('https:\/\/codeoscopic.com\/wp-content\/uploads\/2024\/03\/skills-experto-ventas-bg-300x300.png')\"><\/div>\r\n                        <div class=\"right_content\">\r\n                            <p>Experto en venta de seguros<\/p>\r\n                            <div class=\"list\">\n<div><span class=\"text\">Certificado de reconocimiento<\/span><\/div>\n<div><span class=\"text\">36 v&iacute;deotutoriales<\/span><\/div>\n<div><span class=\"text\">10 horas de formaci&oacute;n<\/span><\/div>\n<\/div>\n\r\n                            <div class=\"price\">\r\n                                <div class=\"number\">\r\n\t\t\t\t\t\t\t\t\t\r\n\t\t\t\t\t\t\t\t\t\t\r\n\t\t\t\t\t\t\t\t\t       \r\n                                    <span class=\"num\">99,00\u20ac<\/span>\r\n                                    <span class=\"num gift\">129,90\u20ac<\/span>\r\n\t\t\t\t\t\t\t\t\t\t   \r\n\t\t\t\t\t\t\t\t\t\t\r\n\t\t\t\t\t\t\t\t\t\r\n                                <\/div>\r\n                                <span class=\"more_info\">\r\n                                    <span>M\u00e1s detalles<\/span>\r\n                                    <svg width=\"16px\" height=\"24px\" viewBox=\"0 0 16 24\">\r\n                                        <g stroke=\"none\" stroke-width=\"1\" fill=\"none\" fill-rule=\"evenodd\">\r\n                                            <g transform=\"translate(-623.000000, -1004.000000)\">\r\n                                                <g id=\"arrow\" transform=\"translate(623.000000, 1004.000000)\">\r\n                                                    <path d=\"M1.80271501,23.965987 L14.8196642,21.3282623 C15.5079951,21.1761003 16,20.5460427 16,19.8167334 L16,4.18358499 C16,3.45427569 15.5079951,2.82421811 14.8196642,2.67205613 L1.80271501,0.0343313839 C0.997096593,-0.143758074 0.204689506,0.388606414 0.032824244,1.22340075 C0.0110019455,1.32939733 -2.66453526e-14,1.43747848 -2.66453526e-14,1.54586024 L-2.66453526e-14,22.4544582 C-2.66453526e-14,23.3080373 0.667778678,24 1.49152542,24 C1.59611926,24 1.70042298,23.9885996 1.80271501,23.965987 Z\" id=\"Rectangle\" fill=\"#0A1923\"><\/path>\r\n                                                    <polyline id=\"Path\" stroke=\"#FFFFFF\" stroke-width=\"2\" stroke-linecap=\"round\" stroke-linejoin=\"round\" points=\"7.5 10 9.5 12 7.5 14\"><\/polyline>\r\n                                                <\/g>\r\n                                            <\/g>\r\n                                        <\/g>\r\n                                    <\/svg>\r\n                                <\/span>\r\n                            <\/div>\r\n                        <\/div>\r\n                    <\/a>\r\n                <\/li><li>\r\n                    <a class=\"main_content\" href=\"https:\/\/codeoscopic.com\/en\/soporte\/academy\/liderazgo-practico\/\">\r\n                        <div class=\"left_content\" style=\"background-image: url('https:\/\/codeoscopic.com\/wp-content\/uploads\/2024\/03\/skills-liderazgo-practico-bg-300x300.png')\"><\/div>\r\n                        <div class=\"right_content\">\r\n                            <p>Liderazgo pr\u00e1ctico.<\/p>\r\n                            <div class=\"list\">\n<div><span class=\"text\">Certificado de reconocimiento<\/span><\/div>\n<div><span class=\"text\">27 videotutoriales<\/span><\/div>\n<div><span class=\"text\">10 horas de formaci&oacute;n<\/span><\/div>\n<\/div>\n\r\n                            <div class=\"price\">\r\n                                <div class=\"number\">\r\n\t\t\t\t\t\t\t\t\t\r\n\t\t\t\t\t\t\t\t\t\t\r\n\t\t\t\t\t\t\t\t\t       \r\n                                    <span class=\"num\">99,00\u20ac<\/span>\r\n                                    <span class=\"num gift\">129,90\u20ac<\/span>\r\n\t\t\t\t\t\t\t\t\t\t   \r\n\t\t\t\t\t\t\t\t\t\t\r\n\t\t\t\t\t\t\t\t\t\r\n                                <\/div>\r\n                                <span class=\"more_info\">\r\n                                    <span>M\u00e1s detalles<\/span>\r\n                                    <svg width=\"16px\" height=\"24px\" viewBox=\"0 0 16 24\">\r\n                                        <g stroke=\"none\" stroke-width=\"1\" fill=\"none\" fill-rule=\"evenodd\">\r\n                                            <g transform=\"translate(-623.000000, -1004.000000)\">\r\n                                                <g id=\"arrow\" transform=\"translate(623.000000, 1004.000000)\">\r\n                                                    <path d=\"M1.80271501,23.965987 L14.8196642,21.3282623 C15.5079951,21.1761003 16,20.5460427 16,19.8167334 L16,4.18358499 C16,3.45427569 15.5079951,2.82421811 14.8196642,2.67205613 L1.80271501,0.0343313839 C0.997096593,-0.143758074 0.204689506,0.388606414 0.032824244,1.22340075 C0.0110019455,1.32939733 -2.66453526e-14,1.43747848 -2.66453526e-14,1.54586024 L-2.66453526e-14,22.4544582 C-2.66453526e-14,23.3080373 0.667778678,24 1.49152542,24 C1.59611926,24 1.70042298,23.9885996 1.80271501,23.965987 Z\" id=\"Rectangle\" fill=\"#0A1923\"><\/path>\r\n                                                    <polyline id=\"Path\" stroke=\"#FFFFFF\" stroke-width=\"2\" stroke-linecap=\"round\" stroke-linejoin=\"round\" points=\"7.5 10 9.5 12 7.5 14\"><\/polyline>\r\n                                                <\/g>\r\n                                            <\/g>\r\n                                        <\/g>\r\n                                    <\/svg>\r\n                                <\/span>\r\n                            <\/div>\r\n                        <\/div>\r\n                    <\/a>\r\n                <\/li><li>\r\n                    <a class=\"main_content\" href=\"https:\/\/codeoscopic.com\/en\/soporte\/academy\/maestria-en-atencion-al-cliente\/\">\r\n                        <div class=\"left_content\" style=\"background-image: url('https:\/\/codeoscopic.com\/wp-content\/uploads\/2024\/03\/skills-maestria-atencion-cliente-bg-300x300.png')\"><\/div>\r\n                        <div class=\"right_content\">\r\n                            <p>Maestr\u00eda en Atenci\u00f3n al Cliente<\/p>\r\n                            <div class=\"list\">\n<div><span class=\"text\">Certificado de reconocimiento<\/span><\/div>\n<div><span class=\"text\">33 v&iacute;deotutoriales<\/span><\/div>\n<div><span class=\"text\">10 horas de formaci&oacute;n<\/span><\/div>\n<\/div>\n\r\n                            <div class=\"price\">\r\n                                <div class=\"number\">\r\n\t\t\t\t\t\t\t\t\t\r\n\t\t\t\t\t\t\t\t\t\t\r\n\t\t\t\t\t\t\t\t\t       \r\n                                    <span class=\"num\">99,00\u20ac<\/span>\r\n                                    <span class=\"num gift\">129,90\u20ac<\/span>\r\n\t\t\t\t\t\t\t\t\t\t   \r\n\t\t\t\t\t\t\t\t\t\t\r\n\t\t\t\t\t\t\t\t\t\r\n                                <\/div>\r\n                                <span class=\"more_info\">\r\n                                    <span>M\u00e1s detalles<\/span>\r\n                                    <svg width=\"16px\" height=\"24px\" viewBox=\"0 0 16 24\">\r\n                                        <g stroke=\"none\" stroke-width=\"1\" fill=\"none\" fill-rule=\"evenodd\">\r\n                                            <g transform=\"translate(-623.000000, -1004.000000)\">\r\n                                                <g id=\"arrow\" transform=\"translate(623.000000, 1004.000000)\">\r\n                                                    <path d=\"M1.80271501,23.965987 L14.8196642,21.3282623 C15.5079951,21.1761003 16,20.5460427 16,19.8167334 L16,4.18358499 C16,3.45427569 15.5079951,2.82421811 14.8196642,2.67205613 L1.80271501,0.0343313839 C0.997096593,-0.143758074 0.204689506,0.388606414 0.032824244,1.22340075 C0.0110019455,1.32939733 -2.66453526e-14,1.43747848 -2.66453526e-14,1.54586024 L-2.66453526e-14,22.4544582 C-2.66453526e-14,23.3080373 0.667778678,24 1.49152542,24 C1.59611926,24 1.70042298,23.9885996 1.80271501,23.965987 Z\" id=\"Rectangle\" fill=\"#0A1923\"><\/path>\r\n                                                    <polyline id=\"Path\" stroke=\"#FFFFFF\" stroke-width=\"2\" stroke-linecap=\"round\" stroke-linejoin=\"round\" points=\"7.5 10 9.5 12 7.5 14\"><\/polyline>\r\n                                                <\/g>\r\n                                            <\/g>\r\n                                        <\/g>\r\n                                    <\/svg>\r\n                                <\/span>\r\n                            <\/div>\r\n                        <\/div>\r\n                    <\/a>\r\n                <\/li>\r\n            <\/ul>        \r\n        <\/div>\r\n    <\/div>\r\n","protected":false},"excerpt":{"rendered":"Upgrade and access comprehensive training to get the most out of the Codeoscopic Workspace ecosystem. Flexible and customised training courses, designed for you to learn at your own pace: develop your career and strengthen your business. Select your course. Revisa nuestra oferta y selecciona el que mejor se adapta a tu capacitaci\u00f3n profesional. Aprende a [&hellip;]","protected":false},"author":13,"featured_media":80071,"parent":72917,"menu_order":0,"comment_status":"closed","ping_status":"closed","template":"page-with-breadcrumb.php","meta":{"_monsterinsights_skip_tracking":false,"_monsterinsights_sitenote_active":false,"_monsterinsights_sitenote_note":"","_monsterinsights_sitenote_category":0,"footnotes":""},"class_list":["post-80068","page","type-page","status-publish","has-post-thumbnail","hentry"],"aioseo_notices":[],"_links":{"self":[{"href":"https:\/\/codeoscopic.com\/en\/wp-json\/wp\/v2\/pages\/80068","targetHints":{"allow":["GET"]}}],"collection":[{"href":"https:\/\/codeoscopic.com\/en\/wp-json\/wp\/v2\/pages"}],"about":[{"href":"https:\/\/codeoscopic.com\/en\/wp-json\/wp\/v2\/types\/page"}],"author":[{"embeddable":true,"href":"https:\/\/codeoscopic.com\/en\/wp-json\/wp\/v2\/users\/13"}],"replies":[{"embeddable":true,"href":"https:\/\/codeoscopic.com\/en\/wp-json\/wp\/v2\/comments?post=80068"}],"version-history":[{"count":0,"href":"https:\/\/codeoscopic.com\/en\/wp-json\/wp\/v2\/pages\/80068\/revisions"}],"up":[{"embeddable":true,"href":"https:\/\/codeoscopic.com\/en\/wp-json\/wp\/v2\/pages\/72917"}],"wp:featuredmedia":[{"embeddable":true,"href":"https:\/\/codeoscopic.com\/en\/wp-json\/wp\/v2\/media\/80071"}],"wp:attachment":[{"href":"https:\/\/codeoscopic.com\/en\/wp-json\/wp\/v2\/media?parent=80068"}],"curies":[{"name":"wp","href":"https:\/\/api.w.org\/{rel}","templated":true}]}}